{"id":6034,"date":"2016-12-26T16:10:19","date_gmt":"2016-12-26T15:10:19","guid":{"rendered":"http:\/\/www.camping-eden-savoie.com\/camping-ouvert-annee-savoie\/"},"modified":"2021-10-24T10:42:34","modified_gmt":"2021-10-24T08:42:34","slug":"camping-open-jaar-savoie","status":"publish","type":"page","link":"https:\/\/www.camping-eden-savoie.com\/nl\/camping-open-jaar-savoie\/","title":{"rendered":"Services : Camping ouvert toute l&#8217;ann\u00e9e"},"content":{"rendered":"<section id=\"section-5f2ab25841fbb\"\" class=\"section bg-color1\" \/><div class=\"container extralarge\"><h1 class=\"element section-title center m-b-4\">Camping het hele jaar geopend in de Savoie<\/h1><\/div><\/section>\n\n<section id=\"section-5f2ab25842436\"\" class=\"section bg-color5 p-t-0 p-b-0\" \/><div class=\"container full\"><div class=\"colonnes-wrap valign-middle \"><div class=\"element colonne p-0\"><div class=\"element images scroll-x-mobile\"><div class=\"image\"><img decoding=\"async\" src=\"\" data-src=\"https:\/\/www.camping-eden-savoie.com\/wp-content\/uploads\/2020\/08\/camping-parapente-savoie.jpg\" alt=\"camping parapente savoie\" class=\"images_image anime-zoom\" \/><\/div><\/div><\/div><div class=\"element colonne p-x-10 p-y-10\"><h2 class=\"element section-title justify\">Wat is een camping het hele jaar door?<\/h2><div class=\"element bloc-text justify \">\n\t<p>De <strong class=\"bold color1\">campings die het hele jaar door open zijn<\/strong> zijn een must als u in alle seizoenen op vakantie wilt gaan en wilt kamperen.<\/p>\n<p>Deze etablissementen bieden kampeerliefhebbers de <strong class=\"bold color1\">kampeerplezier midden in de natuur<\/strong> in de winter, het voorjaar, de zomer of de herfst. U kunt dan genieten van de animatie en activiteiten van elk seizoen.<\/p>\n<p>L&#8217;Eden de la Vanoise, camping die het hele jaar door geopend is in het hart van de Savoie Mont Blanc, zal u graag tot de huurders rekenen voor uw toekomstige vakantie.<\/p>\n<p>Dit openluchthotel biedt u een warm welkom in zijn bosrijke omgeving met 103 plaatsen : 34 accomodatie en 69 standplaatsen. Het biedt u de mogelijkheid om uw bagage in het hart van de Haute Tarentaise te plaatsen, met uitzicht op de prachtige berglandschappen van de Savoie.<\/p>\n<p>De regio is ook een echt paradijs voor buitenactiviteiten, ongeacht het seizoen.<\/p>\n<\/div><\/div><\/div><\/div><\/section>\n\n<section id=\"section-5f2ab2584292e\"\" class=\"section bg-white p-t-0 p-b-0\" \/><div class=\"container full\"><div class=\"element images scroll-x-mobile\"><div class=\"image\"><img decoding=\"async\" src=\"\" data-src=\"https:\/\/www.camping-eden-savoie.com\/wp-content\/uploads\/2020\/08\/camping-ouvert-annee-piscine-savoie.jpg\" alt=\"camping ouvert annee piscine savoie\" class=\"images_image\" \/><\/div><div class=\"image\"><img decoding=\"async\" src=\"\" data-src=\"https:\/\/www.camping-eden-savoie.com\/wp-content\/uploads\/2020\/08\/camping-hiver-savoie.jpg\" alt=\"camping hiver savoie\" class=\"images_image\" \/><\/div><div class=\"image\"><img decoding=\"async\" src=\"\" data-src=\"https:\/\/www.camping-eden-savoie.com\/wp-content\/uploads\/2020\/08\/camping-escalade-savoie.jpg\" alt=\"camping escalade savoie\" class=\"images_image\" \/><\/div><div class=\"image\"><img decoding=\"async\" src=\"\" data-src=\"https:\/\/www.camping-eden-savoie.com\/wp-content\/uploads\/2020\/08\/camping-a-lannee-savoie.jpg\" alt=\"camping a l'annee savoie\" class=\"images_image\" \/><\/div><\/div><div class=\"element images scroll-x-mobile\"><div class=\"image\"><img decoding=\"async\" src=\"\" data-src=\"https:\/\/www.camping-eden-savoie.com\/wp-content\/uploads\/2020\/08\/camping-ete-savoie.jpg\" alt=\"camping ete savoie\" class=\"images_image\" \/><\/div><div class=\"image\"><img decoding=\"async\" src=\"\" data-src=\"https:\/\/www.camping-eden-savoie.com\/wp-content\/uploads\/2020\/08\/location-ete-savoie.jpg\" alt=\"location ete savoie\" class=\"images_image\" \/><\/div><div class=\"image\"><img decoding=\"async\" src=\"\" data-src=\"https:\/\/www.camping-eden-savoie.com\/wp-content\/uploads\/2020\/08\/randonnee-ete-savoie.jpg\" alt=\"randonnee ete savoie\" class=\"images_image\" \/><\/div><div class=\"image\"><img decoding=\"async\" src=\"\" data-src=\"https:\/\/www.camping-eden-savoie.com\/wp-content\/uploads\/2020\/08\/activite-ete-savoie.jpg\" alt=\"activite ete savoie\" class=\"images_image\" \/><\/div><\/div><\/div><\/section>\n\n<section id=\"section-5f2aae2ae11ca\"\" class=\"section bg-color5 p-t-0 p-b-0\" \/><div class=\"container full\"><div class=\"colonnes-wrap valign-middle \"><div class=\"element colonne p-x-10 p-y-10\"><h2 class=\"element section-title justify\">Camping in de Savoie geopend in de zomer<\/h2><div class=\"element bloc-text justify \">\n\t<p>Kom genieten van de zachte zomer en een overvloed aan natuur in de <a href=\"\/nl\/\">camping Savoie<\/a>.<\/p>\n<p>In deze tijd van het jaar sieren de <strong class=\"bold color1\">geslingerde bergen<\/strong> en de <strong class=\"bold color1\">landschappen bezaaid met meren en vijvers<\/strong> zich in hun mooiste finesses om natuurliefhebbers te bekoren. Ze laten een breed scala aan vrijetijdsactiviteiten toe om aan alle wensen tegemoet te komen. Ontdek hoe u uw zomervakantie in de Savoie kunt organiseren.<\/p>\n<p>Wandel- en fietsliefhebbers kunnen de speciale circuits volgen en de weelderige landschappen van de Savoie ontdekken. <\/p>\n<p>En waarom niet wat <strong class=\"bold color1\">paardrijden<\/strong> ? Wat uw niveau ook is, u vindt zeker schoenen die passen bij uw voeten tussen de beschikbare routes.<\/p>\n<p>U kunt fietsen huren in de <strong class=\"bold color1\">camping het hele jaar door<\/strong>. Als u van aquatische activiteiten houdt, zijn er recreatiecentra die kano\u00ebn, raften, hydrospeed, canyoning&#8230; in de buurt van het Eden van de Vanoise.<\/p>\n<p>De recreatieclubs bieden u andere activiteiten aan die met uw gezin te maken hebben, zoals paintball, bowling, quadrijden, tokkelbaan, paragliding, via ferrata, acrobatische parcours in het bos en nog veel meer. Profiteer ook van uw verblijf om de meren van de Savoie te ontdekken, maar ook de <strong class=\"bold color1\">rijk erfgoed<\/strong> gebouwd.<\/p>\n<\/div><\/div><div class=\"element colonne p-0\"><div class=\"element images scroll-x-mobile\"><div class=\"image\"><img decoding=\"async\" src=\"\" data-src=\"https:\/\/www.camping-eden-savoie.com\/wp-content\/uploads\/2020\/08\/vacances-ete-savoie.jpg\" alt=\"vacances \u00e9t\u00e9 savoie\" class=\"images_image anime-zoom\" \/><\/div><\/div><\/div><\/div><\/div><\/section>\n\n<section id=\"section-last\"\" class=\"section bg-color5 p-t-0 p-b-0\" \/><div class=\"container full\"><div class=\"colonnes-wrap valign-middle \"><div class=\"element colonne p-0\"><div class=\"element images scroll-x-mobile\"><div class=\"image\"><img decoding=\"async\" src=\"\" data-src=\"https:\/\/www.camping-eden-savoie.com\/wp-content\/uploads\/2020\/08\/vacances-hiver-savoie.jpg\" alt=\"vacances hiver savoie\" class=\"images_image anime-zoom\" \/><\/div><\/div><\/div><div class=\"element colonne p-x-10 p-y-10\"><h2 class=\"element section-title justify\">Camping in haute savoie geopend in de winter<\/h2><div class=\"element bloc-text justify \">\n\t<p>De <strong class=\"bold color1\">wintervakantie in de Savoie Mont Blanc<\/strong> zal net zo druk zijn dankzij de activiteiten die in deze tijd van het jaar beschikbaar zijn.<\/p>\n<p>Dankzij zijn strategische ligging, op het kruispunt van de mooiste skigebieden van het gebied, zullen de <strong class=\"bold color1\">wintersporters zeker blij zijn<\/strong> met een verblijf op de camping, die het hele jaar door geopend is.<\/p>\n<p>Maak van de gelegenheid gebruik om onze bergcamping te ontdekken in het midden van de winter. <\/p>\n<p>U bevindt zich hier op het dak van Europa, in het Mont Blanc-massief. U kunt zich vrijelijk uitleven in vele activiteiten, vari\u00ebrend van ski\u00ebn, rodelen, sneeuwscooteren, sneeuwschoenwandelen, hondenslee\u00ebn, etc&#8230;<\/p>\n<p>Veel parken bieden ook <strong class=\"bold color1\">vrijetijdsactiviteiten voor het hele gezin<\/strong>, schaatsen, duiken onder het ijs en andere activiteiten die de ene keer origineler zijn dan de andere.<\/p>\n<p>Daarnaast zijn de wellnesscentra die spa, lichaamsverzorging, massages en kuuroorden aanbieden ook vrij talrijk rond het Eden van Savoye.<\/p>\n<p>U kunt uw <strong class=\"bold color1\">wintervakantie combineren met ontspanning en relaxatie<\/strong>. En natuurlijk zijn er interessante steden en bezienswaardigheden te ontdekken.<\/p>\n<\/div><\/div><\/div><\/div><\/section>\n\n<section id=\"section-5f2ab2584333c\"\" class=\"section bg-color1\" \/><div class=\"container extralarge\"><div class=\"element section-title center cta-title\">Onze diensten op camping Eden Vanoise<\/div><ul class=\"liste-de-page\"><li class=\"element call-to-action center cta-title call-to-action--style-1 call-to-action--normal\"><a href=\"https:\/\/www.camping-eden-savoie.com\/nl\/camping-3-sterren-savoie\/\"  class=\"call-to-action_link\" title=\"Meer informatie over de diensten\"><div class=\"call-to-action_image\"><img decoding=\"async\" src=\"https:\/\/www.camping-eden-savoie.com\/wp-content\/uploads\/2020\/08\/services-au-camping-100x88.jpg\" data-src=\"https:\/\/www.camping-eden-savoie.com\/wp-content\/uploads\/2020\/08\/services-au-camping.jpg\" alt=\"\" class=\"normal\" \/><\/div><div class=\"call-to-action_contenu\"><div class=\"call-to-action_titre\">De diensten<\/div><\/div><\/a><\/li><li class=\"element call-to-action center cta-title call-to-action--style-1 call-to-action--normal call-to-action--style-1 call-to-action--normal\"><a href=\"https:\/\/www.camping-eden-savoie.com\/nl\/animaties-camping-savoie\/\"  class=\"call-to-action_link\" title=\"Meer informatie over animatie\"><div class=\"call-to-action_image\"><img decoding=\"async\" src=\"https:\/\/www.camping-eden-savoie.com\/wp-content\/uploads\/2020\/06\/animation-camping-savoie-100x88.jpg\" data-src=\"https:\/\/www.camping-eden-savoie.com\/wp-content\/uploads\/2020\/06\/animation-camping-savoie.jpg\" alt=\"animation camping savoie\" class=\"normal\" \/><\/div><div class=\"call-to-action_contenu\"><div class=\"call-to-action_titre\">Animatie<\/div><\/div><\/a><\/li><li class=\"element call-to-action center cta-title call-to-action--style-1 call-to-action--normal call-to-action--style-1 call-to-action--normal call-to-action--style-1 call-to-action--normal\"><a href=\"https:\/\/www.camping-eden-savoie.com\/nl\/praktische-informatie-camping-alpen\/\"  class=\"call-to-action_link\" title=\"Meer informatie over praktische informatie\"><div class=\"call-to-action_image\"><img decoding=\"async\" src=\"https:\/\/www.camping-eden-savoie.com\/wp-content\/uploads\/2020\/08\/bar-savoie-100x88.jpg\" data-src=\"https:\/\/www.camping-eden-savoie.com\/wp-content\/uploads\/2020\/08\/bar-savoie.jpg\" alt=\"bar savoie\" class=\"normal\" \/><\/div><div class=\"call-to-action_contenu\"><div class=\"call-to-action_titre\">Praktische informatie<\/div><\/div><\/a><\/li><\/ul><\/div><\/section>","protected":false},"excerpt":{"rendered":"","protected":false},"author":1,"featured_media":3714,"parent":0,"menu_order":0,"comment_status":"closed","ping_status":"closed","template":"","meta":{"_acf_changed":false,"footnotes":""},"class_list":["post-6034","page","type-page","status-publish","has-post-thumbnail","hentry"],"acf":[],"yoast_head":"<!-- This site is optimized with the Yoast SEO plugin v25.3 - https:\/\/yoast.com\/wordpress\/plugins\/seo\/ -->\n<title>Camping het hele jaar geopend - Camping 365 dagen per jaar geopend<\/title>\n<meta name=\"robots\" content=\"index, follow, max-snippet:-1, max-image-preview:large, max-video-preview:-1\" \/>\n<link rel=\"canonical\" href=\"https:\/\/www.camping-eden-savoie.com\/nl\/camping-open-jaar-savoie\/\" \/>\n<meta property=\"og:locale\" content=\"nl_NL\" \/>\n<meta property=\"og:type\" content=\"article\" \/>\n<meta property=\"og:title\" content=\"Camping het hele jaar geopend - Camping 365 dagen per jaar geopend\" \/>\n<meta property=\"og:url\" content=\"https:\/\/www.camping-eden-savoie.com\/nl\/camping-open-jaar-savoie\/\" \/>\n<meta property=\"og:site_name\" content=\"Camping l&#039;Eden de la Vanoise\" \/>\n<meta property=\"article:modified_time\" content=\"2021-10-24T08:42:34+00:00\" \/>\n<meta property=\"og:image\" content=\"https:\/\/www.camping-eden-savoie.com\/wp-content\/uploads\/2020\/08\/vacances-ete-alpes.jpg\" \/>\n\t<meta property=\"og:image:width\" content=\"1903\" \/>\n\t<meta property=\"og:image:height\" content=\"550\" \/>\n\t<meta property=\"og:image:type\" content=\"image\/jpeg\" \/>\n<meta name=\"twitter:card\" content=\"summary_large_image\" \/>\n<script type=\"application\/ld+json\" class=\"yoast-schema-graph\">{\"@context\":\"https:\/\/schema.org\",\"@graph\":[{\"@type\":\"WebPage\",\"@id\":\"https:\/\/www.camping-eden-savoie.com\/nl\/camping-open-jaar-savoie\/\",\"url\":\"https:\/\/www.camping-eden-savoie.com\/nl\/camping-open-jaar-savoie\/\",\"name\":\"Camping het hele jaar geopend - Camping 365 dagen per jaar geopend\",\"isPartOf\":{\"@id\":\"https:\/\/www.camping-eden-savoie.com\/nl\/#website\"},\"primaryImageOfPage\":{\"@id\":\"https:\/\/www.camping-eden-savoie.com\/nl\/camping-open-jaar-savoie\/#primaryimage\"},\"image\":{\"@id\":\"https:\/\/www.camping-eden-savoie.com\/nl\/camping-open-jaar-savoie\/#primaryimage\"},\"thumbnailUrl\":\"https:\/\/www.camping-eden-savoie.com\/wp-content\/uploads\/2020\/08\/vacances-ete-alpes.jpg\",\"datePublished\":\"2016-12-26T15:10:19+00:00\",\"dateModified\":\"2021-10-24T08:42:34+00:00\",\"breadcrumb\":{\"@id\":\"https:\/\/www.camping-eden-savoie.com\/nl\/camping-open-jaar-savoie\/#breadcrumb\"},\"inLanguage\":\"nl-NL\",\"potentialAction\":[{\"@type\":\"ReadAction\",\"target\":[\"https:\/\/www.camping-eden-savoie.com\/nl\/camping-open-jaar-savoie\/\"]}]},{\"@type\":\"ImageObject\",\"inLanguage\":\"nl-NL\",\"@id\":\"https:\/\/www.camping-eden-savoie.com\/nl\/camping-open-jaar-savoie\/#primaryimage\",\"url\":\"https:\/\/www.camping-eden-savoie.com\/wp-content\/uploads\/2020\/08\/vacances-ete-alpes.jpg\",\"contentUrl\":\"https:\/\/www.camping-eden-savoie.com\/wp-content\/uploads\/2020\/08\/vacances-ete-alpes.jpg\",\"width\":1903,\"height\":550,\"caption\":\"vacances ete alpes\"},{\"@type\":\"BreadcrumbList\",\"@id\":\"https:\/\/www.camping-eden-savoie.com\/nl\/camping-open-jaar-savoie\/#breadcrumb\",\"itemListElement\":[{\"@type\":\"ListItem\",\"position\":1,\"name\":\"Camping Savoie\",\"item\":\"https:\/\/www.camping-eden-savoie.com\/nl\/\"},{\"@type\":\"ListItem\",\"position\":2,\"name\":\"Camping het hele jaar geopend in de Savoie\"}]},{\"@type\":\"WebSite\",\"@id\":\"https:\/\/www.camping-eden-savoie.com\/nl\/#website\",\"url\":\"https:\/\/www.camping-eden-savoie.com\/nl\/\",\"name\":\"Camping l&#039;Eden de la Vanoise\",\"description\":\"\",\"potentialAction\":[{\"@type\":\"SearchAction\",\"target\":{\"@type\":\"EntryPoint\",\"urlTemplate\":\"https:\/\/www.camping-eden-savoie.com\/nl\/?s={search_term_string}\"},\"query-input\":{\"@type\":\"PropertyValueSpecification\",\"valueRequired\":true,\"valueName\":\"search_term_string\"}}],\"inLanguage\":\"nl-NL\"}]}<\/script>\n<!-- \/ Yoast SEO plugin. -->","yoast_head_json":{"title":"Camping het hele jaar geopend - Camping 365 dagen per jaar geopend","robots":{"index":"index","follow":"follow","max-snippet":"max-snippet:-1","max-image-preview":"max-image-preview:large","max-video-preview":"max-video-preview:-1"},"canonical":"https:\/\/www.camping-eden-savoie.com\/nl\/camping-open-jaar-savoie\/","og_locale":"nl_NL","og_type":"article","og_title":"Camping het hele jaar geopend - Camping 365 dagen per jaar geopend","og_url":"https:\/\/www.camping-eden-savoie.com\/nl\/camping-open-jaar-savoie\/","og_site_name":"Camping l&#039;Eden de la Vanoise","article_modified_time":"2021-10-24T08:42:34+00:00","og_image":[{"width":1903,"height":550,"url":"https:\/\/www.camping-eden-savoie.com\/wp-content\/uploads\/2020\/08\/vacances-ete-alpes.jpg","type":"image\/jpeg"}],"twitter_card":"summary_large_image","schema":{"@context":"https:\/\/schema.org","@graph":[{"@type":"WebPage","@id":"https:\/\/www.camping-eden-savoie.com\/nl\/camping-open-jaar-savoie\/","url":"https:\/\/www.camping-eden-savoie.com\/nl\/camping-open-jaar-savoie\/","name":"Camping het hele jaar geopend - Camping 365 dagen per jaar geopend","isPartOf":{"@id":"https:\/\/www.camping-eden-savoie.com\/nl\/#website"},"primaryImageOfPage":{"@id":"https:\/\/www.camping-eden-savoie.com\/nl\/camping-open-jaar-savoie\/#primaryimage"},"image":{"@id":"https:\/\/www.camping-eden-savoie.com\/nl\/camping-open-jaar-savoie\/#primaryimage"},"thumbnailUrl":"https:\/\/www.camping-eden-savoie.com\/wp-content\/uploads\/2020\/08\/vacances-ete-alpes.jpg","datePublished":"2016-12-26T15:10:19+00:00","dateModified":"2021-10-24T08:42:34+00:00","breadcrumb":{"@id":"https:\/\/www.camping-eden-savoie.com\/nl\/camping-open-jaar-savoie\/#breadcrumb"},"inLanguage":"nl-NL","potentialAction":[{"@type":"ReadAction","target":["https:\/\/www.camping-eden-savoie.com\/nl\/camping-open-jaar-savoie\/"]}]},{"@type":"ImageObject","inLanguage":"nl-NL","@id":"https:\/\/www.camping-eden-savoie.com\/nl\/camping-open-jaar-savoie\/#primaryimage","url":"https:\/\/www.camping-eden-savoie.com\/wp-content\/uploads\/2020\/08\/vacances-ete-alpes.jpg","contentUrl":"https:\/\/www.camping-eden-savoie.com\/wp-content\/uploads\/2020\/08\/vacances-ete-alpes.jpg","width":1903,"height":550,"caption":"vacances ete alpes"},{"@type":"BreadcrumbList","@id":"https:\/\/www.camping-eden-savoie.com\/nl\/camping-open-jaar-savoie\/#breadcrumb","itemListElement":[{"@type":"ListItem","position":1,"name":"Camping Savoie","item":"https:\/\/www.camping-eden-savoie.com\/nl\/"},{"@type":"ListItem","position":2,"name":"Camping het hele jaar geopend in de Savoie"}]},{"@type":"WebSite","@id":"https:\/\/www.camping-eden-savoie.com\/nl\/#website","url":"https:\/\/www.camping-eden-savoie.com\/nl\/","name":"Camping l&#039;Eden de la Vanoise","description":"","potentialAction":[{"@type":"SearchAction","target":{"@type":"EntryPoint","urlTemplate":"https:\/\/www.camping-eden-savoie.com\/nl\/?s={search_term_string}"},"query-input":{"@type":"PropertyValueSpecification","valueRequired":true,"valueName":"search_term_string"}}],"inLanguage":"nl-NL"}]}},"_links":{"self":[{"href":"https:\/\/www.camping-eden-savoie.com\/nl\/wp-json\/wp\/v2\/pages\/6034"}],"collection":[{"href":"https:\/\/www.camping-eden-savoie.com\/nl\/wp-json\/wp\/v2\/pages"}],"about":[{"href":"https:\/\/www.camping-eden-savoie.com\/nl\/wp-json\/wp\/v2\/types\/page"}],"author":[{"embeddable":true,"href":"https:\/\/www.camping-eden-savoie.com\/nl\/wp-json\/wp\/v2\/users\/1"}],"replies":[{"embeddable":true,"href":"https:\/\/www.camping-eden-savoie.com\/nl\/wp-json\/wp\/v2\/comments?post=6034"}],"version-history":[{"count":10,"href":"https:\/\/www.camping-eden-savoie.com\/nl\/wp-json\/wp\/v2\/pages\/6034\/revisions"}],"predecessor-version":[{"id":8593,"href":"https:\/\/www.camping-eden-savoie.com\/nl\/wp-json\/wp\/v2\/pages\/6034\/revisions\/8593"}],"wp:featuredmedia":[{"embeddable":true,"href":"https:\/\/www.camping-eden-savoie.com\/nl\/wp-json\/wp\/v2\/media\/3714"}],"wp:attachment":[{"href":"https:\/\/www.camping-eden-savoie.com\/nl\/wp-json\/wp\/v2\/media?parent=6034"}],"curies":[{"name":"wp","href":"https:\/\/api.w.org\/{rel}","templated":true}]}}