{"id":1225,"date":"2016-02-15T09:58:48","date_gmt":"2016-02-15T08:58:48","guid":{"rendered":"https:\/\/www.camping-eden-savoie.com\/nl\/camping-savoie-motard-cycliste\/"},"modified":"2020-09-23T18:28:26","modified_gmt":"2020-09-23T16:28:26","slug":"camping-motorrijder-wielrenners","status":"publish","type":"page","link":"https:\/\/www.camping-eden-savoie.com\/nl\/camping-motorrijder-wielrenners\/","title":{"rendered":"Motorrijder en wielrenners"},"content":{"rendered":"<section id=\"section-5f2ab25841fbb\"\" class=\"section bg-color1\" \/><div class=\"container extralarge\"><h1 class=\"element section-title center m-b-4\">Camping motorrijders en fietsers<\/h1><\/div><\/section>\n\n<section id=\"section-5f2ab25842436\"\" class=\"section bg-color5 p-t-0 p-b-0\" \/><div class=\"container full\"><div class=\"colonnes-wrap valign-middle \"><div class=\"element colonne p-0\"><div class=\"element images scroll-x-mobile\"><div class=\"image\"><img decoding=\"async\" src=\"\" data-src=\"https:\/\/www.camping-eden-savoie.com\/wp-content\/uploads\/2020\/08\/vtt-savoie.jpg\" alt=\"vtt savoie\" class=\"images_image anime-zoom\" \/><\/div><\/div><\/div><div class=\"element colonne p-x-10 p-y-10\"><div class=\"element bloc-text justify \">\n\t<p>De berg wegen, een ideaal speelterrein voor alle liefhebbers van de tweewielers. De tochten zoals de grote overtocht van de Alpen, laat de motorrijders toe om te ontdekken of simpelweg een tochtje te maken.<\/p>\n<p>Voor de wielrenners onder ons, we liggen in het midden van de mythische bergkammen van de tour de France zoals de col de l\u2019Iseran, de col du Petit St Bernard, de Cormet de Roselend of nog de col de la Madeleine. Opgelet, deze bergkammen zijn gereserveerd voor wielrenners met ijzeren kuiten.<\/p>\n<p>Savoie Mont Blanc stelt u dank zij het zetten van bakens van deze verschillende kragen voor om uw prestaties met deze van de grote kampioenen te vergelijken.<\/p>\n<p>Het fietspad van 12 km langs de rivier Is\u00e8re en onze camping zal de minder bevestigde wielrenners kunnen toelaten om met een sympathieke training te beginnen.<br \/>\nVoor degene die verliefd zijn op all-terrai<br \/>\nn, het skigebied van arcs en die van tignes-val d\u2019Is\u00e8re bieden u mogelijkheden voor cross-country en afdalingen op alle niveaus : van de groene tot de zwarte piste in functie van uw mogelijkheden en uw fiets.<\/p>\n<p>Wij hebben veel uitleen mogelijkheden en deze bieden u veel ruimte om uw materiaal op te bergen (helmen-laarzen enz)<br \/>\nEn wat dacht u van een ontspanningsmoment in ons verwarmd zwembad van 30 graden na een fietstocht ?!<\/p>\n<p>Gegarandeerde sensaties voor liefhebbers van downhill, u zult een unieke ervaring beleven in het hart van een natuur die u nog zult herinneren!<\/p>\n<\/div><\/div><\/div><\/div><\/section>\n\n<section id=\"section-5f2aae2ae11ca\"\" class=\"section bg-color5 p-t-0 p-b-0\" \/><div class=\"container full\"><div class=\"colonnes-wrap valign-middle \"><div class=\"element colonne p-x-10 p-y-10\"><h2 class=\"element section-title justify\">Ideale camping voor motorrijders<\/h2><div class=\"element bloc-text justify \">\n\t<p>Bent u op zoek naar een <strong class=\"bold color1\">bikercamping<\/strong> ? Een ideale camping voor een motorstop in de Savoie ?<\/p>\n<p>Naast de bevoorrechte geografische ligging heeft de motorcamping een infrastructuur die <strong class=\"bold color1\">voldoet aan de behoeften van motorrijders<\/strong> die de Savoie op twee wielen willen verkennen. Onze uitgestrekte plaatsen en de percelen waar de gemeubileerde huuraccommodaties zijn opgesteld zijn groot genoeg om meerdere motoren te herbergen.<\/p>\n<p>Het verwarmde zwembad, open zomer en winter, en de kwaliteitsdiensten die ter plaatse beschikbaar zijn (Wi-Fi, barbecue, bakkerij, speelzaal&#8230;) garanderen een maximaal comfort na een dag in <strong class=\"bold color1\">motorcycling in het hart van de Alpen<\/strong>.<\/p>\n<p>Al onze terreinen worden begrensd door natuurlijke hagen. U kunt aan het eind van de dag ontspannen in een bloemrijke en bosrijke omgeving, met behoud van uw privacy.<\/p>\n<p>Na uw dagen <strong class=\"bold color1\">rijk aan emoties<\/strong>, zult u in staat zijn om uw motor in uw eigen tuin te laten staan, in een afgebakende en beveiligde omtrek. Onze topklasse accommodaties zijn ruim genoeg, en hebben opbergruimtes zodat u uw helm en andere accessoires kunt opbergen: laarzen, jas, handschoenen&#8230;<\/p>\n<p>Moet je trainen tussen twee motorinvallen? Huur een ATV op de camping en maak gebruik van de nabijgelegen fiets- of ATV-paden. Vraag bij aankomst bij de receptie naar informatie over de te volgen fietsroutes en hun kenmerken en natuurlijk naar de mooiste motortochten die in de Savoie te doen zijn. <\/p>\n<\/div><\/div><div class=\"element colonne p-0\"><div class=\"element images scroll-x-mobile\"><div class=\"image\"><img decoding=\"async\" src=\"\" data-src=\"https:\/\/www.camping-eden-savoie.com\/wp-content\/uploads\/2020\/08\/moto-savoie.jpg\" alt=\"moto savoie\" class=\"images_image anime-zoom\" \/><\/div><\/div><\/div><\/div><\/div><\/section>\n\n<section id=\"section-5f31481b6bab2\"\" class=\"section bg-white p-t-0 p-b-0\" \/><div class=\"container full\"><div class=\"element images scroll-x-mobile\"><div class=\"image\"><img decoding=\"async\" src=\"\" data-src=\"https:\/\/www.camping-eden-savoie.com\/wp-content\/uploads\/2020\/08\/camping-motards-savoie.jpg\" alt=\"camping motards savoie\" class=\"images_image\" \/><\/div><div class=\"image\"><img decoding=\"async\" src=\"\" data-src=\"https:\/\/www.camping-eden-savoie.com\/wp-content\/uploads\/2020\/08\/mountain-bike-savoie.jpg\" alt=\"mountain bike savoie\" class=\"images_image\" \/><\/div><div class=\"image\"><img decoding=\"async\" src=\"\" data-src=\"https:\/\/www.camping-eden-savoie.com\/wp-content\/uploads\/2020\/08\/sejour-moto-savoie.jpg\" alt=\"s\u00e9jour moto savoie\" class=\"images_image\" \/><\/div><div class=\"image\"><img decoding=\"async\" src=\"\" data-src=\"https:\/\/www.camping-eden-savoie.com\/wp-content\/uploads\/2020\/08\/sortie-moto-savoie.jpg\" alt=\"sortie moto savoie\" class=\"images_image\" \/><\/div><\/div><div class=\"element images scroll-x-mobile\"><div class=\"image\"><img decoding=\"async\" src=\"\" data-src=\"https:\/\/www.camping-eden-savoie.com\/wp-content\/uploads\/2020\/08\/vtt-en-savoie.jpg\" alt=\"vtt en savoie\" class=\"images_image\" \/><\/div><div class=\"image\"><img decoding=\"async\" src=\"\" data-src=\"https:\/\/www.camping-eden-savoie.com\/wp-content\/uploads\/2020\/08\/tour-velo-savoie.jpg\" alt=\"tour velo savoie\" class=\"images_image\" \/><\/div><div class=\"image\"><img decoding=\"async\" src=\"\" data-src=\"https:\/\/www.camping-eden-savoie.com\/wp-content\/uploads\/2020\/08\/vacances-velo-savoie.jpg\" alt=\"vacances velo savoie\" class=\"images_image\" \/><\/div><div class=\"image\"><img decoding=\"async\" src=\"\" data-src=\"https:\/\/www.camping-eden-savoie.com\/wp-content\/uploads\/2020\/08\/groupe-moto-savoie.jpg\" alt=\"groupe moto savoie\" class=\"images_image\" \/><\/div><\/div><\/div><\/section>\n\n<section id=\"section-last\"\" class=\"section bg-color5 p-t-0 p-b-0\" \/><div class=\"container full\"><div class=\"colonnes-wrap valign-middle \"><div class=\"element colonne p-0\"><div class=\"element images scroll-x-mobile\"><div class=\"image\"><img decoding=\"async\" src=\"\" data-src=\"https:\/\/www.camping-eden-savoie.com\/wp-content\/uploads\/2020\/08\/circuit-moto-savoie.jpg\" alt=\"circuit moto savoie\" class=\"images_image anime-zoom\" \/><\/div><\/div><\/div><div class=\"element colonne p-x-10 p-y-10\"><h2 class=\"element section-title justify\">Motorrijders in de Savoie : onze suggesties<\/h2><div class=\"element bloc-text justify \">\n\t<p>Van een zondagse wandeling tot de beklimming van de grote passen, langs een meertocht met zwemmen inbegrepen, overzicht van de <strong class=\"bold color1\">mooiste wandelingen die u met de motor<\/strong> kunt maken vanaf de camping l&#8217;Eden de la Vanoise in de Savoie:<\/p>\n<ul>\n<li><strong class=\"bold color1\">Route des Grandes Alpes<\/strong> : een fantastische route van 720 km tussen het meer van Gen\u00e8ve en de Middellandse Zee, die de Alpen binnenkomt en door 18 legendarische passen gaat, waarvan sommige hebben bijgedragen aan de reputatie van de Tour de France, zoals de Iseran en Galibier.<\/li>\n<li><strong class=\"bold color1\">Wandelen rond de grote meren<\/strong> (255 km, ongeveer 5 uur) : Tijdens dit luscircuit, zult u grenzen aan het Lac du Bourget en het Lac d&#8217;Annecy in de Haute-Savoie, voordat u verschillende passen beklimt: Col des Aravis, Col de Bluffy, Col de Sapenay, Col de Semnoz, Col de Plainpalais, Col de la Croix Fry, Col du Marais en de Mont Revard.<\/li>\n<li><strong class=\"bold color1\">Tour du massif des Bauges<\/strong> : een prachtig circuit van ongeveer 100 km vanaf Le Ch\u00e2telard rond het prachtige massief van de Bauges, tussen de departementen Savoie en Haute-Savoie, vlakbij de meren van Le Bourget en Annecy. Neem vanaf het toeristenbureau Ch\u00e2telard de richting van de Col du Fr\u00eane. Maak een stop om het panoramische uitzicht te bewonderen en ga naar beneden richting Saint-Pierre-d&#8217;Albigny. Neem vervolgens de wijnroute (richting Albertville), de col de Tami\u00e9, Faverges, het meer van Annecy, Saint-Jorioz en de col de Leschaux, Bellecombe-en-Bauges, en La Motte-en-Bauges om Le Ch\u00e2telard te bereiken.<\/li>\n<li><strong class=\"bold color1\">Circuit Savoie Maurienne Tarentaise<\/strong> (228 km, 4u35) : dit luscircuit dat vertrekt vanuit Modane gaat rond het Nationaal Park Vanoise. Het loopt door Saint-Michel de-Maurienne, La Chambre, de Col de la Madeleine, Salins-les-Thermes, La L\u00e9ch\u00e8re, Val d&#8217;Is\u00e8re en de Col de l&#8217;Iseran.<\/li>\n<\/ul>\n<\/div><\/div><\/div><\/div><\/section>\n\n<section id=\"section-5f2ab2584333c\"\" class=\"section bg-color1\" \/><div class=\"container extralarge\"><div class=\"element section-title center cta-title\">Een camping aangepast aan iedereen! <\/div><ul class=\"liste-de-page\"><li class=\"element call-to-action center cta-title call-to-action--style-1 call-to-action--normal\"><a href=\"https:\/\/www.camping-eden-savoie.com\/nl\/camping-paren-savoie\/\"  class=\"call-to-action_link\" title=\"Meer informatie over vakantie voor koppels\"><div class=\"call-to-action_image\"><img decoding=\"async\" src=\"https:\/\/www.camping-eden-savoie.com\/wp-content\/uploads\/2020\/08\/camping-couple-savoie-100x88.jpg\" data-src=\"https:\/\/www.camping-eden-savoie.com\/wp-content\/uploads\/2020\/08\/camping-couple-savoie.jpg\" alt=\"camping couple savoie\" class=\"normal\" \/><\/div><div class=\"call-to-action_contenu\"><div class=\"call-to-action_titre\">Vakantie voor koppels<\/div><\/div><\/a><\/li><li class=\"element call-to-action center cta-title call-to-action--style-1 call-to-action--normal call-to-action--style-1 call-to-action--normal\"><a href=\"https:\/\/www.camping-eden-savoie.com\/nl\/camping-wandelaars\/\"  class=\"call-to-action_link\" title=\"Meer informatie over wandelen\"><div class=\"call-to-action_image\"><img decoding=\"async\" src=\"https:\/\/www.camping-eden-savoie.com\/wp-content\/uploads\/2020\/08\/randonnees-savoie-100x88.jpg\" data-src=\"https:\/\/www.camping-eden-savoie.com\/wp-content\/uploads\/2020\/08\/randonnees-savoie.jpg\" alt=\"randonn\u00e9es savoie\" class=\"normal\" \/><\/div><div class=\"call-to-action_contenu\"><div class=\"call-to-action_titre\">Wandelen<\/div><\/div><\/a><\/li><li class=\"element call-to-action center cta-title call-to-action--style-1 call-to-action--normal call-to-action--style-1 call-to-action--normal call-to-action--style-1 call-to-action--normal\"><a href=\"https:\/\/www.camping-eden-savoie.com\/nl\/uw-camping-in-savoy-for-persons-a-mobility-verminderde\/\"  class=\"call-to-action_link\" title=\"Meer informatie over camping aangepast voor pbm\"><div class=\"call-to-action_image\"><img decoding=\"async\" src=\"https:\/\/www.camping-eden-savoie.com\/wp-content\/uploads\/2020\/08\/camping-pmr-savoie-100x88.jpg\" data-src=\"https:\/\/www.camping-eden-savoie.com\/wp-content\/uploads\/2020\/08\/camping-pmr-savoie.jpg\" alt=\"camping pmr savoie\" class=\"normal\" \/><\/div><div class=\"call-to-action_contenu\"><div class=\"call-to-action_titre\">Camping aangepast voor PBM<\/div><\/div><\/a><\/li><\/ul><\/div><\/section>","protected":false},"excerpt":{"rendered":"","protected":false},"author":1,"featured_media":4431,"parent":0,"menu_order":0,"comment_status":"closed","ping_status":"closed","template":"","meta":{"_acf_changed":false,"footnotes":""},"class_list":["post-1225","page","type-page","status-publish","has-post-thumbnail","hentry"],"acf":[],"yoast_head":"<!-- This site is optimized with the Yoast SEO plugin v25.3 - https:\/\/yoast.com\/wordpress\/plugins\/seo\/ -->\n<title>Camping voor mountainbikers en fietsers - Camping Alpes, Savoie<\/title>\n<meta name=\"description\" content=\"Alles over activiteiten op twee wielen rond de camping Eden Savoie: fietsen en andere activiteiten die u niet mag missen.\u00a0\" \/>\n<meta name=\"robots\" content=\"index, follow, max-snippet:-1, max-image-preview:large, max-video-preview:-1\" \/>\n<link rel=\"canonical\" href=\"https:\/\/www.camping-eden-savoie.com\/nl\/camping-motorrijder-wielrenners\/\" \/>\n<meta property=\"og:locale\" content=\"nl_NL\" \/>\n<meta property=\"og:type\" content=\"article\" \/>\n<meta property=\"og:title\" content=\"Camping voor mountainbikers en fietsers - Camping Alpes, Savoie\" \/>\n<meta property=\"og:description\" content=\"Alles over activiteiten op twee wielen rond de camping Eden Savoie: fietsen en andere activiteiten die u niet mag missen.\u00a0\" \/>\n<meta property=\"og:url\" content=\"https:\/\/www.camping-eden-savoie.com\/nl\/camping-motorrijder-wielrenners\/\" \/>\n<meta property=\"og:site_name\" content=\"Camping l&#039;Eden de la Vanoise\" \/>\n<meta property=\"article:modified_time\" content=\"2020-09-23T16:28:26+00:00\" \/>\n<meta property=\"og:image\" content=\"https:\/\/www.camping-eden-savoie.com\/wp-content\/uploads\/2020\/08\/velo-vtt-savoie.jpg\" \/>\n\t<meta property=\"og:image:width\" content=\"1903\" \/>\n\t<meta property=\"og:image:height\" content=\"550\" \/>\n\t<meta property=\"og:image:type\" content=\"image\/jpeg\" \/>\n<meta name=\"twitter:card\" content=\"summary_large_image\" \/>\n<script type=\"application\/ld+json\" class=\"yoast-schema-graph\">{\"@context\":\"https:\/\/schema.org\",\"@graph\":[{\"@type\":\"WebPage\",\"@id\":\"https:\/\/www.camping-eden-savoie.com\/nl\/camping-motorrijder-wielrenners\/\",\"url\":\"https:\/\/www.camping-eden-savoie.com\/nl\/camping-motorrijder-wielrenners\/\",\"name\":\"Camping voor mountainbikers en fietsers - Camping Alpes, Savoie\",\"isPartOf\":{\"@id\":\"https:\/\/www.camping-eden-savoie.com\/nl\/#website\"},\"primaryImageOfPage\":{\"@id\":\"https:\/\/www.camping-eden-savoie.com\/nl\/camping-motorrijder-wielrenners\/#primaryimage\"},\"image\":{\"@id\":\"https:\/\/www.camping-eden-savoie.com\/nl\/camping-motorrijder-wielrenners\/#primaryimage\"},\"thumbnailUrl\":\"https:\/\/www.camping-eden-savoie.com\/wp-content\/uploads\/2020\/08\/velo-vtt-savoie.jpg\",\"datePublished\":\"2016-02-15T08:58:48+00:00\",\"dateModified\":\"2020-09-23T16:28:26+00:00\",\"description\":\"Alles over activiteiten op twee wielen rond de camping Eden Savoie: fietsen en andere activiteiten die u niet mag missen.\u00a0\",\"breadcrumb\":{\"@id\":\"https:\/\/www.camping-eden-savoie.com\/nl\/camping-motorrijder-wielrenners\/#breadcrumb\"},\"inLanguage\":\"nl-NL\",\"potentialAction\":[{\"@type\":\"ReadAction\",\"target\":[\"https:\/\/www.camping-eden-savoie.com\/nl\/camping-motorrijder-wielrenners\/\"]}]},{\"@type\":\"ImageObject\",\"inLanguage\":\"nl-NL\",\"@id\":\"https:\/\/www.camping-eden-savoie.com\/nl\/camping-motorrijder-wielrenners\/#primaryimage\",\"url\":\"https:\/\/www.camping-eden-savoie.com\/wp-content\/uploads\/2020\/08\/velo-vtt-savoie.jpg\",\"contentUrl\":\"https:\/\/www.camping-eden-savoie.com\/wp-content\/uploads\/2020\/08\/velo-vtt-savoie.jpg\",\"width\":1903,\"height\":550,\"caption\":\"velo vtt savoie\"},{\"@type\":\"BreadcrumbList\",\"@id\":\"https:\/\/www.camping-eden-savoie.com\/nl\/camping-motorrijder-wielrenners\/#breadcrumb\",\"itemListElement\":[{\"@type\":\"ListItem\",\"position\":1,\"name\":\"Camping Savoie\",\"item\":\"https:\/\/www.camping-eden-savoie.com\/nl\/\"},{\"@type\":\"ListItem\",\"position\":2,\"name\":\"Camping voor motorrijders\"}]},{\"@type\":\"WebSite\",\"@id\":\"https:\/\/www.camping-eden-savoie.com\/nl\/#website\",\"url\":\"https:\/\/www.camping-eden-savoie.com\/nl\/\",\"name\":\"Camping l&#039;Eden de la Vanoise\",\"description\":\"\",\"potentialAction\":[{\"@type\":\"SearchAction\",\"target\":{\"@type\":\"EntryPoint\",\"urlTemplate\":\"https:\/\/www.camping-eden-savoie.com\/nl\/?s={search_term_string}\"},\"query-input\":{\"@type\":\"PropertyValueSpecification\",\"valueRequired\":true,\"valueName\":\"search_term_string\"}}],\"inLanguage\":\"nl-NL\"}]}<\/script>\n<!-- \/ Yoast SEO plugin. -->","yoast_head_json":{"title":"Camping voor mountainbikers en fietsers - Camping Alpes, Savoie","description":"Alles over activiteiten op twee wielen rond de camping Eden Savoie: fietsen en andere activiteiten die u niet mag missen.\u00a0","robots":{"index":"index","follow":"follow","max-snippet":"max-snippet:-1","max-image-preview":"max-image-preview:large","max-video-preview":"max-video-preview:-1"},"canonical":"https:\/\/www.camping-eden-savoie.com\/nl\/camping-motorrijder-wielrenners\/","og_locale":"nl_NL","og_type":"article","og_title":"Camping voor mountainbikers en fietsers - Camping Alpes, Savoie","og_description":"Alles over activiteiten op twee wielen rond de camping Eden Savoie: fietsen en andere activiteiten die u niet mag missen.\u00a0","og_url":"https:\/\/www.camping-eden-savoie.com\/nl\/camping-motorrijder-wielrenners\/","og_site_name":"Camping l&#039;Eden de la Vanoise","article_modified_time":"2020-09-23T16:28:26+00:00","og_image":[{"width":1903,"height":550,"url":"https:\/\/www.camping-eden-savoie.com\/wp-content\/uploads\/2020\/08\/velo-vtt-savoie.jpg","type":"image\/jpeg"}],"twitter_card":"summary_large_image","schema":{"@context":"https:\/\/schema.org","@graph":[{"@type":"WebPage","@id":"https:\/\/www.camping-eden-savoie.com\/nl\/camping-motorrijder-wielrenners\/","url":"https:\/\/www.camping-eden-savoie.com\/nl\/camping-motorrijder-wielrenners\/","name":"Camping voor mountainbikers en fietsers - Camping Alpes, Savoie","isPartOf":{"@id":"https:\/\/www.camping-eden-savoie.com\/nl\/#website"},"primaryImageOfPage":{"@id":"https:\/\/www.camping-eden-savoie.com\/nl\/camping-motorrijder-wielrenners\/#primaryimage"},"image":{"@id":"https:\/\/www.camping-eden-savoie.com\/nl\/camping-motorrijder-wielrenners\/#primaryimage"},"thumbnailUrl":"https:\/\/www.camping-eden-savoie.com\/wp-content\/uploads\/2020\/08\/velo-vtt-savoie.jpg","datePublished":"2016-02-15T08:58:48+00:00","dateModified":"2020-09-23T16:28:26+00:00","description":"Alles over activiteiten op twee wielen rond de camping Eden Savoie: fietsen en andere activiteiten die u niet mag missen.\u00a0","breadcrumb":{"@id":"https:\/\/www.camping-eden-savoie.com\/nl\/camping-motorrijder-wielrenners\/#breadcrumb"},"inLanguage":"nl-NL","potentialAction":[{"@type":"ReadAction","target":["https:\/\/www.camping-eden-savoie.com\/nl\/camping-motorrijder-wielrenners\/"]}]},{"@type":"ImageObject","inLanguage":"nl-NL","@id":"https:\/\/www.camping-eden-savoie.com\/nl\/camping-motorrijder-wielrenners\/#primaryimage","url":"https:\/\/www.camping-eden-savoie.com\/wp-content\/uploads\/2020\/08\/velo-vtt-savoie.jpg","contentUrl":"https:\/\/www.camping-eden-savoie.com\/wp-content\/uploads\/2020\/08\/velo-vtt-savoie.jpg","width":1903,"height":550,"caption":"velo vtt savoie"},{"@type":"BreadcrumbList","@id":"https:\/\/www.camping-eden-savoie.com\/nl\/camping-motorrijder-wielrenners\/#breadcrumb","itemListElement":[{"@type":"ListItem","position":1,"name":"Camping Savoie","item":"https:\/\/www.camping-eden-savoie.com\/nl\/"},{"@type":"ListItem","position":2,"name":"Camping voor motorrijders"}]},{"@type":"WebSite","@id":"https:\/\/www.camping-eden-savoie.com\/nl\/#website","url":"https:\/\/www.camping-eden-savoie.com\/nl\/","name":"Camping l&#039;Eden de la Vanoise","description":"","potentialAction":[{"@type":"SearchAction","target":{"@type":"EntryPoint","urlTemplate":"https:\/\/www.camping-eden-savoie.com\/nl\/?s={search_term_string}"},"query-input":{"@type":"PropertyValueSpecification","valueRequired":true,"valueName":"search_term_string"}}],"inLanguage":"nl-NL"}]}},"_links":{"self":[{"href":"https:\/\/www.camping-eden-savoie.com\/nl\/wp-json\/wp\/v2\/pages\/1225"}],"collection":[{"href":"https:\/\/www.camping-eden-savoie.com\/nl\/wp-json\/wp\/v2\/pages"}],"about":[{"href":"https:\/\/www.camping-eden-savoie.com\/nl\/wp-json\/wp\/v2\/types\/page"}],"author":[{"embeddable":true,"href":"https:\/\/www.camping-eden-savoie.com\/nl\/wp-json\/wp\/v2\/users\/1"}],"replies":[{"embeddable":true,"href":"https:\/\/www.camping-eden-savoie.com\/nl\/wp-json\/wp\/v2\/comments?post=1225"}],"version-history":[{"count":10,"href":"https:\/\/www.camping-eden-savoie.com\/nl\/wp-json\/wp\/v2\/pages\/1225\/revisions"}],"predecessor-version":[{"id":7445,"href":"https:\/\/www.camping-eden-savoie.com\/nl\/wp-json\/wp\/v2\/pages\/1225\/revisions\/7445"}],"wp:featuredmedia":[{"embeddable":true,"href":"https:\/\/www.camping-eden-savoie.com\/nl\/wp-json\/wp\/v2\/media\/4431"}],"wp:attachment":[{"href":"https:\/\/www.camping-eden-savoie.com\/nl\/wp-json\/wp\/v2\/media?parent=1225"}],"curies":[{"name":"wp","href":"https:\/\/api.w.org\/{rel}","templated":true}]}}