{"id":995,"date":"2016-02-15T09:58:48","date_gmt":"2016-02-15T08:58:48","guid":{"rendered":"https:\/\/www.camping-eden-savoie.com\/de\/camping-savoie-motard-cycliste\/"},"modified":"2023-10-19T16:16:22","modified_gmt":"2023-10-19T14:16:22","slug":"camping-savoie-motorrad-fahrradfahrer","status":"publish","type":"page","link":"https:\/\/www.camping-eden-savoie.com\/de\/camping-savoie-motorrad-fahrradfahrer\/","title":{"rendered":"Motorrad- und Fahrradfahrer"},"content":{"rendered":"<section id=\"section-5f2ab25841fbb\"\" class=\"section bg-color1\" \/><div class=\"container extralarge\"><h1 class=\"element section-title center m-b-4\">Camping mit Motorrad in Savoyen<\/h1><\/div><\/section>\n\n<section id=\"section-5f2ab25842436\"\" class=\"section bg-color5 p-t-0 p-b-0\" \/><div class=\"container full\"><div class=\"colonnes-wrap valign-middle \"><div class=\"element colonne p-0\"><div class=\"element images scroll-x-mobile\"><div class=\"image\"><img decoding=\"async\" src=\"\" data-src=\"https:\/\/www.camping-eden-savoie.com\/wp-content\/uploads\/2020\/08\/vtt-savoie.jpg\" alt=\"vtt savoie\" class=\"images_image anime-zoom\" \/><\/div><\/div><\/div><div class=\"element colonne p-x-10 p-y-10\"><div class=\"element bloc-text justify \">\n\t<p>Die Bergstra\u00dfen sind ein idealer Spielplatz f\u00fcr alle Zweiradbegeisterten: Strecken wie die \u00dcberquerung der Alpen erm\u00f6glichen es f\u00fcr unsere Motorradfreunde die Region zu entdecken.<\/p>\n<p>F\u00fcr die Fahrradfahrer auf der Stra\u00dfe, befinden wir uns in der Mitte der ber\u00fchmten Tour de France-P\u00e4sse wie der \u201eCol de l\u00b4Iseran\u201c, \u201eLe col du petit St Bernard\u201c, \u201eLe Cormet du Roselend\u201c oder auch \u201eLe col de la Madelaine\u201c. Achtung diese P\u00e4sse sind f\u00fcr Begeisterte zug\u00e4nglich welche die k\u00f6rperliche Ausdauer daf\u00fcr haben. <\/p>\n<p>Savoie Mont Blanc bietet Ihnen an mit den Markierungen dieser verschiedenen P\u00e4sse Ihre Leistung mit denen der ber\u00fchmten Sieger zu vergleichen. Die 12 Km lange Fahrradpiste entlang der Is\u00e8re und unseres Campingplatzes wird den weniger trainierten Fahrradfahrern erm\u00f6glichen ein sympathisches Training zu beginnen.<\/p>\n<p>Wir bieten also Unterk\u00fcnfte und adaptierte Dienstleistungen f\u00fcr Zweiradliebhaber an (Fr\u00fchst\u00fcck \u2013 Mittag-und Abendessen- Bar). Unsere Vermietungen bieten Ihnen gen\u00fcgend Platz um Ihr Equipment wegzur\u00e4umen Helm, Motoradstiefel, usw\u2026).<br \/>\nUnd was gibt es besseres als nach einer langen Zweiradspazierfahrt einen entspannten Moment in unserem auf 30\u00b0C geheizten Pool zu verbringen!?!<\/p>\n<\/div><\/div><\/div><\/div><\/section>\n\n<section id=\"section-5f2aae2ae11ca\"\" class=\"section bg-color5 p-t-0 p-b-0\" \/><div class=\"container full\"><div class=\"colonnes-wrap valign-middle \"><div class=\"element colonne p-x-10 p-y-10\"><h2 class=\"element section-title justify\">Idealer Campingplatz f\u00fcr Motorradfahrer<\/h2><div class=\"element bloc-text justify \">\n\t<p>Suchen Sie einen <strong class=\"bold color1\">Biker-Campingplatz<\/strong> ? Ein idealer Campingplatz f\u00fcr einen Motorradaufenthalt in Savoyen ?<\/p>\n<p>Zus\u00e4tzlich zu seiner privilegierten geografischen Lage verf\u00fcgt der Motorrad-Campingplatz \u00fcber Infrastrukturen, die <strong class=\"bold color1\">die Bed\u00fcrfnisse von Motorradfahrern<\/strong> erf\u00fcllen, die Savoyen auf zwei R\u00e4dern erkunden m\u00f6chten. Unsere weitl\u00e4ufigen Stellpl\u00e4tze und die Parzellen, auf denen die m\u00f6blierten Mietobjekte aufgestellt sind, sind gro\u00df genug, um mehrere Motorr\u00e4der unterzubringen.<\/p>\n<p>Das beheizte Schwimmbad, das im Sommer und Winter ge\u00f6ffnet ist, und die vor Ort verf\u00fcgbaren hochwertigen Dienstleistungen (Wi-Fi, Grillverleih, B\u00e4ckerei, Spielsaal&#8230;) garantieren maximalen Komfort nach einem Tag im <strong class=\"bold color1\">Motorradfahren im Herzen der Alpen<\/strong>.<\/p>\n<p>Alle unsere Grundst\u00fccke sind durch nat\u00fcrliche Hecken begrenzt. Sie k\u00f6nnen sich am Ende des Tages in einer bl\u00fchenden und bewaldeten Umgebung entspannen, wobei Ihre Privatsph\u00e4re gewahrt bleibt.<\/p>\n<p>Nach Ihren Tagen <strong class=\"bold color1\">reich an Emotionen<\/strong>, k\u00f6nnen Sie Ihr Motorrad in Ihrem privaten Garten, in einem abgegrenzten und gesicherten Bereich, abstellen. Unsere Unterk\u00fcnfte der Spitzenklasse sind ger\u00e4umig genug und verf\u00fcgen \u00fcber Staur\u00e4ume, damit Sie Ihren Helm und anderes Zubeh\u00f6r aufbewahren k\u00f6nnen: Stiefel, Jacke, Handschuhe&#8230;<\/p>\n<p>M\u00fcssen Sie zwischen zwei Motorrad\u00fcberf\u00e4llen trainieren? Mieten Sie auf dem Campingplatz ein ATV und nutzen Sie die Fahrrad- oder ATV-Strecken in der N\u00e4he. Informieren Sie sich bei Ihrer Ankunft an der Rezeption \u00fcber die zu befahrenden Fahrradrouten und deren Besonderheiten und nat\u00fcrlich \u00fcber die sch\u00f6nsten Motorradtouren in Savoyen. <\/p>\n<\/div><\/div><div class=\"element colonne p-0\"><div class=\"element images scroll-x-mobile\"><div class=\"image\"><img decoding=\"async\" src=\"\" data-src=\"https:\/\/www.camping-eden-savoie.com\/wp-content\/uploads\/2020\/08\/moto-savoie.jpg\" alt=\"moto savoie\" class=\"images_image anime-zoom\" \/><\/div><\/div><\/div><\/div><\/div><\/section>\n\n<section id=\"section-5f31481b6bab2\"\" class=\"section bg-white p-t-0 p-b-0\" \/><div class=\"container full\"><div class=\"element images scroll-x-mobile\"><div class=\"image\"><img decoding=\"async\" src=\"\" data-src=\"https:\/\/www.camping-eden-savoie.com\/wp-content\/uploads\/2020\/08\/camping-motards-savoie.jpg\" alt=\"camping motards savoie\" class=\"images_image\" \/><\/div><div class=\"image\"><img decoding=\"async\" src=\"\" data-src=\"https:\/\/www.camping-eden-savoie.com\/wp-content\/uploads\/2020\/08\/mountain-bike-savoie.jpg\" alt=\"mountain bike savoie\" class=\"images_image\" \/><\/div><div class=\"image\"><img decoding=\"async\" src=\"\" data-src=\"https:\/\/www.camping-eden-savoie.com\/wp-content\/uploads\/2020\/08\/sejour-moto-savoie.jpg\" alt=\"s\u00e9jour moto savoie\" class=\"images_image\" \/><\/div><div class=\"image\"><img decoding=\"async\" src=\"\" data-src=\"https:\/\/www.camping-eden-savoie.com\/wp-content\/uploads\/2020\/08\/sortie-moto-savoie.jpg\" alt=\"sortie moto savoie\" class=\"images_image\" \/><\/div><\/div><div class=\"element images scroll-x-mobile\"><div class=\"image\"><img decoding=\"async\" src=\"\" data-src=\"https:\/\/www.camping-eden-savoie.com\/wp-content\/uploads\/2020\/08\/vtt-en-savoie.jpg\" alt=\"vtt en savoie\" class=\"images_image\" \/><\/div><div class=\"image\"><img decoding=\"async\" src=\"\" data-src=\"https:\/\/www.camping-eden-savoie.com\/wp-content\/uploads\/2020\/08\/tour-velo-savoie.jpg\" alt=\"tour velo savoie\" class=\"images_image\" \/><\/div><div class=\"image\"><img decoding=\"async\" src=\"\" data-src=\"https:\/\/www.camping-eden-savoie.com\/wp-content\/uploads\/2020\/08\/vacances-velo-savoie.jpg\" alt=\"vacances velo savoie\" class=\"images_image\" \/><\/div><div class=\"image\"><img decoding=\"async\" src=\"\" data-src=\"https:\/\/www.camping-eden-savoie.com\/wp-content\/uploads\/2020\/08\/groupe-moto-savoie.jpg\" alt=\"groupe moto savoie\" class=\"images_image\" \/><\/div><\/div><\/div><\/section>\n\n<section id=\"section-last\"\" class=\"section bg-color5 p-t-0 p-b-0\" \/><div class=\"container full\"><div class=\"colonnes-wrap valign-middle \"><div class=\"element colonne p-0\"><div class=\"element images scroll-x-mobile\"><div class=\"image\"><img decoding=\"async\" src=\"\" data-src=\"https:\/\/www.camping-eden-savoie.com\/wp-content\/uploads\/2020\/08\/circuit-moto-savoie.jpg\" alt=\"circuit moto savoie\" class=\"images_image anime-zoom\" \/><\/div><\/div><\/div><div class=\"element colonne p-x-10 p-y-10\"><h2 class=\"element section-title justify\">Motorradtouren in Savoyen : unsere Vorschl\u00e4ge<\/h2><div class=\"element bloc-text justify \">\n\t<p>Von einem Sonntagsspaziergang bis zur Besteigung der gro\u00dfen P\u00e4sse, vorbei an einer Seerundfahrt mit Schwimmen inklusive, \u00dcberblick \u00fcber die <strong class=\"bold color1\">sch\u00f6nsten Wanderungen<\/strong>, die Sie mit dem Motorrad vom Campingplatz l&#8217;Eden de la Vanoise in Savoyen aus unternehmen k\u00f6nnen:<\/p>\n<ul>\n<li><strong class=\"bold color1\">Route des Grandes Alpes<\/strong> : eine fabelhafte Strecke von 720 km zwischen dem Genfer See und dem Mittelmeer, die in die Alpen m\u00fcndet und \u00fcber 18 legend\u00e4re P\u00e4sse f\u00fchrt, von denen einige zum Ruf der Tour de France beigetragen haben, wie der Iseran und Galibier.<\/li>\n<li><strong class=\"bold color1\">Wanderung rund um die gro\u00dfen Seen<\/strong> (255 km, ca. 5 Stunden) : Auf diesem Rundkurs grenzen Sie an den Lac du Bourget und den Lac d&#8217;Annecy in der Haute-Savoie, bevor Sie mehrere P\u00e4sse erklimmen: Col des Aravis, Col de Bluffy, Col de Sapenay, Col de Semnoz, Col de Plainpalais, Col de la Croix Fry, Col du Marais und Mont Revard.<\/li>\n<li><strong class=\"bold color1\">Tour du Massif des Bauges<\/strong> : ein sch\u00f6ner Rundkurs von etwa 100 km, der von Le Ch\u00e2telard aus um das herrliche Massiv des Bauges zwischen den Departements Savoie und Haute-Savoie in der N\u00e4he der Seen von Le Bourget und Annecy f\u00fchrt. Vom Tourismusb\u00fcro von Ch\u00e2telard aus nehmen Sie die Richtung Col du Fr\u00eane. Machen Sie eine Pause, um das Panorama zu bewundern und steigen Sie in Richtung Saint-Pierre-d&#8217;Albigny ab. Dann nehmen Sie die Weinstra\u00dfe (Richtung Albertville), den Col de Tami\u00e9, Faverges, den Annecy-See, Saint-Jorioz und den Col de Leschaux, Bellecombe-en-Bauges und La Motte-en-Bauges, um Le Ch\u00e2telard zu erreichen.<\/li>\n<li><strong class=\"bold color1\">Rundkurs Savoie Maurienne Tarentaise<\/strong> (228 km, 4h35) : Dieser Rundkurs mit Start in Modane f\u00fchrt um den Nationalpark Vanoise herum. Er f\u00fchrt durch Saint-Michel-de-Murienne, La Chambre, den Col de la Madeleine, Salins-les-Thermes, La L\u00e9ch\u00e8re, Val d&#8217;Is\u00e8re und den Col de l&#8217;Iseran.<\/li>\n<\/ul>\n<\/div><\/div><\/div><\/div><\/section>\n\n<section id=\"section-5f2ab2584333c\"\" class=\"section bg-color1\" \/><div class=\"container extralarge\"><div class=\"element section-title center cta-title\">Ein f\u00fcr alle geeigneter Campingplatz! <\/div><ul class=\"liste-de-page\"><li class=\"element call-to-action center cta-title call-to-action--style-1 call-to-action--normal\"><a href=\"https:\/\/www.camping-eden-savoie.com\/de\/camping-parchen-savoie\/\"  class=\"call-to-action_link\" title=\"Erfahren Sie mehr \u00fcber feiertage f\u00fcr paare\"><div class=\"call-to-action_image\"><img decoding=\"async\" src=\"https:\/\/www.camping-eden-savoie.com\/wp-content\/uploads\/2020\/08\/camping-couple-savoie-100x88.jpg\" data-src=\"https:\/\/www.camping-eden-savoie.com\/wp-content\/uploads\/2020\/08\/camping-couple-savoie.jpg\" alt=\"camping couple savoie\" class=\"normal\" \/><\/div><div class=\"call-to-action_contenu\"><div class=\"call-to-action_titre\">Feiertage f\u00fcr Paare<\/div><\/div><\/a><\/li><li class=\"element call-to-action center cta-title call-to-action--style-1 call-to-action--normal call-to-action--style-1 call-to-action--normal\"><a href=\"https:\/\/www.camping-eden-savoie.com\/de\/camping-bergwandern\/\"  class=\"call-to-action_link\" title=\"Erfahren Sie mehr \u00fcber wandern\"><div class=\"call-to-action_image\"><img decoding=\"async\" src=\"https:\/\/www.camping-eden-savoie.com\/wp-content\/uploads\/2020\/08\/randonnees-savoie-100x88.jpg\" data-src=\"https:\/\/www.camping-eden-savoie.com\/wp-content\/uploads\/2020\/08\/randonnees-savoie.jpg\" alt=\"randonn\u00e9es savoie\" class=\"normal\" \/><\/div><div class=\"call-to-action_contenu\"><div class=\"call-to-action_titre\">Wandern<\/div><\/div><\/a><\/li><li class=\"element call-to-action center cta-title call-to-action--style-1 call-to-action--normal call-to-action--style-1 call-to-action--normal call-to-action--style-1 call-to-action--normal\"><a href=\"https:\/\/www.camping-eden-savoie.com\/de\/ihr-camping-in-savoy-for-persons-a-mobility-ermassigt\/\"  class=\"call-to-action_link\" title=\"Erfahren Sie mehr \u00fcber campingplatz f\u00fcr prm angepasst\"><div class=\"call-to-action_image\"><img decoding=\"async\" src=\"https:\/\/www.camping-eden-savoie.com\/wp-content\/uploads\/2020\/08\/camping-pmr-savoie-100x88.jpg\" data-src=\"https:\/\/www.camping-eden-savoie.com\/wp-content\/uploads\/2020\/08\/camping-pmr-savoie.jpg\" alt=\"camping pmr savoie\" class=\"normal\" \/><\/div><div class=\"call-to-action_contenu\"><div class=\"call-to-action_titre\">Campingplatz f\u00fcr PRM angepasst<\/div><\/div><\/a><\/li><\/ul><\/div><\/section>","protected":false},"excerpt":{"rendered":"","protected":false},"author":1,"featured_media":4433,"parent":0,"menu_order":0,"comment_status":"closed","ping_status":"closed","template":"","meta":{"_acf_changed":false,"footnotes":""},"class_list":["post-995","page","type-page","status-publish","has-post-thumbnail","hentry"],"acf":[],"yoast_head":"<!-- This site is optimized with the Yoast SEO plugin v25.3 - https:\/\/yoast.com\/wordpress\/plugins\/seo\/ -->\n<title>Camping mit motorrad : zeltplatz f\u00fcr motorradfahrer in Savoyen, Frankreich<\/title>\n<meta name=\"description\" content=\"Buchen Sie Ihren Biker-Campingplatz in den franz\u00f6sischen Alpen in Savoyen. Ihr Zeltplatz f\u00fcr 2 bis 6 Personen in der N\u00e4he von Seen.\" \/>\n<meta name=\"robots\" content=\"index, follow, max-snippet:-1, max-image-preview:large, max-video-preview:-1\" \/>\n<link rel=\"canonical\" href=\"https:\/\/www.camping-eden-savoie.com\/de\/camping-savoie-motorrad-fahrradfahrer\/\" \/>\n<meta property=\"og:locale\" content=\"de_DE\" \/>\n<meta property=\"og:type\" content=\"article\" \/>\n<meta property=\"og:title\" content=\"Camping mit motorrad : zeltplatz f\u00fcr motorradfahrer in Savoyen, Frankreich\" \/>\n<meta property=\"og:description\" content=\"Buchen Sie Ihren Biker-Campingplatz in den franz\u00f6sischen Alpen in Savoyen. Ihr Zeltplatz f\u00fcr 2 bis 6 Personen in der N\u00e4he von Seen.\" \/>\n<meta property=\"og:url\" content=\"https:\/\/www.camping-eden-savoie.com\/de\/camping-savoie-motorrad-fahrradfahrer\/\" \/>\n<meta property=\"og:site_name\" content=\"Camping l&#039;Eden de la Vanoise\" \/>\n<meta property=\"article:modified_time\" content=\"2023-10-19T14:16:22+00:00\" \/>\n<meta property=\"og:image\" content=\"https:\/\/www.camping-eden-savoie.com\/wp-content\/uploads\/2020\/08\/velo-vtt-savoie.jpg\" \/>\n\t<meta property=\"og:image:width\" content=\"1903\" \/>\n\t<meta property=\"og:image:height\" content=\"550\" \/>\n\t<meta property=\"og:image:type\" content=\"image\/jpeg\" \/>\n<meta name=\"twitter:card\" content=\"summary_large_image\" \/>\n<script type=\"application\/ld+json\" class=\"yoast-schema-graph\">{\"@context\":\"https:\/\/schema.org\",\"@graph\":[{\"@type\":\"WebPage\",\"@id\":\"https:\/\/www.camping-eden-savoie.com\/de\/camping-savoie-motorrad-fahrradfahrer\/\",\"url\":\"https:\/\/www.camping-eden-savoie.com\/de\/camping-savoie-motorrad-fahrradfahrer\/\",\"name\":\"Camping mit motorrad : zeltplatz f\u00fcr motorradfahrer in Savoyen, Frankreich\",\"isPartOf\":{\"@id\":\"https:\/\/www.camping-eden-savoie.com\/de\/#website\"},\"primaryImageOfPage\":{\"@id\":\"https:\/\/www.camping-eden-savoie.com\/de\/camping-savoie-motorrad-fahrradfahrer\/#primaryimage\"},\"image\":{\"@id\":\"https:\/\/www.camping-eden-savoie.com\/de\/camping-savoie-motorrad-fahrradfahrer\/#primaryimage\"},\"thumbnailUrl\":\"https:\/\/www.camping-eden-savoie.com\/wp-content\/uploads\/2020\/08\/velo-vtt-savoie.jpg\",\"datePublished\":\"2016-02-15T08:58:48+00:00\",\"dateModified\":\"2023-10-19T14:16:22+00:00\",\"description\":\"Buchen Sie Ihren Biker-Campingplatz in den franz\u00f6sischen Alpen in Savoyen. Ihr Zeltplatz f\u00fcr 2 bis 6 Personen in der N\u00e4he von Seen.\",\"breadcrumb\":{\"@id\":\"https:\/\/www.camping-eden-savoie.com\/de\/camping-savoie-motorrad-fahrradfahrer\/#breadcrumb\"},\"inLanguage\":\"de\",\"potentialAction\":[{\"@type\":\"ReadAction\",\"target\":[\"https:\/\/www.camping-eden-savoie.com\/de\/camping-savoie-motorrad-fahrradfahrer\/\"]}]},{\"@type\":\"ImageObject\",\"inLanguage\":\"de\",\"@id\":\"https:\/\/www.camping-eden-savoie.com\/de\/camping-savoie-motorrad-fahrradfahrer\/#primaryimage\",\"url\":\"https:\/\/www.camping-eden-savoie.com\/wp-content\/uploads\/2020\/08\/velo-vtt-savoie.jpg\",\"contentUrl\":\"https:\/\/www.camping-eden-savoie.com\/wp-content\/uploads\/2020\/08\/velo-vtt-savoie.jpg\",\"width\":1903,\"height\":550,\"caption\":\"velo vtt savoie\"},{\"@type\":\"BreadcrumbList\",\"@id\":\"https:\/\/www.camping-eden-savoie.com\/de\/camping-savoie-motorrad-fahrradfahrer\/#breadcrumb\",\"itemListElement\":[{\"@type\":\"ListItem\",\"position\":1,\"name\":\"Camping Alpen, in Savoyen\",\"item\":\"https:\/\/www.camping-eden-savoie.com\/de\/\"},{\"@type\":\"ListItem\",\"position\":2,\"name\":\"Camping f\u00fcr Motorradfahrer\"}]},{\"@type\":\"WebSite\",\"@id\":\"https:\/\/www.camping-eden-savoie.com\/de\/#website\",\"url\":\"https:\/\/www.camping-eden-savoie.com\/de\/\",\"name\":\"Camping l&#039;Eden de la Vanoise\",\"description\":\"\",\"potentialAction\":[{\"@type\":\"SearchAction\",\"target\":{\"@type\":\"EntryPoint\",\"urlTemplate\":\"https:\/\/www.camping-eden-savoie.com\/de\/?s={search_term_string}\"},\"query-input\":{\"@type\":\"PropertyValueSpecification\",\"valueRequired\":true,\"valueName\":\"search_term_string\"}}],\"inLanguage\":\"de\"}]}<\/script>\n<!-- \/ Yoast SEO plugin. -->","yoast_head_json":{"title":"Camping mit motorrad : zeltplatz f\u00fcr motorradfahrer in Savoyen, Frankreich","description":"Buchen Sie Ihren Biker-Campingplatz in den franz\u00f6sischen Alpen in Savoyen. Ihr Zeltplatz f\u00fcr 2 bis 6 Personen in der N\u00e4he von Seen.","robots":{"index":"index","follow":"follow","max-snippet":"max-snippet:-1","max-image-preview":"max-image-preview:large","max-video-preview":"max-video-preview:-1"},"canonical":"https:\/\/www.camping-eden-savoie.com\/de\/camping-savoie-motorrad-fahrradfahrer\/","og_locale":"de_DE","og_type":"article","og_title":"Camping mit motorrad : zeltplatz f\u00fcr motorradfahrer in Savoyen, Frankreich","og_description":"Buchen Sie Ihren Biker-Campingplatz in den franz\u00f6sischen Alpen in Savoyen. Ihr Zeltplatz f\u00fcr 2 bis 6 Personen in der N\u00e4he von Seen.","og_url":"https:\/\/www.camping-eden-savoie.com\/de\/camping-savoie-motorrad-fahrradfahrer\/","og_site_name":"Camping l&#039;Eden de la Vanoise","article_modified_time":"2023-10-19T14:16:22+00:00","og_image":[{"width":1903,"height":550,"url":"https:\/\/www.camping-eden-savoie.com\/wp-content\/uploads\/2020\/08\/velo-vtt-savoie.jpg","type":"image\/jpeg"}],"twitter_card":"summary_large_image","schema":{"@context":"https:\/\/schema.org","@graph":[{"@type":"WebPage","@id":"https:\/\/www.camping-eden-savoie.com\/de\/camping-savoie-motorrad-fahrradfahrer\/","url":"https:\/\/www.camping-eden-savoie.com\/de\/camping-savoie-motorrad-fahrradfahrer\/","name":"Camping mit motorrad : zeltplatz f\u00fcr motorradfahrer in Savoyen, Frankreich","isPartOf":{"@id":"https:\/\/www.camping-eden-savoie.com\/de\/#website"},"primaryImageOfPage":{"@id":"https:\/\/www.camping-eden-savoie.com\/de\/camping-savoie-motorrad-fahrradfahrer\/#primaryimage"},"image":{"@id":"https:\/\/www.camping-eden-savoie.com\/de\/camping-savoie-motorrad-fahrradfahrer\/#primaryimage"},"thumbnailUrl":"https:\/\/www.camping-eden-savoie.com\/wp-content\/uploads\/2020\/08\/velo-vtt-savoie.jpg","datePublished":"2016-02-15T08:58:48+00:00","dateModified":"2023-10-19T14:16:22+00:00","description":"Buchen Sie Ihren Biker-Campingplatz in den franz\u00f6sischen Alpen in Savoyen. Ihr Zeltplatz f\u00fcr 2 bis 6 Personen in der N\u00e4he von Seen.","breadcrumb":{"@id":"https:\/\/www.camping-eden-savoie.com\/de\/camping-savoie-motorrad-fahrradfahrer\/#breadcrumb"},"inLanguage":"de","potentialAction":[{"@type":"ReadAction","target":["https:\/\/www.camping-eden-savoie.com\/de\/camping-savoie-motorrad-fahrradfahrer\/"]}]},{"@type":"ImageObject","inLanguage":"de","@id":"https:\/\/www.camping-eden-savoie.com\/de\/camping-savoie-motorrad-fahrradfahrer\/#primaryimage","url":"https:\/\/www.camping-eden-savoie.com\/wp-content\/uploads\/2020\/08\/velo-vtt-savoie.jpg","contentUrl":"https:\/\/www.camping-eden-savoie.com\/wp-content\/uploads\/2020\/08\/velo-vtt-savoie.jpg","width":1903,"height":550,"caption":"velo vtt savoie"},{"@type":"BreadcrumbList","@id":"https:\/\/www.camping-eden-savoie.com\/de\/camping-savoie-motorrad-fahrradfahrer\/#breadcrumb","itemListElement":[{"@type":"ListItem","position":1,"name":"Camping Alpen, in Savoyen","item":"https:\/\/www.camping-eden-savoie.com\/de\/"},{"@type":"ListItem","position":2,"name":"Camping f\u00fcr Motorradfahrer"}]},{"@type":"WebSite","@id":"https:\/\/www.camping-eden-savoie.com\/de\/#website","url":"https:\/\/www.camping-eden-savoie.com\/de\/","name":"Camping l&#039;Eden de la Vanoise","description":"","potentialAction":[{"@type":"SearchAction","target":{"@type":"EntryPoint","urlTemplate":"https:\/\/www.camping-eden-savoie.com\/de\/?s={search_term_string}"},"query-input":{"@type":"PropertyValueSpecification","valueRequired":true,"valueName":"search_term_string"}}],"inLanguage":"de"}]}},"_links":{"self":[{"href":"https:\/\/www.camping-eden-savoie.com\/de\/wp-json\/wp\/v2\/pages\/995"}],"collection":[{"href":"https:\/\/www.camping-eden-savoie.com\/de\/wp-json\/wp\/v2\/pages"}],"about":[{"href":"https:\/\/www.camping-eden-savoie.com\/de\/wp-json\/wp\/v2\/types\/page"}],"author":[{"embeddable":true,"href":"https:\/\/www.camping-eden-savoie.com\/de\/wp-json\/wp\/v2\/users\/1"}],"replies":[{"embeddable":true,"href":"https:\/\/www.camping-eden-savoie.com\/de\/wp-json\/wp\/v2\/comments?post=995"}],"version-history":[{"count":13,"href":"https:\/\/www.camping-eden-savoie.com\/de\/wp-json\/wp\/v2\/pages\/995\/revisions"}],"predecessor-version":[{"id":10914,"href":"https:\/\/www.camping-eden-savoie.com\/de\/wp-json\/wp\/v2\/pages\/995\/revisions\/10914"}],"wp:featuredmedia":[{"embeddable":true,"href":"https:\/\/www.camping-eden-savoie.com\/de\/wp-json\/wp\/v2\/media\/4433"}],"wp:attachment":[{"href":"https:\/\/www.camping-eden-savoie.com\/de\/wp-json\/wp\/v2\/media?parent=995"}],"curies":[{"name":"wp","href":"https:\/\/api.w.org\/{rel}","templated":true}]}}