{"id":992,"date":"2016-02-15T09:43:03","date_gmt":"2016-02-15T08:43:03","guid":{"rendered":"https:\/\/www.camping-eden-savoie.com\/de\/camping-couples-haute-savoie\/"},"modified":"2020-09-23T18:21:51","modified_gmt":"2020-09-23T16:21:51","slug":"camping-parchen-savoie","status":"publish","type":"page","link":"https:\/\/www.camping-eden-savoie.com\/de\/camping-parchen-savoie\/","title":{"rendered":"P\u00e4rchen"},"content":{"rendered":"<section id=\"section-5f2ab25841fbb\"\" class=\"section bg-color1\" \/><div class=\"container extralarge\"><h1 class=\"element section-title center m-b-4\">Camping f\u00fcr Paare in Savoyen<\/h1><\/div><\/section>\n\n<section id=\"section-5f2ab25842436\"\" class=\"section bg-color5 p-t-0 p-b-0\" \/><div class=\"container full\"><div class=\"colonnes-wrap valign-middle \"><div class=\"element colonne p-0\"><div class=\"element images scroll-x-mobile\"><div class=\"image\"><img decoding=\"async\" src=\"\" data-src=\"https:\/\/www.camping-eden-savoie.com\/wp-content\/uploads\/2020\/08\/activite-couple-savoie.jpg\" alt=\"activite couple savoie\" class=\"images_image anime-zoom\" \/><\/div><\/div><\/div><div class=\"element colonne p-x-10 p-y-10\"><h2 class=\"element section-title justify\">Sonderangebote f\u00fcr Paare in der N\u00e4he des Mont Blanc<\/h2><div class=\"element bloc-text justify \">\n\t<p>Bald ist es soweit; Urlaub nur f\u00fcr Sie und Ihn, echter Urlaub zu zweit, weit entfernt von allem, sei es von der Arbeit, den Freunde, dem Alltag.<\/p>\n<p>Falls Sie ein romantisches Reiseziel suchen, im Herzen der Berge, oder ein origineller Aufenthalt f\u00fcr ihren kommenden Urlaub zu zweit, werden Sie die Mehrzahl der M\u00f6glichkeiten welche f\u00fcr Sie offen stehen sch\u00e4tzen (Stellplatz, Bungalow, Zeltbungalow).<\/p>\n<p>Au\u00dferdem, k\u00f6nnen Sie au\u00dferhalb der Saison, von einem sehr sch\u00f6nen P\u00e4rchen-Angebot profitieren f\u00fcr einen Betrag von 230,00 \u20ac \u2013 exklusive Steuern und weitere Kosten \u2013 f\u00fcr Sie und Ihr Baby unter drei Jahren, profitieren.<\/p>\n<\/div><\/div><\/div><\/div><\/section>\n\n<section id=\"section-5f2aae2ae11ca\"\" class=\"section bg-color5 p-t-0 p-b-0\" \/><div class=\"container full\"><div class=\"colonnes-wrap valign-middle \"><div class=\"element colonne p-x-10 p-y-10\"><h2 class=\"element section-title justify\">Entscheiden Sie sich f\u00fcr einen Urlaub f\u00fcr ein Paar in Savoyen<\/h2><div class=\"element bloc-text justify \">\n\t<p>Profitieren Sie von einem Vorteil bei Buchung f\u00fcr zwei oder drei Wochen! Der Campingplatz Eden de la Vanoise bietet im Rahmen seiner Aktion \u201eLanger Aufenthalt\u201c 5% Rabatt bei einem Mindestaufenthalt von 14 N\u00e4chten und 10% Rabatt bei einem Mindestaufenthalt von 21 N\u00e4chten. <\/p>\n<p>Diese Aktion gilt f\u00fcr Ihre Mietwohnungsreservierungen oder Standorte mit Stromanschluss. Zwei oder drei Wochen am selben Ort zu verbringen ist ideal, um die Gegend in Ihrem eigenen Tempo zu besuchen, Ausfl\u00fcge zu planen und die Zeit zu genie\u00dfen, die Sie brauchen, um neue Energie zu tanken. Die Long Stay-Aktion erleichtert Ihren Familienurlaub.<\/p>\n<p>Der Rabatt gilt nur f\u00fcr das Paket, nicht f\u00fcr den Gesamtpreis des Aufenthaltes, der zus\u00e4tzliche Personen und Fahrzeuge oder Nicht-Paket-Optionen wie WLAN, das Vorhandensein eines Haustiers, den Kauf von Einweg-Bettw\u00e4sche, Miete enthalten kann ein Baby-Set oder die Endreinigung. <\/p>\n<p>Die Angebote f\u00fcr Langzeitaufenthalte sind nicht kumulierbar: Der Rabatt betr\u00e4gt entweder 10% f\u00fcr einen Aufenthalt von 21 N\u00e4chten oder 5% f\u00fcr einen Aufenthalt zwischen 14 und 21 N\u00e4chten. Die L\u00e4nge des Aufenthalts, der f\u00fcr die Bef\u00f6rderung in Frage kommt, muss Gegenstand einer Reservierung sein.<\/p>\n<\/div><\/div><div class=\"element colonne p-0\"><div class=\"element images scroll-x-mobile\"><div class=\"image\"><img decoding=\"async\" src=\"\" data-src=\"https:\/\/www.camping-eden-savoie.com\/wp-content\/uploads\/2020\/08\/vacances-couple-savoie.jpg\" alt=\"randonn\u00e9e famille savoie\" class=\"images_image anime-zoom\" \/><\/div><\/div><\/div><\/div><\/div><\/section>\n\n<section id=\"section-5f2ab2584333c\"\" class=\"section bg-color1\" \/><div class=\"container extralarge\"><div class=\"element section-title center cta-title\">An alle angepasste Aufenthalte<\/div><ul class=\"liste-de-page\"><li class=\"element call-to-action center cta-title call-to-action--style-1 call-to-action--normal\"><a href=\"https:\/\/www.camping-eden-savoie.com\/de\/camping-bergwandern\/\"  class=\"call-to-action_link\" title=\"Erfahren Sie mehr \u00fcber wandern\"><div class=\"call-to-action_image\"><img decoding=\"async\" src=\"https:\/\/www.camping-eden-savoie.com\/wp-content\/uploads\/2020\/08\/randonnees-savoie-100x88.jpg\" data-src=\"https:\/\/www.camping-eden-savoie.com\/wp-content\/uploads\/2020\/08\/randonnees-savoie.jpg\" alt=\"randonn\u00e9es savoie\" class=\"normal\" \/><\/div><div class=\"call-to-action_contenu\"><div class=\"call-to-action_titre\">Wandern<\/div><\/div><\/a><\/li><li class=\"element call-to-action center cta-title call-to-action--style-1 call-to-action--normal call-to-action--style-1 call-to-action--normal\"><a href=\"https:\/\/www.camping-eden-savoie.com\/de\/camping-angler-berg\/\"  class=\"call-to-action_link\" title=\"Erfahren Sie mehr \u00fcber angeln\"><div class=\"call-to-action_image\"><img decoding=\"async\" src=\"https:\/\/www.camping-eden-savoie.com\/wp-content\/uploads\/2020\/08\/peche-savoie-100x88.jpg\" data-src=\"https:\/\/www.camping-eden-savoie.com\/wp-content\/uploads\/2020\/08\/peche-savoie.jpg\" alt=\"peche savoie\" class=\"normal\" \/><\/div><div class=\"call-to-action_contenu\"><div class=\"call-to-action_titre\">Angeln<\/div><\/div><\/a><\/li><li class=\"element call-to-action center cta-title call-to-action--style-1 call-to-action--normal call-to-action--style-1 call-to-action--normal call-to-action--style-1 call-to-action--normal\"><a href=\"https:\/\/www.camping-eden-savoie.com\/de\/ihr-camping-in-savoy-for-persons-a-mobility-ermassigt\/\"  class=\"call-to-action_link\" title=\"Erfahren Sie mehr \u00fcber campingplatz f\u00fcr prm angepasst\"><div class=\"call-to-action_image\"><img decoding=\"async\" src=\"https:\/\/www.camping-eden-savoie.com\/wp-content\/uploads\/2020\/08\/camping-pmr-savoie-100x88.jpg\" data-src=\"https:\/\/www.camping-eden-savoie.com\/wp-content\/uploads\/2020\/08\/camping-pmr-savoie.jpg\" alt=\"camping pmr savoie\" class=\"normal\" \/><\/div><div class=\"call-to-action_contenu\"><div class=\"call-to-action_titre\">Campingplatz f\u00fcr PRM angepasst<\/div><\/div><\/a><\/li><\/ul><\/div><\/section>","protected":false},"excerpt":{"rendered":"","protected":false},"author":1,"featured_media":4531,"parent":0,"menu_order":0,"comment_status":"closed","ping_status":"closed","template":"","meta":{"_acf_changed":false,"footnotes":""},"class_list":["post-992","page","type-page","status-publish","has-post-thumbnail","hentry"],"acf":[],"yoast_head":"<!-- This site is optimized with the Yoast SEO plugin v25.3 - https:\/\/yoast.com\/wordpress\/plugins\/seo\/ -->\n<title>Ferien Camping Paar Savoie - Camping in den Alpen<\/title>\n<meta name=\"description\" content=\"Ideal f\u00fcr Paare im Urlaub in Savoyen, Camping Eden Savoie ist die beste Alternative f\u00fcr Ihren n\u00e4chsten Urlaub\" \/>\n<meta name=\"robots\" content=\"index, follow, max-snippet:-1, max-image-preview:large, max-video-preview:-1\" \/>\n<link rel=\"canonical\" href=\"https:\/\/www.camping-eden-savoie.com\/de\/camping-parchen-savoie\/\" \/>\n<meta property=\"og:locale\" content=\"de_DE\" \/>\n<meta property=\"og:type\" content=\"article\" \/>\n<meta property=\"og:title\" content=\"Ferien Camping Paar Savoie - Camping in den Alpen\" \/>\n<meta property=\"og:description\" content=\"Ideal f\u00fcr Paare im Urlaub in Savoyen, Camping Eden Savoie ist die beste Alternative f\u00fcr Ihren n\u00e4chsten Urlaub\" \/>\n<meta property=\"og:url\" content=\"https:\/\/www.camping-eden-savoie.com\/de\/camping-parchen-savoie\/\" \/>\n<meta property=\"og:site_name\" content=\"Camping l&#039;Eden de la Vanoise\" \/>\n<meta property=\"article:modified_time\" content=\"2020-09-23T16:21:51+00:00\" \/>\n<meta property=\"og:image\" content=\"https:\/\/www.camping-eden-savoie.com\/wp-content\/uploads\/2020\/08\/vacances-en-couple-savoie.jpg\" \/>\n\t<meta property=\"og:image:width\" content=\"1903\" \/>\n\t<meta property=\"og:image:height\" content=\"550\" \/>\n\t<meta property=\"og:image:type\" content=\"image\/jpeg\" \/>\n<meta name=\"twitter:card\" content=\"summary_large_image\" \/>\n<script type=\"application\/ld+json\" class=\"yoast-schema-graph\">{\"@context\":\"https:\/\/schema.org\",\"@graph\":[{\"@type\":\"WebPage\",\"@id\":\"https:\/\/www.camping-eden-savoie.com\/de\/camping-parchen-savoie\/\",\"url\":\"https:\/\/www.camping-eden-savoie.com\/de\/camping-parchen-savoie\/\",\"name\":\"Ferien Camping Paar Savoie - Camping in den Alpen\",\"isPartOf\":{\"@id\":\"https:\/\/www.camping-eden-savoie.com\/de\/#website\"},\"primaryImageOfPage\":{\"@id\":\"https:\/\/www.camping-eden-savoie.com\/de\/camping-parchen-savoie\/#primaryimage\"},\"image\":{\"@id\":\"https:\/\/www.camping-eden-savoie.com\/de\/camping-parchen-savoie\/#primaryimage\"},\"thumbnailUrl\":\"https:\/\/www.camping-eden-savoie.com\/wp-content\/uploads\/2020\/08\/vacances-en-couple-savoie.jpg\",\"datePublished\":\"2016-02-15T08:43:03+00:00\",\"dateModified\":\"2020-09-23T16:21:51+00:00\",\"description\":\"Ideal f\u00fcr Paare im Urlaub in Savoyen, Camping Eden Savoie ist die beste Alternative f\u00fcr Ihren n\u00e4chsten Urlaub\",\"breadcrumb\":{\"@id\":\"https:\/\/www.camping-eden-savoie.com\/de\/camping-parchen-savoie\/#breadcrumb\"},\"inLanguage\":\"de\",\"potentialAction\":[{\"@type\":\"ReadAction\",\"target\":[\"https:\/\/www.camping-eden-savoie.com\/de\/camping-parchen-savoie\/\"]}]},{\"@type\":\"ImageObject\",\"inLanguage\":\"de\",\"@id\":\"https:\/\/www.camping-eden-savoie.com\/de\/camping-parchen-savoie\/#primaryimage\",\"url\":\"https:\/\/www.camping-eden-savoie.com\/wp-content\/uploads\/2020\/08\/vacances-en-couple-savoie.jpg\",\"contentUrl\":\"https:\/\/www.camping-eden-savoie.com\/wp-content\/uploads\/2020\/08\/vacances-en-couple-savoie.jpg\",\"width\":1903,\"height\":550,\"caption\":\"vacances en couple savoie\"},{\"@type\":\"BreadcrumbList\",\"@id\":\"https:\/\/www.camping-eden-savoie.com\/de\/camping-parchen-savoie\/#breadcrumb\",\"itemListElement\":[{\"@type\":\"ListItem\",\"position\":1,\"name\":\"Camping Alpen, in Savoyen\",\"item\":\"https:\/\/www.camping-eden-savoie.com\/de\/\"},{\"@type\":\"ListItem\",\"position\":2,\"name\":\"Camping f\u00fcr Paare in Savoyen\"}]},{\"@type\":\"WebSite\",\"@id\":\"https:\/\/www.camping-eden-savoie.com\/de\/#website\",\"url\":\"https:\/\/www.camping-eden-savoie.com\/de\/\",\"name\":\"Camping l&#039;Eden de la Vanoise\",\"description\":\"\",\"potentialAction\":[{\"@type\":\"SearchAction\",\"target\":{\"@type\":\"EntryPoint\",\"urlTemplate\":\"https:\/\/www.camping-eden-savoie.com\/de\/?s={search_term_string}\"},\"query-input\":{\"@type\":\"PropertyValueSpecification\",\"valueRequired\":true,\"valueName\":\"search_term_string\"}}],\"inLanguage\":\"de\"}]}<\/script>\n<!-- \/ Yoast SEO plugin. -->","yoast_head_json":{"title":"Ferien Camping Paar Savoie - Camping in den Alpen","description":"Ideal f\u00fcr Paare im Urlaub in Savoyen, Camping Eden Savoie ist die beste Alternative f\u00fcr Ihren n\u00e4chsten Urlaub","robots":{"index":"index","follow":"follow","max-snippet":"max-snippet:-1","max-image-preview":"max-image-preview:large","max-video-preview":"max-video-preview:-1"},"canonical":"https:\/\/www.camping-eden-savoie.com\/de\/camping-parchen-savoie\/","og_locale":"de_DE","og_type":"article","og_title":"Ferien Camping Paar Savoie - Camping in den Alpen","og_description":"Ideal f\u00fcr Paare im Urlaub in Savoyen, Camping Eden Savoie ist die beste Alternative f\u00fcr Ihren n\u00e4chsten Urlaub","og_url":"https:\/\/www.camping-eden-savoie.com\/de\/camping-parchen-savoie\/","og_site_name":"Camping l&#039;Eden de la Vanoise","article_modified_time":"2020-09-23T16:21:51+00:00","og_image":[{"width":1903,"height":550,"url":"https:\/\/www.camping-eden-savoie.com\/wp-content\/uploads\/2020\/08\/vacances-en-couple-savoie.jpg","type":"image\/jpeg"}],"twitter_card":"summary_large_image","schema":{"@context":"https:\/\/schema.org","@graph":[{"@type":"WebPage","@id":"https:\/\/www.camping-eden-savoie.com\/de\/camping-parchen-savoie\/","url":"https:\/\/www.camping-eden-savoie.com\/de\/camping-parchen-savoie\/","name":"Ferien Camping Paar Savoie - Camping in den Alpen","isPartOf":{"@id":"https:\/\/www.camping-eden-savoie.com\/de\/#website"},"primaryImageOfPage":{"@id":"https:\/\/www.camping-eden-savoie.com\/de\/camping-parchen-savoie\/#primaryimage"},"image":{"@id":"https:\/\/www.camping-eden-savoie.com\/de\/camping-parchen-savoie\/#primaryimage"},"thumbnailUrl":"https:\/\/www.camping-eden-savoie.com\/wp-content\/uploads\/2020\/08\/vacances-en-couple-savoie.jpg","datePublished":"2016-02-15T08:43:03+00:00","dateModified":"2020-09-23T16:21:51+00:00","description":"Ideal f\u00fcr Paare im Urlaub in Savoyen, Camping Eden Savoie ist die beste Alternative f\u00fcr Ihren n\u00e4chsten Urlaub","breadcrumb":{"@id":"https:\/\/www.camping-eden-savoie.com\/de\/camping-parchen-savoie\/#breadcrumb"},"inLanguage":"de","potentialAction":[{"@type":"ReadAction","target":["https:\/\/www.camping-eden-savoie.com\/de\/camping-parchen-savoie\/"]}]},{"@type":"ImageObject","inLanguage":"de","@id":"https:\/\/www.camping-eden-savoie.com\/de\/camping-parchen-savoie\/#primaryimage","url":"https:\/\/www.camping-eden-savoie.com\/wp-content\/uploads\/2020\/08\/vacances-en-couple-savoie.jpg","contentUrl":"https:\/\/www.camping-eden-savoie.com\/wp-content\/uploads\/2020\/08\/vacances-en-couple-savoie.jpg","width":1903,"height":550,"caption":"vacances en couple savoie"},{"@type":"BreadcrumbList","@id":"https:\/\/www.camping-eden-savoie.com\/de\/camping-parchen-savoie\/#breadcrumb","itemListElement":[{"@type":"ListItem","position":1,"name":"Camping Alpen, in Savoyen","item":"https:\/\/www.camping-eden-savoie.com\/de\/"},{"@type":"ListItem","position":2,"name":"Camping f\u00fcr Paare in Savoyen"}]},{"@type":"WebSite","@id":"https:\/\/www.camping-eden-savoie.com\/de\/#website","url":"https:\/\/www.camping-eden-savoie.com\/de\/","name":"Camping l&#039;Eden de la Vanoise","description":"","potentialAction":[{"@type":"SearchAction","target":{"@type":"EntryPoint","urlTemplate":"https:\/\/www.camping-eden-savoie.com\/de\/?s={search_term_string}"},"query-input":{"@type":"PropertyValueSpecification","valueRequired":true,"valueName":"search_term_string"}}],"inLanguage":"de"}]}},"_links":{"self":[{"href":"https:\/\/www.camping-eden-savoie.com\/de\/wp-json\/wp\/v2\/pages\/992"}],"collection":[{"href":"https:\/\/www.camping-eden-savoie.com\/de\/wp-json\/wp\/v2\/pages"}],"about":[{"href":"https:\/\/www.camping-eden-savoie.com\/de\/wp-json\/wp\/v2\/types\/page"}],"author":[{"embeddable":true,"href":"https:\/\/www.camping-eden-savoie.com\/de\/wp-json\/wp\/v2\/users\/1"}],"replies":[{"embeddable":true,"href":"https:\/\/www.camping-eden-savoie.com\/de\/wp-json\/wp\/v2\/comments?post=992"}],"version-history":[{"count":9,"href":"https:\/\/www.camping-eden-savoie.com\/de\/wp-json\/wp\/v2\/pages\/992\/revisions"}],"predecessor-version":[{"id":7423,"href":"https:\/\/www.camping-eden-savoie.com\/de\/wp-json\/wp\/v2\/pages\/992\/revisions\/7423"}],"wp:featuredmedia":[{"embeddable":true,"href":"https:\/\/www.camping-eden-savoie.com\/de\/wp-json\/wp\/v2\/media\/4531"}],"wp:attachment":[{"href":"https:\/\/www.camping-eden-savoie.com\/de\/wp-json\/wp\/v2\/media?parent=992"}],"curies":[{"name":"wp","href":"https:\/\/api.w.org\/{rel}","templated":true}]}}