{"id":988,"date":"2016-02-15T09:30:22","date_gmt":"2016-02-15T08:30:22","guid":{"rendered":"https:\/\/www.camping-eden-savoie.com\/de\/camping-familial-haute-savoie\/"},"modified":"2020-09-23T18:26:55","modified_gmt":"2020-09-23T16:26:55","slug":"familien-camping-savoie","status":"publish","type":"page","link":"https:\/\/www.camping-eden-savoie.com\/de\/familien-camping-savoie\/","title":{"rendered":"Familien"},"content":{"rendered":"<section id=\"section-5f2ab25841fbb\"\" class=\"section bg-color1\" \/><div class=\"container extralarge\"><h1 class=\"element section-title center m-b-4\">Aufenthalt bei Ihrer Familie in Savoyen<\/h1><\/div><\/section>\n\n<section id=\"section-5f2ab25842436\"\" class=\"section bg-color5 p-t-0 p-b-0\" \/><div class=\"container full\"><div class=\"colonnes-wrap valign-middle \"><div class=\"element colonne p-0\"><div class=\"element images scroll-x-mobile\"><div class=\"image\"><img decoding=\"async\" src=\"\" data-src=\"https:\/\/www.camping-eden-savoie.com\/wp-content\/uploads\/2020\/08\/activite-famille-savoie.jpg\" alt=\"activit\u00e9 famille savoie\" class=\"images_image anime-zoom\" \/><\/div><\/div><\/div><div class=\"element colonne p-x-10 p-y-10\"><h2 class=\"element section-title justify\">Idealer Campingplatz f\u00fcr Familien im Urlaub<\/h2><div class=\"element bloc-text justify \">\n\t<p>Sie sind eine Familie und m\u00f6chten einen angenehmen Aufenthalt verbringen? Etwas Besseres werden Sie nicht finden\u2026<\/p>\n<p>In der Tat werden Sie in unserem Campingplatz, aber auch Au\u00dferhalb eine Vielzahl an Dienstleistungen und Aktivit\u00e4ten finden, welche Erwachsene und Kinder gl\u00fccklich machen werden.<\/p>\n<p>Um den Besten Urlaub mit Ihrer Familie zu verbdingen, bieten Sie Ihren Kindern und Jugendlichen \u00dcberraschungen welche ihrer Neugierde entsprechen. Tats\u00e4chlich, haben Sie in der Region die Wahl f\u00fcr eine Vielzahl von Aktivit\u00e4ten, was Ihnen erm\u00f6glicht Ihren Kindern einen verschiedenen Urlaub in wundervollen Berglandschaften zu bieten.<\/p>\n<p>Au\u00dferdem bieten wir Ihnen verschiedenen Bereiche (Pool, Spielraum, Au\u00dfenspielplatz) sowie Ma\u00dfgeschneiderte Aktivit\u00e4ten (Kinderbetreuung, Familienessen) sowie eine adaptierte Betreuung in Bezug auf das Alter und die Pers\u00f6nlichkeit Ihrer Kinder.<\/p>\n<p>Kommen Sie und entspannen Sie sich in den Bergen und nutzen Sie Ihren Urlaub in unserem famili\u00e4ren Campingplatz.<\/p>\n<\/div><\/div><\/div><\/div><\/section>\n\n<section id=\"section-5f2aae2ae11ca\"\" class=\"section bg-color5 p-t-0 p-b-0\" \/><div class=\"container full\"><div class=\"colonnes-wrap valign-middle \"><div class=\"element colonne p-x-10 p-y-10\"><h2 class=\"element section-title justify\">Entscheiden Sie sich f\u00fcr einen Familienurlaub in Savoyen<\/h2><div class=\"element bloc-text justify \">\n\t<p>Entdecken Sie die Magie der Natur mit Ihrer Familie, indem Sie einen Aufenthalt in Savoie buchen! <\/p>\n<p>Im Sommer und Winter, von den \u00fcberf\u00fcllten Skigebieten und Str\u00e4nden unpassierbar zu \u00e4ndern, begr\u00fc\u00dft die Vanoise Eden Sie in einer einzigartigen gesch\u00fctzten Umgebung in der Haute Tarentaise. <\/p>\n<p>Ideal f\u00fcr einen Familienurlaub zu kombinieren und sich verj\u00fcngende Klammer, Unterhaltung und Natur, unser Park von herrlichen Landschaften umgeben hat auch alle Freizeiteinrichtungen bei Kindern beliebt: Wasserbereich f\u00fcr das ganze Jahr ge\u00f6ffnet, Spielpl\u00e4tze im Freien abgedeckt Sommer, Kinderclub zweimal pro Woche, damit Sie zum Beispiel die \u00e4sthetischen und Wellness-Behandlungen auf der Website genie\u00dfen k\u00f6nnen. <\/p>\n<p>Im Sommer Fahrten zu teilen die sch\u00f6nsten alpinen Resorts oder im Herzen des Winters treffen die Pisten mit der Familie oder verbringen Weihnachten im Schnee zu schlagen, das Eden der Vanoise in der Savoie ein beliebtes Ziel ist, auf einmal entspannend und Familie.<\/p>\n<\/div><\/div><div class=\"element colonne p-0\"><div class=\"element images scroll-x-mobile\"><div class=\"image\"><img decoding=\"async\" src=\"\" data-src=\"https:\/\/www.camping-eden-savoie.com\/wp-content\/uploads\/2020\/08\/randonnee-famille-savoie.jpg\" alt=\"randonn\u00e9e famille savoie\" class=\"images_image anime-zoom\" \/><\/div><\/div><\/div><\/div><\/div><\/section>\n\n<section id=\"section-5f31481b6bab2\"\" class=\"section bg-white p-t-0 p-b-0\" \/><div class=\"container full\"><div class=\"element images scroll-x-mobile\"><div class=\"image\"><img decoding=\"async\" src=\"\" data-src=\"https:\/\/www.camping-eden-savoie.com\/wp-content\/uploads\/2020\/08\/activite-enfant-savoie.jpg\" alt=\"activite enfant savoie\" class=\"images_image\" \/><\/div><div class=\"image\"><img decoding=\"async\" src=\"\" data-src=\"https:\/\/www.camping-eden-savoie.com\/wp-content\/uploads\/2020\/08\/balade-en-famille-savoie.jpg\" alt=\"balade en famille savoie\" class=\"images_image\" \/><\/div><div class=\"image\"><img decoding=\"async\" src=\"\" data-src=\"https:\/\/www.camping-eden-savoie.com\/wp-content\/uploads\/2020\/08\/balade-famille-savoie.jpg\" alt=\"balade famille savoie\" class=\"images_image\" \/><\/div><div class=\"image\"><img decoding=\"async\" src=\"\" data-src=\"https:\/\/www.camping-eden-savoie.com\/wp-content\/uploads\/2020\/08\/rafting-en-famille-savoie.jpg\" alt=\"rafting en famille savoie\" class=\"images_image\" \/><\/div><\/div><div class=\"element images scroll-x-mobile\"><div class=\"image\"><img decoding=\"async\" src=\"\" data-src=\"https:\/\/www.camping-eden-savoie.com\/wp-content\/uploads\/2020\/08\/activite-rafting-famille-savoie.jpg\" alt=\"activite rafting famille savoie\" class=\"images_image\" \/><\/div><div class=\"image\"><img decoding=\"async\" src=\"\" data-src=\"https:\/\/www.camping-eden-savoie.com\/wp-content\/uploads\/2020\/08\/vacances-en-famille-savoie.jpg\" alt=\"vacances en famille savoie\" class=\"images_image\" \/><\/div><div class=\"image\"><img decoding=\"async\" src=\"\" data-src=\"https:\/\/www.camping-eden-savoie.com\/wp-content\/uploads\/2020\/08\/peche-ete-savoie.jpg\" alt=\"peche ete savoie\" class=\"images_image\" \/><\/div><div class=\"image\"><img decoding=\"async\" src=\"\" data-src=\"https:\/\/www.camping-eden-savoie.com\/wp-content\/uploads\/2020\/08\/vacances-ski-savoie.jpg\" alt=\"tourisme mont blanc\" class=\"images_image\" \/><\/div><\/div><\/div><\/section>\n\n<section id=\"section-last\"\" class=\"section bg-color5 p-t-0 p-b-0\" \/><div class=\"container full\"><div class=\"colonnes-wrap valign-middle \"><div class=\"element colonne p-0\"><div class=\"element images scroll-x-mobile\"><div class=\"image\"><img decoding=\"async\" src=\"\" data-src=\"https:\/\/www.camping-eden-savoie.com\/wp-content\/uploads\/2020\/08\/garderie-enfant-savoie.jpg\" alt=\"garderie enfant savoie\" class=\"images_image anime-zoom\" \/><\/div><\/div><\/div><div class=\"element colonne p-x-10 p-y-10\"><h2 class=\"element section-title justify\">Kinderbetreuung<\/h2><div class=\"element bloc-text justify \">\n\t<p>Die <strong class=\"bold color1\">Garderie Tom Pouce<\/strong> (Freizeitzentrum in Vallandry) empf\u00e4ngt Ihre kleinen W\u00f6lfe von 9.00 bis 17.00 Uhr von Montag bis Freitag, ein Team von Fachleuten wird Ihre Kinder begleiten.<\/p>\n<p> Vielf\u00e4ltige, spielerische, sportliche oder k\u00fcnstlerische Aktivit\u00e4ten werden den Aufenthalt Ihres Kindes durch <strong class=\"bold color1\">dynamische Aktivit\u00e4ten<\/strong> in Verbindung mit der Mitte des Berges unterstreichen. Nehmen Sie an Zirkus-Workshops teil, bauen Sie ein Zirkuszelt und erleben Sie Momente des Austauschs und des Spa\u00dfes.<\/p>\n<p>Kommen Sie und zeigen Sie Ihre <strong class=\"bold color1\">Abenteuerseite mit Ponyreiten<\/strong>, Gartenarbeit, Wasserspielen, einem Besuch auf dem Bauernhof, der Olympiade und famili\u00e4ren Herausforderungen!<\/p>\n<p><strong class=\"bold color1\">Voranmeldung ist erforderlich!<\/strong> <\/p>\n<\/div><\/div><\/div><\/div><\/section>\n\n<section id=\"section-5f2ab2584333c\"\" class=\"section bg-color1\" \/><div class=\"container extralarge\"><div class=\"element section-title center cta-title\">Ein Feiertag f\u00fcr alle!<\/div><ul class=\"liste-de-page\"><li class=\"element call-to-action center cta-title call-to-action--style-1 call-to-action--normal\"><a href=\"https:\/\/www.camping-eden-savoie.com\/de\/camping-parchen-savoie\/\"  class=\"call-to-action_link\" title=\"Erfahren Sie mehr \u00fcber feiertage f\u00fcr paare\"><div class=\"call-to-action_image\"><img decoding=\"async\" src=\"https:\/\/www.camping-eden-savoie.com\/wp-content\/uploads\/2020\/08\/camping-couple-savoie-100x88.jpg\" data-src=\"https:\/\/www.camping-eden-savoie.com\/wp-content\/uploads\/2020\/08\/camping-couple-savoie.jpg\" alt=\"camping couple savoie\" class=\"normal\" \/><\/div><div class=\"call-to-action_contenu\"><div class=\"call-to-action_titre\">Feiertage f\u00fcr Paare<\/div><\/div><\/a><\/li><li class=\"element call-to-action center cta-title call-to-action--style-1 call-to-action--normal call-to-action--style-1 call-to-action--normal\"><a href=\"https:\/\/www.camping-eden-savoie.com\/de\/camping-savoie-motorrad-fahrradfahrer\/\"  class=\"call-to-action_link\" title=\"Erfahren Sie mehr \u00fcber fahrrad\/motorrad\"><div class=\"call-to-action_image\"><img decoding=\"async\" src=\"https:\/\/www.camping-eden-savoie.com\/wp-content\/uploads\/2020\/08\/camping-velo-moto-savoie-100x88.jpg\" data-src=\"https:\/\/www.camping-eden-savoie.com\/wp-content\/uploads\/2020\/08\/camping-velo-moto-savoie.jpg\" alt=\"\" class=\"normal\" \/><\/div><div class=\"call-to-action_contenu\"><div class=\"call-to-action_titre\">Fahrrad\/Motorrad<\/div><\/div><\/a><\/li><li class=\"element call-to-action center cta-title call-to-action--style-1 call-to-action--normal call-to-action--style-1 call-to-action--normal call-to-action--style-1 call-to-action--normal\"><a href=\"https:\/\/www.camping-eden-savoie.com\/de\/camping-bergwandern\/\"  class=\"call-to-action_link\" title=\"Erfahren Sie mehr \u00fcber wandern\"><div class=\"call-to-action_image\"><img decoding=\"async\" src=\"https:\/\/www.camping-eden-savoie.com\/wp-content\/uploads\/2020\/08\/randonnees-savoie-100x88.jpg\" data-src=\"https:\/\/www.camping-eden-savoie.com\/wp-content\/uploads\/2020\/08\/randonnees-savoie.jpg\" alt=\"randonn\u00e9es savoie\" class=\"normal\" \/><\/div><div class=\"call-to-action_contenu\"><div class=\"call-to-action_titre\">Wandern<\/div><\/div><\/a><\/li><\/ul><\/div><\/section>","protected":false},"excerpt":{"rendered":"","protected":false},"author":1,"featured_media":4362,"parent":0,"menu_order":0,"comment_status":"closed","ping_status":"closed","template":"","meta":{"_acf_changed":false,"footnotes":""},"class_list":["post-988","page","type-page","status-publish","has-post-thumbnail","hentry"],"acf":[],"yoast_head":"<!-- This site is optimized with the Yoast SEO plugin v25.3 - https:\/\/yoast.com\/wordpress\/plugins\/seo\/ -->\n<title>Camping Savoie f\u00fcr Familien - Familien-Camping Alpen, See von Annecy<\/title>\n<meta name=\"description\" content=\"Camping Eden Savoie ideal f\u00fcr Familien im Urlaub in den Alpen: alles hier wissen\" \/>\n<meta name=\"robots\" content=\"index, follow, max-snippet:-1, max-image-preview:large, max-video-preview:-1\" \/>\n<link rel=\"canonical\" href=\"https:\/\/www.camping-eden-savoie.com\/de\/familien-camping-savoie\/\" \/>\n<meta property=\"og:locale\" content=\"de_DE\" \/>\n<meta property=\"og:type\" content=\"article\" \/>\n<meta property=\"og:title\" content=\"Camping Savoie f\u00fcr Familien - Familien-Camping Alpen, See von Annecy\" \/>\n<meta property=\"og:description\" content=\"Camping Eden Savoie ideal f\u00fcr Familien im Urlaub in den Alpen: alles hier wissen\" \/>\n<meta property=\"og:url\" content=\"https:\/\/www.camping-eden-savoie.com\/de\/familien-camping-savoie\/\" \/>\n<meta property=\"og:site_name\" content=\"Camping l&#039;Eden de la Vanoise\" \/>\n<meta property=\"article:modified_time\" content=\"2020-09-23T16:26:55+00:00\" \/>\n<meta property=\"og:image\" content=\"https:\/\/www.camping-eden-savoie.com\/wp-content\/uploads\/2020\/08\/vacances-famille-savoie.jpg\" \/>\n\t<meta property=\"og:image:width\" content=\"1903\" \/>\n\t<meta property=\"og:image:height\" content=\"550\" \/>\n\t<meta property=\"og:image:type\" content=\"image\/jpeg\" \/>\n<meta name=\"twitter:card\" content=\"summary_large_image\" \/>\n<script type=\"application\/ld+json\" class=\"yoast-schema-graph\">{\"@context\":\"https:\/\/schema.org\",\"@graph\":[{\"@type\":\"WebPage\",\"@id\":\"https:\/\/www.camping-eden-savoie.com\/de\/familien-camping-savoie\/\",\"url\":\"https:\/\/www.camping-eden-savoie.com\/de\/familien-camping-savoie\/\",\"name\":\"Camping Savoie f\u00fcr Familien - Familien-Camping Alpen, See von Annecy\",\"isPartOf\":{\"@id\":\"https:\/\/www.camping-eden-savoie.com\/de\/#website\"},\"primaryImageOfPage\":{\"@id\":\"https:\/\/www.camping-eden-savoie.com\/de\/familien-camping-savoie\/#primaryimage\"},\"image\":{\"@id\":\"https:\/\/www.camping-eden-savoie.com\/de\/familien-camping-savoie\/#primaryimage\"},\"thumbnailUrl\":\"https:\/\/www.camping-eden-savoie.com\/wp-content\/uploads\/2020\/08\/vacances-famille-savoie.jpg\",\"datePublished\":\"2016-02-15T08:30:22+00:00\",\"dateModified\":\"2020-09-23T16:26:55+00:00\",\"description\":\"Camping Eden Savoie ideal f\u00fcr Familien im Urlaub in den Alpen: alles hier wissen\",\"breadcrumb\":{\"@id\":\"https:\/\/www.camping-eden-savoie.com\/de\/familien-camping-savoie\/#breadcrumb\"},\"inLanguage\":\"de\",\"potentialAction\":[{\"@type\":\"ReadAction\",\"target\":[\"https:\/\/www.camping-eden-savoie.com\/de\/familien-camping-savoie\/\"]}]},{\"@type\":\"ImageObject\",\"inLanguage\":\"de\",\"@id\":\"https:\/\/www.camping-eden-savoie.com\/de\/familien-camping-savoie\/#primaryimage\",\"url\":\"https:\/\/www.camping-eden-savoie.com\/wp-content\/uploads\/2020\/08\/vacances-famille-savoie.jpg\",\"contentUrl\":\"https:\/\/www.camping-eden-savoie.com\/wp-content\/uploads\/2020\/08\/vacances-famille-savoie.jpg\",\"width\":1903,\"height\":550,\"caption\":\"vacances famille savoie\"},{\"@type\":\"BreadcrumbList\",\"@id\":\"https:\/\/www.camping-eden-savoie.com\/de\/familien-camping-savoie\/#breadcrumb\",\"itemListElement\":[{\"@type\":\"ListItem\",\"position\":1,\"name\":\"Camping Alpen, in Savoyen\",\"item\":\"https:\/\/www.camping-eden-savoie.com\/de\/\"},{\"@type\":\"ListItem\",\"position\":2,\"name\":\"Familiencamping in Savoie\"}]},{\"@type\":\"WebSite\",\"@id\":\"https:\/\/www.camping-eden-savoie.com\/de\/#website\",\"url\":\"https:\/\/www.camping-eden-savoie.com\/de\/\",\"name\":\"Camping l&#039;Eden de la Vanoise\",\"description\":\"\",\"potentialAction\":[{\"@type\":\"SearchAction\",\"target\":{\"@type\":\"EntryPoint\",\"urlTemplate\":\"https:\/\/www.camping-eden-savoie.com\/de\/?s={search_term_string}\"},\"query-input\":{\"@type\":\"PropertyValueSpecification\",\"valueRequired\":true,\"valueName\":\"search_term_string\"}}],\"inLanguage\":\"de\"}]}<\/script>\n<!-- \/ Yoast SEO plugin. -->","yoast_head_json":{"title":"Camping Savoie f\u00fcr Familien - Familien-Camping Alpen, See von Annecy","description":"Camping Eden Savoie ideal f\u00fcr Familien im Urlaub in den Alpen: alles hier wissen","robots":{"index":"index","follow":"follow","max-snippet":"max-snippet:-1","max-image-preview":"max-image-preview:large","max-video-preview":"max-video-preview:-1"},"canonical":"https:\/\/www.camping-eden-savoie.com\/de\/familien-camping-savoie\/","og_locale":"de_DE","og_type":"article","og_title":"Camping Savoie f\u00fcr Familien - Familien-Camping Alpen, See von Annecy","og_description":"Camping Eden Savoie ideal f\u00fcr Familien im Urlaub in den Alpen: alles hier wissen","og_url":"https:\/\/www.camping-eden-savoie.com\/de\/familien-camping-savoie\/","og_site_name":"Camping l&#039;Eden de la Vanoise","article_modified_time":"2020-09-23T16:26:55+00:00","og_image":[{"width":1903,"height":550,"url":"https:\/\/www.camping-eden-savoie.com\/wp-content\/uploads\/2020\/08\/vacances-famille-savoie.jpg","type":"image\/jpeg"}],"twitter_card":"summary_large_image","schema":{"@context":"https:\/\/schema.org","@graph":[{"@type":"WebPage","@id":"https:\/\/www.camping-eden-savoie.com\/de\/familien-camping-savoie\/","url":"https:\/\/www.camping-eden-savoie.com\/de\/familien-camping-savoie\/","name":"Camping Savoie f\u00fcr Familien - Familien-Camping Alpen, See von Annecy","isPartOf":{"@id":"https:\/\/www.camping-eden-savoie.com\/de\/#website"},"primaryImageOfPage":{"@id":"https:\/\/www.camping-eden-savoie.com\/de\/familien-camping-savoie\/#primaryimage"},"image":{"@id":"https:\/\/www.camping-eden-savoie.com\/de\/familien-camping-savoie\/#primaryimage"},"thumbnailUrl":"https:\/\/www.camping-eden-savoie.com\/wp-content\/uploads\/2020\/08\/vacances-famille-savoie.jpg","datePublished":"2016-02-15T08:30:22+00:00","dateModified":"2020-09-23T16:26:55+00:00","description":"Camping Eden Savoie ideal f\u00fcr Familien im Urlaub in den Alpen: alles hier wissen","breadcrumb":{"@id":"https:\/\/www.camping-eden-savoie.com\/de\/familien-camping-savoie\/#breadcrumb"},"inLanguage":"de","potentialAction":[{"@type":"ReadAction","target":["https:\/\/www.camping-eden-savoie.com\/de\/familien-camping-savoie\/"]}]},{"@type":"ImageObject","inLanguage":"de","@id":"https:\/\/www.camping-eden-savoie.com\/de\/familien-camping-savoie\/#primaryimage","url":"https:\/\/www.camping-eden-savoie.com\/wp-content\/uploads\/2020\/08\/vacances-famille-savoie.jpg","contentUrl":"https:\/\/www.camping-eden-savoie.com\/wp-content\/uploads\/2020\/08\/vacances-famille-savoie.jpg","width":1903,"height":550,"caption":"vacances famille savoie"},{"@type":"BreadcrumbList","@id":"https:\/\/www.camping-eden-savoie.com\/de\/familien-camping-savoie\/#breadcrumb","itemListElement":[{"@type":"ListItem","position":1,"name":"Camping Alpen, in Savoyen","item":"https:\/\/www.camping-eden-savoie.com\/de\/"},{"@type":"ListItem","position":2,"name":"Familiencamping in Savoie"}]},{"@type":"WebSite","@id":"https:\/\/www.camping-eden-savoie.com\/de\/#website","url":"https:\/\/www.camping-eden-savoie.com\/de\/","name":"Camping l&#039;Eden de la Vanoise","description":"","potentialAction":[{"@type":"SearchAction","target":{"@type":"EntryPoint","urlTemplate":"https:\/\/www.camping-eden-savoie.com\/de\/?s={search_term_string}"},"query-input":{"@type":"PropertyValueSpecification","valueRequired":true,"valueName":"search_term_string"}}],"inLanguage":"de"}]}},"_links":{"self":[{"href":"https:\/\/www.camping-eden-savoie.com\/de\/wp-json\/wp\/v2\/pages\/988"}],"collection":[{"href":"https:\/\/www.camping-eden-savoie.com\/de\/wp-json\/wp\/v2\/pages"}],"about":[{"href":"https:\/\/www.camping-eden-savoie.com\/de\/wp-json\/wp\/v2\/types\/page"}],"author":[{"embeddable":true,"href":"https:\/\/www.camping-eden-savoie.com\/de\/wp-json\/wp\/v2\/users\/1"}],"replies":[{"embeddable":true,"href":"https:\/\/www.camping-eden-savoie.com\/de\/wp-json\/wp\/v2\/comments?post=988"}],"version-history":[{"count":10,"href":"https:\/\/www.camping-eden-savoie.com\/de\/wp-json\/wp\/v2\/pages\/988\/revisions"}],"predecessor-version":[{"id":7440,"href":"https:\/\/www.camping-eden-savoie.com\/de\/wp-json\/wp\/v2\/pages\/988\/revisions\/7440"}],"wp:featuredmedia":[{"embeddable":true,"href":"https:\/\/www.camping-eden-savoie.com\/de\/wp-json\/wp\/v2\/media\/4362"}],"wp:attachment":[{"href":"https:\/\/www.camping-eden-savoie.com\/de\/wp-json\/wp\/v2\/media?parent=988"}],"curies":[{"name":"wp","href":"https:\/\/api.w.org\/{rel}","templated":true}]}}