{"id":984,"date":"2016-02-15T08:49:37","date_gmt":"2016-02-15T07:49:37","guid":{"rendered":"https:\/\/www.camping-eden-savoie.com\/de\/camping-montagne-ete\/"},"modified":"2020-09-24T16:37:35","modified_gmt":"2020-09-24T14:37:35","slug":"camping-sommerberg","status":"publish","type":"page","link":"https:\/\/www.camping-eden-savoie.com\/de\/camping-sommerberg\/","title":{"rendered":"Sehenswertes \/ Zu erlebende Aktivit\u00e4ten im Sommer"},"content":{"rendered":"<section id=\"section-5f2ab25841fbb\"\" class=\"section bg-color1\" \/><div class=\"container extralarge\"><h1 class=\"element section-title center m-b-4\">Ihre Sommerferien in Savoyen<\/h1><\/div><\/section>\n\n<section id=\"section-5f2ab25842436\"\" class=\"section bg-color5 p-t-0 p-b-0\" \/><div class=\"container full\"><div class=\"colonnes-wrap valign-middle \"><div class=\"element colonne p-0\"><div class=\"element images scroll-x-mobile\"><div class=\"image\"><img decoding=\"async\" src=\"\" data-src=\"https:\/\/www.camping-eden-savoie.com\/wp-content\/uploads\/2020\/08\/camping-barrage-roselend.jpg\" alt=\"camping barrage roselend\" class=\"images_image anime-zoom\" \/><\/div><\/div><\/div><div class=\"element colonne p-x-10 p-y-10\"><h2 class=\"element section-title justify\">Was kann man im Sommer in Savoyen unternehmen?<\/h2><div class=\"element bloc-text justify \">\n\t<ul>\n<li><strong class=\"bold color1\">Stausee \u201eBarrage du Roselend\u201c<\/strong> : Dieser Stausee befindet sich im Gebiet der Kommune von Beaufort-sur-Doron, im Beaufortain, in der Savoie, zwischen dem Pass \u201eCol du Pr\u00e9\u201c un dem \u201eCormet du Roselend\u201c. Dieser wunderbare See ist von Bergen umgeben und bietet Ihnen eine atemberaubende Aussicht. Dieser See ist mit dem Auto zug\u00e4nglich, Sie haben dort die M\u00f6glichkeit zahlreiche Spazierg\u00e4nge durchzuf\u00fchren und dies f\u00fcr alle Niveaus.<\/li>\n<li><strong class=\"bold color1\">Tignes + Val d\u2019Is\u00e8re<\/strong> : Die Staumauer \u201eBarre du Chevril\u201c welche auch \u201eBarrage de Tignes\u201c genannt wird, ist eine franz\u00f6sische Hydroelektronische Einrichtung, welche sich im oberen Tal der Is\u00e8re auch Tal der Tarentaise genannt, in der Region Savoie, befindet. Der wunderbare Stausee ist von Bergen umgeben. Die Staumauer ist auf dem Lauf des Flusses Is\u00e8re gebaut, talseitig der Wintersportstation von Tignes, f\u00fcr welche die Staumauer die einzige Zugangsstra\u00dfe ist. Val d\u00b4Is\u00e8re ist ein kleines Hochgebirgsdorf des Massivs der Vanoise en Haute-Tarentaise, welches vor Allem w\u00e4hrend der Schneeperiode fr\u00fcher isoliert war. Das Dorf wird ab den 1930er Jahren, dank der Entwicklung des Skis, eine Wintersportstation welche dank seiner Ber\u00fchmtheit, zu den Welthauptst\u00e4dten des Skis geh\u00f6rt.<\/li>\n<li><strong class=\"bold color1\">Arcs 1950<\/strong> : Untypisch mit magischen Akzenten, bietet Ihnen das Dorf Arcs 1950 eine atemberaubende Aussicht gegen\u00fcber des Mont-Blanc. Es ist ein einzigartiges Erlebnis welches man mit der Familie oder mit Freunden teilen kann.<\/li>\n<li><strong class=\"bold color1\">Der See von Aiguebelette<\/strong> : es ist ein nat\u00fcrlicher See welcher sich im Departement der Savoie in der Region Rhones-Alpes befindet. Es ist der haupts\u00e4chliche See Im S\u00fcden des Juramassivs und er befindet sich ca. 10 Km von Chamb\u00e9ry und ca. 100 Km von Lyon entfernt. Er hat eine Fl\u00e4che von 545 Hektar und ist so der 7-gr\u00f6\u00dfte nat\u00fcrliche See Frankreichs. Er ist im Osten durch die \u201echaine de l\u00b4\u00c9pine\u201c- welche seinen h\u00f6chsten Punkt mit 1425 Metern auf dem \u201eMont Gr\u00eale\u201c hat- und im Westen durch den \u201eMont Tournier\u201c umrandet. Seine Maximale Tiefe betr\u00e4gt 71 Meter. Auf den ersten Blick, charakterisiert er sich durch seine Farbe, da er oft gr\u00fcn ist, w\u00e4hrend der See von Annecy blau und der See des Bourget eher grau ist.<\/li>\n<\/ul>\n<\/div><\/div><\/div><\/div><\/section>\n\n<section id=\"section-5f2aae2ae11ca\"\" class=\"section bg-color5 p-t-0 p-b-0\" \/><div class=\"container full\"><div class=\"colonnes-wrap valign-middle \"><div class=\"element colonne p-x-10 p-y-10\"><div class=\"element bloc-text justify \">\n\t<ul>\n<li><strong class=\"bold color1\">Der See von Annecy<\/strong> : Dieser ist auch manchmal der \u201eblaue See2 genannt und befindet sich in der \u201eHaute-Savoie\u201c. Durch seine Gr\u00f6\u00dfe, ist es der zweitgr\u00f6\u00dfte Gletschersee Frankreichs nach dem See des \u201eBourget\u201c, mit Ausnahme nat\u00fcrlich des franz\u00f6sischen Teils des Genfer Sees.<br \/>\nDer See von Annecy ist im Osten durch das Massiv \u201edes Bornes\u201c, im Westen durch das Massiv \u201edes Bauges\u201c, im Norden durch den Gro\u00dfraum Annecy und im S\u00fcden durch das Tal Richtung Gaverges, umrandet.<br \/>\nDer See hat ein Umland welches zu Fu\u00df oder mit dem Fahrrad auf 40 Kilometern begeh- und befahrbar ist.<br \/>\nDies ist ein sehr attraktives Touristengebiet, welches f\u00fcr seine diversen Wasseraktivit\u00e4ten, das Paragliding, und zuletzt seine Umwelteigenschaften bekannt ist was erm\u00f6glicht dort eine gesch\u00fctzte Natur zu beobachten.<\/li>\n<li><strong class=\"bold color1\">Mittelalterliche Stadt von Conflans<\/strong> : Ehemalige Festungsstadt, befestigte Stadt welche den Eingang der \u201eTarentaise\u201c besch\u00fctzt, Hauptstadt der ehemaligen Provinz der \u201eHaute-Savoie\u201c welche sich in der Kommune von Albertville, von welcher Conflans ein Stadtviertel ist. Sie finden dort einen wundervollen Ausblick auf Albertville.<\/li>\n<li><strong class=\"bold color1\">Der See des Bourget<\/strong> : Er ist \u00f6rtlich manchmal auch \u201eLac d\u00b4Aix\u201c genannt oder seltener \u201eLac Gris\u201c. Es ist ein See welcher sich westlich des Departement Savoie in der Region Rhones-Alpes befindet. Er hat eine Fl\u00e4che von 4450 Hektar und zieht sich in der L\u00e4nge, in einer Nord-S\u00fcd-Achse auf 18 Kilometer. Der See hat eine Breite zwischen 1,6 und 3,5 Kilometern. Der See des Bourget gilt als der gr\u00f6\u00dfte nat\u00fcrliche Gletschersee Frankreichs. Er hat eine durchschnittliche H\u00f6he von 240 Metern und ist im Westen von den letzten Ausl\u00e4ufern des meridionalen Juragebirges, mit der \u201eChaine de l\u00b4\u00c9pine\u201c 1482 Metern und des \u201eDent du Chat\u201c in H\u00f6he von 1390 Metern umrandet. Im Westen ist der See durch das \u201eMassif des Bauges\u201c, mit dem \u201eMont Revard\u201c (1538 Meter), sowie durch die Berge von Cessens, der Chambotte, von Corsuet und den H\u00fcgel von \u201eTresserve\u201c umrandet.<\/li>\n<\/ul>\n<\/div><\/div><div class=\"element colonne p-0\"><div class=\"element images scroll-x-mobile\"><div class=\"image\"><img decoding=\"async\" src=\"\" data-src=\"https:\/\/www.camping-eden-savoie.com\/wp-content\/uploads\/2020\/08\/camping-lac-annecy-savoie.jpg\" alt=\"camping lac annecy savoie\" class=\"images_image anime-zoom\" \/><\/div><\/div><\/div><\/div><\/div><\/section>\n\n<section id=\"section-5f3147c930533\"\" class=\"section bg-white p-t-0 p-b-0\" \/><div class=\"container full\"><div class=\"element images scroll-x-mobile\"><div class=\"image\"><img decoding=\"async\" src=\"\" data-src=\"https:\/\/www.camping-eden-savoie.com\/wp-content\/uploads\/2020\/08\/vacances-savoie-ete.jpg\" alt=\"vacances savoie ete\" class=\"images_image\" \/><\/div><div class=\"image\"><img decoding=\"async\" src=\"\" data-src=\"https:\/\/www.camping-eden-savoie.com\/wp-content\/uploads\/2020\/08\/vacances-peisey-savoie.jpg\" alt=\"vacances peisey savoie\" class=\"images_image\" \/><\/div><div class=\"image\"><img decoding=\"async\" src=\"\" data-src=\"https:\/\/www.camping-eden-savoie.com\/wp-content\/uploads\/2020\/08\/vacances-ete-savoie-1.jpg\" alt=\"vacances ete savoie\" class=\"images_image\" \/><\/div><div class=\"image\"><img decoding=\"async\" src=\"\" data-src=\"https:\/\/www.camping-eden-savoie.com\/wp-content\/uploads\/2020\/08\/peche-ete-savoie.jpg\" alt=\"peche ete savoie\" class=\"images_image\" \/><\/div><\/div><div class=\"element images scroll-x-mobile\"><div class=\"image\"><img decoding=\"async\" src=\"\" data-src=\"https:\/\/www.camping-eden-savoie.com\/wp-content\/uploads\/2020\/08\/parc-vanoise-ete-savoie.jpg\" alt=\"parc vanoise ete savoie\" class=\"images_image\" \/><\/div><div class=\"image\"><img decoding=\"async\" src=\"\" data-src=\"https:\/\/www.camping-eden-savoie.com\/wp-content\/uploads\/2020\/08\/parapente-ete-savoie.jpg\" alt=\"parapente ete savoie\" class=\"images_image\" \/><\/div><div class=\"image\"><img decoding=\"async\" src=\"\" data-src=\"https:\/\/www.camping-eden-savoie.com\/wp-content\/uploads\/2020\/08\/decouvrez-la-savoie.jpg\" alt=\"decouvrez la savoie\" class=\"images_image\" \/><\/div><div class=\"image\"><img decoding=\"async\" src=\"\" data-src=\"https:\/\/www.camping-eden-savoie.com\/wp-content\/uploads\/2020\/08\/camping-ete-velo-savoie.jpg\" alt=\"camping ete velo savoie\" class=\"images_image\" \/><\/div><\/div><\/div><\/section>\n\n<section id=\"section-last\"\" class=\"section bg-color5 p-t-0 p-b-0\" \/><div class=\"container full\"><div class=\"colonnes-wrap valign-middle \"><div class=\"element colonne p-0\"><div class=\"element images scroll-x-mobile\"><div class=\"image\"><img decoding=\"async\" src=\"\" data-src=\"https:\/\/www.camping-eden-savoie.com\/wp-content\/uploads\/2020\/08\/activite-tyrolienne-savoie.jpg\" alt=\"activite tyrolienne savoie\" class=\"images_image anime-zoom\" \/><\/div><\/div><\/div><div class=\"element colonne p-x-10 p-y-10\"><h2 class=\"element section-title justify\">Ferien Savoyen im Sommer: Aktivit\u00e4ten im Freien<\/h2><div class=\"element bloc-text justify \">\n\t<ul>\n<li><strong class=\"bold color1\">Waldakrobatik-Kurse<\/strong><\/li>\n<li><strong class=\"bold color1\">Reiten<\/strong> : von der Einf\u00fchrung auf Ponys bis zum Reiten und Kutschenfahrten.<\/li>\n<li><strong class=\"bold color1\">Vermietung von Eseln, die die j\u00fcngsten Kinder erfreuen werden<\/strong> ; Sie k\u00f6nnen mit den Kindern zum See von Plagne wandern.<\/li>\n<li><strong class=\"bold color1\">Giant Tyrolean traverse<\/strong> : Dies ist eine Folge von 16 Werkst\u00e4tten im B\u00e4rental, die Belle Plagne mit Plagne Bellec\u00f4te verbinden.  Die 5 gr\u00f6\u00dften Seilbahnlinien befinden sich zwischen 25 und 45 Meter \u00fcber dem Boden, und es gibt 5 davon, die zwischen 110 und 200 Meter lang sind.  Sie werden \u00fcber einen Gebirgsbach wie diesen fliegen.<\/li>\n<li><strong class=\"bold color1\">Farbkugel<\/strong><\/li>\n<li><strong class=\"bold color1\">Gleitschirmfliegen<\/strong><\/li>\n<li><strong class=\"bold color1\">Mountainbike im Skigebiet (Les Arcs &#8211; La Plagne &#8211; Tignes &#8211; Val d&#8217;Is\u00e8re)<\/strong> : die Skilifte sind im Juli-August in Betrieb und erm\u00f6glichen Ihnen zahlreiche Abfahrten und Strecken f\u00fcr jedes Niveau.<\/li>\n<\/ul>\n<\/div><\/div><\/div><\/div><\/section>\n\n<section id=\"section-last-row\"\" class=\"section bg-color5 p-t-0 p-b-0\" \/><div class=\"container full\"><div class=\"colonnes-wrap valign-middle \"><div class=\"element colonne p-x-10 p-y-10\"><div class=\"element bloc-text justify \">\n\t<ul>\n<li><strong class=\"bold color1\">Die Freizeitbasis H2O<\/strong> Leisure Base gegen\u00fcber dem <a href=\"\/de\/\">Campingplatz in den Alpen<\/a> bietet Ihnen alle Freuden des Wildwassersports, begleitet von qualifizierten Ausbildern: Rafting, Hydrospeed, Canyoning.<\/li>\n<li><strong class=\"bold color1\">Der Klettersteig des Gli\u00e8res<\/strong> und viele Klettergebiete in der N\u00e4he werden unsere Kletterfreunde begeistern.<\/li>\n<li><strong class=\"bold color1\">Wandern<\/strong> : rund um den Campingplatz, der an den GR5 grenzt, sind zahlreiche Wanderungen f\u00fcr alle Niveaus m\u00f6glich.  Seen, P\u00e4sse und Gipfel sind mit herrlichem Blick auf den Mont Blanc zug\u00e4nglich!<\/li>\n<li><strong class=\"bold color1\">Quad oder 4\u00d74<\/strong> um herrliche Landschaften zu entdecken<\/li>\n<\/ul>\n<p>Wenn Sie inmitten der Natur in der N\u00e4he des Campingplatzes schwimmen m\u00f6chten, befindet sich das <strong class=\"bold color1\">Freizeitzentrum Gothard<\/strong> 4 km vom Campingplatz entfernt: erreichbar entweder mit dem Auto oder \u00fcber den Fahrradweg.  Sie werden auch die M\u00f6glichkeit haben, sich an Ort und Stelle zu erfrischen und zu essen. Eine <strong class=\"bold color1\">Mehrzahl von Aktivit\u00e4ten<\/strong> werden dort auch organisiert: Sportpl\u00e4tze, Blasen auf dem Wasser, usw. <\/p>\n<\/div><\/div><div class=\"element colonne p-0\"><div class=\"element images scroll-x-mobile\"><div class=\"image\"><img decoding=\"async\" src=\"\" data-src=\"https:\/\/www.camping-eden-savoie.com\/wp-content\/uploads\/2020\/08\/randonnee-ete-savoie-1.jpg\" alt=\"randonnee ete savoie\" class=\"images_image anime-zoom\" \/><\/div><\/div><\/div><\/div><\/div><\/section>\n\n<section id=\"section-5f2ab2584333c\"\" class=\"section bg-color1\" \/><div class=\"container extralarge\"><div class=\"element section-title center cta-title\">Ihr Winterurlaub in Savoyen<\/div><ul class=\"liste-de-page\"><li class=\"element call-to-action center cta-title call-to-action--style-1 call-to-action--normal\"><a href=\"https:\/\/www.camping-eden-savoie.com\/de\/sportliche-aktivitaeten-camping-haute-savoie\/\"  class=\"call-to-action_link\" title=\"Erfahren Sie mehr \u00fcber sommer-\/winter-kalender\"><div class=\"call-to-action_image\"><img decoding=\"async\" src=\"https:\/\/www.camping-eden-savoie.com\/wp-content\/uploads\/2020\/08\/camping-agenda-savoie-100x88.jpg\" data-src=\"https:\/\/www.camping-eden-savoie.com\/wp-content\/uploads\/2020\/08\/camping-agenda-savoie.jpg\" alt=\"camping agenda savoie\" class=\"normal\" \/><\/div><div class=\"call-to-action_contenu\"><div class=\"call-to-action_titre\">Sommer-\/Winter-Kalender<\/div><\/div><\/a><\/li><li class=\"element call-to-action center cta-title call-to-action--style-1 call-to-action--normal call-to-action--style-1 call-to-action--normal\"><a href=\"https:\/\/www.camping-eden-savoie.com\/de\/wintercamping\/\"  class=\"call-to-action_link\" title=\"Erfahren Sie mehr \u00fcber winter-camping\"><div class=\"call-to-action_image\"><img decoding=\"async\" src=\"https:\/\/www.camping-eden-savoie.com\/wp-content\/uploads\/2020\/08\/location-camping-hiver-100x88.jpg\" data-src=\"https:\/\/www.camping-eden-savoie.com\/wp-content\/uploads\/2020\/08\/location-camping-hiver.jpg\" alt=\"location camping hiver\" class=\"normal\" \/><\/div><div class=\"call-to-action_contenu\"><div class=\"call-to-action_titre\">Winter-Camping<\/div><\/div><\/a><\/li><li class=\"element call-to-action center cta-title call-to-action--style-1 call-to-action--normal call-to-action--style-1 call-to-action--normal call-to-action--style-1 call-to-action--normal\"><a href=\"https:\/\/www.camping-eden-savoie.com\/de\/camping-ski\/\"  class=\"call-to-action_link\" title=\"Erfahren Sie mehr \u00fcber camping auf den skipisten\"><div class=\"call-to-action_image\"><img decoding=\"async\" src=\"https:\/\/www.camping-eden-savoie.com\/wp-content\/uploads\/2020\/08\/camping-ski-savoie-1-100x88.jpg\" data-src=\"https:\/\/www.camping-eden-savoie.com\/wp-content\/uploads\/2020\/08\/camping-ski-savoie-1.jpg\" alt=\"camping ski savoie\" class=\"normal\" \/><\/div><div class=\"call-to-action_contenu\"><div class=\"call-to-action_titre\">Camping auf den Skipisten<\/div><\/div><\/a><\/li><\/ul><\/div><\/section>","protected":false},"excerpt":{"rendered":"","protected":false},"author":1,"featured_media":4211,"parent":0,"menu_order":0,"comment_status":"closed","ping_status":"closed","template":"","meta":{"_acf_changed":false,"footnotes":""},"class_list":["post-984","page","type-page","status-publish","has-post-thumbnail","hentry"],"acf":[],"yoast_head":"<!-- This site is optimized with the Yoast SEO plugin v25.3 - https:\/\/yoast.com\/wordpress\/plugins\/seo\/ -->\n<title>Bergsommer Camping - vom Campingplatz in den Bergen im Sommer<\/title>\n<meta name=\"description\" content=\"Entdecken Sie die Sommeraktivit\u00e4ten f\u00fcr Ihren Urlaub auf dem Campingplatz Eden Savoie: Was kann man in den Sommerferien in den Bergen machen?\u00a0\" \/>\n<meta name=\"robots\" content=\"index, follow, max-snippet:-1, max-image-preview:large, max-video-preview:-1\" \/>\n<link rel=\"canonical\" href=\"https:\/\/www.camping-eden-savoie.com\/de\/camping-sommerberg\/\" \/>\n<meta property=\"og:locale\" content=\"de_DE\" \/>\n<meta property=\"og:type\" content=\"article\" \/>\n<meta property=\"og:title\" content=\"Bergsommer Camping - vom Campingplatz in den Bergen im Sommer\" \/>\n<meta property=\"og:description\" content=\"Entdecken Sie die Sommeraktivit\u00e4ten f\u00fcr Ihren Urlaub auf dem Campingplatz Eden Savoie: Was kann man in den Sommerferien in den Bergen machen?\u00a0\" \/>\n<meta property=\"og:url\" content=\"https:\/\/www.camping-eden-savoie.com\/de\/camping-sommerberg\/\" \/>\n<meta property=\"og:site_name\" content=\"Camping l&#039;Eden de la Vanoise\" \/>\n<meta property=\"article:modified_time\" content=\"2020-09-24T14:37:35+00:00\" \/>\n<meta property=\"og:image\" content=\"https:\/\/www.camping-eden-savoie.com\/wp-content\/uploads\/2020\/08\/camping-ete-savoie-1.jpg\" \/>\n\t<meta property=\"og:image:width\" content=\"1903\" \/>\n\t<meta property=\"og:image:height\" content=\"550\" \/>\n\t<meta property=\"og:image:type\" content=\"image\/jpeg\" \/>\n<meta name=\"twitter:card\" content=\"summary_large_image\" \/>\n<script type=\"application\/ld+json\" class=\"yoast-schema-graph\">{\"@context\":\"https:\/\/schema.org\",\"@graph\":[{\"@type\":\"WebPage\",\"@id\":\"https:\/\/www.camping-eden-savoie.com\/de\/camping-sommerberg\/\",\"url\":\"https:\/\/www.camping-eden-savoie.com\/de\/camping-sommerberg\/\",\"name\":\"Bergsommer Camping - vom Campingplatz in den Bergen im Sommer\",\"isPartOf\":{\"@id\":\"https:\/\/www.camping-eden-savoie.com\/de\/#website\"},\"primaryImageOfPage\":{\"@id\":\"https:\/\/www.camping-eden-savoie.com\/de\/camping-sommerberg\/#primaryimage\"},\"image\":{\"@id\":\"https:\/\/www.camping-eden-savoie.com\/de\/camping-sommerberg\/#primaryimage\"},\"thumbnailUrl\":\"https:\/\/www.camping-eden-savoie.com\/wp-content\/uploads\/2020\/08\/camping-ete-savoie-1.jpg\",\"datePublished\":\"2016-02-15T07:49:37+00:00\",\"dateModified\":\"2020-09-24T14:37:35+00:00\",\"description\":\"Entdecken Sie die Sommeraktivit\u00e4ten f\u00fcr Ihren Urlaub auf dem Campingplatz Eden Savoie: Was kann man in den Sommerferien in den Bergen machen?\u00a0\",\"breadcrumb\":{\"@id\":\"https:\/\/www.camping-eden-savoie.com\/de\/camping-sommerberg\/#breadcrumb\"},\"inLanguage\":\"de\",\"potentialAction\":[{\"@type\":\"ReadAction\",\"target\":[\"https:\/\/www.camping-eden-savoie.com\/de\/camping-sommerberg\/\"]}]},{\"@type\":\"ImageObject\",\"inLanguage\":\"de\",\"@id\":\"https:\/\/www.camping-eden-savoie.com\/de\/camping-sommerberg\/#primaryimage\",\"url\":\"https:\/\/www.camping-eden-savoie.com\/wp-content\/uploads\/2020\/08\/camping-ete-savoie-1.jpg\",\"contentUrl\":\"https:\/\/www.camping-eden-savoie.com\/wp-content\/uploads\/2020\/08\/camping-ete-savoie-1.jpg\",\"width\":1903,\"height\":550,\"caption\":\"camping ete savoie\"},{\"@type\":\"BreadcrumbList\",\"@id\":\"https:\/\/www.camping-eden-savoie.com\/de\/camping-sommerberg\/#breadcrumb\",\"itemListElement\":[{\"@type\":\"ListItem\",\"position\":1,\"name\":\"Camping Alpen, in Savoyen\",\"item\":\"https:\/\/www.camping-eden-savoie.com\/de\/\"},{\"@type\":\"ListItem\",\"position\":2,\"name\":\"Feiertage Alpen Sommer\"}]},{\"@type\":\"WebSite\",\"@id\":\"https:\/\/www.camping-eden-savoie.com\/de\/#website\",\"url\":\"https:\/\/www.camping-eden-savoie.com\/de\/\",\"name\":\"Camping l&#039;Eden de la Vanoise\",\"description\":\"\",\"potentialAction\":[{\"@type\":\"SearchAction\",\"target\":{\"@type\":\"EntryPoint\",\"urlTemplate\":\"https:\/\/www.camping-eden-savoie.com\/de\/?s={search_term_string}\"},\"query-input\":{\"@type\":\"PropertyValueSpecification\",\"valueRequired\":true,\"valueName\":\"search_term_string\"}}],\"inLanguage\":\"de\"}]}<\/script>\n<!-- \/ Yoast SEO plugin. -->","yoast_head_json":{"title":"Bergsommer Camping - vom Campingplatz in den Bergen im Sommer","description":"Entdecken Sie die Sommeraktivit\u00e4ten f\u00fcr Ihren Urlaub auf dem Campingplatz Eden Savoie: Was kann man in den Sommerferien in den Bergen machen?\u00a0","robots":{"index":"index","follow":"follow","max-snippet":"max-snippet:-1","max-image-preview":"max-image-preview:large","max-video-preview":"max-video-preview:-1"},"canonical":"https:\/\/www.camping-eden-savoie.com\/de\/camping-sommerberg\/","og_locale":"de_DE","og_type":"article","og_title":"Bergsommer Camping - vom Campingplatz in den Bergen im Sommer","og_description":"Entdecken Sie die Sommeraktivit\u00e4ten f\u00fcr Ihren Urlaub auf dem Campingplatz Eden Savoie: Was kann man in den Sommerferien in den Bergen machen?\u00a0","og_url":"https:\/\/www.camping-eden-savoie.com\/de\/camping-sommerberg\/","og_site_name":"Camping l&#039;Eden de la Vanoise","article_modified_time":"2020-09-24T14:37:35+00:00","og_image":[{"width":1903,"height":550,"url":"https:\/\/www.camping-eden-savoie.com\/wp-content\/uploads\/2020\/08\/camping-ete-savoie-1.jpg","type":"image\/jpeg"}],"twitter_card":"summary_large_image","schema":{"@context":"https:\/\/schema.org","@graph":[{"@type":"WebPage","@id":"https:\/\/www.camping-eden-savoie.com\/de\/camping-sommerberg\/","url":"https:\/\/www.camping-eden-savoie.com\/de\/camping-sommerberg\/","name":"Bergsommer Camping - vom Campingplatz in den Bergen im Sommer","isPartOf":{"@id":"https:\/\/www.camping-eden-savoie.com\/de\/#website"},"primaryImageOfPage":{"@id":"https:\/\/www.camping-eden-savoie.com\/de\/camping-sommerberg\/#primaryimage"},"image":{"@id":"https:\/\/www.camping-eden-savoie.com\/de\/camping-sommerberg\/#primaryimage"},"thumbnailUrl":"https:\/\/www.camping-eden-savoie.com\/wp-content\/uploads\/2020\/08\/camping-ete-savoie-1.jpg","datePublished":"2016-02-15T07:49:37+00:00","dateModified":"2020-09-24T14:37:35+00:00","description":"Entdecken Sie die Sommeraktivit\u00e4ten f\u00fcr Ihren Urlaub auf dem Campingplatz Eden Savoie: Was kann man in den Sommerferien in den Bergen machen?\u00a0","breadcrumb":{"@id":"https:\/\/www.camping-eden-savoie.com\/de\/camping-sommerberg\/#breadcrumb"},"inLanguage":"de","potentialAction":[{"@type":"ReadAction","target":["https:\/\/www.camping-eden-savoie.com\/de\/camping-sommerberg\/"]}]},{"@type":"ImageObject","inLanguage":"de","@id":"https:\/\/www.camping-eden-savoie.com\/de\/camping-sommerberg\/#primaryimage","url":"https:\/\/www.camping-eden-savoie.com\/wp-content\/uploads\/2020\/08\/camping-ete-savoie-1.jpg","contentUrl":"https:\/\/www.camping-eden-savoie.com\/wp-content\/uploads\/2020\/08\/camping-ete-savoie-1.jpg","width":1903,"height":550,"caption":"camping ete savoie"},{"@type":"BreadcrumbList","@id":"https:\/\/www.camping-eden-savoie.com\/de\/camping-sommerberg\/#breadcrumb","itemListElement":[{"@type":"ListItem","position":1,"name":"Camping Alpen, in Savoyen","item":"https:\/\/www.camping-eden-savoie.com\/de\/"},{"@type":"ListItem","position":2,"name":"Feiertage Alpen Sommer"}]},{"@type":"WebSite","@id":"https:\/\/www.camping-eden-savoie.com\/de\/#website","url":"https:\/\/www.camping-eden-savoie.com\/de\/","name":"Camping l&#039;Eden de la Vanoise","description":"","potentialAction":[{"@type":"SearchAction","target":{"@type":"EntryPoint","urlTemplate":"https:\/\/www.camping-eden-savoie.com\/de\/?s={search_term_string}"},"query-input":{"@type":"PropertyValueSpecification","valueRequired":true,"valueName":"search_term_string"}}],"inLanguage":"de"}]}},"_links":{"self":[{"href":"https:\/\/www.camping-eden-savoie.com\/de\/wp-json\/wp\/v2\/pages\/984"}],"collection":[{"href":"https:\/\/www.camping-eden-savoie.com\/de\/wp-json\/wp\/v2\/pages"}],"about":[{"href":"https:\/\/www.camping-eden-savoie.com\/de\/wp-json\/wp\/v2\/types\/page"}],"author":[{"embeddable":true,"href":"https:\/\/www.camping-eden-savoie.com\/de\/wp-json\/wp\/v2\/users\/1"}],"replies":[{"embeddable":true,"href":"https:\/\/www.camping-eden-savoie.com\/de\/wp-json\/wp\/v2\/comments?post=984"}],"version-history":[{"count":10,"href":"https:\/\/www.camping-eden-savoie.com\/de\/wp-json\/wp\/v2\/pages\/984\/revisions"}],"predecessor-version":[{"id":7336,"href":"https:\/\/www.camping-eden-savoie.com\/de\/wp-json\/wp\/v2\/pages\/984\/revisions\/7336"}],"wp:featuredmedia":[{"embeddable":true,"href":"https:\/\/www.camping-eden-savoie.com\/de\/wp-json\/wp\/v2\/media\/4211"}],"wp:attachment":[{"href":"https:\/\/www.camping-eden-savoie.com\/de\/wp-json\/wp\/v2\/media?parent=984"}],"curies":[{"name":"wp","href":"https:\/\/api.w.org\/{rel}","templated":true}]}}