{"id":981,"date":"2016-02-15T08:28:25","date_gmt":"2016-02-15T07:28:25","guid":{"rendered":"https:\/\/www.camping-eden-savoie.com\/de\/activites-sportives-camping-haute-savoie\/"},"modified":"2023-10-19T16:56:11","modified_gmt":"2023-10-19T14:56:11","slug":"sportliche-aktivitaeten-camping-haute-savoie","status":"publish","type":"page","link":"https:\/\/www.camping-eden-savoie.com\/de\/sportliche-aktivitaeten-camping-haute-savoie\/","title":{"rendered":"Sportliche Aktivit\u00e4ten im Sommer"},"content":{"rendered":"<section id=\"section-5f313ef84958e\"\" class=\"section bg-color1\" \/><div class=\"container extralarge\"><h1 class=\"element section-title center\">Veranstaltungskalender in Savoyen<\/h1><\/div><\/section>\n\n<section id=\"section-5f313ef849aa9\"\" class=\"section bg-white\" \/><div class=\"container extralarge\"><h2 class=\"element section-title center\">Ausstellungen in Savoyen<\/h2><div class=\"element bloc-text justify \">\n\t<p>Das ganze Jahr \u00fcber werden in Savoyen verschiedene Veranstaltungen organisiert, insbesondere in Bergd\u00f6rfern, Heilb\u00e4dern und rund um die Seen von Savoyen. Die Vergr\u00f6\u00dferung auf 5 zeigt, was man in den 73 im Jahr 2020 nicht verpassen darf: <\/p>\n<ul>\n<li><strong class=\"bold color1\">Vom 29. Juni bis 14. September<\/strong> : Freilichttheater in Mercury. 4 kostenlose Auff\u00fchrungen eines humoristischen St\u00fccks an einem bemerkenswerten Ort, dem Fort von Tami\u00e9, an den Samstagen 29. Juni, 20. Juli, 24. August und 14. September (18 Uhr).<\/li>\n<li><strong class=\"bold color1\">Samstag, 6. Juli<\/strong> : Weinkonzert in Arbin (18.00 Uhr). Dieses ungew\u00f6hnliche Kulturereignis bringt einen Pianisten und einen Cellisten in einem pr\u00e4chtigen Weingut, dem Ch\u00e2teau de M\u00e9rande (Domaine Genoux), zusammen.<\/li>\n<li><strong class=\"bold color1\">Vom 2. Juli bis 27. August<\/strong> : Die fluoreszierenden R\u00e4tsel in Valmorel. Jeden Dienstag von 18.00 bis 20.00 Uhr, Reisen in den 1980er und 1990er Jahren f\u00fcr Spiele und Musiktests in fluoreszierender Atmosph\u00e4re.<\/li>\n<li><strong class=\"bold color1\">F\u00eate du 14 juillet aux M\u00e9nuires<\/strong> : kostenlose Unterhaltung f\u00fcr Erwachsene und Kinder ab 10.00 Uhr. Fitnesskurse (11.00 Uhr), afrikanische und kolumbianische Perkussionen, Mittagessen auf dem Land, Petanque-Wettbewerb, Konzert und Feuerwerk.<\/li>\n<li><strong class=\"bold color1\">12. Oktober 2019<\/strong>: C\u00e9cile Corbel in Aix-les-Bains, im Grand-Cercle-Theater des Casinos, am Ufer des Bourget-Sees.<\/li>\n<\/ul>\n<\/div><\/div><\/section>\n\n<section id=\"section-5f313ef849f06\"\" class=\"section bg-color5 p-t-0 p-b-0\" \/><div class=\"container full\"><div class=\"colonnes-wrap valign-middle \"><div class=\"element colonne p-0\"><div class=\"element images scroll-x-mobile\"><div class=\"image\"><img decoding=\"async\" src=\"\" data-src=\"https:\/\/www.camping-eden-savoie.com\/wp-content\/uploads\/2020\/08\/festivals-savoie.jpg\" alt=\"festivals savoie\" class=\"images_image anime-zoom\" \/><\/div><\/div><\/div><div class=\"element colonne p-x-10 p-y-10\"><h2 class=\"element section-title justify\">Feste in Savoyen<\/h2><div class=\"element bloc-text justify \">\n\t<p>Konzentrieren Sie sich auf die <strong class=\"bold color1\">5 gro\u00dfen Festivals des Jahres 2020<\/strong> in Savoyen, die w\u00e4hrend Ihres Aufenthalts im Eden de la Vanoise in Ihrer Kulturagenda kommentiert werden sollen:<\/p>\n<ul>\n<li><strong class=\"bold color1\">Vom 28. bis 30. Juni<\/strong> : Lafi-Bala-Festival in Chamb\u00e9ry. Konzerte, Konferenzen und Handwerkerdorf im Garten von Verney mit einem afrikanischen Land im Rampenlicht: Burkina Faso.<\/li>\n<li><strong class=\"bold color1\">Vom 27. Juni bis 6. Juli<\/strong> : Festival Cirq&#8217;ule in Chamb\u00e9ry. Zirkus unter Zirkuszelten zur Unterhaltung von Jung und Alt und zur Vorstellung junger Unternehmen.<\/li>\n<li><strong class=\"bold color1\">Vom 4. bis 6. Juli<\/strong> : Festival des Arts Vivants Les Sons du Lac in Ch\u00e2teauneuf. Die 12. Ausgabe eines dreit\u00e4gigen Festivals f\u00fcr alle Altersgruppen, das mitten in der Natur stattfindet. Auf dem Programm stehen: Konzerte, Theater, Karawanenshows, Blaskapellen, DJs, Zirkus und kreative Workshops.<\/li>\n<li><strong class=\"bold color1\">Vom 11. bis 14. Juli<\/strong> : Musilac in Aix-les-Bains. Rockfestival, das franz\u00f6sische und internationale Stars anzieht. Die Ausgabe 2019 wird durch die Anwesenheit von Scorpions, Shaka Ponk, Dionysos, Tahiti 80, Claire Laffut, Lou Doillon, Graham Nash und Iam gepr\u00e4gt sein.<\/li>\n<li><strong class=\"bold color1\">Vom 27. Juli bis 2. August<\/strong> : Festival Valloire Baroque. Mehrere Konzerte mit Barockmusik in einem sensationellen Rahmen, der Kirche Notre-Dame de l&#8217;Assomption.<\/li>\n<\/ul>\n<\/div><\/div><\/div><\/div><\/section>\n\n<section id=\"section-row-expo\"\" class=\"section bg-color5 p-t-0 p-b-0\" \/><div class=\"container full\"><div class=\"colonnes-wrap valign-middle \"><div class=\"element colonne p-x-10 p-y-10\"><h2 class=\"element section-title justify\">Ausstellungen in Savoyen<\/h2><div class=\"element bloc-text justify \">\n\t<p>Malerei, Zeichnung, Fotografie, Gastronomie&#8230; Ein \u00dcberblick \u00fcber die 5 Ausstellungen, die Sie im Jahr 2019 in Savoyen w\u00e4hrend Ihres Urlaubs auf dem Campingplatz L&#8217;Eden de la Vanoise nicht verpassen sollten:  <\/p>\n<ul>\n<li><strong class=\"bold color1\">Ungerechtigkeiten, Ausstellung von Fotografien<\/strong> vom 5. bis 26. Juni in Challes-les-Eaux (Samivel-Medienbibliothek). Pr\u00e4sentation der von den Sch\u00fclern der Hotelfachschule von Challes-les-Eaux geleisteten Arbeit mit dem zentralen Thema der Ungerechtigkeit. Kostenloser Zugang.<\/li>\n<li><strong class=\"bold color1\">Peinture Loisirs Couleurs<\/strong> vom 14. bis 16. Juni in Gr\u00e9sy-sur-Aix, im Mehrzwecksaal (Rathaus). Ausstellung von Gem\u00e4lden und Zeichnungen, organisiert von der Vereinigung Loisirs Couleurs Peinture et Dessin, geeignet f\u00fcr alle Altersgruppen. Ge\u00f6ffnet von 10.00 bis 14.00 Uhr und von 17.00 bis 18.00 Uhr.<\/li>\n<li><strong class=\"bold color1\">Gem\u00e4ldeausstellung des Atelier R\u00e9cr\u00e9alise in Challes-les-Eaux<\/strong> vom 16. bis 27. September im Fremdenverkehrsamt von Challes-les-Eaux. Freier Zugang.<\/li>\n<li><strong class=\"bold color1\">Savoie Fair<\/strong> vom 13. bis 23. September in Chamb\u00e9ry (Parc des Expositions). Eine der gr\u00f6\u00dften Gesch\u00e4ftsveranstaltungen der 73 des Jahres mit mehr als 400 Ausstellern auf einem 40 000 m\u00b2 gro\u00dfen Gel\u00e4nde. Es sind mehrere Veranstaltungen geplant, darunter ein Mittelaltertag und ein Kindertag.<\/li>\n<li><strong class=\"bold color1\">Salon Saveurs &#038; Terroirs<\/strong> vom 22. bis 24. November 2019 im Parc des Expos de Chamb\u00e9ry. Eine Pflichtveranstaltung f\u00fcr Gastronomen, bei der an 3 Tagen 20.000 Besucher erwartet werden.<\/li>\n<\/ul>\n<\/div><\/div><div class=\"element colonne p-0\"><div class=\"element images scroll-x-mobile\"><div class=\"image\"><img decoding=\"async\" src=\"\" data-src=\"https:\/\/www.camping-eden-savoie.com\/wp-content\/uploads\/2020\/08\/expositions-savoie.jpg\" alt=\"expositions savoie\" class=\"images_image anime-zoom\" \/><\/div><\/div><\/div><\/div><\/div><\/section>\n\n<section id=\"section-5f313ef84a7ec\"\" class=\"section bg-color3 p-t-0 p-b-0\" \/><div class=\"container full\"><div class=\"element images scroll-x-mobile\"><div class=\"image\"><img decoding=\"async\" src=\"\" data-src=\"https:\/\/www.camping-eden-savoie.com\/wp-content\/uploads\/2020\/08\/animations-savoie.jpg\" alt=\"animations savoie\" class=\"images_image\" \/><\/div><div class=\"image\"><img decoding=\"async\" src=\"\" data-src=\"https:\/\/www.camping-eden-savoie.com\/wp-content\/uploads\/2020\/08\/activites-sportives-savoie.jpg\" alt=\"activites sportives savoie\" class=\"images_image\" \/><\/div><div class=\"image\"><img decoding=\"async\" src=\"\" data-src=\"https:\/\/www.camping-eden-savoie.com\/wp-content\/uploads\/2020\/08\/rafting-savoie.jpg\" alt=\"rafting savoie\" class=\"images_image\" \/><\/div><div class=\"image\"><img decoding=\"async\" src=\"\" data-src=\"https:\/\/www.camping-eden-savoie.com\/wp-content\/uploads\/2020\/08\/manifetations-sportives-savoie.jpg\" alt=\"manifetations sportives savoie\" class=\"images_image\" \/><\/div><\/div><div class=\"element images scroll-x-mobile\"><div class=\"image\"><img decoding=\"async\" src=\"\" data-src=\"https:\/\/www.camping-eden-savoie.com\/wp-content\/uploads\/2020\/08\/fetes-village-savoie.jpg\" alt=\"fetes village savoie\" class=\"images_image\" \/><\/div><div class=\"image\"><img decoding=\"async\" src=\"\" data-src=\"https:\/\/www.camping-eden-savoie.com\/wp-content\/uploads\/2020\/08\/courses-sportives-savoie.jpg\" alt=\"courses sportives savoie\" class=\"images_image\" \/><\/div><div class=\"image\"><img decoding=\"async\" src=\"\" data-src=\"https:\/\/www.camping-eden-savoie.com\/wp-content\/uploads\/2020\/08\/randonnees-en-savoie.jpg\" alt=\"randonnees en savoie\" class=\"images_image\" \/><\/div><div class=\"image\"><img decoding=\"async\" src=\"\" data-src=\"https:\/\/www.camping-eden-savoie.com\/wp-content\/uploads\/2020\/08\/sport-en-savoie.jpg\" alt=\"sport en savoie\" class=\"images_image\" \/><\/div><\/div><\/div><\/section>\n\n<section id=\"section-row-fetes\"\" class=\"section bg-color5 p-t-0 p-b-0\" \/><div class=\"container full\"><div class=\"colonnes-wrap valign-middle \"><div class=\"element colonne p-0\"><div class=\"element images scroll-x-mobile\"><div class=\"image\"><img decoding=\"async\" src=\"\" data-src=\"https:\/\/www.camping-eden-savoie.com\/wp-content\/uploads\/2020\/08\/fetes-traditionnelles-savoie.jpg\" alt=\"fetes traditionnelles savoie\" class=\"images_image anime-zoom\" \/><\/div><\/div><\/div><div class=\"element colonne p-x-10 p-y-10\"><h2 class=\"element section-title justify\">Traditionelle savoyische Feste<\/h2><div class=\"element bloc-text justify \">\n\t<p>M\u00f6chten Sie w\u00e4hrend Ihres Campingurlaubs in der N\u00e4he des Vanoise-Parks eine erstaunliche und unvergessliche Kulturreise unternehmen? Entdecken Sie die 5 gr\u00f6\u00dften traditionellen Feste Savoyens im Jahr 2020: <\/p>\n<ul>\n<li><strong class=\"bold color1\">F\u00eate du Terroir und Handwerk<\/strong> am 22. und 23. Juni in Saint-Alban-Leysse. Zwei Tage lang Ausstellungen und kostenlose Unterhaltung f\u00fcr Erwachsene und Kinder mit Malerei-, Bildhauer- und Kreativ-Workshops, Treffen mit lokalen K\u00fcnstlern und Kunsthandwerkern und gastronomischen St\u00e4nden, an denen Savoyer-Produkte verkostet werden k\u00f6nnen.<\/li>\n<li><strong class=\"bold color1\">Neue Bierschau<\/strong> und neue handwerkliche Brauereien in Albertville am 22. und 23. Juni (Salle de la Pierre du Roy): zwei Tage, die der Entdeckung der Biere der Region gewidmet sind, belebt durch ein Konzert am Samstagabend.<\/li>\n<li><strong class=\"bold color1\">Das Fest der Schafe<\/strong> am 17. Juli in Saint-Sorlin-d&#8217;Arves: eine grosse Gelegenheit, Zeuge der alpinen Transhumanz zu werden. Rendezvous um 10.30 Uhr am Pass Croix de Fer, um den Sch\u00e4fer und seine 1.200 Schafe in einer au\u00dfergew\u00f6hnlichen nat\u00fcrlichen Umgebung zu treffen.<\/li>\n<li><strong class=\"bold color1\">F\u00eate de l&#8217;Alpage<\/strong> 11. August in La Plagne (9h00-19h00): ein Tag kostenloser Unterhaltung, um mehr \u00fcber alpine Traditionen zu erfahren. Auf dem Programm: K\u00fche melken, Butter- und K\u00e4seherstellung, Tierausstellung, Volkslieder&#8230;<\/li>\n<li><strong class=\"bold color1\">La D\u00e9montagn\u00e9e<\/strong> am 19. Oktober in Bourg-Saint-Maurice: Abstieg von den Almen, Ausstellungen der Herden, Animationen und gastronomische St\u00e4nde mit regionalen Produkten.<\/li>\n<\/ul>\n<\/div><\/div><\/div><\/div><\/section>\n\n<section id=\"section-row-sport\"\" class=\"section bg-color5 p-t-0 p-b-0\" \/><div class=\"container full\"><div class=\"colonnes-wrap valign-middle \"><div class=\"element colonne p-x-10 p-y-10\"><h2 class=\"element section-title justify\">Sportveranstaltungen in Savoyen<\/h2><div class=\"element bloc-text justify \">\n\t<p>Nutzen Sie Ihren Aufenthalt im <a href=\"\/de\/\">camping Alpen, in Savoyen<\/a>, um den gr\u00f6\u00dften Sportveranstaltungen des Jahres beizuwohnen, die in der 73 :<\/p>\n<ul>\n<li><strong class=\"bold color1\">Volleyballturnier<\/strong> 3\u00d73 in Aix-les-Bains am 23. Juni: ein sportlicher und freundschaftlicher Tag auf der Esplanade des Lac du Bourget mit 3 Modalit\u00e4ten (Herren-, Damen- und Mixed-Turnier) ab 10.00 Uhr morgens.<\/li>\n<li><strong class=\"bold color1\">Finale des franz\u00f6sischen Nationalcups<\/strong> 2 im Kanu-Kajak (Slalom) in Bourg-Saint-Maurice am 6. und 7. Juli.<\/li>\n<li><strong class=\"bold color1\">Tour de France<\/strong> 27. Juli: 20. Etappe des gr\u00f6\u00dften Radrennens der Welt zwischen Albertville und Val Thorens.<\/li>\n<li><strong class=\"bold color1\">Skisprung-Weltcup<\/strong> in Courchevel am 9. und 10. August: die Gelegenheit, das K\u00f6nnen der weltbesten Springer auf den olympischen Skisprungschanzen in Courchevel Le Praz zu erleben. Die Veranstaltung wird von verschiedenen Aktivit\u00e4ten wie Konzerten und Kunstflugvorf\u00fchrungen begleitet.<\/li>\n<li><strong class=\"bold color1\">Vertikalkilometer der Petite Saulire<\/strong> in M\u00e9ribel am 21. September: die L\u00e4ufer erwartet ein Lauf \u00fcber 2,5 km mit 1.000 m positivem H\u00f6henunterschied. Abfahrt von der Schneefront von M\u00e9ribel,-Mottaret, Ankunft auf dem Gipfel des Petite Saulire \u00fcber eine technische Route, die erhabene Landschaften durchquert.<\/li>\n<\/ul>\n<\/div><\/div><div class=\"element colonne p-0\"><div class=\"element images scroll-x-mobile\"><div class=\"image\"><img decoding=\"async\" src=\"\" data-src=\"https:\/\/www.camping-eden-savoie.com\/wp-content\/uploads\/2020\/08\/tour-de-france-savoie.jpg\" alt=\"tour de france savoie\" class=\"images_image anime-zoom\" \/><\/div><\/div><\/div><\/div><\/div><\/section>\n\n<section id=\"section-5f313ef84b41f\"\" class=\"section bg-color1\" \/><div class=\"container extralarge\"><div class=\"element section-title center cta-title\">Entdecken Sie Sommer-\/Winteraktivit\u00e4ten in Savoyen<\/div><ul class=\"liste-de-page\"><li class=\"element call-to-action center cta-title call-to-action--style-1 call-to-action--normal\"><a href=\"https:\/\/www.camping-eden-savoie.com\/de\/wintercamping\/\"  class=\"call-to-action_link\" title=\"Erfahren Sie mehr \u00fcber winter-camping\"><div class=\"call-to-action_image\"><img decoding=\"async\" src=\"https:\/\/www.camping-eden-savoie.com\/wp-content\/uploads\/2020\/08\/location-camping-hiver-100x88.jpg\" data-src=\"https:\/\/www.camping-eden-savoie.com\/wp-content\/uploads\/2020\/08\/location-camping-hiver.jpg\" alt=\"location camping hiver\" class=\"normal\" \/><\/div><div class=\"call-to-action_contenu\"><div class=\"call-to-action_titre\">Winter-Camping<\/div><\/div><\/a><\/li><li class=\"element call-to-action center cta-title call-to-action--style-1 call-to-action--normal call-to-action--style-1 call-to-action--normal\"><a href=\"https:\/\/www.camping-eden-savoie.com\/de\/camping-sommerberg\/\"  class=\"call-to-action_link\" title=\"Erfahren Sie mehr \u00fcber camping-sommer\"><div class=\"call-to-action_image\"><img decoding=\"async\" src=\"https:\/\/www.camping-eden-savoie.com\/wp-content\/uploads\/2020\/08\/camping-vacances-ete-savoie-100x88.jpg\" data-src=\"https:\/\/www.camping-eden-savoie.com\/wp-content\/uploads\/2020\/08\/camping-vacances-ete-savoie.jpg\" alt=\"camping vacances ete savoie\" class=\"normal\" \/><\/div><div class=\"call-to-action_contenu\"><div class=\"call-to-action_titre\">Camping-Sommer<\/div><\/div><\/a><\/li><li class=\"element call-to-action center cta-title call-to-action--style-1 call-to-action--normal call-to-action--style-1 call-to-action--normal call-to-action--style-1 call-to-action--normal\"><a href=\"https:\/\/www.camping-eden-savoie.com\/de\/camping-ski\/\"  class=\"call-to-action_link\" title=\"Erfahren Sie mehr \u00fcber camping auf den skipisten\"><div class=\"call-to-action_image\"><img decoding=\"async\" src=\"https:\/\/www.camping-eden-savoie.com\/wp-content\/uploads\/2020\/08\/camping-ski-savoie-1-100x88.jpg\" data-src=\"https:\/\/www.camping-eden-savoie.com\/wp-content\/uploads\/2020\/08\/camping-ski-savoie-1.jpg\" alt=\"camping ski savoie\" class=\"normal\" \/><\/div><div class=\"call-to-action_contenu\"><div class=\"call-to-action_titre\">Camping auf den Skipisten<\/div><\/div><\/a><\/li><\/ul><\/div><\/section>","protected":false},"excerpt":{"rendered":"","protected":false},"author":1,"featured_media":392,"parent":0,"menu_order":0,"comment_status":"closed","ping_status":"closed","template":"","meta":{"_acf_changed":false,"footnotes":""},"class_list":["post-981","page","type-page","status-publish","has-post-thumbnail","hentry"],"acf":[],"yoast_head":"<!-- This site is optimized with the Yoast SEO plugin v25.3 - https:\/\/yoast.com\/wordpress\/plugins\/seo\/ -->\n<title>Sportliche Aktivit\u00e4ten Savoie im Sommer Freizeit in Savoie im Juli August\u00a0<\/title>\n<meta name=\"description\" content=\"Entdecken Sie alle Aktivit\u00e4ten, die im Sommer w\u00e4hrend Ihres Urlaubs in Savoie m\u00f6glich sind: Erfahren Sie alles \u00fcber Sommeraktivit\u00e4ten im Herzen der Berge\u00a0\" \/>\n<meta name=\"robots\" content=\"index, follow, max-snippet:-1, max-image-preview:large, max-video-preview:-1\" \/>\n<link rel=\"canonical\" href=\"https:\/\/www.camping-eden-savoie.com\/de\/sportliche-aktivitaeten-camping-haute-savoie\/\" \/>\n<meta property=\"og:locale\" content=\"de_DE\" \/>\n<meta property=\"og:type\" content=\"article\" \/>\n<meta property=\"og:title\" content=\"Sportliche Aktivit\u00e4ten Savoie im Sommer Freizeit in Savoie im Juli August\u00a0\" \/>\n<meta property=\"og:description\" content=\"Entdecken Sie alle Aktivit\u00e4ten, die im Sommer w\u00e4hrend Ihres Urlaubs in Savoie m\u00f6glich sind: Erfahren Sie alles \u00fcber Sommeraktivit\u00e4ten im Herzen der Berge\u00a0\" \/>\n<meta property=\"og:url\" content=\"https:\/\/www.camping-eden-savoie.com\/de\/sportliche-aktivitaeten-camping-haute-savoie\/\" \/>\n<meta property=\"og:site_name\" content=\"Camping l&#039;Eden de la Vanoise\" \/>\n<meta property=\"article:modified_time\" content=\"2023-10-19T14:56:11+00:00\" \/>\n<meta property=\"og:image\" content=\"https:\/\/www.camping-eden-savoie.com\/wp-content\/uploads\/2020\/06\/camping-savoie.jpg\" \/>\n\t<meta property=\"og:image:width\" content=\"400\" \/>\n\t<meta property=\"og:image:height\" content=\"350\" \/>\n\t<meta property=\"og:image:type\" content=\"image\/jpeg\" \/>\n<meta name=\"twitter:card\" content=\"summary_large_image\" \/>\n<script type=\"application\/ld+json\" class=\"yoast-schema-graph\">{\"@context\":\"https:\/\/schema.org\",\"@graph\":[{\"@type\":\"WebPage\",\"@id\":\"https:\/\/www.camping-eden-savoie.com\/de\/sportliche-aktivitaeten-camping-haute-savoie\/\",\"url\":\"https:\/\/www.camping-eden-savoie.com\/de\/sportliche-aktivitaeten-camping-haute-savoie\/\",\"name\":\"Sportliche Aktivit\u00e4ten Savoie im Sommer Freizeit in Savoie im Juli August\u00a0\",\"isPartOf\":{\"@id\":\"https:\/\/www.camping-eden-savoie.com\/de\/#website\"},\"primaryImageOfPage\":{\"@id\":\"https:\/\/www.camping-eden-savoie.com\/de\/sportliche-aktivitaeten-camping-haute-savoie\/#primaryimage\"},\"image\":{\"@id\":\"https:\/\/www.camping-eden-savoie.com\/de\/sportliche-aktivitaeten-camping-haute-savoie\/#primaryimage\"},\"thumbnailUrl\":\"https:\/\/www.camping-eden-savoie.com\/wp-content\/uploads\/2020\/06\/camping-savoie.jpg\",\"datePublished\":\"2016-02-15T07:28:25+00:00\",\"dateModified\":\"2023-10-19T14:56:11+00:00\",\"description\":\"Entdecken Sie alle Aktivit\u00e4ten, die im Sommer w\u00e4hrend Ihres Urlaubs in Savoie m\u00f6glich sind: Erfahren Sie alles \u00fcber Sommeraktivit\u00e4ten im Herzen der Berge\u00a0\",\"breadcrumb\":{\"@id\":\"https:\/\/www.camping-eden-savoie.com\/de\/sportliche-aktivitaeten-camping-haute-savoie\/#breadcrumb\"},\"inLanguage\":\"de\",\"potentialAction\":[{\"@type\":\"ReadAction\",\"target\":[\"https:\/\/www.camping-eden-savoie.com\/de\/sportliche-aktivitaeten-camping-haute-savoie\/\"]}]},{\"@type\":\"ImageObject\",\"inLanguage\":\"de\",\"@id\":\"https:\/\/www.camping-eden-savoie.com\/de\/sportliche-aktivitaeten-camping-haute-savoie\/#primaryimage\",\"url\":\"https:\/\/www.camping-eden-savoie.com\/wp-content\/uploads\/2020\/06\/camping-savoie.jpg\",\"contentUrl\":\"https:\/\/www.camping-eden-savoie.com\/wp-content\/uploads\/2020\/06\/camping-savoie.jpg\",\"width\":400,\"height\":350,\"caption\":\"camping savoie\"},{\"@type\":\"BreadcrumbList\",\"@id\":\"https:\/\/www.camping-eden-savoie.com\/de\/sportliche-aktivitaeten-camping-haute-savoie\/#breadcrumb\",\"itemListElement\":[{\"@type\":\"ListItem\",\"position\":1,\"name\":\"Camping Alpen, in Savoyen\",\"item\":\"https:\/\/www.camping-eden-savoie.com\/de\/\"},{\"@type\":\"ListItem\",\"position\":2,\"name\":\"Agenda und Ausfl\u00fcge in Savoyen\"}]},{\"@type\":\"WebSite\",\"@id\":\"https:\/\/www.camping-eden-savoie.com\/de\/#website\",\"url\":\"https:\/\/www.camping-eden-savoie.com\/de\/\",\"name\":\"Camping l&#039;Eden de la Vanoise\",\"description\":\"\",\"potentialAction\":[{\"@type\":\"SearchAction\",\"target\":{\"@type\":\"EntryPoint\",\"urlTemplate\":\"https:\/\/www.camping-eden-savoie.com\/de\/?s={search_term_string}\"},\"query-input\":{\"@type\":\"PropertyValueSpecification\",\"valueRequired\":true,\"valueName\":\"search_term_string\"}}],\"inLanguage\":\"de\"}]}<\/script>\n<!-- \/ Yoast SEO plugin. -->","yoast_head_json":{"title":"Sportliche Aktivit\u00e4ten Savoie im Sommer Freizeit in Savoie im Juli August\u00a0","description":"Entdecken Sie alle Aktivit\u00e4ten, die im Sommer w\u00e4hrend Ihres Urlaubs in Savoie m\u00f6glich sind: Erfahren Sie alles \u00fcber Sommeraktivit\u00e4ten im Herzen der Berge\u00a0","robots":{"index":"index","follow":"follow","max-snippet":"max-snippet:-1","max-image-preview":"max-image-preview:large","max-video-preview":"max-video-preview:-1"},"canonical":"https:\/\/www.camping-eden-savoie.com\/de\/sportliche-aktivitaeten-camping-haute-savoie\/","og_locale":"de_DE","og_type":"article","og_title":"Sportliche Aktivit\u00e4ten Savoie im Sommer Freizeit in Savoie im Juli August\u00a0","og_description":"Entdecken Sie alle Aktivit\u00e4ten, die im Sommer w\u00e4hrend Ihres Urlaubs in Savoie m\u00f6glich sind: Erfahren Sie alles \u00fcber Sommeraktivit\u00e4ten im Herzen der Berge\u00a0","og_url":"https:\/\/www.camping-eden-savoie.com\/de\/sportliche-aktivitaeten-camping-haute-savoie\/","og_site_name":"Camping l&#039;Eden de la Vanoise","article_modified_time":"2023-10-19T14:56:11+00:00","og_image":[{"width":400,"height":350,"url":"https:\/\/www.camping-eden-savoie.com\/wp-content\/uploads\/2020\/06\/camping-savoie.jpg","type":"image\/jpeg"}],"twitter_card":"summary_large_image","schema":{"@context":"https:\/\/schema.org","@graph":[{"@type":"WebPage","@id":"https:\/\/www.camping-eden-savoie.com\/de\/sportliche-aktivitaeten-camping-haute-savoie\/","url":"https:\/\/www.camping-eden-savoie.com\/de\/sportliche-aktivitaeten-camping-haute-savoie\/","name":"Sportliche Aktivit\u00e4ten Savoie im Sommer Freizeit in Savoie im Juli August\u00a0","isPartOf":{"@id":"https:\/\/www.camping-eden-savoie.com\/de\/#website"},"primaryImageOfPage":{"@id":"https:\/\/www.camping-eden-savoie.com\/de\/sportliche-aktivitaeten-camping-haute-savoie\/#primaryimage"},"image":{"@id":"https:\/\/www.camping-eden-savoie.com\/de\/sportliche-aktivitaeten-camping-haute-savoie\/#primaryimage"},"thumbnailUrl":"https:\/\/www.camping-eden-savoie.com\/wp-content\/uploads\/2020\/06\/camping-savoie.jpg","datePublished":"2016-02-15T07:28:25+00:00","dateModified":"2023-10-19T14:56:11+00:00","description":"Entdecken Sie alle Aktivit\u00e4ten, die im Sommer w\u00e4hrend Ihres Urlaubs in Savoie m\u00f6glich sind: Erfahren Sie alles \u00fcber Sommeraktivit\u00e4ten im Herzen der Berge\u00a0","breadcrumb":{"@id":"https:\/\/www.camping-eden-savoie.com\/de\/sportliche-aktivitaeten-camping-haute-savoie\/#breadcrumb"},"inLanguage":"de","potentialAction":[{"@type":"ReadAction","target":["https:\/\/www.camping-eden-savoie.com\/de\/sportliche-aktivitaeten-camping-haute-savoie\/"]}]},{"@type":"ImageObject","inLanguage":"de","@id":"https:\/\/www.camping-eden-savoie.com\/de\/sportliche-aktivitaeten-camping-haute-savoie\/#primaryimage","url":"https:\/\/www.camping-eden-savoie.com\/wp-content\/uploads\/2020\/06\/camping-savoie.jpg","contentUrl":"https:\/\/www.camping-eden-savoie.com\/wp-content\/uploads\/2020\/06\/camping-savoie.jpg","width":400,"height":350,"caption":"camping savoie"},{"@type":"BreadcrumbList","@id":"https:\/\/www.camping-eden-savoie.com\/de\/sportliche-aktivitaeten-camping-haute-savoie\/#breadcrumb","itemListElement":[{"@type":"ListItem","position":1,"name":"Camping Alpen, in Savoyen","item":"https:\/\/www.camping-eden-savoie.com\/de\/"},{"@type":"ListItem","position":2,"name":"Agenda und Ausfl\u00fcge in Savoyen"}]},{"@type":"WebSite","@id":"https:\/\/www.camping-eden-savoie.com\/de\/#website","url":"https:\/\/www.camping-eden-savoie.com\/de\/","name":"Camping l&#039;Eden de la Vanoise","description":"","potentialAction":[{"@type":"SearchAction","target":{"@type":"EntryPoint","urlTemplate":"https:\/\/www.camping-eden-savoie.com\/de\/?s={search_term_string}"},"query-input":{"@type":"PropertyValueSpecification","valueRequired":true,"valueName":"search_term_string"}}],"inLanguage":"de"}]}},"_links":{"self":[{"href":"https:\/\/www.camping-eden-savoie.com\/de\/wp-json\/wp\/v2\/pages\/981"}],"collection":[{"href":"https:\/\/www.camping-eden-savoie.com\/de\/wp-json\/wp\/v2\/pages"}],"about":[{"href":"https:\/\/www.camping-eden-savoie.com\/de\/wp-json\/wp\/v2\/types\/page"}],"author":[{"embeddable":true,"href":"https:\/\/www.camping-eden-savoie.com\/de\/wp-json\/wp\/v2\/users\/1"}],"replies":[{"embeddable":true,"href":"https:\/\/www.camping-eden-savoie.com\/de\/wp-json\/wp\/v2\/comments?post=981"}],"version-history":[{"count":11,"href":"https:\/\/www.camping-eden-savoie.com\/de\/wp-json\/wp\/v2\/pages\/981\/revisions"}],"predecessor-version":[{"id":10928,"href":"https:\/\/www.camping-eden-savoie.com\/de\/wp-json\/wp\/v2\/pages\/981\/revisions\/10928"}],"wp:featuredmedia":[{"embeddable":true,"href":"https:\/\/www.camping-eden-savoie.com\/de\/wp-json\/wp\/v2\/media\/392"}],"wp:attachment":[{"href":"https:\/\/www.camping-eden-savoie.com\/de\/wp-json\/wp\/v2\/media?parent=981"}],"curies":[{"name":"wp","href":"https:\/\/api.w.org\/{rel}","templated":true}]}}