{"id":978,"date":"2016-02-17T12:16:41","date_gmt":"2016-02-17T11:16:41","guid":{"rendered":"https:\/\/www.camping-eden-savoie.com\/de\/camping-station-de-ski\/"},"modified":"2023-10-19T17:00:10","modified_gmt":"2023-10-19T15:00:10","slug":"camping-ski","status":"publish","type":"page","link":"https:\/\/www.camping-eden-savoie.com\/de\/camping-ski\/","title":{"rendered":"Bez\u00fcglich des Skifahrens"},"content":{"rendered":"<section id=\"section-5f2ab25841fbb\"\" class=\"section bg-color1\" \/><div class=\"container extralarge\"><h1 class=\"element section-title center m-b-4\">Ski Camping in Savoyen<\/h1><\/div><\/section>\n\n<section id=\"section-5f2ab25842436\"\" class=\"section bg-color5 p-t-0 p-b-0\" \/><div class=\"container full\"><div class=\"colonnes-wrap valign-middle \"><div class=\"element colonne p-0\"><div class=\"element images scroll-x-mobile\"><div class=\"image\"><img decoding=\"async\" src=\"\" data-src=\"https:\/\/www.camping-eden-savoie.com\/wp-content\/uploads\/2020\/08\/station-de-ski-camping.jpg\" alt=\"station de ski camping\" class=\"images_image anime-zoom\" \/><\/div><\/div><\/div><div class=\"element colonne p-x-10 p-y-10\"><h2 class=\"element section-title justify\">Campingplatz Skigebiet<\/h2><div class=\"element bloc-text justify \">\n\t<p>Kombinieren Sie Ihren Skiurlaub mit Camping f\u00fcr die <strong class=\"bold color1\">Winterurlauber<\/strong>, indem Sie im <a href=\"\/de\/\">camping Alpen, in Savoyen<\/a> Eden de la Vanoise \u00fcbernachten.<\/p>\n<p>Das Open-Air-Hotel liegt im Herzen einer der sch\u00f6nsten Skidestinationen der Rh\u00f4ne-Alpes-Region, in der Haute Tarentaise und in der N\u00e4he der herrlichen lokalen Skigebiete und bildet das ideale Basislager f\u00fcr einen Ski- oder Bergurlaub.<\/p>\n<p>Ob in der Familie, in der Gruppe, in der Liebe oder sogar allein, Sie werden unvergessliche Ferien in dieser <strong class=\"bold color1\">Camping in Ski<\/strong> verbringen k\u00f6nnen. <\/p>\n<p>Der Campingplatz Eden de la Vanoise l\u00e4dt Sie ein, in ausgestatteten Bungalows oder kahlen Stellpl\u00e4tzen <strong class=\"bold color1\">sehr komfortabel<\/strong> f\u00fcr Ihren Campingurlaub auf Skiern zu \u00fcbernachten.<\/p>\n<p>Entdecken Sie auch unser camping caravaneige in Savoyen.<\/p>\n<p>Der Ski-Campingplatz bietet auch <strong class=\"bold color1\">verschiedene Dienstleistungen<\/strong>, um Ihren Aufenthalt zu versch\u00f6nern, Hallenbad und beheiztes Schwimmbad, Innen- und Au\u00dfenspielbereiche, Wifi, beheizter Raum, Servicebereiche und vieles mehr.<\/p>\n<p><strong class=\"bold color1\">skifahren ferien<\/strong> wie nirgendwo sonst dank dem camping Mont Blanc. <\/p>\n<p>Nutzen Sie Ihr Wochenende oder Ihren Winterurlaub, um die Skipisten hinunter zu sausen, Schneeschuhwandern oder Hundeschlittenfahrten zu unternehmen. Nehmen Sie sich die Zeit, die <strong class=\"bold color1\">au\u00dfergew\u00f6hnlichen Panoramen<\/strong> auf die wei\u00df gekleideten Berge zu bewundern.<\/p>\n<\/div><\/div><\/div><\/div><\/section>\n\n<section id=\"section-5f2aae2ae11ca\"\" class=\"section bg-color5 p-t-0 p-b-0\" \/><div class=\"container full\"><div class=\"colonnes-wrap valign-middle \"><div class=\"element colonne p-x-10 p-y-10\"><div class=\"element bloc-text justify \">\n\t<p>Sie k\u00f6nnen auch Spa\u00df beim Schneemannbauen oder bei Schneeballschlachten mit Ihrer Familie haben. Ob Sie Anf\u00e4nger, Amateur oder erfahrener Skifahrer sind, Sie sind in den Skigebieten willkommen. Mit den Skipassangeboten kommen Sie in den Genuss von Erm\u00e4\u00dfigungen auf domaine des Arcs oder La Plagne.<\/p>\n<p>Dar\u00fcber hinaus bedient ein <strong class=\"bold color1\">freier Shuttle<\/strong> den Campingplatz Sommer wie Winter, um die sch\u00f6nsten Pisten zu erreichen. Wenn Sie auf der Suche nach einem g\u00fcnstigen Skigebiet sind, werden Sie sich \u00fcber einen Aufenthalt im Eden de la Vanoise freuen. <\/p>\n<p>Eine F\u00fclle von Schneesportarten und anderen Aktivit\u00e4ten in den Bergen erwartet Sie in diesem h\u00fcbschen Camping-Skigebiet in den Alpen. Sie werden die Qual der Wahl haben.<\/p>\n<ul>\n<li><strong class=\"bold color1\">Alpinski<\/strong> : Nutzen Sie die Freuden den Skis in den verschiedenen Skiresorts in unserer Umgebung und im Skiresort Paradiski (Les Arcs, Peisey-Vallandry, La Plagne) und seinen 425 Km Skipisten f\u00fcr alle Niveaus, vom Anf\u00e4nger bis zum Profiskier. Sie k\u00f6nnen auf den, von Pistenw\u00e4rtern, abgegrenzten Naturpisten sicher Skilaufen. Jedoch werden die Pisten nicht gestanzt oder gegl\u00e4ttet, damit nichts die Authentizit\u00e4t des Gel\u00e4ndes beeintr\u00e4chtigt.<\/li>\n<li><strong class=\"bold color1\">Langlaufski, Nordic Ski und Biathlon<\/strong> : Der Mittelpunkt des Nordic Ski befindet sich in Peisey-Vallandry mit 42 Km Pisten im gesch\u00fctzten und wilden Tal von Rosuel.\n<\/li>\n<\/ul>\n<\/div><\/div><div class=\"element colonne p-0\"><div class=\"element images scroll-x-mobile\"><div class=\"image\"><img decoding=\"async\" src=\"\" data-src=\"https:\/\/www.camping-eden-savoie.com\/wp-content\/uploads\/2020\/08\/station-de-ski-savoie.jpg\" alt=\"station de ski savoie\" class=\"images_image anime-zoom\" \/><\/div><\/div><\/div><\/div><\/div><\/section>\n\n<section id=\"section-5f2ab2584292e\"\" class=\"section bg-white p-t-0 p-b-0\" \/><div class=\"container full\"><div class=\"element images scroll-x-mobile\"><div class=\"image\"><img decoding=\"async\" src=\"\" data-src=\"https:\/\/www.camping-eden-savoie.com\/wp-content\/uploads\/2020\/08\/camping-snowboard-savoie.jpg\" alt=\"camping snowboard savoie\" class=\"images_image\" \/><\/div><div class=\"image\"><img decoding=\"async\" src=\"\" data-src=\"https:\/\/www.camping-eden-savoie.com\/wp-content\/uploads\/2020\/08\/vacances-ski-les-arcs.jpg\" alt=\"vacances ski les arcs\" class=\"images_image\" \/><\/div><div class=\"image\"><img decoding=\"async\" src=\"\" data-src=\"https:\/\/www.camping-eden-savoie.com\/wp-content\/uploads\/2020\/08\/snowboard-savoie.jpg\" alt=\"snowboard savoie\" class=\"images_image\" \/><\/div><div class=\"image\"><img decoding=\"async\" src=\"\" data-src=\"https:\/\/www.camping-eden-savoie.com\/wp-content\/uploads\/2020\/08\/ski-savoie.jpg\" alt=\"ski savoie\" class=\"images_image\" \/><\/div><\/div><div class=\"element images scroll-x-mobile\"><div class=\"image\"><img decoding=\"async\" src=\"\" data-src=\"https:\/\/www.camping-eden-savoie.com\/wp-content\/uploads\/2020\/08\/camping-snowboard-en-savoie-.jpg\" alt=\"camping snowboard en savoie\" class=\"images_image\" \/><\/div><div class=\"image\"><img decoding=\"async\" src=\"\" data-src=\"https:\/\/www.camping-eden-savoie.com\/wp-content\/uploads\/2020\/08\/ski-alpin-savoie.jpg\" alt=\"ski alpin savoie\" class=\"images_image\" \/><\/div><div class=\"image\"><img decoding=\"async\" src=\"\" data-src=\"https:\/\/www.camping-eden-savoie.com\/wp-content\/uploads\/2020\/08\/surf-savoie.jpg\" alt=\"surf savoie\" class=\"images_image\" \/><\/div><div class=\"image\"><img decoding=\"async\" src=\"\" data-src=\"https:\/\/www.camping-eden-savoie.com\/wp-content\/uploads\/2020\/08\/vacances-savoie.jpg\" alt=\"espace aquatique hiver savoie\" class=\"images_image\" \/><\/div><\/div><\/div><\/section>\n\n<section id=\"section-last\"\" class=\"section bg-color5 p-t-0 p-b-0\" \/><div class=\"container full\"><div class=\"colonnes-wrap valign-middle \"><div class=\"element colonne p-0\"><div class=\"element images scroll-x-mobile\"><div class=\"image\"><img decoding=\"async\" src=\"\" data-src=\"https:\/\/www.camping-eden-savoie.com\/wp-content\/uploads\/2020\/08\/location-snowscoot.savoie.jpg\" alt=\"location snowscoot savoie\" class=\"images_image anime-zoom\" \/><\/div><\/div><\/div><div class=\"element colonne p-x-10 p-y-10\"><h2 class=\"element section-title justify\">Entdeckung eines neuen Fahrwerks<\/h2><div class=\"element bloc-text justify \">\n\t<ul>\n<li><strong class=\"bold color1\">Yooner<\/strong> : Dies ist eine wirkliche Einladung zum Gleitsport. Das Ger\u00e4t ist leicht, einfach zu lenken und sehr bequem, und beschafft sehr erstaunliche Gef\u00fchle. Sie sitzen bequem in Ihrem Sitz und k\u00f6nnen dank der Federung das Relief ausnutzen.\n<\/li>\n<li><strong class=\"bold color1\">SMX<\/strong> : Dies setzt sich als ein Muss in den Gleisportarten durch. Dieses Ger\u00e4t \u00e4hnelt einem BMX mit drei Ski: Ein kurzes Ski anstelle des Vorderrads und zwei hinten. Das Ganze ist mit Federn miteinander verbunden. Mit diesem Ger\u00e4t ist alles erlaubt: Akrobatik, spektakul\u00e4re Figuren, Spr\u00fcnge oder Schleifschritte usw\u2026<\/li>\n<li><strong class=\"bold color1\">Snowbike<\/strong> : Es handelt sich um ein Mountainbike mit Ski anstelle der R\u00e4der. Es ist sehr standhaft und erm\u00f6glicht Ihnen die Pisten sicher hinunter zu sausen.<\/li>\n<li><strong class=\"bold color1\">Snowscoot<\/strong> : Es handelt sich um ein Ger\u00e4t welches aus einem Rahmen, zwei Brettern \u2013 welche sehr Snowboardbrettern \u00e4hneln, einer Gabel und einer Lenkstange um das vordere Brett zu lenken, besteht Das hintere Brett ist am Rahmen befestigt und das vordere ist mit der Gabel verbunden. Eine weitere M\u00f6glichkeit die Freuden des Gleitsports auszunutzen.<\/li>\n<\/ul>\n<\/div><a href=\"\/wp-content\/uploads\/2020\/08\/plan-piste-ski-alpes.pdf\" title=\"Karte der Pisten\" class=\"element bouton center\" ><span>Karte der Pisten<\/span><\/a><\/div><\/div><\/div><\/section>\n\n<section id=\"section-5f2ab2584333c\"\" class=\"section bg-color1\" \/><div class=\"container extralarge\"><div class=\"element section-title center cta-title\">Entdecken Sie unseren Campingplatz im Winter<\/div><ul class=\"liste-de-page\"><li class=\"element call-to-action center cta-title call-to-action--style-1 call-to-action--normal\"><a href=\"https:\/\/www.camping-eden-savoie.com\/de\/sportliche-aktivitaeten-camping-haute-savoie\/\"  class=\"call-to-action_link\" title=\"Erfahren Sie mehr \u00fcber sommer-\/winter-kalender\"><div class=\"call-to-action_image\"><img decoding=\"async\" src=\"https:\/\/www.camping-eden-savoie.com\/wp-content\/uploads\/2020\/08\/camping-agenda-savoie-100x88.jpg\" data-src=\"https:\/\/www.camping-eden-savoie.com\/wp-content\/uploads\/2020\/08\/camping-agenda-savoie.jpg\" alt=\"camping agenda savoie\" class=\"normal\" \/><\/div><div class=\"call-to-action_contenu\"><div class=\"call-to-action_titre\">Sommer-\/Winter-Kalender<\/div><\/div><\/a><\/li><li class=\"element call-to-action center cta-title call-to-action--style-1 call-to-action--normal call-to-action--style-1 call-to-action--normal\"><a href=\"https:\/\/www.camping-eden-savoie.com\/de\/wintercamping\/\"  class=\"call-to-action_link\" title=\"Erfahren Sie mehr \u00fcber winter-camping\"><div class=\"call-to-action_image\"><img decoding=\"async\" src=\"https:\/\/www.camping-eden-savoie.com\/wp-content\/uploads\/2020\/08\/location-camping-hiver-100x88.jpg\" data-src=\"https:\/\/www.camping-eden-savoie.com\/wp-content\/uploads\/2020\/08\/location-camping-hiver.jpg\" alt=\"location camping hiver\" class=\"normal\" \/><\/div><div class=\"call-to-action_contenu\"><div class=\"call-to-action_titre\">Winter-Camping<\/div><\/div><\/a><\/li><\/ul><\/div><\/section>","protected":false},"excerpt":{"rendered":"","protected":false},"author":1,"featured_media":3939,"parent":0,"menu_order":0,"comment_status":"closed","ping_status":"closed","template":"","meta":{"_acf_changed":false,"footnotes":""},"class_list":["post-978","page","type-page","status-publish","has-post-thumbnail","hentry"],"acf":[],"yoast_head":"<!-- This site is optimized with the Yoast SEO plugin v25.3 - https:\/\/yoast.com\/wordpress\/plugins\/seo\/ -->\n<title>Ski camping : buchen Sie Ihren Stellplatz im Skigebiet - wintercamping<\/title>\n<meta name=\"description\" content=\"Buchen Sie jetzt Ihren Aufenthalt auf einem Campingplatz im Skigebiet. Entdecken Sie die Skigebiete der Savoyen von Ihrem Camping-Stellplatz aus!\" \/>\n<meta name=\"robots\" content=\"index, follow, max-snippet:-1, max-image-preview:large, max-video-preview:-1\" \/>\n<link rel=\"canonical\" href=\"https:\/\/www.camping-eden-savoie.com\/de\/camping-ski\/\" \/>\n<meta property=\"og:locale\" content=\"de_DE\" \/>\n<meta property=\"og:type\" content=\"article\" \/>\n<meta property=\"og:title\" content=\"Ski camping : buchen Sie Ihren Stellplatz im Skigebiet - wintercamping\" \/>\n<meta property=\"og:description\" content=\"Buchen Sie jetzt Ihren Aufenthalt auf einem Campingplatz im Skigebiet. Entdecken Sie die Skigebiete der Savoyen von Ihrem Camping-Stellplatz aus!\" \/>\n<meta property=\"og:url\" content=\"https:\/\/www.camping-eden-savoie.com\/de\/camping-ski\/\" \/>\n<meta property=\"og:site_name\" content=\"Camping l&#039;Eden de la Vanoise\" \/>\n<meta property=\"article:modified_time\" content=\"2023-10-19T15:00:10+00:00\" \/>\n<meta property=\"og:image\" content=\"https:\/\/www.camping-eden-savoie.com\/wp-content\/uploads\/2020\/08\/camping-hiver-savoie-1.jpg\" \/>\n\t<meta property=\"og:image:width\" content=\"1903\" \/>\n\t<meta property=\"og:image:height\" content=\"550\" \/>\n\t<meta property=\"og:image:type\" content=\"image\/jpeg\" \/>\n<meta name=\"twitter:card\" content=\"summary_large_image\" \/>\n<script type=\"application\/ld+json\" class=\"yoast-schema-graph\">{\"@context\":\"https:\/\/schema.org\",\"@graph\":[{\"@type\":\"WebPage\",\"@id\":\"https:\/\/www.camping-eden-savoie.com\/de\/camping-ski\/\",\"url\":\"https:\/\/www.camping-eden-savoie.com\/de\/camping-ski\/\",\"name\":\"Ski camping : buchen Sie Ihren Stellplatz im Skigebiet - wintercamping\",\"isPartOf\":{\"@id\":\"https:\/\/www.camping-eden-savoie.com\/de\/#website\"},\"primaryImageOfPage\":{\"@id\":\"https:\/\/www.camping-eden-savoie.com\/de\/camping-ski\/#primaryimage\"},\"image\":{\"@id\":\"https:\/\/www.camping-eden-savoie.com\/de\/camping-ski\/#primaryimage\"},\"thumbnailUrl\":\"https:\/\/www.camping-eden-savoie.com\/wp-content\/uploads\/2020\/08\/camping-hiver-savoie-1.jpg\",\"datePublished\":\"2016-02-17T11:16:41+00:00\",\"dateModified\":\"2023-10-19T15:00:10+00:00\",\"description\":\"Buchen Sie jetzt Ihren Aufenthalt auf einem Campingplatz im Skigebiet. Entdecken Sie die Skigebiete der Savoyen von Ihrem Camping-Stellplatz aus!\",\"breadcrumb\":{\"@id\":\"https:\/\/www.camping-eden-savoie.com\/de\/camping-ski\/#breadcrumb\"},\"inLanguage\":\"de\",\"potentialAction\":[{\"@type\":\"ReadAction\",\"target\":[\"https:\/\/www.camping-eden-savoie.com\/de\/camping-ski\/\"]}]},{\"@type\":\"ImageObject\",\"inLanguage\":\"de\",\"@id\":\"https:\/\/www.camping-eden-savoie.com\/de\/camping-ski\/#primaryimage\",\"url\":\"https:\/\/www.camping-eden-savoie.com\/wp-content\/uploads\/2020\/08\/camping-hiver-savoie-1.jpg\",\"contentUrl\":\"https:\/\/www.camping-eden-savoie.com\/wp-content\/uploads\/2020\/08\/camping-hiver-savoie-1.jpg\",\"width\":1903,\"height\":550,\"caption\":\"camping hiver savoie\"},{\"@type\":\"BreadcrumbList\",\"@id\":\"https:\/\/www.camping-eden-savoie.com\/de\/camping-ski\/#breadcrumb\",\"itemListElement\":[{\"@type\":\"ListItem\",\"position\":1,\"name\":\"Camping Alpen, in Savoyen\",\"item\":\"https:\/\/www.camping-eden-savoie.com\/de\/\"},{\"@type\":\"ListItem\",\"position\":2,\"name\":\"Camping auf den Skipisten\"}]},{\"@type\":\"WebSite\",\"@id\":\"https:\/\/www.camping-eden-savoie.com\/de\/#website\",\"url\":\"https:\/\/www.camping-eden-savoie.com\/de\/\",\"name\":\"Camping l&#039;Eden de la Vanoise\",\"description\":\"\",\"potentialAction\":[{\"@type\":\"SearchAction\",\"target\":{\"@type\":\"EntryPoint\",\"urlTemplate\":\"https:\/\/www.camping-eden-savoie.com\/de\/?s={search_term_string}\"},\"query-input\":{\"@type\":\"PropertyValueSpecification\",\"valueRequired\":true,\"valueName\":\"search_term_string\"}}],\"inLanguage\":\"de\"}]}<\/script>\n<!-- \/ Yoast SEO plugin. -->","yoast_head_json":{"title":"Ski camping : buchen Sie Ihren Stellplatz im Skigebiet - wintercamping","description":"Buchen Sie jetzt Ihren Aufenthalt auf einem Campingplatz im Skigebiet. Entdecken Sie die Skigebiete der Savoyen von Ihrem Camping-Stellplatz aus!","robots":{"index":"index","follow":"follow","max-snippet":"max-snippet:-1","max-image-preview":"max-image-preview:large","max-video-preview":"max-video-preview:-1"},"canonical":"https:\/\/www.camping-eden-savoie.com\/de\/camping-ski\/","og_locale":"de_DE","og_type":"article","og_title":"Ski camping : buchen Sie Ihren Stellplatz im Skigebiet - wintercamping","og_description":"Buchen Sie jetzt Ihren Aufenthalt auf einem Campingplatz im Skigebiet. Entdecken Sie die Skigebiete der Savoyen von Ihrem Camping-Stellplatz aus!","og_url":"https:\/\/www.camping-eden-savoie.com\/de\/camping-ski\/","og_site_name":"Camping l&#039;Eden de la Vanoise","article_modified_time":"2023-10-19T15:00:10+00:00","og_image":[{"width":1903,"height":550,"url":"https:\/\/www.camping-eden-savoie.com\/wp-content\/uploads\/2020\/08\/camping-hiver-savoie-1.jpg","type":"image\/jpeg"}],"twitter_card":"summary_large_image","schema":{"@context":"https:\/\/schema.org","@graph":[{"@type":"WebPage","@id":"https:\/\/www.camping-eden-savoie.com\/de\/camping-ski\/","url":"https:\/\/www.camping-eden-savoie.com\/de\/camping-ski\/","name":"Ski camping : buchen Sie Ihren Stellplatz im Skigebiet - wintercamping","isPartOf":{"@id":"https:\/\/www.camping-eden-savoie.com\/de\/#website"},"primaryImageOfPage":{"@id":"https:\/\/www.camping-eden-savoie.com\/de\/camping-ski\/#primaryimage"},"image":{"@id":"https:\/\/www.camping-eden-savoie.com\/de\/camping-ski\/#primaryimage"},"thumbnailUrl":"https:\/\/www.camping-eden-savoie.com\/wp-content\/uploads\/2020\/08\/camping-hiver-savoie-1.jpg","datePublished":"2016-02-17T11:16:41+00:00","dateModified":"2023-10-19T15:00:10+00:00","description":"Buchen Sie jetzt Ihren Aufenthalt auf einem Campingplatz im Skigebiet. Entdecken Sie die Skigebiete der Savoyen von Ihrem Camping-Stellplatz aus!","breadcrumb":{"@id":"https:\/\/www.camping-eden-savoie.com\/de\/camping-ski\/#breadcrumb"},"inLanguage":"de","potentialAction":[{"@type":"ReadAction","target":["https:\/\/www.camping-eden-savoie.com\/de\/camping-ski\/"]}]},{"@type":"ImageObject","inLanguage":"de","@id":"https:\/\/www.camping-eden-savoie.com\/de\/camping-ski\/#primaryimage","url":"https:\/\/www.camping-eden-savoie.com\/wp-content\/uploads\/2020\/08\/camping-hiver-savoie-1.jpg","contentUrl":"https:\/\/www.camping-eden-savoie.com\/wp-content\/uploads\/2020\/08\/camping-hiver-savoie-1.jpg","width":1903,"height":550,"caption":"camping hiver savoie"},{"@type":"BreadcrumbList","@id":"https:\/\/www.camping-eden-savoie.com\/de\/camping-ski\/#breadcrumb","itemListElement":[{"@type":"ListItem","position":1,"name":"Camping Alpen, in Savoyen","item":"https:\/\/www.camping-eden-savoie.com\/de\/"},{"@type":"ListItem","position":2,"name":"Camping auf den Skipisten"}]},{"@type":"WebSite","@id":"https:\/\/www.camping-eden-savoie.com\/de\/#website","url":"https:\/\/www.camping-eden-savoie.com\/de\/","name":"Camping l&#039;Eden de la Vanoise","description":"","potentialAction":[{"@type":"SearchAction","target":{"@type":"EntryPoint","urlTemplate":"https:\/\/www.camping-eden-savoie.com\/de\/?s={search_term_string}"},"query-input":{"@type":"PropertyValueSpecification","valueRequired":true,"valueName":"search_term_string"}}],"inLanguage":"de"}]}},"_links":{"self":[{"href":"https:\/\/www.camping-eden-savoie.com\/de\/wp-json\/wp\/v2\/pages\/978"}],"collection":[{"href":"https:\/\/www.camping-eden-savoie.com\/de\/wp-json\/wp\/v2\/pages"}],"about":[{"href":"https:\/\/www.camping-eden-savoie.com\/de\/wp-json\/wp\/v2\/types\/page"}],"author":[{"embeddable":true,"href":"https:\/\/www.camping-eden-savoie.com\/de\/wp-json\/wp\/v2\/users\/1"}],"replies":[{"embeddable":true,"href":"https:\/\/www.camping-eden-savoie.com\/de\/wp-json\/wp\/v2\/comments?post=978"}],"version-history":[{"count":15,"href":"https:\/\/www.camping-eden-savoie.com\/de\/wp-json\/wp\/v2\/pages\/978\/revisions"}],"predecessor-version":[{"id":10930,"href":"https:\/\/www.camping-eden-savoie.com\/de\/wp-json\/wp\/v2\/pages\/978\/revisions\/10930"}],"wp:featuredmedia":[{"embeddable":true,"href":"https:\/\/www.camping-eden-savoie.com\/de\/wp-json\/wp\/v2\/media\/3939"}],"wp:attachment":[{"href":"https:\/\/www.camping-eden-savoie.com\/de\/wp-json\/wp\/v2\/media?parent=978"}],"curies":[{"name":"wp","href":"https:\/\/api.w.org\/{rel}","templated":true}]}}