{"id":968,"date":"2016-01-15T09:52:18","date_gmt":"2016-01-15T08:52:18","guid":{"rendered":"https:\/\/www.camping-eden-savoie.com\/de\/infos-pratiques-camping-alpes\/"},"modified":"2023-05-13T15:28:56","modified_gmt":"2023-05-13T13:28:56","slug":"praktische-informationen-camping-alpes","status":"publish","type":"page","link":"https:\/\/www.camping-eden-savoie.com\/de\/praktische-informationen-camping-alpes\/","title":{"rendered":"Praktische Informationen"},"content":{"rendered":"<section id=\"section-5f2ab25841fbb\"\" class=\"section bg-color1\" \/><div class=\"container extralarge\"><h1 class=\"element section-title center m-b-4\">Praktische Informationen<\/h1><\/div><\/section>\n\n<section id=\"section-5f2ab25842436\"\" class=\"section bg-color5 p-t-0 p-b-0\" \/><div class=\"container full\"><div class=\"colonnes-wrap valign-middle \"><div class=\"element colonne p-0\"><div class=\"element images scroll-x-mobile\"><div class=\"image\"><img decoding=\"async\" src=\"\" data-src=\"https:\/\/www.camping-eden-savoie.com\/wp-content\/uploads\/2020\/08\/marche-en-savoie.jpg\" alt=\"marche en savoie\" class=\"images_image anime-zoom\" \/><\/div><\/div><\/div><div class=\"element colonne p-x-10 p-y-10\"><h2 class=\"element section-title justify\">Auf der Shop-Seite<\/h2><div class=\"element bloc-text justify \">\n\t<p>Falls Sir nur kleine Eink\u00e4ufe t\u00e4tigen m\u00f6chten finden Sie im Dorf einen kleinen Laden, 600 Meter vom Campingplatz entfernt. Dort werden Sie sicher das finden was Ihnen fehlt.<\/p>\n<p>F\u00fcr gr\u00f6\u00dfere Eink\u00e4ufe k\u00f6nnen Sie entweder nach Aime (6Km vom Campingplatz entfernt) fahren, dort finden Sie \u201eDia\u201c und \u201eCasino\u201c. Oder Sie fahren nach Bourg-Saint-Maurice (6Km vom Campingplatz entfernt), dort finden Sie \u201eSuper U\u201c, \u201eLidl\u201c, \u201eIntermarch\u00e9\u201c und \u201eDia\u201c.<\/p>\n<p>In diesen beiden St\u00e4dten finden Sie au\u00dferdem eine Vielzahl von kleinen Gesch\u00e4ften: Kleidung, Schmuck, Zigaretten-und Presseverkauf, Friseur, Souvenirs, usw\u2026<\/p>\n<\/div><h2 class=\"element section-title justify m-t-4\">Auf der Marktseite<\/h2><div class=\"element bloc-text justify \">\n\t<ul>\n<li><strong class=\"bold color1\">Montagmorgen<\/strong> : Val d\u00b4Is\u00e8re<\/li>\n<li><strong class=\"bold color1\">Dienstagmorgen<\/strong> : Mo\u00fbtiers<\/li>\n<li><strong class=\"bold color1\">Donnerstagmorgen<\/strong> : Aime, Seez, Tignes<\/li>\n<li><strong class=\"bold color1\">Freitagmorgen<\/strong> : Mo\u00fbtiers, Peisey-Nancroix<\/li>\n<li><strong class=\"bold color1\">Samstagmorgen<\/strong> : Bourg-st-Maurice, Bellentre, Macot La Plagne<\/li>\n<li><strong class=\"bold color1\">Sonntagmorgen<\/strong> : Peisey-Nancroix, Tignes<\/li>\n<\/ul>\n<\/div><\/div><\/div><\/div><\/section>\n\n<section id=\"section-5f2aae2ae11ca\"\" class=\"section bg-color5 p-t-0 p-b-0\" \/><div class=\"container full\"><div class=\"colonnes-wrap valign-middle \"><div class=\"element colonne p-x-10 p-y-10\"><h2 class=\"element section-title justify\">Auf der Restaurant-Seite<\/h2><div class=\"element bloc-text justify \">\n\t<p>Wenn Sie im Dorf von Landry bleiben, k\u00f6nnen Sie im Restaurant Col du Palet essen gehen (Bar-Restaurant sehr guter Qualit\u00e4t) welches jeden Tag mittags und Abend mit Reservierung ge\u00f6ffnet ha. Sie k\u00f6nnen au\u00dferdem bei der Freizeitbasis H2O essen gehen (von Mai bis August ge\u00f6ffnet) welche sich direkt gegen\u00fcber dem Campingplatz befindet. Dort k\u00f6nnen Sie von den wundervollen Terrassen profitieren.<\/p>\n<p>Unsere Lieblingsrestaurants:<\/p>\n<p><strong class=\"bold color1\">In Bourg-Saint-Maurice :<\/strong><\/p>\n<ul>\n<li>Das Restaurant \u00ab L\u2019arssiban \u00bb : Eine franz\u00f6sische sehr raffinierte K\u00fcche.<\/li>\n<li>Das restaurant &#8222;le refuge&#8220;, &#8222;le chalet&#8220; : lokales Essen.<\/li>\n<\/ul>\n<p><strong>In Montchavin :<\/strong><\/p>\n<ul>\n<li>Das Restaurant \u00ab La bovate\u00bb : lokales Essen.<\/li>\n<\/ul>\n<\/div><\/div><div class=\"element colonne p-0\"><div class=\"element images scroll-x-mobile\"><div class=\"image\"><img decoding=\"async\" src=\"\" data-src=\"https:\/\/www.camping-eden-savoie.com\/wp-content\/uploads\/2020\/08\/plat-restaurant-savoie.jpg\" alt=\"plat restaurant savoie\" class=\"images_image anime-zoom\" \/><\/div><\/div><\/div><\/div><\/div><\/section>\n\n<section id=\"section-5f2ab2584292e\"\" class=\"section bg-white p-t-0 p-b-0\" \/><div class=\"container full\"><div class=\"element images scroll-x-mobile\"><div class=\"image\"><img decoding=\"async\" src=\"\" data-src=\"https:\/\/www.camping-eden-savoie.com\/wp-content\/uploads\/2020\/08\/supermarche-savoie.jpg\" alt=\"supermarche savoie\" class=\"images_image\" \/><\/div><div class=\"image\"><img decoding=\"async\" src=\"\" data-src=\"https:\/\/www.camping-eden-savoie.com\/wp-content\/uploads\/2020\/08\/restaurant-savoie.jpg\" alt=\"restaurant savoie\" class=\"images_image\" \/><\/div><div class=\"image\"><img decoding=\"async\" src=\"\" data-src=\"https:\/\/www.camping-eden-savoie.com\/wp-content\/uploads\/2020\/08\/coiffeur-savoie.jpg\" alt=\"coiffeur savoie\" class=\"images_image\" \/><\/div><div class=\"image\"><img decoding=\"async\" src=\"\" data-src=\"https:\/\/www.camping-eden-savoie.com\/wp-content\/uploads\/2020\/08\/marche-savoie.jpg\" alt=\"marche savoie\" class=\"images_image\" \/><\/div><\/div><div class=\"element images scroll-x-mobile\"><div class=\"image\"><img decoding=\"async\" src=\"\" data-src=\"https:\/\/www.camping-eden-savoie.com\/wp-content\/uploads\/2020\/08\/camping-restaurant-savoie.jpg\" alt=\"camping restaurant savoie\" class=\"images_image\" \/><\/div><div class=\"image\"><img decoding=\"async\" src=\"\" data-src=\"https:\/\/www.camping-eden-savoie.com\/wp-content\/uploads\/2020\/08\/marche-bijoux-savoie.jpg\" alt=\"marche bijoux savoie\" class=\"images_image\" \/><\/div><div class=\"image\"><img decoding=\"async\" src=\"\" data-src=\"https:\/\/www.camping-eden-savoie.com\/wp-content\/uploads\/2020\/08\/info-pratique-eden-vanoise.jpg\" alt=\"info pratique eden vanoise\" class=\"images_image\" \/><\/div><div class=\"image\"><img decoding=\"async\" src=\"\" data-src=\"https:\/\/www.camping-eden-savoie.com\/wp-content\/uploads\/2020\/08\/marche-legume-savoie.jpg\" alt=\"marche legume savoie\" class=\"images_image\" \/><\/div><\/div><\/div><\/section>\n\n<section id=\"section-last\"\" class=\"section bg-color5 p-t-0 p-b-0\" \/><div class=\"container full\"><div class=\"colonnes-wrap valign-middle \"><div class=\"element colonne p-0\"><div class=\"element images scroll-x-mobile\"><div class=\"image\"><img decoding=\"async\" src=\"\" data-src=\"https:\/\/www.camping-eden-savoie.com\/wp-content\/uploads\/2020\/08\/pharmacie-savoie.jpg\" alt=\"pharmacie savoie\" class=\"images_image anime-zoom\" \/><\/div><\/div><\/div><div class=\"element colonne p-x-10 p-y-10\"><h2 class=\"element section-title justify\">Auf der Gesundheitsseite<\/h2><div class=\"element bloc-text justify \">\n\t<p>In der Hoffnung, dass Sie dies nicht ben\u00f6tigen werden, finden Sie jedoch eine Apotheke entweder in Aime (6 Km vom Campingplatz entfernt, in der N\u00e4he der Post), oder in Bourg-St-Maurice (6 Km vom Campingplatz entfernt: Entweder in der Fu\u00dfg\u00e4ngerzone oder in der Stra\u00dfe gegen\u00fcber des Bahnhofs).<\/p>\n<p>Au\u00dferdem finden Sie \u00c4rzte und Tier\u00e4rzte in beiden St\u00e4dten.<\/p>\n<\/div><h2 class=\"element section-title justify m-t-4\">N\u00fctzliche Seite<\/h2><div class=\"element bloc-text justify \">\n\t<p>Sie finden eine Post in Landry (600 Meter vom Campingplatz entfernt) welche sich direkt neben dem Rathaus befindet und welche Montags-Dienstags-Mittwochs-donnerstags-Freitags von 9:00 bis 11:30 Uhr ge\u00f6ffnet ist.<\/p>\n<\/div><\/div><\/div><\/div><\/section>\n\n<section id=\"section-5f2ab2584333c\"\" class=\"section bg-color1\" \/><div class=\"container extralarge\"><div class=\"element section-title center cta-title\">Entdecken Sie unsere Dienstleistungen<\/div><ul class=\"liste-de-page\"><li class=\"element call-to-action center cta-title call-to-action--style-1 call-to-action--normal\"><a href=\"https:\/\/www.camping-eden-savoie.com\/de\/camping-3-sterne-savoie\/\"  class=\"call-to-action_link\" title=\"Erfahren Sie mehr \u00fcber die dienste\"><div class=\"call-to-action_image\"><img decoding=\"async\" src=\"https:\/\/www.camping-eden-savoie.com\/wp-content\/uploads\/2020\/08\/services-au-camping-100x88.jpg\" data-src=\"https:\/\/www.camping-eden-savoie.com\/wp-content\/uploads\/2020\/08\/services-au-camping.jpg\" alt=\"\" class=\"normal\" \/><\/div><div class=\"call-to-action_contenu\"><div class=\"call-to-action_titre\">Die Dienste<\/div><\/div><\/a><\/li><li class=\"element call-to-action center cta-title call-to-action--style-1 call-to-action--normal call-to-action--style-1 call-to-action--normal\"><a href=\"https:\/\/www.camping-eden-savoie.com\/de\/freizeitgestaltung-camping-savoie\/\"  class=\"call-to-action_link\" title=\"Erfahren Sie mehr \u00fcber unterhaltung\"><div class=\"call-to-action_image\"><img decoding=\"async\" src=\"https:\/\/www.camping-eden-savoie.com\/wp-content\/uploads\/2020\/06\/animation-camping-savoie-100x88.jpg\" data-src=\"https:\/\/www.camping-eden-savoie.com\/wp-content\/uploads\/2020\/06\/animation-camping-savoie.jpg\" alt=\"animation camping savoie\" class=\"normal\" \/><\/div><div class=\"call-to-action_contenu\"><div class=\"call-to-action_titre\">Unterhaltung<\/div><\/div><\/a><\/li><li class=\"element call-to-action center cta-title call-to-action--style-1 call-to-action--normal call-to-action--style-1 call-to-action--normal call-to-action--style-1 call-to-action--normal\"><a href=\"https:\/\/www.camping-eden-savoie.com\/de\/camping-offenes-jahr-savoyen\/\"  class=\"call-to-action_link\" title=\"Erfahren Sie mehr \u00fcber treffen sie uns das ganze jahr \u00fcber\"><div class=\"call-to-action_image\"><img decoding=\"async\" src=\"https:\/\/www.camping-eden-savoie.com\/wp-content\/uploads\/2020\/08\/vacances-hiver-alpes-100x88.jpg\" data-src=\"https:\/\/www.camping-eden-savoie.com\/wp-content\/uploads\/2020\/08\/vacances-hiver-alpes.jpg\" alt=\"vacances hiver alpes\" class=\"normal\" \/><\/div><div class=\"call-to-action_contenu\"><div class=\"call-to-action_titre\">Treffen Sie uns das ganze Jahr \u00fcber<\/div><\/div><\/a><\/li><\/ul><\/div><\/section>","protected":false},"excerpt":{"rendered":"","protected":false},"author":1,"featured_media":3848,"parent":0,"menu_order":0,"comment_status":"closed","ping_status":"closed","template":"","meta":{"_acf_changed":false,"footnotes":""},"class_list":["post-968","page","type-page","status-publish","has-post-thumbnail","hentry"],"acf":[],"yoast_head":"<!-- This site is optimized with the Yoast SEO plugin v25.3 - https:\/\/yoast.com\/wordpress\/plugins\/seo\/ -->\n<title>Camping Savoie Alpen Campingplatz Karte, \u00dcbernachtungspreise<\/title>\n<meta name=\"description\" content=\"Praktische Informationen zum Campingplatz Eden Savoie: ideal f\u00fcr die Vorbereitung Ihres Aufenthalts auf dem Campingplatz in Haute-Savoie\u00a0\" \/>\n<meta name=\"robots\" content=\"index, follow, max-snippet:-1, max-image-preview:large, max-video-preview:-1\" \/>\n<link rel=\"canonical\" href=\"https:\/\/www.camping-eden-savoie.com\/de\/praktische-informationen-camping-alpes\/\" \/>\n<meta property=\"og:locale\" content=\"de_DE\" \/>\n<meta property=\"og:type\" content=\"article\" \/>\n<meta property=\"og:title\" content=\"Camping Savoie Alpen Campingplatz Karte, \u00dcbernachtungspreise\" \/>\n<meta property=\"og:description\" content=\"Praktische Informationen zum Campingplatz Eden Savoie: ideal f\u00fcr die Vorbereitung Ihres Aufenthalts auf dem Campingplatz in Haute-Savoie\u00a0\" \/>\n<meta property=\"og:url\" content=\"https:\/\/www.camping-eden-savoie.com\/de\/praktische-informationen-camping-alpes\/\" \/>\n<meta property=\"og:site_name\" content=\"Camping l&#039;Eden de la Vanoise\" \/>\n<meta property=\"article:modified_time\" content=\"2023-05-13T13:28:56+00:00\" \/>\n<meta property=\"og:image\" content=\"https:\/\/www.camping-eden-savoie.com\/wp-content\/uploads\/2020\/08\/restaurant-bar-savoie.jpg\" \/>\n\t<meta property=\"og:image:width\" content=\"1903\" \/>\n\t<meta property=\"og:image:height\" content=\"550\" \/>\n\t<meta property=\"og:image:type\" content=\"image\/jpeg\" \/>\n<meta name=\"twitter:card\" content=\"summary_large_image\" \/>\n<script type=\"application\/ld+json\" class=\"yoast-schema-graph\">{\"@context\":\"https:\/\/schema.org\",\"@graph\":[{\"@type\":\"WebPage\",\"@id\":\"https:\/\/www.camping-eden-savoie.com\/de\/praktische-informationen-camping-alpes\/\",\"url\":\"https:\/\/www.camping-eden-savoie.com\/de\/praktische-informationen-camping-alpes\/\",\"name\":\"Camping Savoie Alpen Campingplatz Karte, \u00dcbernachtungspreise\",\"isPartOf\":{\"@id\":\"https:\/\/www.camping-eden-savoie.com\/de\/#website\"},\"primaryImageOfPage\":{\"@id\":\"https:\/\/www.camping-eden-savoie.com\/de\/praktische-informationen-camping-alpes\/#primaryimage\"},\"image\":{\"@id\":\"https:\/\/www.camping-eden-savoie.com\/de\/praktische-informationen-camping-alpes\/#primaryimage\"},\"thumbnailUrl\":\"https:\/\/www.camping-eden-savoie.com\/wp-content\/uploads\/2020\/08\/restaurant-bar-savoie.jpg\",\"datePublished\":\"2016-01-15T08:52:18+00:00\",\"dateModified\":\"2023-05-13T13:28:56+00:00\",\"description\":\"Praktische Informationen zum Campingplatz Eden Savoie: ideal f\u00fcr die Vorbereitung Ihres Aufenthalts auf dem Campingplatz in Haute-Savoie\u00a0\",\"breadcrumb\":{\"@id\":\"https:\/\/www.camping-eden-savoie.com\/de\/praktische-informationen-camping-alpes\/#breadcrumb\"},\"inLanguage\":\"de\",\"potentialAction\":[{\"@type\":\"ReadAction\",\"target\":[\"https:\/\/www.camping-eden-savoie.com\/de\/praktische-informationen-camping-alpes\/\"]}]},{\"@type\":\"ImageObject\",\"inLanguage\":\"de\",\"@id\":\"https:\/\/www.camping-eden-savoie.com\/de\/praktische-informationen-camping-alpes\/#primaryimage\",\"url\":\"https:\/\/www.camping-eden-savoie.com\/wp-content\/uploads\/2020\/08\/restaurant-bar-savoie.jpg\",\"contentUrl\":\"https:\/\/www.camping-eden-savoie.com\/wp-content\/uploads\/2020\/08\/restaurant-bar-savoie.jpg\",\"width\":1903,\"height\":550,\"caption\":\"restaurant bar savoie\"},{\"@type\":\"BreadcrumbList\",\"@id\":\"https:\/\/www.camping-eden-savoie.com\/de\/praktische-informationen-camping-alpes\/#breadcrumb\",\"itemListElement\":[{\"@type\":\"ListItem\",\"position\":1,\"name\":\"Camping Alpen, in Savoyen\",\"item\":\"https:\/\/www.camping-eden-savoie.com\/de\/\"},{\"@type\":\"ListItem\",\"position\":2,\"name\":\"Praktische Informationen\"}]},{\"@type\":\"WebSite\",\"@id\":\"https:\/\/www.camping-eden-savoie.com\/de\/#website\",\"url\":\"https:\/\/www.camping-eden-savoie.com\/de\/\",\"name\":\"Camping l&#039;Eden de la Vanoise\",\"description\":\"\",\"potentialAction\":[{\"@type\":\"SearchAction\",\"target\":{\"@type\":\"EntryPoint\",\"urlTemplate\":\"https:\/\/www.camping-eden-savoie.com\/de\/?s={search_term_string}\"},\"query-input\":{\"@type\":\"PropertyValueSpecification\",\"valueRequired\":true,\"valueName\":\"search_term_string\"}}],\"inLanguage\":\"de\"}]}<\/script>\n<!-- \/ Yoast SEO plugin. -->","yoast_head_json":{"title":"Camping Savoie Alpen Campingplatz Karte, \u00dcbernachtungspreise","description":"Praktische Informationen zum Campingplatz Eden Savoie: ideal f\u00fcr die Vorbereitung Ihres Aufenthalts auf dem Campingplatz in Haute-Savoie\u00a0","robots":{"index":"index","follow":"follow","max-snippet":"max-snippet:-1","max-image-preview":"max-image-preview:large","max-video-preview":"max-video-preview:-1"},"canonical":"https:\/\/www.camping-eden-savoie.com\/de\/praktische-informationen-camping-alpes\/","og_locale":"de_DE","og_type":"article","og_title":"Camping Savoie Alpen Campingplatz Karte, \u00dcbernachtungspreise","og_description":"Praktische Informationen zum Campingplatz Eden Savoie: ideal f\u00fcr die Vorbereitung Ihres Aufenthalts auf dem Campingplatz in Haute-Savoie\u00a0","og_url":"https:\/\/www.camping-eden-savoie.com\/de\/praktische-informationen-camping-alpes\/","og_site_name":"Camping l&#039;Eden de la Vanoise","article_modified_time":"2023-05-13T13:28:56+00:00","og_image":[{"width":1903,"height":550,"url":"https:\/\/www.camping-eden-savoie.com\/wp-content\/uploads\/2020\/08\/restaurant-bar-savoie.jpg","type":"image\/jpeg"}],"twitter_card":"summary_large_image","schema":{"@context":"https:\/\/schema.org","@graph":[{"@type":"WebPage","@id":"https:\/\/www.camping-eden-savoie.com\/de\/praktische-informationen-camping-alpes\/","url":"https:\/\/www.camping-eden-savoie.com\/de\/praktische-informationen-camping-alpes\/","name":"Camping Savoie Alpen Campingplatz Karte, \u00dcbernachtungspreise","isPartOf":{"@id":"https:\/\/www.camping-eden-savoie.com\/de\/#website"},"primaryImageOfPage":{"@id":"https:\/\/www.camping-eden-savoie.com\/de\/praktische-informationen-camping-alpes\/#primaryimage"},"image":{"@id":"https:\/\/www.camping-eden-savoie.com\/de\/praktische-informationen-camping-alpes\/#primaryimage"},"thumbnailUrl":"https:\/\/www.camping-eden-savoie.com\/wp-content\/uploads\/2020\/08\/restaurant-bar-savoie.jpg","datePublished":"2016-01-15T08:52:18+00:00","dateModified":"2023-05-13T13:28:56+00:00","description":"Praktische Informationen zum Campingplatz Eden Savoie: ideal f\u00fcr die Vorbereitung Ihres Aufenthalts auf dem Campingplatz in Haute-Savoie\u00a0","breadcrumb":{"@id":"https:\/\/www.camping-eden-savoie.com\/de\/praktische-informationen-camping-alpes\/#breadcrumb"},"inLanguage":"de","potentialAction":[{"@type":"ReadAction","target":["https:\/\/www.camping-eden-savoie.com\/de\/praktische-informationen-camping-alpes\/"]}]},{"@type":"ImageObject","inLanguage":"de","@id":"https:\/\/www.camping-eden-savoie.com\/de\/praktische-informationen-camping-alpes\/#primaryimage","url":"https:\/\/www.camping-eden-savoie.com\/wp-content\/uploads\/2020\/08\/restaurant-bar-savoie.jpg","contentUrl":"https:\/\/www.camping-eden-savoie.com\/wp-content\/uploads\/2020\/08\/restaurant-bar-savoie.jpg","width":1903,"height":550,"caption":"restaurant bar savoie"},{"@type":"BreadcrumbList","@id":"https:\/\/www.camping-eden-savoie.com\/de\/praktische-informationen-camping-alpes\/#breadcrumb","itemListElement":[{"@type":"ListItem","position":1,"name":"Camping Alpen, in Savoyen","item":"https:\/\/www.camping-eden-savoie.com\/de\/"},{"@type":"ListItem","position":2,"name":"Praktische Informationen"}]},{"@type":"WebSite","@id":"https:\/\/www.camping-eden-savoie.com\/de\/#website","url":"https:\/\/www.camping-eden-savoie.com\/de\/","name":"Camping l&#039;Eden de la Vanoise","description":"","potentialAction":[{"@type":"SearchAction","target":{"@type":"EntryPoint","urlTemplate":"https:\/\/www.camping-eden-savoie.com\/de\/?s={search_term_string}"},"query-input":{"@type":"PropertyValueSpecification","valueRequired":true,"valueName":"search_term_string"}}],"inLanguage":"de"}]}},"_links":{"self":[{"href":"https:\/\/www.camping-eden-savoie.com\/de\/wp-json\/wp\/v2\/pages\/968"}],"collection":[{"href":"https:\/\/www.camping-eden-savoie.com\/de\/wp-json\/wp\/v2\/pages"}],"about":[{"href":"https:\/\/www.camping-eden-savoie.com\/de\/wp-json\/wp\/v2\/types\/page"}],"author":[{"embeddable":true,"href":"https:\/\/www.camping-eden-savoie.com\/de\/wp-json\/wp\/v2\/users\/1"}],"replies":[{"embeddable":true,"href":"https:\/\/www.camping-eden-savoie.com\/de\/wp-json\/wp\/v2\/comments?post=968"}],"version-history":[{"count":11,"href":"https:\/\/www.camping-eden-savoie.com\/de\/wp-json\/wp\/v2\/pages\/968\/revisions"}],"predecessor-version":[{"id":10176,"href":"https:\/\/www.camping-eden-savoie.com\/de\/wp-json\/wp\/v2\/pages\/968\/revisions\/10176"}],"wp:featuredmedia":[{"embeddable":true,"href":"https:\/\/www.camping-eden-savoie.com\/de\/wp-json\/wp\/v2\/media\/3848"}],"wp:attachment":[{"href":"https:\/\/www.camping-eden-savoie.com\/de\/wp-json\/wp\/v2\/media?parent=968"}],"curies":[{"name":"wp","href":"https:\/\/api.w.org\/{rel}","templated":true}]}}