{"id":965,"date":"2016-01-15T09:51:14","date_gmt":"2016-01-15T08:51:14","guid":{"rendered":"https:\/\/www.camping-eden-savoie.com\/de\/animations-camping-savoie\/"},"modified":"2024-04-05T10:48:59","modified_gmt":"2024-04-05T08:48:59","slug":"freizeitgestaltung-camping-savoie","status":"publish","type":"page","link":"https:\/\/www.camping-eden-savoie.com\/de\/freizeitgestaltung-camping-savoie\/","title":{"rendered":"Freizeitgestaltung"},"content":{"rendered":"<section id=\"section-5f2ab25841fbb\"\" class=\"section bg-color1\" \/><div class=\"container extralarge\"><h1 class=\"element section-title center m-b-4\">Animationen auf dem Campingplatz<\/h1><\/div><\/section>\n\n<section id=\"section-5f2ab25842436\"\" class=\"section bg-color5 p-t-0 p-b-0\" \/><div class=\"container full\"><div class=\"colonnes-wrap valign-middle \"><div class=\"element colonne p-0\"><div class=\"element images scroll-x-mobile\"><div class=\"image\"><img decoding=\"async\" src=\"\" data-src=\"https:\/\/www.camping-eden-savoie.com\/wp-content\/uploads\/2020\/08\/babyfoot-activite-savoie.jpg\" alt=\"babyfoot activit\u00e9 savoie\" class=\"images_image anime-zoom\" \/><\/div><\/div><\/div><div class=\"element colonne p-x-10 p-y-10\"><h2 class=\"element section-title justify\">Animationen und Freizeitaktivit\u00e4ten auf dem Campingplatz<\/h2><div class=\"element bloc-text justify \">\n\t<p>Wir empfangen Sie fr\u00fch morgens, bis zum Ende des Tages und laden Sie ein Ihren Urlaub voll und ganz auszunutzen, zu jeden Zeitpunkt bei einem Kaffee, einem Fr\u00fchst\u00fcck, einem Cocktail oder einem Essen.<\/p>\n<p>Teilen Sie einen Moment Gl\u00fcck mit Ihren Kindern, Ihren Freunden, Ihrer Familie rund um ein Tischtennisspiel, ein Billardspiel, ein Eis oder schauen Sie sich eines der \u00fcbertragenen Fernsehereignisse an.<\/p>\n<p>Freizeitaktivit\u00e4ten im Kuli und August : themenbezogene Essen.<\/p>\n<p>Sie brauchen Ruhe? Kein Problem, die Gesamtheit unserer Getr\u00e4nke und Speisen, k\u00f6nnen mitgenommen werden.<\/p>\n<\/div><\/div><\/div><\/div><\/section>\n\n<section id=\"section-5f2aae2ae11ca\"\" class=\"section bg-color5 p-t-0 p-b-0\" \/><div class=\"container full\"><div class=\"colonnes-wrap valign-middle \"><div class=\"element colonne p-x-10 p-y-10\"><h2 class=\"element section-title justify\">Empfangs-Gef\u00e4\u00df<\/h2><div class=\"element bloc-text justify \">\n\t<p>Happy Hour : Genie\u00dfen Sie einen geselligen Moment : -50% auf alle Ihre Getr\u00e4nke (spezielle Happy-Hour-Karte).<\/p>\n<p>Es handelt sich um ein geselliges Beisammensein welches Ihnen erm\u00f6glicht Informationen zu bekommen, Ihren Nachbarn, Ihren Freunden und Landsleuten zu sprechen.<\/p>\n<p>Der wilkommen happy hour findet jeden Montag von 18:30 bis 19:30 Uhr (im Juli und August).<\/p>\n<\/div><\/div><div class=\"element colonne p-0\"><div class=\"element images scroll-x-mobile\"><div class=\"image\"><img decoding=\"async\" src=\"\" data-src=\"https:\/\/www.camping-eden-savoie.com\/wp-content\/uploads\/2020\/08\/pot-accueil-camping-savoie.jpg\" alt=\"pot accueil camping savoie\" class=\"images_image anime-zoom\" \/><\/div><\/div><\/div><\/div><\/div><\/section>\n\n<section id=\"section-5f2ab2584292e\"\" class=\"section bg-white p-t-0 p-b-0\" \/><div class=\"container full\"><div class=\"element images scroll-x-mobile\"><div class=\"image\"><img decoding=\"async\" src=\"\" data-src=\"https:\/\/www.camping-eden-savoie.com\/wp-content\/uploads\/2020\/08\/camping-plan-eau-savoie.jpg\" alt=\"camping plan eau savoie\" class=\"images_image\" \/><\/div><div class=\"image\"><img decoding=\"async\" src=\"\" data-src=\"https:\/\/www.camping-eden-savoie.com\/wp-content\/uploads\/2020\/08\/pot-accueil-savoie.jpg\" alt=\"pot accueil savoie\" class=\"images_image\" \/><\/div><div class=\"image\"><img decoding=\"async\" src=\"\" data-src=\"https:\/\/www.camping-eden-savoie.com\/wp-content\/uploads\/2020\/08\/animations-famille-savoie.jpg\" alt=\"animations famille savoie\" class=\"images_image\" \/><\/div><div class=\"image\"><img decoding=\"async\" src=\"\" data-src=\"https:\/\/www.camping-eden-savoie.com\/wp-content\/uploads\/2020\/08\/camping-billard-savoie.jpg\" alt=\"camping billard savoie\" class=\"images_image\" \/><\/div><\/div><div class=\"element images scroll-x-mobile\"><div class=\"image\"><img decoding=\"async\" src=\"\" data-src=\"https:\/\/www.camping-eden-savoie.com\/wp-content\/uploads\/2020\/08\/massage-savoie.jpg\" alt=\"massage savoie\" class=\"images_image\" \/><\/div><div class=\"image\"><img decoding=\"async\" src=\"\" data-src=\"https:\/\/www.camping-eden-savoie.com\/wp-content\/uploads\/2020\/08\/camping-activite-savoie.jpg\" alt=\"camping activite savoie\" class=\"images_image\" \/><\/div><div class=\"image\"><img decoding=\"async\" src=\"\" data-src=\"https:\/\/www.camping-eden-savoie.com\/wp-content\/uploads\/2020\/08\/activite-proche-camping.jpg\" alt=\"activit\u00e9 proche camping\" class=\"images_image\" \/><\/div><div class=\"image\"><img decoding=\"async\" src=\"\" data-src=\"https:\/\/www.camping-eden-savoie.com\/wp-content\/uploads\/2020\/08\/camping-massage-savoie.jpg\" alt=\"camping massage savoie\" class=\"images_image\" \/><\/div><\/div><\/div><\/section>\n\n<section id=\"section-last\"\" class=\"section bg-color5 p-t-0 p-b-0\" \/><div class=\"container full\"><div class=\"colonnes-wrap valign-middle \"><div class=\"element colonne p-0\"><div class=\"element images scroll-x-mobile\"><div class=\"image\"><img decoding=\"async\" src=\"\" data-src=\"https:\/\/www.camping-eden-savoie.com\/wp-content\/uploads\/2020\/08\/camping-concert-savoie.jpg\" alt=\"camping concert savoie\" class=\"images_image anime-zoom\" \/><\/div><\/div><\/div><div class=\"element colonne p-x-10 p-y-10\"><h2 class=\"element section-title justify\">Animationen<\/h2><div class=\"element bloc-text justify \">\n\t<p>Nur im Juli und August.<\/p>\n<p>1X\/Woche bis 22 Uhr k\u00f6nnen Sie bei Mondschein in einem Nachtschwimmbad schwimmen: ein geselliger Moment, den Sie mit Freunden oder der Familie teilen k\u00f6nnen: 20H-21H f\u00fcr Kinder (-18 Jahre) und 21H-22H f\u00fcr Erwachsene (+18 Jahre).<\/p>\n<p>Wir organisieren im Sommer 5 Konzert im Juli und August :<\/p>\n<ul>\n<li>Freitag 19\/07 : SUN7<\/li>\n<li>Freitag 26\/07 : LANDRY MUSIQUE ANIMATION<\/li>\n<li>Freitag 02\/08 : SUN7<\/li>\n<li>Freitag 09\/08 : LANDRY MUSIQUE ANIMATION<\/li>\n<li>Freitag 16\/08 : SUN7<\/li>\n<\/ul>\n<p>Wir organisieren au\u00dferdem 1x pro Woche Wassergymnastik im Pool und 1x pro Woche Yoga.<\/p>\n<p>Sie k\u00f6nnen auch 4 Karaoke-Sitzungen genie\u00dfen :<\/p>\n<ul>\n<li>Sonntag 21\/07<\/li>\n<li>Sonntag 28\/07<\/li>\n<li>Sonntag 04\/08<\/li>\n<li>Sonntag 11\/08<\/li>\n<\/ul>\n<p>&nbsp;<\/p>\n<\/div><\/div><\/div><\/div><\/section>\n\n<section id=\"section-last-row\"\" class=\"section bg-color5 p-t-0 p-b-0\" \/><div class=\"container full\"><div class=\"colonnes-wrap valign-middle \"><div class=\"element colonne p-x-10 p-y-10\"><h2 class=\"element section-title justify\">Taufen beim Tauchen<\/h2><div class=\"element bloc-text justify \">\n\t<p>Eine gepr\u00fcfte Tauchlehrerin wird bei jedem unserer Begr\u00fc\u00dfungscocktails anwesend sein und schl\u00e4gt Ihnen, nach Reservierung, Tauchtaufen im Pool vor.<br \/>\nDiese finden immer freitags ab 19:30 Uhr statt.<\/p>\n<\/div><h2 class=\"element section-title justify m-t-4\">\u00c4sthetische Behandlungen und Massagen<\/h2><div class=\"element bloc-text justify \">\n\t<p>Enthaarung, Gesichtspflege, Manik\u00fcre, Pedicure, Massage : Es sind w\u00e4hrend unseres Begr\u00fc\u00dfungscocktails eine Kosmetikerin und eine Masseuse anwesend und schlagen Ihnen, nach Reservierung ihre Dienstleistungen vor.<\/p>\n<\/div><\/div><div class=\"element colonne p-0\"><div class=\"element images scroll-x-mobile\"><div class=\"image\"><img decoding=\"async\" src=\"\" data-src=\"https:\/\/www.camping-eden-savoie.com\/wp-content\/uploads\/2020\/08\/camping-plongee-savoie.jpg\" alt=\"camping plong\u00e9e savoie\" class=\"images_image anime-zoom\" \/><\/div><\/div><\/div><\/div><\/div><\/section>\n\n<section id=\"section-5f2ab2584333c\"\" class=\"section bg-color1\" \/><div class=\"container extralarge\"><div class=\"element section-title center cta-title\">Unsere Dienstleistungen auf dem Campingplatz Eden Vanoise<\/div><ul class=\"liste-de-page\"><li class=\"element call-to-action center cta-title call-to-action--style-1 call-to-action--normal\"><a href=\"https:\/\/www.camping-eden-savoie.com\/de\/camping-3-sterne-savoie\/\"  class=\"call-to-action_link\" title=\"Erfahren Sie mehr \u00fcber die dienste\"><div class=\"call-to-action_image\"><img decoding=\"async\" src=\"https:\/\/www.camping-eden-savoie.com\/wp-content\/uploads\/2020\/08\/services-au-camping-100x88.jpg\" data-src=\"https:\/\/www.camping-eden-savoie.com\/wp-content\/uploads\/2020\/08\/services-au-camping.jpg\" alt=\"\" class=\"normal\" \/><\/div><div class=\"call-to-action_contenu\"><div class=\"call-to-action_titre\">Die Dienste<\/div><\/div><\/a><\/li><li class=\"element call-to-action center cta-title call-to-action--style-1 call-to-action--normal call-to-action--style-1 call-to-action--normal\"><a href=\"https:\/\/www.camping-eden-savoie.com\/de\/praktische-informationen-camping-alpes\/\"  class=\"call-to-action_link\" title=\"Erfahren Sie mehr \u00fcber praktische informationen\"><div class=\"call-to-action_image\"><img decoding=\"async\" src=\"https:\/\/www.camping-eden-savoie.com\/wp-content\/uploads\/2020\/08\/bar-savoie-100x88.jpg\" data-src=\"https:\/\/www.camping-eden-savoie.com\/wp-content\/uploads\/2020\/08\/bar-savoie.jpg\" alt=\"bar savoie\" class=\"normal\" \/><\/div><div class=\"call-to-action_contenu\"><div class=\"call-to-action_titre\">Praktische Informationen<\/div><\/div><\/a><\/li><li class=\"element call-to-action center cta-title call-to-action--style-1 call-to-action--normal call-to-action--style-1 call-to-action--normal call-to-action--style-1 call-to-action--normal\"><a href=\"https:\/\/www.camping-eden-savoie.com\/de\/camping-offenes-jahr-savoyen\/\"  class=\"call-to-action_link\" title=\"Erfahren Sie mehr \u00fcber treffen sie uns das ganze jahr \u00fcber\"><div class=\"call-to-action_image\"><img decoding=\"async\" src=\"https:\/\/www.camping-eden-savoie.com\/wp-content\/uploads\/2020\/08\/vacances-hiver-alpes-100x88.jpg\" data-src=\"https:\/\/www.camping-eden-savoie.com\/wp-content\/uploads\/2020\/08\/vacances-hiver-alpes.jpg\" alt=\"vacances hiver alpes\" class=\"normal\" \/><\/div><div class=\"call-to-action_contenu\"><div class=\"call-to-action_titre\">Treffen Sie uns das ganze Jahr \u00fcber<\/div><\/div><\/a><\/li><\/ul><\/div><\/section>","protected":false},"excerpt":{"rendered":"","protected":false},"author":1,"featured_media":3761,"parent":0,"menu_order":0,"comment_status":"closed","ping_status":"closed","template":"","meta":{"_acf_changed":false,"footnotes":""},"class_list":["post-965","page","type-page","status-publish","has-post-thumbnail","hentry"],"acf":[],"yoast_head":"<!-- This site is optimized with the Yoast SEO plugin v25.3 - https:\/\/yoast.com\/wordpress\/plugins\/seo\/ -->\n<title>Camping mit Animationen Alpen in Savoyen, See von Annecy<\/title>\n<meta name=\"description\" content=\"Erfahren Sie mehr \u00fcber die Aktivit\u00e4ten, die auf dem Campingplatz Eden Savoie angeboten werden: Die Aktivit\u00e4ten auf dem Campingplatz bieten Ihnen die M\u00f6glichkeit, die Familie in vollen Z\u00fcgen zu genie\u00dfen\u00a0\" \/>\n<meta name=\"robots\" content=\"index, follow, max-snippet:-1, max-image-preview:large, max-video-preview:-1\" \/>\n<link rel=\"canonical\" href=\"https:\/\/www.camping-eden-savoie.com\/de\/freizeitgestaltung-camping-savoie\/\" \/>\n<meta property=\"og:locale\" content=\"de_DE\" \/>\n<meta property=\"og:type\" content=\"article\" \/>\n<meta property=\"og:title\" content=\"Camping mit Animationen Alpen in Savoyen, See von Annecy\" \/>\n<meta property=\"og:description\" content=\"Erfahren Sie mehr \u00fcber die Aktivit\u00e4ten, die auf dem Campingplatz Eden Savoie angeboten werden: Die Aktivit\u00e4ten auf dem Campingplatz bieten Ihnen die M\u00f6glichkeit, die Familie in vollen Z\u00fcgen zu genie\u00dfen\u00a0\" \/>\n<meta property=\"og:url\" content=\"https:\/\/www.camping-eden-savoie.com\/de\/freizeitgestaltung-camping-savoie\/\" \/>\n<meta property=\"og:site_name\" content=\"Camping l&#039;Eden de la Vanoise\" \/>\n<meta property=\"article:modified_time\" content=\"2024-04-05T08:48:59+00:00\" \/>\n<meta property=\"og:image\" content=\"https:\/\/www.camping-eden-savoie.com\/wp-content\/uploads\/2020\/08\/animations-camping-savoie.jpg\" \/>\n\t<meta property=\"og:image:width\" content=\"1903\" \/>\n\t<meta property=\"og:image:height\" content=\"550\" \/>\n\t<meta property=\"og:image:type\" content=\"image\/jpeg\" \/>\n<meta name=\"twitter:card\" content=\"summary_large_image\" \/>\n<meta name=\"twitter:label1\" content=\"Gesch\u00e4tzte Lesezeit\" \/>\n\t<meta name=\"twitter:data1\" content=\"1\u00a0Minute\" \/>\n<script type=\"application\/ld+json\" class=\"yoast-schema-graph\">{\"@context\":\"https:\/\/schema.org\",\"@graph\":[{\"@type\":\"WebPage\",\"@id\":\"https:\/\/www.camping-eden-savoie.com\/de\/freizeitgestaltung-camping-savoie\/\",\"url\":\"https:\/\/www.camping-eden-savoie.com\/de\/freizeitgestaltung-camping-savoie\/\",\"name\":\"Camping mit Animationen Alpen in Savoyen, See von Annecy\",\"isPartOf\":{\"@id\":\"https:\/\/www.camping-eden-savoie.com\/de\/#website\"},\"primaryImageOfPage\":{\"@id\":\"https:\/\/www.camping-eden-savoie.com\/de\/freizeitgestaltung-camping-savoie\/#primaryimage\"},\"image\":{\"@id\":\"https:\/\/www.camping-eden-savoie.com\/de\/freizeitgestaltung-camping-savoie\/#primaryimage\"},\"thumbnailUrl\":\"https:\/\/www.camping-eden-savoie.com\/wp-content\/uploads\/2020\/08\/animations-camping-savoie.jpg\",\"datePublished\":\"2016-01-15T08:51:14+00:00\",\"dateModified\":\"2024-04-05T08:48:59+00:00\",\"description\":\"Erfahren Sie mehr \u00fcber die Aktivit\u00e4ten, die auf dem Campingplatz Eden Savoie angeboten werden: Die Aktivit\u00e4ten auf dem Campingplatz bieten Ihnen die M\u00f6glichkeit, die Familie in vollen Z\u00fcgen zu genie\u00dfen\u00a0\",\"breadcrumb\":{\"@id\":\"https:\/\/www.camping-eden-savoie.com\/de\/freizeitgestaltung-camping-savoie\/#breadcrumb\"},\"inLanguage\":\"de\",\"potentialAction\":[{\"@type\":\"ReadAction\",\"target\":[\"https:\/\/www.camping-eden-savoie.com\/de\/freizeitgestaltung-camping-savoie\/\"]}]},{\"@type\":\"ImageObject\",\"inLanguage\":\"de\",\"@id\":\"https:\/\/www.camping-eden-savoie.com\/de\/freizeitgestaltung-camping-savoie\/#primaryimage\",\"url\":\"https:\/\/www.camping-eden-savoie.com\/wp-content\/uploads\/2020\/08\/animations-camping-savoie.jpg\",\"contentUrl\":\"https:\/\/www.camping-eden-savoie.com\/wp-content\/uploads\/2020\/08\/animations-camping-savoie.jpg\",\"width\":1903,\"height\":550,\"caption\":\"babyfoot activit\u00e9 savoie\"},{\"@type\":\"BreadcrumbList\",\"@id\":\"https:\/\/www.camping-eden-savoie.com\/de\/freizeitgestaltung-camping-savoie\/#breadcrumb\",\"itemListElement\":[{\"@type\":\"ListItem\",\"position\":1,\"name\":\"Camping Alpen, in Savoyen\",\"item\":\"https:\/\/www.camping-eden-savoie.com\/de\/\"},{\"@type\":\"ListItem\",\"position\":2,\"name\":\"Animationen und Freizeitaktivit\u00e4ten\"}]},{\"@type\":\"WebSite\",\"@id\":\"https:\/\/www.camping-eden-savoie.com\/de\/#website\",\"url\":\"https:\/\/www.camping-eden-savoie.com\/de\/\",\"name\":\"Camping l&#039;Eden de la Vanoise\",\"description\":\"\",\"potentialAction\":[{\"@type\":\"SearchAction\",\"target\":{\"@type\":\"EntryPoint\",\"urlTemplate\":\"https:\/\/www.camping-eden-savoie.com\/de\/?s={search_term_string}\"},\"query-input\":{\"@type\":\"PropertyValueSpecification\",\"valueRequired\":true,\"valueName\":\"search_term_string\"}}],\"inLanguage\":\"de\"}]}<\/script>\n<!-- \/ Yoast SEO plugin. -->","yoast_head_json":{"title":"Camping mit Animationen Alpen in Savoyen, See von Annecy","description":"Erfahren Sie mehr \u00fcber die Aktivit\u00e4ten, die auf dem Campingplatz Eden Savoie angeboten werden: Die Aktivit\u00e4ten auf dem Campingplatz bieten Ihnen die M\u00f6glichkeit, die Familie in vollen Z\u00fcgen zu genie\u00dfen\u00a0","robots":{"index":"index","follow":"follow","max-snippet":"max-snippet:-1","max-image-preview":"max-image-preview:large","max-video-preview":"max-video-preview:-1"},"canonical":"https:\/\/www.camping-eden-savoie.com\/de\/freizeitgestaltung-camping-savoie\/","og_locale":"de_DE","og_type":"article","og_title":"Camping mit Animationen Alpen in Savoyen, See von Annecy","og_description":"Erfahren Sie mehr \u00fcber die Aktivit\u00e4ten, die auf dem Campingplatz Eden Savoie angeboten werden: Die Aktivit\u00e4ten auf dem Campingplatz bieten Ihnen die M\u00f6glichkeit, die Familie in vollen Z\u00fcgen zu genie\u00dfen\u00a0","og_url":"https:\/\/www.camping-eden-savoie.com\/de\/freizeitgestaltung-camping-savoie\/","og_site_name":"Camping l&#039;Eden de la Vanoise","article_modified_time":"2024-04-05T08:48:59+00:00","og_image":[{"width":1903,"height":550,"url":"https:\/\/www.camping-eden-savoie.com\/wp-content\/uploads\/2020\/08\/animations-camping-savoie.jpg","type":"image\/jpeg"}],"twitter_card":"summary_large_image","twitter_misc":{"Gesch\u00e4tzte Lesezeit":"1\u00a0Minute"},"schema":{"@context":"https:\/\/schema.org","@graph":[{"@type":"WebPage","@id":"https:\/\/www.camping-eden-savoie.com\/de\/freizeitgestaltung-camping-savoie\/","url":"https:\/\/www.camping-eden-savoie.com\/de\/freizeitgestaltung-camping-savoie\/","name":"Camping mit Animationen Alpen in Savoyen, See von Annecy","isPartOf":{"@id":"https:\/\/www.camping-eden-savoie.com\/de\/#website"},"primaryImageOfPage":{"@id":"https:\/\/www.camping-eden-savoie.com\/de\/freizeitgestaltung-camping-savoie\/#primaryimage"},"image":{"@id":"https:\/\/www.camping-eden-savoie.com\/de\/freizeitgestaltung-camping-savoie\/#primaryimage"},"thumbnailUrl":"https:\/\/www.camping-eden-savoie.com\/wp-content\/uploads\/2020\/08\/animations-camping-savoie.jpg","datePublished":"2016-01-15T08:51:14+00:00","dateModified":"2024-04-05T08:48:59+00:00","description":"Erfahren Sie mehr \u00fcber die Aktivit\u00e4ten, die auf dem Campingplatz Eden Savoie angeboten werden: Die Aktivit\u00e4ten auf dem Campingplatz bieten Ihnen die M\u00f6glichkeit, die Familie in vollen Z\u00fcgen zu genie\u00dfen\u00a0","breadcrumb":{"@id":"https:\/\/www.camping-eden-savoie.com\/de\/freizeitgestaltung-camping-savoie\/#breadcrumb"},"inLanguage":"de","potentialAction":[{"@type":"ReadAction","target":["https:\/\/www.camping-eden-savoie.com\/de\/freizeitgestaltung-camping-savoie\/"]}]},{"@type":"ImageObject","inLanguage":"de","@id":"https:\/\/www.camping-eden-savoie.com\/de\/freizeitgestaltung-camping-savoie\/#primaryimage","url":"https:\/\/www.camping-eden-savoie.com\/wp-content\/uploads\/2020\/08\/animations-camping-savoie.jpg","contentUrl":"https:\/\/www.camping-eden-savoie.com\/wp-content\/uploads\/2020\/08\/animations-camping-savoie.jpg","width":1903,"height":550,"caption":"babyfoot activit\u00e9 savoie"},{"@type":"BreadcrumbList","@id":"https:\/\/www.camping-eden-savoie.com\/de\/freizeitgestaltung-camping-savoie\/#breadcrumb","itemListElement":[{"@type":"ListItem","position":1,"name":"Camping Alpen, in Savoyen","item":"https:\/\/www.camping-eden-savoie.com\/de\/"},{"@type":"ListItem","position":2,"name":"Animationen und Freizeitaktivit\u00e4ten"}]},{"@type":"WebSite","@id":"https:\/\/www.camping-eden-savoie.com\/de\/#website","url":"https:\/\/www.camping-eden-savoie.com\/de\/","name":"Camping l&#039;Eden de la Vanoise","description":"","potentialAction":[{"@type":"SearchAction","target":{"@type":"EntryPoint","urlTemplate":"https:\/\/www.camping-eden-savoie.com\/de\/?s={search_term_string}"},"query-input":{"@type":"PropertyValueSpecification","valueRequired":true,"valueName":"search_term_string"}}],"inLanguage":"de"}]}},"_links":{"self":[{"href":"https:\/\/www.camping-eden-savoie.com\/de\/wp-json\/wp\/v2\/pages\/965"}],"collection":[{"href":"https:\/\/www.camping-eden-savoie.com\/de\/wp-json\/wp\/v2\/pages"}],"about":[{"href":"https:\/\/www.camping-eden-savoie.com\/de\/wp-json\/wp\/v2\/types\/page"}],"author":[{"embeddable":true,"href":"https:\/\/www.camping-eden-savoie.com\/de\/wp-json\/wp\/v2\/users\/1"}],"replies":[{"embeddable":true,"href":"https:\/\/www.camping-eden-savoie.com\/de\/wp-json\/wp\/v2\/comments?post=965"}],"version-history":[{"count":31,"href":"https:\/\/www.camping-eden-savoie.com\/de\/wp-json\/wp\/v2\/pages\/965\/revisions"}],"predecessor-version":[{"id":13612,"href":"https:\/\/www.camping-eden-savoie.com\/de\/wp-json\/wp\/v2\/pages\/965\/revisions\/13612"}],"wp:featuredmedia":[{"embeddable":true,"href":"https:\/\/www.camping-eden-savoie.com\/de\/wp-json\/wp\/v2\/media\/3761"}],"wp:attachment":[{"href":"https:\/\/www.camping-eden-savoie.com\/de\/wp-json\/wp\/v2\/media?parent=965"}],"curies":[{"name":"wp","href":"https:\/\/api.w.org\/{rel}","templated":true}]}}