{"id":959,"date":"2016-01-15T09:48:50","date_gmt":"2016-01-15T08:48:50","guid":{"rendered":"https:\/\/www.camping-eden-savoie.com\/de\/camping-en-savoie-avec-piscine\/"},"modified":"2022-12-15T14:53:16","modified_gmt":"2022-12-15T13:53:16","slug":"camping-savoie-swimmingpool","status":"publish","type":"page","link":"https:\/\/www.camping-eden-savoie.com\/de\/camping-savoie-swimmingpool\/","title":{"rendered":"Swimmingpool"},"content":{"rendered":"<section id=\"section-5f2ab25841fbb\"\" class=\"section bg-color1\" \/><div class=\"container extralarge\"><h1 class=\"element section-title center m-b-4\">Ihr Campingplatz mit Wasserfl\u00e4che in Savoyen<\/h1><div class=\"element bloc-text center \">\n\t<p>Wir bieten Ihnen einen Pool welcher das ganze Jahr zug\u00e4nglich ist mit einer Wassertemperatur zwischen 28 und 32 Grad. Der <a href=\"\/de\/\">Campingplatz Eden de la Vanoise<\/a> bietet Ihnen einen \u00fcberdachten und geheizten Swimming Pool das ganze Jahr \u00fcber.<\/p>\n<p>Im Winter nach einem Tag Skilaufen k\u00f6nnen Sie sich in einem 30-32 Grad warmen Wasser mit Blick auf die eingeschneiten Gipfel entspannen.<\/p>\n<\/div><\/div><\/section>\n\n<section id=\"section-5f2ab25842436\"\" class=\"section bg-color5 p-t-0 p-b-0\" \/><div class=\"container full\"><div class=\"colonnes-wrap valign-middle \"><div class=\"element colonne p-0\"><div class=\"element images scroll-x-mobile\"><div class=\"image\"><img decoding=\"async\" src=\"\" data-src=\"https:\/\/www.camping-eden-savoie.com\/wp-content\/uploads\/2022\/01\/piscine-eden-savoie-licorne.jpg\" alt=\"camping piscine savoie\" class=\"images_image anime-zoom\" \/><\/div><\/div><\/div><div class=\"element colonne p-x-10 p-y-10\"><h2 class=\"element section-title justify\">Beheiztes Schwimmbad in Savoyen<\/h2><div class=\"element bloc-text justify \">\n\t<p>Im Sommer, k\u00f6nnen Sie nach dem Wandern im 28-30 Grad warmen Wasser schwimmen und sich ebenfalls an unserem sch\u00f6nen Strand sonnen.<\/p>\n<p>Was gibt es besseres als die Freunde des Schwimmens mit Blick auf die wundervollen Berglandschaften auszunutzen?<\/p>\n<p>Der Swimmingpool ist das ganze Jahr von 16:00 Uhr bis 19:00 Uhr (20:00 w\u00e4hrend der Schulferien) bis M\u00e4rz, von 9:00 Uhr bis 19:00 Uhr von April bis Juni und im September und von 9:00 Uhr bis 20:00 Uhr im Juli und August ge\u00f6ffnet.<\/p>\n<p>Kinder m\u00fcssen obligatorisch von Ihren Eltern begleitet werden.<\/p>\n<\/div><\/div><\/div><\/div><\/section>\n\n<section id=\"section-5f2ab2584292e\"\" class=\"section bg-white p-t-0 p-b-0\" \/><div class=\"container full\"><div class=\"element images scroll-x-mobile\"><div class=\"image\"><img decoding=\"async\" src=\"\" data-src=\"https:\/\/www.camping-eden-savoie.com\/wp-content\/uploads\/2022\/01\/piscine-eden-bandeau-repos.jpg\" alt=\"piscine savoie\" class=\"images_image\" \/><\/div><div class=\"image\"><img decoding=\"async\" src=\"\" data-src=\"https:\/\/www.camping-eden-savoie.com\/wp-content\/uploads\/2022\/01\/piscine-eden-bandeau-montagne.jpg\" alt=\"piscine couverte chauff\u00e9e savoie\" class=\"images_image\" \/><\/div><div class=\"image\"><img decoding=\"async\" src=\"\" data-src=\"https:\/\/www.camping-eden-savoie.com\/wp-content\/uploads\/2022\/01\/piscine-eden-bandeau-soiree.jpg\" alt=\"camping piscine chauff\u00e9e hiver savoie\" class=\"images_image\" \/><\/div><div class=\"image\"><img decoding=\"async\" src=\"\" data-src=\"https:\/\/www.camping-eden-savoie.com\/wp-content\/uploads\/2022\/01\/piscine-eden-bandeau-licorne.jpg\" alt=\"camping espace aquatique savoie\" class=\"images_image\" \/><\/div><\/div><div class=\"element images scroll-x-mobile\"><div class=\"image\"><img decoding=\"async\" src=\"\" data-src=\"https:\/\/www.camping-eden-savoie.com\/wp-content\/uploads\/2022\/01\/piscine-eden-bandeau-transat.jpg\" alt=\"camping piscine chauff\u00e9e savoie\" class=\"images_image\" \/><\/div><div class=\"image\"><img decoding=\"async\" src=\"\" data-src=\"https:\/\/www.camping-eden-savoie.com\/wp-content\/uploads\/2022\/01\/piscine-eden-bandeau-terrasse.jpg\" alt=\"espace aquatique hiver savoie\" class=\"images_image\" \/><\/div><div class=\"image\"><img decoding=\"async\" src=\"\" data-src=\"https:\/\/www.camping-eden-savoie.com\/wp-content\/uploads\/2022\/01\/piscine-eden-bandeau-ext.jpg\" alt=\"espace aquatique savoie\" class=\"images_image\" \/><\/div><div class=\"image\"><img decoding=\"async\" src=\"\" data-src=\"https:\/\/www.camping-eden-savoie.com\/wp-content\/uploads\/2022\/01\/piscine-eden-bandeau-nuit.jpg\" alt=\"piscine couverte savoie\" class=\"images_image\" \/><\/div><\/div><\/div><\/section>\n\n<section id=\"section-5f2aae2ae11ca\"\" class=\"section bg-color5 p-t-0 p-b-0\" \/><div class=\"container full\"><div class=\"colonnes-wrap valign-middle \"><div class=\"element colonne p-x-10 p-y-10\"><h2 class=\"element section-title justify\">Campingplatz mit Schwimmbad in Savoyen<\/h2><div class=\"element bloc-text justify \">\n\t<p>Der Campingplatz Eden de la Vanoise ist der ideale Ort f\u00fcr einen erholsamen Urlaub oder einen aktiven Urlaub in Savoyen. Dank seiner privilegierten Lage ist dieser Campingplatz mit Schwimmbad in Savoie ein ausgezeichneter Ausgangspunkt, um die Berge und die Region zu verschiedenen Jahreszeiten im Freien zu entdecken. <\/p>\n<p>Der sch\u00f6ne Wasserpark, eine Einrichtung, die Spa\u00df und Entspannung bietet, wird Liebhaber von Schwimmen und Entspannung begeistern. Sie k\u00f6nnen den beheizten Innenpool mit Ihrer Familie w\u00e4hrend Ihrer Ruhepausen frei genie\u00dfen, unabh\u00e4ngig davon, ob Sie die Vermietung von Mobilheimen, m\u00f6blierten Zelten oder Campingpl\u00e4tzen gew\u00e4hlt haben.<\/p>\n<p>Der Pool ist der Raum, wo sich die Mieter des Campingplatzes treffen, um sich zu entspannen und Spa\u00df zu haben. Im Herzen des Landguts Eden Vanoise bietet es ein au\u00dfergew\u00f6hnliches Panorama der umliegenden Berglandschaften. Das Wasser wird \u00fcber die Jahreszeiten hinweg angenehm warm gehalten, so dass das Baden auch im Winter angenehm ist.<\/p>\n<\/div><\/div><div class=\"element colonne p-0\"><div class=\"element images scroll-x-mobile\"><div class=\"image\"><img decoding=\"async\" src=\"\" data-src=\"https:\/\/www.camping-eden-savoie.com\/wp-content\/uploads\/2022\/01\/piscine-eden-soiree.jpg\" alt=\"piscine enfant savoie\" class=\"images_image anime-zoom\" \/><\/div><\/div><\/div><\/div><\/div><\/section>\n\n<section id=\"section-last\"\" class=\"section bg-color5 p-t-0 p-b-0\" \/><div class=\"container full\"><div class=\"colonnes-wrap valign-middle \"><div class=\"element colonne p-0\"><div class=\"element images scroll-x-mobile\"><div class=\"image\"><img decoding=\"async\" src=\"\" data-src=\"https:\/\/www.camping-eden-savoie.com\/wp-content\/uploads\/2022\/01\/piscine-eden-exterieur.jpg\" alt=\"piscine d\u00e9tente savoie\" class=\"images_image anime-zoom\" \/><\/div><\/div><\/div><div class=\"element colonne p-x-10 p-y-10\"><div class=\"element bloc-text justify \">\n\t<p>Um den Tag zu beginnen oder nach einem anstrengenden Tag die Savoie zu erkunden, schwer zu widerstehen, eine kleine Passage im beheizten Innenpool. An sonnigen Tagen sch\u00e4tzen Camper vor allem die Sonnenliegen auf den Liegest\u00fchlen und den Strand am Pool. Das Ganze ist nur einen Steinwurf von Ihrer Ferienwohnung entfernt. Camper auf der Suche nach Campingpl\u00e4tzen in den Bergen mit Schwimmb\u00e4dern werden nicht entt\u00e4uscht sein.<\/p>\n<p>Dieser Savoy Campingplatz mit Swimmingpool bietet Urlaubern freien Zugang zum \u00fcberdachten und beheizten Pool. <\/p>\n<p>Es ist zu allen Jahreszeiten von 9.00 bis 20.00 Uhr ge\u00f6ffnet Beachten Sie, dass es nicht \u00fcberwacht wird, Eltern sind verpflichtet, ihre Nachkommen zu \u00fcberwachen. Der Savoie Campingplatz mit Hallenbad bietet viele andere spa\u00dfige und sportliche Einrichtungen f\u00fcr einen Urlaub voller Erinnerungen.<\/p>\n<\/div><\/div><\/div><\/div><\/section>\n\n<section id=\"section-5f2ab2584333c\"\" class=\"section bg-color1\" \/><div class=\"container extralarge\"><div class=\"element section-title center cta-title\">Unsere Dienstleistungen auf dem Campingplatz Eden Vanoise<\/div><ul class=\"liste-de-page\"><li class=\"element call-to-action center cta-title call-to-action--style-1 call-to-action--normal\"><a href=\"https:\/\/www.camping-eden-savoie.com\/de\/camping-3-sterne-savoie\/\"  class=\"call-to-action_link\" title=\"Erfahren Sie mehr \u00fcber die dienste\"><div class=\"call-to-action_image\"><img decoding=\"async\" src=\"https:\/\/www.camping-eden-savoie.com\/wp-content\/uploads\/2020\/08\/services-au-camping-100x88.jpg\" data-src=\"https:\/\/www.camping-eden-savoie.com\/wp-content\/uploads\/2020\/08\/services-au-camping.jpg\" alt=\"\" class=\"normal\" \/><\/div><div class=\"call-to-action_contenu\"><div class=\"call-to-action_titre\">Die Dienste<\/div><\/div><\/a><\/li><li class=\"element call-to-action center cta-title call-to-action--style-1 call-to-action--normal call-to-action--style-1 call-to-action--normal\"><a href=\"https:\/\/www.camping-eden-savoie.com\/de\/freizeitgestaltung-camping-savoie\/\"  class=\"call-to-action_link\" title=\"Erfahren Sie mehr \u00fcber unterhaltung\"><div class=\"call-to-action_image\"><img decoding=\"async\" src=\"https:\/\/www.camping-eden-savoie.com\/wp-content\/uploads\/2020\/06\/animation-camping-savoie-100x88.jpg\" data-src=\"https:\/\/www.camping-eden-savoie.com\/wp-content\/uploads\/2020\/06\/animation-camping-savoie.jpg\" alt=\"animation camping savoie\" class=\"normal\" \/><\/div><div class=\"call-to-action_contenu\"><div class=\"call-to-action_titre\">Unterhaltung<\/div><\/div><\/a><\/li><li class=\"element call-to-action center cta-title call-to-action--style-1 call-to-action--normal call-to-action--style-1 call-to-action--normal call-to-action--style-1 call-to-action--normal\"><a href=\"https:\/\/www.camping-eden-savoie.com\/de\/camping-offenes-jahr-savoyen\/\"  class=\"call-to-action_link\" title=\"Erfahren Sie mehr \u00fcber treffen sie uns das ganze jahr \u00fcber\"><div class=\"call-to-action_image\"><img decoding=\"async\" src=\"https:\/\/www.camping-eden-savoie.com\/wp-content\/uploads\/2020\/08\/vacances-hiver-alpes-100x88.jpg\" data-src=\"https:\/\/www.camping-eden-savoie.com\/wp-content\/uploads\/2020\/08\/vacances-hiver-alpes.jpg\" alt=\"vacances hiver alpes\" class=\"normal\" \/><\/div><div class=\"call-to-action_contenu\"><div class=\"call-to-action_titre\">Treffen Sie uns das ganze Jahr \u00fcber<\/div><\/div><\/a><\/li><\/ul><\/div><\/section>","protected":false},"excerpt":{"rendered":"","protected":false},"author":1,"featured_media":3381,"parent":0,"menu_order":0,"comment_status":"closed","ping_status":"closed","template":"","meta":{"_acf_changed":false,"footnotes":""},"class_list":["post-959","page","type-page","status-publish","has-post-thumbnail","hentry"],"acf":[],"yoast_head":"<!-- This site is optimized with the Yoast SEO plugin v25.3 - https:\/\/yoast.com\/wordpress\/plugins\/seo\/ -->\n<title>Savoie Camping mit Pool - Camping mit Wasserpark Savoie<\/title>\n<meta name=\"description\" content=\"Entdecken Sie alle Annehmlichkeiten unseres Wassergebiets: Campingplatz Savoie mit \u00fcberdachtem und beheiztem Pool, um Ihren Aufenthalt in vollen Z\u00fcgen zu genie\u00dfen\u00a0\" \/>\n<meta name=\"robots\" content=\"index, follow, max-snippet:-1, max-image-preview:large, max-video-preview:-1\" \/>\n<link rel=\"canonical\" href=\"https:\/\/www.camping-eden-savoie.com\/de\/camping-savoie-swimmingpool\/\" \/>\n<meta property=\"og:locale\" content=\"de_DE\" \/>\n<meta property=\"og:type\" content=\"article\" \/>\n<meta property=\"og:title\" content=\"Savoie Camping mit Pool - Camping mit Wasserpark Savoie\" \/>\n<meta property=\"og:description\" content=\"Entdecken Sie alle Annehmlichkeiten unseres Wassergebiets: Campingplatz Savoie mit \u00fcberdachtem und beheiztem Pool, um Ihren Aufenthalt in vollen Z\u00fcgen zu genie\u00dfen\u00a0\" \/>\n<meta property=\"og:url\" content=\"https:\/\/www.camping-eden-savoie.com\/de\/camping-savoie-swimmingpool\/\" \/>\n<meta property=\"og:site_name\" content=\"Camping l&#039;Eden de la Vanoise\" \/>\n<meta property=\"article:modified_time\" content=\"2022-12-15T13:53:16+00:00\" \/>\n<meta name=\"twitter:card\" content=\"summary_large_image\" \/>\n<script type=\"application\/ld+json\" class=\"yoast-schema-graph\">{\"@context\":\"https:\/\/schema.org\",\"@graph\":[{\"@type\":\"WebPage\",\"@id\":\"https:\/\/www.camping-eden-savoie.com\/de\/camping-savoie-swimmingpool\/\",\"url\":\"https:\/\/www.camping-eden-savoie.com\/de\/camping-savoie-swimmingpool\/\",\"name\":\"Savoie Camping mit Pool - Camping mit Wasserpark Savoie\",\"isPartOf\":{\"@id\":\"https:\/\/www.camping-eden-savoie.com\/de\/#website\"},\"primaryImageOfPage\":{\"@id\":\"https:\/\/www.camping-eden-savoie.com\/de\/camping-savoie-swimmingpool\/#primaryimage\"},\"image\":{\"@id\":\"https:\/\/www.camping-eden-savoie.com\/de\/camping-savoie-swimmingpool\/#primaryimage\"},\"thumbnailUrl\":\"\",\"datePublished\":\"2016-01-15T08:48:50+00:00\",\"dateModified\":\"2022-12-15T13:53:16+00:00\",\"description\":\"Entdecken Sie alle Annehmlichkeiten unseres Wassergebiets: Campingplatz Savoie mit \u00fcberdachtem und beheiztem Pool, um Ihren Aufenthalt in vollen Z\u00fcgen zu genie\u00dfen\u00a0\",\"breadcrumb\":{\"@id\":\"https:\/\/www.camping-eden-savoie.com\/de\/camping-savoie-swimmingpool\/#breadcrumb\"},\"inLanguage\":\"de\",\"potentialAction\":[{\"@type\":\"ReadAction\",\"target\":[\"https:\/\/www.camping-eden-savoie.com\/de\/camping-savoie-swimmingpool\/\"]}]},{\"@type\":\"ImageObject\",\"inLanguage\":\"de\",\"@id\":\"https:\/\/www.camping-eden-savoie.com\/de\/camping-savoie-swimmingpool\/#primaryimage\",\"url\":\"\",\"contentUrl\":\"\"},{\"@type\":\"BreadcrumbList\",\"@id\":\"https:\/\/www.camping-eden-savoie.com\/de\/camping-savoie-swimmingpool\/#breadcrumb\",\"itemListElement\":[{\"@type\":\"ListItem\",\"position\":1,\"name\":\"Camping Alpen, in Savoyen\",\"item\":\"https:\/\/www.camping-eden-savoie.com\/de\/\"},{\"@type\":\"ListItem\",\"position\":2,\"name\":\"Campingplatz mit Schwimmbad Savoie\"}]},{\"@type\":\"WebSite\",\"@id\":\"https:\/\/www.camping-eden-savoie.com\/de\/#website\",\"url\":\"https:\/\/www.camping-eden-savoie.com\/de\/\",\"name\":\"Camping l&#039;Eden de la Vanoise\",\"description\":\"\",\"potentialAction\":[{\"@type\":\"SearchAction\",\"target\":{\"@type\":\"EntryPoint\",\"urlTemplate\":\"https:\/\/www.camping-eden-savoie.com\/de\/?s={search_term_string}\"},\"query-input\":{\"@type\":\"PropertyValueSpecification\",\"valueRequired\":true,\"valueName\":\"search_term_string\"}}],\"inLanguage\":\"de\"}]}<\/script>\n<!-- \/ Yoast SEO plugin. -->","yoast_head_json":{"title":"Savoie Camping mit Pool - Camping mit Wasserpark Savoie","description":"Entdecken Sie alle Annehmlichkeiten unseres Wassergebiets: Campingplatz Savoie mit \u00fcberdachtem und beheiztem Pool, um Ihren Aufenthalt in vollen Z\u00fcgen zu genie\u00dfen\u00a0","robots":{"index":"index","follow":"follow","max-snippet":"max-snippet:-1","max-image-preview":"max-image-preview:large","max-video-preview":"max-video-preview:-1"},"canonical":"https:\/\/www.camping-eden-savoie.com\/de\/camping-savoie-swimmingpool\/","og_locale":"de_DE","og_type":"article","og_title":"Savoie Camping mit Pool - Camping mit Wasserpark Savoie","og_description":"Entdecken Sie alle Annehmlichkeiten unseres Wassergebiets: Campingplatz Savoie mit \u00fcberdachtem und beheiztem Pool, um Ihren Aufenthalt in vollen Z\u00fcgen zu genie\u00dfen\u00a0","og_url":"https:\/\/www.camping-eden-savoie.com\/de\/camping-savoie-swimmingpool\/","og_site_name":"Camping l&#039;Eden de la Vanoise","article_modified_time":"2022-12-15T13:53:16+00:00","twitter_card":"summary_large_image","schema":{"@context":"https:\/\/schema.org","@graph":[{"@type":"WebPage","@id":"https:\/\/www.camping-eden-savoie.com\/de\/camping-savoie-swimmingpool\/","url":"https:\/\/www.camping-eden-savoie.com\/de\/camping-savoie-swimmingpool\/","name":"Savoie Camping mit Pool - Camping mit Wasserpark Savoie","isPartOf":{"@id":"https:\/\/www.camping-eden-savoie.com\/de\/#website"},"primaryImageOfPage":{"@id":"https:\/\/www.camping-eden-savoie.com\/de\/camping-savoie-swimmingpool\/#primaryimage"},"image":{"@id":"https:\/\/www.camping-eden-savoie.com\/de\/camping-savoie-swimmingpool\/#primaryimage"},"thumbnailUrl":"","datePublished":"2016-01-15T08:48:50+00:00","dateModified":"2022-12-15T13:53:16+00:00","description":"Entdecken Sie alle Annehmlichkeiten unseres Wassergebiets: Campingplatz Savoie mit \u00fcberdachtem und beheiztem Pool, um Ihren Aufenthalt in vollen Z\u00fcgen zu genie\u00dfen\u00a0","breadcrumb":{"@id":"https:\/\/www.camping-eden-savoie.com\/de\/camping-savoie-swimmingpool\/#breadcrumb"},"inLanguage":"de","potentialAction":[{"@type":"ReadAction","target":["https:\/\/www.camping-eden-savoie.com\/de\/camping-savoie-swimmingpool\/"]}]},{"@type":"ImageObject","inLanguage":"de","@id":"https:\/\/www.camping-eden-savoie.com\/de\/camping-savoie-swimmingpool\/#primaryimage","url":"","contentUrl":""},{"@type":"BreadcrumbList","@id":"https:\/\/www.camping-eden-savoie.com\/de\/camping-savoie-swimmingpool\/#breadcrumb","itemListElement":[{"@type":"ListItem","position":1,"name":"Camping Alpen, in Savoyen","item":"https:\/\/www.camping-eden-savoie.com\/de\/"},{"@type":"ListItem","position":2,"name":"Campingplatz mit Schwimmbad Savoie"}]},{"@type":"WebSite","@id":"https:\/\/www.camping-eden-savoie.com\/de\/#website","url":"https:\/\/www.camping-eden-savoie.com\/de\/","name":"Camping l&#039;Eden de la Vanoise","description":"","potentialAction":[{"@type":"SearchAction","target":{"@type":"EntryPoint","urlTemplate":"https:\/\/www.camping-eden-savoie.com\/de\/?s={search_term_string}"},"query-input":{"@type":"PropertyValueSpecification","valueRequired":true,"valueName":"search_term_string"}}],"inLanguage":"de"}]}},"_links":{"self":[{"href":"https:\/\/www.camping-eden-savoie.com\/de\/wp-json\/wp\/v2\/pages\/959"}],"collection":[{"href":"https:\/\/www.camping-eden-savoie.com\/de\/wp-json\/wp\/v2\/pages"}],"about":[{"href":"https:\/\/www.camping-eden-savoie.com\/de\/wp-json\/wp\/v2\/types\/page"}],"author":[{"embeddable":true,"href":"https:\/\/www.camping-eden-savoie.com\/de\/wp-json\/wp\/v2\/users\/1"}],"replies":[{"embeddable":true,"href":"https:\/\/www.camping-eden-savoie.com\/de\/wp-json\/wp\/v2\/comments?post=959"}],"version-history":[{"count":13,"href":"https:\/\/www.camping-eden-savoie.com\/de\/wp-json\/wp\/v2\/pages\/959\/revisions"}],"predecessor-version":[{"id":9766,"href":"https:\/\/www.camping-eden-savoie.com\/de\/wp-json\/wp\/v2\/pages\/959\/revisions\/9766"}],"wp:featuredmedia":[{"embeddable":true,"href":"https:\/\/www.camping-eden-savoie.com\/de\/wp-json\/"}],"wp:attachment":[{"href":"https:\/\/www.camping-eden-savoie.com\/de\/wp-json\/wp\/v2\/media?parent=959"}],"curies":[{"name":"wp","href":"https:\/\/api.w.org\/{rel}","templated":true}]}}