{"id":936,"date":"2015-12-30T08:34:38","date_gmt":"2015-12-30T07:34:38","guid":{"rendered":"https:\/\/www.camping-eden-savoie.com\/de\/location-mobil-home-haute-savoie\/"},"modified":"2023-06-20T14:12:49","modified_gmt":"2023-06-20T12:12:49","slug":"unterkuenfte-camping-savoie","status":"publish","type":"page","link":"https:\/\/www.camping-eden-savoie.com\/de\/unterkuenfte-camping-savoie\/","title":{"rendered":"Unterk\u00fcnfte"},"content":{"rendered":"<section id=\"section-5f329ca75405d\"\" class=\"section bg-color1\" \/><div class=\"container extralarge\"><h1 class=\"element section-title center\">Vermietung von Bungalows und Mobilheimen in Savoyen<\/h1><\/div><\/section>\n\n<section id=\"section-5f329ca76faeb\"\" class=\"section bg-white\" \/><div class=\"container full\"><h2 class=\"element section-title center\">Unsere Bungalows zur Miete in Savoyen<\/h2><ul class=\"liste-de-page hebergements\"><div class=\"row\"><li class=\"hebergement hebergement--init hebergement--style-1  anzahl-der-rume-2 zahl-der-personen-4 bereich-31 \" id=\"45808\"><div class=\"hebergement_image\"><img decoding=\"async\" src=\"https:\/\/www.camping-eden-savoie.com\/wp-content\/uploads\/2020\/08\/bungalow-evolution-2-retouch.jpg\" data-src=\"https:\/\/www.camping-eden-savoie.com\/wp-content\/uploads\/2020\/08\/bungalow-evolution-2-retouch.jpg\" alt=\"evolution 2ch\" class=\"\" \/><div class=\"hebergement-attributs\"><span class=\"attribut anzahl-der-rume\">2 ch<\/span><span class=\"attribut zahl-der-personen\">4 pers<\/span><span class=\"attribut bereich\">31m\u00b2<\/span><\/div><\/div><div class=\"hebergement_content\"><div class=\"hebergement_titre hebergement_titre section-title decoration\">Bungalow Evolution 2 Schlafzimmer<\/div><\/div><\/li><li class=\"hebergement hebergement--init hebergement--style-1  anzahl-der-rume-3 zahl-der-personen-6 bereich-33 \" id=\"121919\"><div class=\"hebergement_image\"><img decoding=\"async\" src=\"https:\/\/www.camping-eden-savoie.com\/wp-content\/uploads\/2020\/08\/bungalow-evolution-3-retouch.jpg\" data-src=\"https:\/\/www.camping-eden-savoie.com\/wp-content\/uploads\/2020\/08\/bungalow-evolution-3-retouch.jpg\" alt=\"evolution 3ch\" class=\"\" \/><div class=\"hebergement-attributs\"><span class=\"attribut anzahl-der-rume\">3 ch<\/span><span class=\"attribut zahl-der-personen\">6 pers<\/span><span class=\"attribut bereich\">33m\u00b2<\/span><\/div><\/div><div class=\"hebergement_content\"><div class=\"hebergement_titre hebergement_titre section-title decoration\">Bungalow Evolution 3 Schlafzimmer<\/div><\/div><\/li><li class=\"hebergement hebergement--init hebergement--style-1  anzahl-der-rume-2 zahl-der-personen-5 bereich-32 \" id=\"57668\"><div class=\"hebergement_image\"><img decoding=\"async\" src=\"https:\/\/www.camping-eden-savoie.com\/wp-content\/uploads\/2020\/08\/bungalow-toile-retouch.jpg\" data-src=\"https:\/\/www.camping-eden-savoie.com\/wp-content\/uploads\/2020\/08\/bungalow-toile-retouch.jpg\" alt=\"canada\" class=\"\" \/><div class=\"hebergement-attributs\"><span class=\"attribut anzahl-der-rume\">2 ch<\/span><span class=\"attribut zahl-der-personen\">5 pers<\/span><span class=\"attribut bereich\">32m\u00b2<\/span><\/div><\/div><div class=\"hebergement_content\"><div class=\"hebergement_titre hebergement_titre section-title decoration\">Segeltuch-Bungalow Kanada<\/div><\/div><\/li><li class=\"hebergement hebergement--init hebergement--style-1  anzahl-der-rume-2 zahl-der-personen-5 bereich-30 \" id=\"57667\"><div class=\"hebergement_image\"><img decoding=\"async\" src=\"https:\/\/www.camping-eden-savoie.com\/wp-content\/uploads\/2020\/08\/victoria-retouch.jpg\" data-src=\"https:\/\/www.camping-eden-savoie.com\/wp-content\/uploads\/2020\/08\/victoria-retouch.jpg\" alt=\"victoria\" class=\"\" \/><div class=\"hebergement-attributs\"><span class=\"attribut anzahl-der-rume\">2 ch<\/span><span class=\"attribut zahl-der-personen\">5 pers<\/span><span class=\"attribut bereich\">30m\u00b2<\/span><\/div><\/div><div class=\"hebergement_content\"><div class=\"hebergement_titre hebergement_titre section-title decoration\">Bungalow Victoria aus Leinwand<\/div><\/div><\/li><\/div><\/ul><\/div><\/section>\n\n<section id=\"section-5f329ca774c9d\"\" class=\"section bg-white p-t-0 p-b-0\" \/><div class=\"container full\"><div class=\"colonnes-wrap valign-middle \"><div class=\"element colonne p-0\"><div class=\"element images scroll-x-mobile\"><div class=\"image\"><img decoding=\"async\" src=\"\" data-src=\"https:\/\/www.camping-eden-savoie.com\/wp-content\/uploads\/2020\/08\/bungalow-alpes.jpg\" alt=\"bungalow alpes\" class=\"images_image\" \/><\/div><\/div><\/div><div class=\"element colonne p-x-10 p-y-10\"><div class=\"element bloc-text justify \">\n\t<p>Profitieren Sie von einem Aufenthalt auf einem Stellplatz oder in einem Bungalow innerhalb unseres <a href=\"\/de\/\">angenehmen Campingplatzes<\/a>.<\/p>\n<p>Unser Campingplatz von 2,7 Hektar, z\u00e4hlt 69 Stellpl\u00e4tze (Pauschalpreis Natur ohne Stromanschluss, Pauschalpreis Komfort mit 6A Stromanschluss, Pauschalpreis Privileg mit 10A Stromanschluss und Pauschalpreis Luxus mit 16A Stromanschluss), 24 Bungalows (10 bungalows 35m\u00b2 mit 3 zimmern : 1X160cm und 4x80cm, 8 Bungalows 33m\u00b2 mit 3 Zimmern : 1X140cm und 4x80cm,\u00a0 6 Bungalows 31 m\u00b2 mit 2 Zimmern : 1x140cm und 2x80cm), sowie ausschlie\u00dflich im Sommer 4 Zeltbungalows Canada 25m\u00b2 mit 2 Schlafzimmern : 1x140cm und 3 x80cm und 2 Zeltbungalows Canada 25m\u00b2 mit 2 Schlafzimmern : 2x140cm und 1 x90cm.<\/p>\n<\/div><\/div><\/div><\/div><\/section>\n\n<section id=\"section-5f329b5e5f13f\"\" class=\"section bg-white p-t-0 p-b-0\" \/><div class=\"container full\"><div class=\"colonnes-wrap valign-middle \"><div class=\"element colonne p-x-10 p-y-10\"><h2 class=\"element section-title justify\">Hochwertige Dienstleistungen f\u00fcr unsere Mobilheime in Savoyen<\/h2><div class=\"element bloc-text justify \">\n\t<p>Camping Eden de la Vanoise bietet Wohnmobilvermietung in Savoie. Die Mobilheime, die auf diesem Campingplatz zu vermieten sind, sind ausgezeichnete Kompromisse f\u00fcr Camper, die nicht ausgestattet sind. <\/p>\n<p>Diese Unterk\u00fcnfte erm\u00f6glichen es Ihnen, in den Bergen zu campen, aber mit allem n\u00f6tigen Komfort. Sie liegen im Herzen einer gr\u00fcnen Wiese im Sommer und verschneit im Winter, ideal f\u00fcr einen Tapetenwechsel und laden Sie w\u00e4hrend der Ferien in Savoie auf. <\/p>\n<p>Sie haben alle Einrichtungen, die Sie brauchen, damit Sie sich wie zu Hause f\u00fchlen. Sie bilden somit perfekte kleine Ferienh\u00e4user f\u00fcr die ganze Familie.<\/p>\n<\/div><\/div><div class=\"element colonne p-0\"><div class=\"element images scroll-x-mobile\"><div class=\"image\"><img decoding=\"async\" src=\"\" data-src=\"https:\/\/www.camping-eden-savoie.com\/wp-content\/uploads\/2020\/08\/interieur-bungalow-alpes.jpg\" alt=\"interieur bungalow alpes\" class=\"images_image\" \/><\/div><\/div><\/div><\/div><\/div><\/section>\n\n<section id=\"section-5f32a12db88d0\"\" class=\"section bg-white p-t-0 p-b-0\" \/><div class=\"container full\"><div class=\"element images scroll-x-mobile\"><div class=\"image\"><img decoding=\"async\" src=\"\" data-src=\"https:\/\/www.camping-eden-savoie.com\/wp-content\/uploads\/2020\/08\/lcoation-hiver-mobil-home-savoie.jpg\" alt=\"lcoation hiver mobil-home savoie\" class=\"images_image\" \/><\/div><div class=\"image\"><img decoding=\"async\" src=\"\" data-src=\"https:\/\/www.camping-eden-savoie.com\/wp-content\/uploads\/2020\/08\/interieur-mobil-home-alpes.jpg\" alt=\"interieur mobil-home alpes\" class=\"images_image\" \/><\/div><div class=\"image\"><img decoding=\"async\" src=\"\" data-src=\"https:\/\/www.camping-eden-savoie.com\/wp-content\/uploads\/2020\/08\/mobil-home-savoie.jpg\" alt=\"mobil-home savoie\" class=\"images_image\" \/><\/div><div class=\"image\"><img decoding=\"async\" src=\"\" data-src=\"https:\/\/www.camping-eden-savoie.com\/wp-content\/uploads\/2020\/08\/hiver-mobil-home-savoie.jpg\" alt=\"hiver mobil-home savoie\" class=\"images_image\" \/><\/div><\/div><div class=\"element images scroll-x-mobile\"><div class=\"image\"><img decoding=\"async\" src=\"\" data-src=\"https:\/\/www.camping-eden-savoie.com\/wp-content\/uploads\/2020\/08\/interieur-mobil-home-savoie.jpg\" alt=\"interieur mobil-home savoie\" class=\"images_image\" \/><\/div><div class=\"image\"><img decoding=\"async\" src=\"\" data-src=\"https:\/\/www.camping-eden-savoie.com\/wp-content\/uploads\/2020\/08\/location-mobil-home-savoie.jpg\" alt=\"location mobil-home savoie\" class=\"images_image\" \/><\/div><div class=\"image\"><img decoding=\"async\" src=\"\" data-src=\"https:\/\/www.camping-eden-savoie.com\/wp-content\/uploads\/2020\/08\/insolite-savoie.jpg\" alt=\"insolite savoie\" class=\"images_image\" \/><\/div><div class=\"image\"><img decoding=\"async\" src=\"\" data-src=\"https:\/\/www.camping-eden-savoie.com\/wp-content\/uploads\/2020\/08\/tente-insolite-savoie.jpg\" alt=\"tente insolite savoie\" class=\"images_image\" \/><\/div><\/div><\/div><\/section>\n\n<section id=\"section-last-row\"\" class=\"section bg-white p-t-0 p-b-0\" \/><div class=\"container full\"><div class=\"colonnes-wrap valign-middle \"><div class=\"element colonne p-0\"><div class=\"element images scroll-x-mobile\"><div class=\"image\"><img decoding=\"async\" src=\"\" data-src=\"https:\/\/www.camping-eden-savoie.com\/wp-content\/uploads\/2020\/08\/location-insolite-savoie.jpg\" alt=\"location insolite savoie\" class=\"images_image\" \/><\/div><\/div><\/div><div class=\"element colonne p-x-10 p-y-10\"><h2 class=\"element section-title justify\">Die verschiedenen Gr\u00f6ssen unserer Bungalow-Mobilheime in den Alpen<\/h2><div class=\"element bloc-text justify \">\n\t<p>Im Eden de la Vanoise erwarten Sie verschiedene Modelle von Zeltbungalows und Mobilheimen. Sie sind mehr oder weniger ger\u00e4umig. Das gr\u00f6\u00dfte bietet Platz f\u00fcr bis zu 6 Personen. Canvas-Bungalows haben \u00fcberdachte oder halb \u00fcberdachte Terrassen. <\/p>\n<p>Die komfortablen Mobilheime profitieren neben anderen, reversible Klimaanlagen. Mit Ger\u00e4ten wie Herd, K\u00fchlschrank mit Gefrierfach, Mikrowelle, Tischen und St\u00fchlen, Terrasse mit Gartenm\u00f6beln und Kleiderst\u00e4nder und Badezimmer mit Dusche und Waschbecken, separates WC in der komfortabelsten, werden Sie sicherlich deine Leichtigkeit. <\/p>\n<p>Ausger\u00fcstete Zelte mit Zugang zu gemeinsamen Sanit\u00e4ranlagen werden eher traditionelle Camping-Enthusiasten ansprechen. Ohne Unordnung im Herzen des Berges zu zelten, sind sie unvermeidlich. Diese Mobilheime in Savoyen garantieren Ihnen einen optimalen Komfort.<\/p>\n<\/div><\/div><\/div><\/div><\/section>\n\n<section id=\"section-last-heberg\"\" class=\"section bg-white p-t-0 p-b-0\" \/><div class=\"container full\"><div class=\"colonnes-wrap valign-middle \"><div class=\"element colonne p-x-10 p-y-10\"><h2 class=\"element section-title justify\">Die Dienstleistungen unserer Mobilheime<\/h2><div class=\"element bloc-text justify \">\n\t<p>Die Mobilheim mieten in Savoie im Vanoise Eden Camping k\u00f6nnen Sie verschiedene andere praktische Dienste, um Ihren Aufenthalt Gesch\u00e4fte, beheiztes Hallenbad, Spielpl\u00e4tze, Grillger\u00e4te, kostenloser Shuttle-Busse, die Verbindung genie\u00dfen Wi-Fi, Verleih von verschiedenen Ger\u00e4ten, Indoor-und Outdoor-Spielpl\u00e4tze, Unterhaltung und vieles mehr. <\/p>\n<p>Kurz gesagt, die Vermietung von Wohnmobil in Savoie mit Schwimmbad in Eden de la Vanoise ist die Garantie f\u00fcr den reibungslosen Ablauf Ihres Aufenthaltes.<\/p>\n<\/div><\/div><div class=\"element colonne p-0\"><div class=\"element images scroll-x-mobile\"><div class=\"image\"><img decoding=\"async\" src=\"\" data-src=\"https:\/\/www.camping-eden-savoie.com\/wp-content\/uploads\/2020\/08\/location-bungalow-alpes.jpg\" alt=\"location bungalow alpes\" class=\"images_image\" \/><\/div><\/div><\/div><\/div><\/div><\/section>\n\n<section id=\"section-row-last\"\" class=\"section bg-color1\" \/><div class=\"container extralarge\"><div class=\"element section-title center cta-title\">Unsere Stellpl\u00e4tze und Mietpreise<\/div><ul class=\"liste-de-page\"><li class=\"element call-to-action center cta-title call-to-action--style-1 call-to-action--normal\"><a href=\"https:\/\/www.camping-eden-savoie.com\/de\/stellplatze-camping-savoie\/\"  class=\"call-to-action_link\" title=\"Erfahren Sie mehr \u00fcber unsere stellpl\u00e4tze\"><div class=\"call-to-action_image\"><img decoding=\"async\" src=\"https:\/\/www.camping-eden-savoie.com\/wp-content\/uploads\/2020\/08\/emplacement-savoie-100x88.jpg\" data-src=\"https:\/\/www.camping-eden-savoie.com\/wp-content\/uploads\/2020\/08\/emplacement-savoie.jpg\" alt=\"emplacement savoie\" class=\"normal\" \/><\/div><div class=\"call-to-action_contenu\"><div class=\"call-to-action_titre\">Unsere Stellpl\u00e4tze<\/div><\/div><\/a><\/li><li class=\"element call-to-action center cta-title call-to-action--style-1 call-to-action--normal call-to-action--style-1 call-to-action--normal\"><a href=\"https:\/\/www.camping-eden-savoie.com\/de\/karavaneige-alpen\/\"  class=\"call-to-action_link\" title=\"Erfahren Sie mehr \u00fcber karawanege\"><div class=\"call-to-action_image\"><img decoding=\"async\" src=\"https:\/\/www.camping-eden-savoie.com\/wp-content\/uploads\/2020\/08\/location-caravaneige-savoie-100x88.jpg\" data-src=\"https:\/\/www.camping-eden-savoie.com\/wp-content\/uploads\/2020\/08\/location-caravaneige-savoie.jpg\" alt=\"location caravaneige savoie\" class=\"normal\" \/><\/div><div class=\"call-to-action_contenu\"><div class=\"call-to-action_titre\">Karawanege<\/div><\/div><\/a><\/li><li class=\"element call-to-action center cta-title call-to-action--style-1 call-to-action--normal call-to-action--style-1 call-to-action--normal call-to-action--style-1 call-to-action--normal\"><a href=\"https:\/\/www.camping-eden-savoie.com\/de\/billiger-campingplatz-savoie\/\"  class=\"call-to-action_link\" title=\"Erfahren Sie mehr \u00fcber unsere guten pl\u00e4ne \"><div class=\"call-to-action_image\"><img decoding=\"async\" src=\"https:\/\/www.camping-eden-savoie.com\/wp-content\/uploads\/2020\/08\/camping-pas-cher-savoie-100x88.jpg\" data-src=\"https:\/\/www.camping-eden-savoie.com\/wp-content\/uploads\/2020\/08\/camping-pas-cher-savoie.jpg\" alt=\"\" class=\"normal\" \/><\/div><div class=\"call-to-action_contenu\"><div class=\"call-to-action_titre\">Unsere guten Pl\u00e4ne <\/div><\/div><\/a><\/li><\/ul><\/div><\/section>","protected":false},"excerpt":{"rendered":"","protected":false},"author":1,"featured_media":4902,"parent":0,"menu_order":0,"comment_status":"closed","ping_status":"closed","template":"","meta":{"_acf_changed":false,"footnotes":""},"class_list":["post-936","page","type-page","status-publish","has-post-thumbnail","hentry"],"acf":[],"yoast_head":"<!-- This site is optimized with the Yoast SEO plugin v25.3 - https:\/\/yoast.com\/wordpress\/plugins\/seo\/ -->\n<title>Mobilheim Savoie - Mieten Sie ein Mobilheim auf dem Campingplatz Alpes<\/title>\n<meta name=\"description\" content=\"Erfahren Sie mehr \u00fcber die Vermietung von Mobilheimen auf dem Campingplatz Eden Savoie: Entdecken Sie unser Angebot an Mobilheimen zur Miete in Haute-Savoie.\u00a0\" \/>\n<meta name=\"robots\" content=\"index, follow, max-snippet:-1, max-image-preview:large, max-video-preview:-1\" \/>\n<link rel=\"canonical\" href=\"https:\/\/www.camping-eden-savoie.com\/de\/unterkuenfte-camping-savoie\/\" \/>\n<meta property=\"og:locale\" content=\"de_DE\" \/>\n<meta property=\"og:type\" content=\"article\" \/>\n<meta property=\"og:title\" content=\"Mobilheim Savoie - Mieten Sie ein Mobilheim auf dem Campingplatz Alpes\" \/>\n<meta property=\"og:description\" content=\"Erfahren Sie mehr \u00fcber die Vermietung von Mobilheimen auf dem Campingplatz Eden Savoie: Entdecken Sie unser Angebot an Mobilheimen zur Miete in Haute-Savoie.\u00a0\" \/>\n<meta property=\"og:url\" content=\"https:\/\/www.camping-eden-savoie.com\/de\/unterkuenfte-camping-savoie\/\" \/>\n<meta property=\"og:site_name\" content=\"Camping l&#039;Eden de la Vanoise\" \/>\n<meta property=\"article:modified_time\" content=\"2023-06-20T12:12:49+00:00\" \/>\n<meta property=\"og:image\" content=\"https:\/\/www.camping-eden-savoie.com\/wp-content\/uploads\/2020\/08\/location-bungalow-savoie.jpg\" \/>\n\t<meta property=\"og:image:width\" content=\"1903\" \/>\n\t<meta property=\"og:image:height\" content=\"550\" \/>\n\t<meta property=\"og:image:type\" content=\"image\/jpeg\" \/>\n<meta name=\"twitter:card\" content=\"summary_large_image\" \/>\n<script type=\"application\/ld+json\" class=\"yoast-schema-graph\">{\"@context\":\"https:\/\/schema.org\",\"@graph\":[{\"@type\":\"WebPage\",\"@id\":\"https:\/\/www.camping-eden-savoie.com\/de\/unterkuenfte-camping-savoie\/\",\"url\":\"https:\/\/www.camping-eden-savoie.com\/de\/unterkuenfte-camping-savoie\/\",\"name\":\"Mobilheim Savoie - Mieten Sie ein Mobilheim auf dem Campingplatz Alpes\",\"isPartOf\":{\"@id\":\"https:\/\/www.camping-eden-savoie.com\/de\/#website\"},\"primaryImageOfPage\":{\"@id\":\"https:\/\/www.camping-eden-savoie.com\/de\/unterkuenfte-camping-savoie\/#primaryimage\"},\"image\":{\"@id\":\"https:\/\/www.camping-eden-savoie.com\/de\/unterkuenfte-camping-savoie\/#primaryimage\"},\"thumbnailUrl\":\"https:\/\/www.camping-eden-savoie.com\/wp-content\/uploads\/2020\/08\/location-bungalow-savoie.jpg\",\"datePublished\":\"2015-12-30T07:34:38+00:00\",\"dateModified\":\"2023-06-20T12:12:49+00:00\",\"description\":\"Erfahren Sie mehr \u00fcber die Vermietung von Mobilheimen auf dem Campingplatz Eden Savoie: Entdecken Sie unser Angebot an Mobilheimen zur Miete in Haute-Savoie.\u00a0\",\"breadcrumb\":{\"@id\":\"https:\/\/www.camping-eden-savoie.com\/de\/unterkuenfte-camping-savoie\/#breadcrumb\"},\"inLanguage\":\"de\",\"potentialAction\":[{\"@type\":\"ReadAction\",\"target\":[\"https:\/\/www.camping-eden-savoie.com\/de\/unterkuenfte-camping-savoie\/\"]}]},{\"@type\":\"ImageObject\",\"inLanguage\":\"de\",\"@id\":\"https:\/\/www.camping-eden-savoie.com\/de\/unterkuenfte-camping-savoie\/#primaryimage\",\"url\":\"https:\/\/www.camping-eden-savoie.com\/wp-content\/uploads\/2020\/08\/location-bungalow-savoie.jpg\",\"contentUrl\":\"https:\/\/www.camping-eden-savoie.com\/wp-content\/uploads\/2020\/08\/location-bungalow-savoie.jpg\",\"width\":1903,\"height\":550,\"caption\":\"location bungalow savoie\"},{\"@type\":\"BreadcrumbList\",\"@id\":\"https:\/\/www.camping-eden-savoie.com\/de\/unterkuenfte-camping-savoie\/#breadcrumb\",\"itemListElement\":[{\"@type\":\"ListItem\",\"position\":1,\"name\":\"Camping Alpen, in Savoyen\",\"item\":\"https:\/\/www.camping-eden-savoie.com\/de\/\"},{\"@type\":\"ListItem\",\"position\":2,\"name\":\"Vermietung von Wohnmobilen Savoie\"}]},{\"@type\":\"WebSite\",\"@id\":\"https:\/\/www.camping-eden-savoie.com\/de\/#website\",\"url\":\"https:\/\/www.camping-eden-savoie.com\/de\/\",\"name\":\"Camping l&#039;Eden de la Vanoise\",\"description\":\"\",\"potentialAction\":[{\"@type\":\"SearchAction\",\"target\":{\"@type\":\"EntryPoint\",\"urlTemplate\":\"https:\/\/www.camping-eden-savoie.com\/de\/?s={search_term_string}\"},\"query-input\":{\"@type\":\"PropertyValueSpecification\",\"valueRequired\":true,\"valueName\":\"search_term_string\"}}],\"inLanguage\":\"de\"}]}<\/script>\n<!-- \/ Yoast SEO plugin. -->","yoast_head_json":{"title":"Mobilheim Savoie - Mieten Sie ein Mobilheim auf dem Campingplatz Alpes","description":"Erfahren Sie mehr \u00fcber die Vermietung von Mobilheimen auf dem Campingplatz Eden Savoie: Entdecken Sie unser Angebot an Mobilheimen zur Miete in Haute-Savoie.\u00a0","robots":{"index":"index","follow":"follow","max-snippet":"max-snippet:-1","max-image-preview":"max-image-preview:large","max-video-preview":"max-video-preview:-1"},"canonical":"https:\/\/www.camping-eden-savoie.com\/de\/unterkuenfte-camping-savoie\/","og_locale":"de_DE","og_type":"article","og_title":"Mobilheim Savoie - Mieten Sie ein Mobilheim auf dem Campingplatz Alpes","og_description":"Erfahren Sie mehr \u00fcber die Vermietung von Mobilheimen auf dem Campingplatz Eden Savoie: Entdecken Sie unser Angebot an Mobilheimen zur Miete in Haute-Savoie.\u00a0","og_url":"https:\/\/www.camping-eden-savoie.com\/de\/unterkuenfte-camping-savoie\/","og_site_name":"Camping l&#039;Eden de la Vanoise","article_modified_time":"2023-06-20T12:12:49+00:00","og_image":[{"width":1903,"height":550,"url":"https:\/\/www.camping-eden-savoie.com\/wp-content\/uploads\/2020\/08\/location-bungalow-savoie.jpg","type":"image\/jpeg"}],"twitter_card":"summary_large_image","schema":{"@context":"https:\/\/schema.org","@graph":[{"@type":"WebPage","@id":"https:\/\/www.camping-eden-savoie.com\/de\/unterkuenfte-camping-savoie\/","url":"https:\/\/www.camping-eden-savoie.com\/de\/unterkuenfte-camping-savoie\/","name":"Mobilheim Savoie - Mieten Sie ein Mobilheim auf dem Campingplatz Alpes","isPartOf":{"@id":"https:\/\/www.camping-eden-savoie.com\/de\/#website"},"primaryImageOfPage":{"@id":"https:\/\/www.camping-eden-savoie.com\/de\/unterkuenfte-camping-savoie\/#primaryimage"},"image":{"@id":"https:\/\/www.camping-eden-savoie.com\/de\/unterkuenfte-camping-savoie\/#primaryimage"},"thumbnailUrl":"https:\/\/www.camping-eden-savoie.com\/wp-content\/uploads\/2020\/08\/location-bungalow-savoie.jpg","datePublished":"2015-12-30T07:34:38+00:00","dateModified":"2023-06-20T12:12:49+00:00","description":"Erfahren Sie mehr \u00fcber die Vermietung von Mobilheimen auf dem Campingplatz Eden Savoie: Entdecken Sie unser Angebot an Mobilheimen zur Miete in Haute-Savoie.\u00a0","breadcrumb":{"@id":"https:\/\/www.camping-eden-savoie.com\/de\/unterkuenfte-camping-savoie\/#breadcrumb"},"inLanguage":"de","potentialAction":[{"@type":"ReadAction","target":["https:\/\/www.camping-eden-savoie.com\/de\/unterkuenfte-camping-savoie\/"]}]},{"@type":"ImageObject","inLanguage":"de","@id":"https:\/\/www.camping-eden-savoie.com\/de\/unterkuenfte-camping-savoie\/#primaryimage","url":"https:\/\/www.camping-eden-savoie.com\/wp-content\/uploads\/2020\/08\/location-bungalow-savoie.jpg","contentUrl":"https:\/\/www.camping-eden-savoie.com\/wp-content\/uploads\/2020\/08\/location-bungalow-savoie.jpg","width":1903,"height":550,"caption":"location bungalow savoie"},{"@type":"BreadcrumbList","@id":"https:\/\/www.camping-eden-savoie.com\/de\/unterkuenfte-camping-savoie\/#breadcrumb","itemListElement":[{"@type":"ListItem","position":1,"name":"Camping Alpen, in Savoyen","item":"https:\/\/www.camping-eden-savoie.com\/de\/"},{"@type":"ListItem","position":2,"name":"Vermietung von Wohnmobilen Savoie"}]},{"@type":"WebSite","@id":"https:\/\/www.camping-eden-savoie.com\/de\/#website","url":"https:\/\/www.camping-eden-savoie.com\/de\/","name":"Camping l&#039;Eden de la Vanoise","description":"","potentialAction":[{"@type":"SearchAction","target":{"@type":"EntryPoint","urlTemplate":"https:\/\/www.camping-eden-savoie.com\/de\/?s={search_term_string}"},"query-input":{"@type":"PropertyValueSpecification","valueRequired":true,"valueName":"search_term_string"}}],"inLanguage":"de"}]}},"_links":{"self":[{"href":"https:\/\/www.camping-eden-savoie.com\/de\/wp-json\/wp\/v2\/pages\/936"}],"collection":[{"href":"https:\/\/www.camping-eden-savoie.com\/de\/wp-json\/wp\/v2\/pages"}],"about":[{"href":"https:\/\/www.camping-eden-savoie.com\/de\/wp-json\/wp\/v2\/types\/page"}],"author":[{"embeddable":true,"href":"https:\/\/www.camping-eden-savoie.com\/de\/wp-json\/wp\/v2\/users\/1"}],"replies":[{"embeddable":true,"href":"https:\/\/www.camping-eden-savoie.com\/de\/wp-json\/wp\/v2\/comments?post=936"}],"version-history":[{"count":14,"href":"https:\/\/www.camping-eden-savoie.com\/de\/wp-json\/wp\/v2\/pages\/936\/revisions"}],"predecessor-version":[{"id":10289,"href":"https:\/\/www.camping-eden-savoie.com\/de\/wp-json\/wp\/v2\/pages\/936\/revisions\/10289"}],"wp:featuredmedia":[{"embeddable":true,"href":"https:\/\/www.camping-eden-savoie.com\/de\/wp-json\/wp\/v2\/media\/4902"}],"wp:attachment":[{"href":"https:\/\/www.camping-eden-savoie.com\/de\/wp-json\/wp\/v2\/media?parent=936"}],"curies":[{"name":"wp","href":"https:\/\/api.w.org\/{rel}","templated":true}]}}