{"id":919,"date":"2015-12-30T10:17:40","date_gmt":"2015-12-30T09:17:40","guid":{"rendered":"https:\/\/www.camping-eden-savoie.com\/de\/accueil\/"},"modified":"2025-09-26T10:19:53","modified_gmt":"2025-09-26T08:19:53","slug":"empfang","status":"publish","type":"page","link":"https:\/\/www.camping-eden-savoie.com\/de\/","title":{"rendered":"Empfang"},"content":{"rendered":"<section id=\"section-5ef33a1f8f0d2\"\" class=\"section bg-white\" \/><div class=\"container extralarge\"><div class=\"colonnes-wrap valign-middle \"><div class=\"element colonne montagne\"><h1 class=\"element section-title center border border-full\"><b>Camping in Savoyen, in den Alpen<\/b><\/h1><\/div><div class=\"element colonne \"><div class=\"element bloc-text left \">\n\t<p>Das team des campingplatzes Eden de la Vanoise freuen sich, Sie auf dem Campingplatz l&#8217;Eden de la Vanoise in Savoyen in der <strong class=\"bold color1\">Prachtvollen Berglandschaft und H\u00f6he<\/strong> begr\u00fc\u00dfen zu d\u00fcrfen. Wir sind derzeit geschlossen, werden aber vom 12. Dezember 2025 bis zum 10. April 2026 und anschlie\u00dfend vom 7. Mai bis zum 20. September 2026 wieder ge\u00f6ffnet und Sie k\u00f6nnen.<\/p>\n<p>Kommen Sie und tanken Sie neue Energie auf unserem sch\u00f6nen 3-Sterne-Campingplatz mit seinem \u00fcberdachten und beheizten Schwimmbad, das das ganze Jahr \u00fcber zug\u00e4nglich ist, und nutzen Sie unsere besonderen Momente der Entspannung mit Ihrer Familie oder Ihren Freunden. Kommen Sie und teilen Sie mit uns eine <strong class=\"bold color1\">wundersch\u00f6ne Erfahrung in Savoyen<\/strong>, in den franz\u00f6sischen Alpen.<\/p>\n<\/div><\/div><\/div><\/div><\/section>\n\n<section id=\"section-5ef33a1f8f756\"\" class=\"section second-home bg-white p-b-0\" \/><div class=\"container extralarge\"><div class=\"colonnes-wrap valign-top liste-de-page scroll-x-mobile\"><div class=\"element colonne w-33\"><div class=\"element call-to-action  call-to-action--style-1 call-to-action--big\"><a href=\"https:\/\/www.camping-eden-savoie.com\/de\/camping-savoie-swimmingpool\/\"  class=\"call-to-action_link\" title=\"Erfahren Sie mehr \u00fcber schwimmen\"><div class=\"call-to-action_image\"><img decoding=\"async\" src=\"https:\/\/www.camping-eden-savoie.com\/wp-content\/uploads\/2022\/01\/piscine-eden-cta-67x100.jpg\" data-src=\"https:\/\/www.camping-eden-savoie.com\/wp-content\/uploads\/2022\/01\/piscine-eden-cta.jpg\" alt=\"piscine-eden-cta\" class=\"big\" \/><\/div><div class=\"call-to-action_contenu\"><div class=\"call-to-action_titre\">Schwimmen<\/div><\/div><\/a><\/div><\/div><div class=\"element colonne w-33\"><div class=\"element call-to-action  call-to-action--style-1 call-to-action--big\"><a href=\"https:\/\/www.camping-eden-savoie.com\/de\/freizeitgestaltung-camping-savoie\/\"  class=\"call-to-action_link\" title=\"Erfahren Sie mehr \u00fcber unterhaltung\"><div class=\"call-to-action_image\"><img decoding=\"async\" src=\"https:\/\/www.camping-eden-savoie.com\/wp-content\/uploads\/2020\/06\/animation-camping-savoie-100x88.jpg\" data-src=\"https:\/\/www.camping-eden-savoie.com\/wp-content\/uploads\/2020\/06\/animation-camping-savoie.jpg\" alt=\"animation camping savoie\" class=\"big\" \/><\/div><div class=\"call-to-action_contenu\"><div class=\"call-to-action_titre\">Unterhaltung<\/div><\/div><\/a><\/div><div class=\"element call-to-action  call-to-action--style-1 call-to-action--big call-to-action--style-1 call-to-action--big\"><a href=\"https:\/\/www.camping-eden-savoie.com\/de\/praktische-informationen-camping-alpes\/\"  class=\"call-to-action_link\" title=\"Erfahren Sie mehr \u00fcber praktische informationen\"><div class=\"call-to-action_image\"><img decoding=\"async\" src=\"https:\/\/www.camping-eden-savoie.com\/wp-content\/uploads\/2020\/08\/bar-savoie-100x88.jpg\" data-src=\"https:\/\/www.camping-eden-savoie.com\/wp-content\/uploads\/2020\/08\/bar-savoie.jpg\" alt=\"bar savoie\" class=\"big\" \/><\/div><div class=\"call-to-action_contenu\"><div class=\"call-to-action_titre\">Praktische Informationen<\/div><\/div><\/a><\/div><\/div><div class=\"element colonne w-33\"><div class=\"element call-to-action  call-to-action--style-1 call-to-action--big\"><a href=\"https:\/\/www.camping-eden-savoie.com\/de\/kontakt-camping-savoie\/\"  class=\"call-to-action_link\" title=\"Erfahren Sie mehr \u00fcber sehen sie uns? \"><div class=\"call-to-action_image\"><img decoding=\"async\" src=\"https:\/\/www.camping-eden-savoie.com\/wp-content\/uploads\/2020\/06\/camping-savoie-100x88.jpg\" data-src=\"https:\/\/www.camping-eden-savoie.com\/wp-content\/uploads\/2020\/06\/camping-savoie.jpg\" alt=\"camping savoie\" class=\"big\" \/><\/div><div class=\"call-to-action_contenu\"><div class=\"call-to-action_titre\">Sehen Sie uns? <\/div><\/div><\/a><\/div><div class=\"element call-to-action  call-to-action--style-1 call-to-action--big call-to-action--style-1 call-to-action--big\"><a href=\"https:\/\/www.camping-eden-savoie.com\/de\/camping-offenes-jahr-savoyen\/\"  class=\"call-to-action_link\" title=\"Erfahren Sie mehr \u00fcber treffen sie uns das ganze jahr \u00fcber\"><div class=\"call-to-action_image\"><img decoding=\"async\" src=\"https:\/\/www.camping-eden-savoie.com\/wp-content\/uploads\/2020\/08\/vacances-hiver-alpes-100x88.jpg\" data-src=\"https:\/\/www.camping-eden-savoie.com\/wp-content\/uploads\/2020\/08\/vacances-hiver-alpes.jpg\" alt=\"vacances hiver alpes\" class=\"big\" \/><\/div><div class=\"call-to-action_contenu\"><div class=\"call-to-action_titre\">Treffen Sie uns das ganze Jahr \u00fcber<\/div><\/div><\/a><\/div><\/div><\/div><\/div><\/section>\n\n<section id=\"section-5ef3497c34918\"\" class=\"section overflow bg-white p-t-0\" \/><div class=\"container extralarge\"><h2 class=\"element section-title center bg-color5 m-0 p-t-6 p-b-1\">Sch\u00f6ne Ferien in den Bergen<\/h2><div class=\"element bloc-text center p-t-1 p-b-6 p-x-6 m-0 bg-color5\">\n\t<p><strong class=\"bold color1\">Im Herzen der Haute Tarentaise<\/strong>, umgeben von den Bergen von Savoyen, empf\u00e4ngt der Campingplatz Eden de la Vanoise *** Urlauber, die von sch\u00f6nen Ferien in den Bergen tr\u00e4umen. It saure <strong class=\"bold color1\">erzieht die Urlaubsamateure<\/strong> im Freien mit seinem h\u00fcbschen bewaldeten Gel\u00e4nde von 2,7 ha. 69 Camping-Caravaning-Stellpl\u00e4tze und 34 Ferienwohnungen, darunter voll ausgestattete Bungalows und Zeltbungalows, warten auf Sie in diesem savoyischen Campingplatz mit beheiztem Schwimmbad.<\/p>\n<p>Es bietet Ihnen auch ein \u00fcberdachtes und beheiztes Schwimmbad, das Sommer wie Winter zug\u00e4nglich ist. Ganz zu schweigen von den verschiedenen zur Verf\u00fcgung stehenden Einrichtungen und der auf dem Landgut organisierten Familienunterhaltung. Das Team des Campingplatzes bietet Ihnen auch zahlreiche Dienstleistungen zur Begleitung Ihres Aufenthalts an. Unabh\u00e4ngig von der Jahreszeit ist der Campingplatz Vanoise der ideale Ort f\u00fcr einen Familienurlaub dank der F\u00fclle von Aktivit\u00e4ten, die innerhalb, au\u00dferhalb und rund um den Campingplatz angeboten werden.<\/p>\n<\/div><\/div><\/section>\n\n<section id=\"section-5ef35def786f0\"\" class=\"section third-home bg-black section--has-bg-img\" \/><img decoding=\"async\" src=\"https:\/\/www.camping-eden-savoie.com\/wp-content\/uploads\/2020\/06\/camping-ouvert-hiver-savoie-100x32.jpg\" data-src=\"https:\/\/www.camping-eden-savoie.com\/wp-content\/uploads\/2020\/06\/camping-ouvert-hiver-savoie.jpg\" alt=\"camping ouvert hiver savoie\" class=\"section_bg-img\" data-opacite=\"0.4\"\/><div class=\"container full\"><a href=\"http:\/\/www.camping-eden-savoie.com\/de\/unterkuenfte-camping-savoie\/\" title=\"Mobilheime &#038; Bungalows\" class=\"element bouton center\" ><span>Mobilheime &#038; Bungalows<\/span><\/a><\/div><\/section>\n\n<section id=\"section-5ef35def789cd\"\" class=\"section overflow bg-white\" \/><div class=\"container extralarge\"><h2 class=\"element section-title left bg-color1 superpose\">Unsere Mietunterk\u00fcnfte und Stellpl\u00e4tze in Savoyen<\/h2><div class=\"element bloc-text left \">\n\t<p>Wir bieten Ihnen einen <strong class=\"bold color1\">warmen und pers\u00f6nlichen Empfang<\/strong> in einem au\u00dfergew\u00f6hnlichen Rahmen und setzen alles daran, Ihren Aufenthalt am Fu\u00dfe der Skipisten zu einem unvergesslichen Erlebnis zu machen ! Entdecken Sie alle unsere Ferienunterk\u00fcnfte in Savoyen: Bungalowvermietung, Zeltbungalows und Camping-Caravaning-Stellpl\u00e4tze. Der Campingplatz ist ganzj\u00e4hrig ge\u00f6ffnet und bietet die Vermietung von savoyischen Mobilheimen, aber auch Zeltbungalows und Camping-Caravaning-Stellpl\u00e4tze (Schneewohnwagen, Wohnmobile, Campingplatz).<\/p>\n<p><strong class=\"bold color1\">F\u00fcr ein Wochenende oder einen l\u00e4ngeren Aufenthalt<\/strong> l\u00e4dt sie Sie ein, den gem\u00fctlichen Komfort dieser Ferienwohnungen zu geniessen. Die Mobilheime sind sehr gut ausgestattet, um Ihnen ein Maximum an Komfort zu bieten. Wenn Sie <strong class=\"bold color1\">Authentizit\u00e4t und Einfachheit<\/strong> suchen, sind die Leinwandbungalows wie f\u00fcr Sie gemacht. Einige dieser Unterk\u00fcnfte bieten bis zu 6 Betten, ideal f\u00fcr gro\u00dfe Familien oder Gruppen von Freunden. Andere Arten von Wohnmobilen verf\u00fcgen \u00fcber eine Klimaanlage. Sie haben die M\u00f6glichkeit, in bequemen Betten zu schlafen, zu kochen und gleichzeitig die frische Luft, die erhaltene Umwelt und die sch\u00f6nen Landschaften zu genie\u00dfen. Die Camping-Caravaning-Stellpl\u00e4tze dienen der Aufnahme von Campern, die mit Zelt, Wohnmobil und Wohnwagen ausgestattet sind. Alle Annehmlichkeiten sind vorhanden.<\/p>\n<\/div><\/div><\/section>\n\n<section id=\"section-5ef35def78eca\"\" class=\"section fourth-home bg-white\" \/><div class=\"container full\"><div class=\"colonnes-wrap valign-middle p-x-6 liste-de-page\"><div class=\"element colonne w-33\"><h2 class=\"element section-title left border border-full m-b-2\">Camping im Sommer<\/h2><div class=\"element bloc-text left  m-t-6\">\n\t<p>Entdecken Sie die <strong class=\"bold color1\">das obere Tal der Tarentaise<\/strong>, wo in der Region eine breite Palette von Aktivit\u00e4ten angeboten wird: Radweg, Wildwassersport (Kajak, Rafting, Hydrospeed), Wandern, Gleitschirmfliegen, Quad, 4&#215;4, Mountainbike, Klettersteige, Reiten, Seen (Genfer See, Bourget-See, Aiguebelette-See)&#8230; Entdecken Sie das Aravis-Massiv, die Bauges, den Fluss Arly.<\/p>\n<\/div><\/div><div class=\"element colonne w-33\"><div class=\"element call-to-action  call-to-action--style-1 call-to-action--big\"><a href=\"https:\/\/www.camping-eden-savoie.com\/de\/camping-sommerberg\/\"  class=\"call-to-action_link\" title=\"Erfahren Sie mehr \u00fcber camping-sommer\"><div class=\"call-to-action_image\"><img decoding=\"async\" src=\"https:\/\/www.camping-eden-savoie.com\/wp-content\/uploads\/2020\/08\/camping-vacances-ete-savoie-100x88.jpg\" data-src=\"https:\/\/www.camping-eden-savoie.com\/wp-content\/uploads\/2020\/08\/camping-vacances-ete-savoie.jpg\" alt=\"camping vacances ete savoie\" class=\"big\" \/><\/div><div class=\"call-to-action_contenu\"><div class=\"call-to-action_titre\">Camping-Sommer<\/div><\/div><\/a><\/div><\/div><div class=\"element colonne w-33\"><div class=\"element call-to-action  call-to-action--style-1 call-to-action--big\"><a href=\"https:\/\/www.camping-eden-savoie.com\/de\/sportliche-aktivitaeten-camping-haute-savoie\/\"  class=\"call-to-action_link\" title=\"Erfahren Sie mehr \u00fcber sommer-\/winter-kalender\"><div class=\"call-to-action_image\"><img decoding=\"async\" src=\"https:\/\/www.camping-eden-savoie.com\/wp-content\/uploads\/2020\/08\/camping-agenda-savoie-100x88.jpg\" data-src=\"https:\/\/www.camping-eden-savoie.com\/wp-content\/uploads\/2020\/08\/camping-agenda-savoie.jpg\" alt=\"camping agenda savoie\" class=\"big\" \/><\/div><div class=\"call-to-action_contenu\"><div class=\"call-to-action_titre\">Sommer-\/Winter-Kalender<\/div><\/div><\/a><\/div><\/div><\/div><\/div><\/section>\n\n<section id=\"section-5ef36e4e016b0\"\" class=\"section fifth-home bg-white p-t-0\" \/><div class=\"container full\"><ul class=\"liste-de-page\"><li class=\"element call-to-action  call-to-action--style-1 call-to-action--big\"><a href=\"https:\/\/www.camping-eden-savoie.com\/de\/wintercamping\/\"  class=\"call-to-action_link\" title=\"Erfahren Sie mehr \u00fcber winter-camping\"><div class=\"call-to-action_image\"><img decoding=\"async\" src=\"https:\/\/www.camping-eden-savoie.com\/wp-content\/uploads\/2020\/08\/location-camping-hiver-100x88.jpg\" data-src=\"https:\/\/www.camping-eden-savoie.com\/wp-content\/uploads\/2020\/08\/location-camping-hiver.jpg\" alt=\"location camping hiver\" class=\"big\" \/><\/div><div class=\"call-to-action_contenu\"><div class=\"call-to-action_titre\">Winter-Camping<\/div><\/div><\/a><\/li><li class=\"element call-to-action  call-to-action--style-1 call-to-action--big call-to-action--style-1 call-to-action--big\"><a href=\"https:\/\/www.camping-eden-savoie.com\/de\/camping-ski\/\"  class=\"call-to-action_link\" title=\"Erfahren Sie mehr \u00fcber camping auf den skipisten\"><div class=\"call-to-action_image\"><img decoding=\"async\" src=\"https:\/\/www.camping-eden-savoie.com\/wp-content\/uploads\/2020\/08\/camping-ski-savoie-1-100x88.jpg\" data-src=\"https:\/\/www.camping-eden-savoie.com\/wp-content\/uploads\/2020\/08\/camping-ski-savoie-1.jpg\" alt=\"camping ski savoie\" class=\"big\" \/><\/div><div class=\"call-to-action_contenu\"><div class=\"call-to-action_titre\">Camping auf den Skipisten<\/div><\/div><\/a><\/li><\/ul><h2 class=\"element section-title center border w-60\">Camping im Winter<\/h2><div class=\"element bloc-text center w-60\">\n\t<p>Sie werden an der Kreuzung von <strong class=\"bold color1\">wundersch\u00f6nen Skigebieten wie dem Paradiski-Gebiet<\/strong> (Peisey-Vallandry; les Arcs, La Plagne) und in der N\u00e4he von Tignes, Val d&#8217;Is\u00e8re, Sainte-Foy, La Rosi\u00e8re, Chamonix, Mont Blanc, den Ferienorten Valcenis und Vallandry usw. wohnen. Sie werden an den Toren des Vanoise-Parks untergebracht. Sie werden die <strong class=\"bold color1\">Fauna und Flora<\/strong> gesch\u00fctzt vor unserer si <strong class=\"bold color1\">sch\u00f6ne Gegend<\/strong> beim Skilanglauf, Schneeschuhwandern oder sogar beim Hundeschlittenfahren entdecken k\u00f6nnen. <\/p>\n<\/div><\/div><\/section>\n\n<section id=\"section-5ef36e4e01994\"\" class=\"section sixth-home bg-black section--has-bg-img\" \/><img decoding=\"async\" src=\"https:\/\/www.camping-eden-savoie.com\/wp-content\/uploads\/2020\/08\/savoie-camping-100x30.jpg\" data-src=\"https:\/\/www.camping-eden-savoie.com\/wp-content\/uploads\/2020\/08\/savoie-camping.jpg\" alt=\"savoie camping\" class=\"section_bg-img\" data-opacite=\"0.4\"\/><div class=\"container full\"><a href=\"http:\/\/www.camping-eden-savoie.com\/de\/campingplatz-haute-savoie\/\" title=\"Die Umgebung\" class=\"element bouton center\" ><span>Die Umgebung<\/span><\/a><\/div><\/section>\n\n<section id=\"section-5ef49bb6aff85\"\" class=\"section seventh-home bg-white\" \/><div class=\"container extralarge\"><h2 class=\"element section-title center border w-50 center\">Alle Aktivit\u00e4ten auf Ihrem Campingplatz in den Alpen<\/h2><div class=\"colonnes-wrap valign-middle p-y-6\"><div class=\"element colonne \"><div class=\"element bloc-text center \">\n\t<a href=\"\/de\/familien-camping-savoie\/\"><div class=\"eden-famille\">F\u00fcr Familien<\/div><\/a><\/div><\/div><div class=\"element colonne \"><div class=\"element bloc-text center \">\n\t<a href=\"\/de\/camping-parchen-savoie\/\"><div class=\"eden-couple\">F\u00fcr Paare<\/div><\/a><\/div><\/div><div class=\"element colonne \"><div class=\"element bloc-text center \">\n\t<a href=\"\/de\/camping-savoie-motorrad-fahrradfahrer\/\"><div class=\"eden-velo\">Radfahrer und Radfahrerinnen<\/div><\/a><\/div><\/div><div class=\"element colonne \"><div class=\"element bloc-text center \">\n\t<a href=\"\/de\/camping-bergwandern\/\"><div class=\"eden-rando\">F\u00fcr Wanderer<\/div><\/a><\/div><\/div><div class=\"element colonne \"><div class=\"element bloc-text center \">\n\t<a href=\"\/de\/camping-angler-berg\/\"><div class=\"eden-peche\">F\u00fcr Fischer<\/div><\/a><\/div><\/div><\/div><\/div><\/section>","protected":false},"excerpt":{"rendered":"","protected":false},"author":1,"featured_media":0,"parent":0,"menu_order":0,"comment_status":"closed","ping_status":"closed","template":"","meta":{"_acf_changed":false,"footnotes":""},"class_list":["post-919","page","type-page","status-publish","hentry"],"acf":[],"yoast_head":"<!-- This site is optimized with the Yoast SEO plugin v25.3 - https:\/\/yoast.com\/wordpress\/plugins\/seo\/ -->\n<title>Camping Sayoen, Eden - Camping Alpen Frankreich - Rhone Alpes<\/title>\n<meta name=\"description\" content=\"Buchen Sie Ihren Aufenthalt auf einem Campingplatz in den franz\u00f6sischen Alpen in Savoyen, Rh\u00f4ne Alpes am Fu\u00dfe der Skipisten.\" \/>\n<meta name=\"robots\" content=\"index, follow, max-snippet:-1, max-image-preview:large, max-video-preview:-1\" \/>\n<link rel=\"canonical\" href=\"https:\/\/www.camping-eden-savoie.com\/de\/\" \/>\n<meta property=\"og:locale\" content=\"de_DE\" \/>\n<meta property=\"og:type\" content=\"article\" \/>\n<meta property=\"og:title\" content=\"Camping Sayoen, Eden - Camping Alpen Frankreich - Rhone Alpes\" \/>\n<meta property=\"og:description\" content=\"Buchen Sie Ihren Aufenthalt auf einem Campingplatz in den franz\u00f6sischen Alpen in Savoyen, Rh\u00f4ne Alpes am Fu\u00dfe der Skipisten.\" \/>\n<meta property=\"og:url\" content=\"https:\/\/www.camping-eden-savoie.com\/de\/\" \/>\n<meta property=\"og:site_name\" content=\"Camping l&#039;Eden de la Vanoise\" \/>\n<meta property=\"article:modified_time\" content=\"2025-09-26T08:19:53+00:00\" \/>\n<meta name=\"twitter:card\" content=\"summary_large_image\" \/>\n<script type=\"application\/ld+json\" class=\"yoast-schema-graph\">{\"@context\":\"https:\/\/schema.org\",\"@graph\":[{\"@type\":\"WebPage\",\"@id\":\"https:\/\/www.camping-eden-savoie.com\/de\/\",\"url\":\"https:\/\/www.camping-eden-savoie.com\/de\/\",\"name\":\"Camping Sayoen, Eden - Camping Alpen Frankreich - Rhone Alpes\",\"isPartOf\":{\"@id\":\"https:\/\/www.camping-eden-savoie.com\/de\/#website\"},\"datePublished\":\"2015-12-30T09:17:40+00:00\",\"dateModified\":\"2025-09-26T08:19:53+00:00\",\"description\":\"Buchen Sie Ihren Aufenthalt auf einem Campingplatz in den franz\u00f6sischen Alpen in Savoyen, Rh\u00f4ne Alpes am Fu\u00dfe der Skipisten.\",\"breadcrumb\":{\"@id\":\"https:\/\/www.camping-eden-savoie.com\/de\/#breadcrumb\"},\"inLanguage\":\"de\",\"potentialAction\":[{\"@type\":\"ReadAction\",\"target\":[\"https:\/\/www.camping-eden-savoie.com\/de\/\"]}]},{\"@type\":\"BreadcrumbList\",\"@id\":\"https:\/\/www.camping-eden-savoie.com\/de\/#breadcrumb\",\"itemListElement\":[{\"@type\":\"ListItem\",\"position\":1,\"name\":\"Camping Alpen, in Savoyen\",\"item\":\"https:\/\/www.camping-eden-savoie.com\/de\/\"},{\"@type\":\"ListItem\",\"position\":2,\"name\":\"Empfang\"}]},{\"@type\":\"WebSite\",\"@id\":\"https:\/\/www.camping-eden-savoie.com\/de\/#website\",\"url\":\"https:\/\/www.camping-eden-savoie.com\/de\/\",\"name\":\"Camping l&#039;Eden de la Vanoise\",\"description\":\"\",\"potentialAction\":[{\"@type\":\"SearchAction\",\"target\":{\"@type\":\"EntryPoint\",\"urlTemplate\":\"https:\/\/www.camping-eden-savoie.com\/de\/?s={search_term_string}\"},\"query-input\":{\"@type\":\"PropertyValueSpecification\",\"valueRequired\":true,\"valueName\":\"search_term_string\"}}],\"inLanguage\":\"de\"}]}<\/script>\n<!-- \/ Yoast SEO plugin. -->","yoast_head_json":{"title":"Camping Sayoen, Eden - Camping Alpen Frankreich - Rhone Alpes","description":"Buchen Sie Ihren Aufenthalt auf einem Campingplatz in den franz\u00f6sischen Alpen in Savoyen, Rh\u00f4ne Alpes am Fu\u00dfe der Skipisten.","robots":{"index":"index","follow":"follow","max-snippet":"max-snippet:-1","max-image-preview":"max-image-preview:large","max-video-preview":"max-video-preview:-1"},"canonical":"https:\/\/www.camping-eden-savoie.com\/de\/","og_locale":"de_DE","og_type":"article","og_title":"Camping Sayoen, Eden - Camping Alpen Frankreich - Rhone Alpes","og_description":"Buchen Sie Ihren Aufenthalt auf einem Campingplatz in den franz\u00f6sischen Alpen in Savoyen, Rh\u00f4ne Alpes am Fu\u00dfe der Skipisten.","og_url":"https:\/\/www.camping-eden-savoie.com\/de\/","og_site_name":"Camping l&#039;Eden de la Vanoise","article_modified_time":"2025-09-26T08:19:53+00:00","twitter_card":"summary_large_image","schema":{"@context":"https:\/\/schema.org","@graph":[{"@type":"WebPage","@id":"https:\/\/www.camping-eden-savoie.com\/de\/","url":"https:\/\/www.camping-eden-savoie.com\/de\/","name":"Camping Sayoen, Eden - Camping Alpen Frankreich - Rhone Alpes","isPartOf":{"@id":"https:\/\/www.camping-eden-savoie.com\/de\/#website"},"datePublished":"2015-12-30T09:17:40+00:00","dateModified":"2025-09-26T08:19:53+00:00","description":"Buchen Sie Ihren Aufenthalt auf einem Campingplatz in den franz\u00f6sischen Alpen in Savoyen, Rh\u00f4ne Alpes am Fu\u00dfe der Skipisten.","breadcrumb":{"@id":"https:\/\/www.camping-eden-savoie.com\/de\/#breadcrumb"},"inLanguage":"de","potentialAction":[{"@type":"ReadAction","target":["https:\/\/www.camping-eden-savoie.com\/de\/"]}]},{"@type":"BreadcrumbList","@id":"https:\/\/www.camping-eden-savoie.com\/de\/#breadcrumb","itemListElement":[{"@type":"ListItem","position":1,"name":"Camping Alpen, in Savoyen","item":"https:\/\/www.camping-eden-savoie.com\/de\/"},{"@type":"ListItem","position":2,"name":"Empfang"}]},{"@type":"WebSite","@id":"https:\/\/www.camping-eden-savoie.com\/de\/#website","url":"https:\/\/www.camping-eden-savoie.com\/de\/","name":"Camping l&#039;Eden de la Vanoise","description":"","potentialAction":[{"@type":"SearchAction","target":{"@type":"EntryPoint","urlTemplate":"https:\/\/www.camping-eden-savoie.com\/de\/?s={search_term_string}"},"query-input":{"@type":"PropertyValueSpecification","valueRequired":true,"valueName":"search_term_string"}}],"inLanguage":"de"}]}},"_links":{"self":[{"href":"https:\/\/www.camping-eden-savoie.com\/de\/wp-json\/wp\/v2\/pages\/919"}],"collection":[{"href":"https:\/\/www.camping-eden-savoie.com\/de\/wp-json\/wp\/v2\/pages"}],"about":[{"href":"https:\/\/www.camping-eden-savoie.com\/de\/wp-json\/wp\/v2\/types\/page"}],"author":[{"embeddable":true,"href":"https:\/\/www.camping-eden-savoie.com\/de\/wp-json\/wp\/v2\/users\/1"}],"replies":[{"embeddable":true,"href":"https:\/\/www.camping-eden-savoie.com\/de\/wp-json\/wp\/v2\/comments?post=919"}],"version-history":[{"count":31,"href":"https:\/\/www.camping-eden-savoie.com\/de\/wp-json\/wp\/v2\/pages\/919\/revisions"}],"predecessor-version":[{"id":25251,"href":"https:\/\/www.camping-eden-savoie.com\/de\/wp-json\/wp\/v2\/pages\/919\/revisions\/25251"}],"wp:attachment":[{"href":"https:\/\/www.camping-eden-savoie.com\/de\/wp-json\/wp\/v2\/media?parent=919"}],"curies":[{"name":"wp","href":"https:\/\/api.w.org\/{rel}","templated":true}]}}