{"id":8766,"date":"2021-10-08T10:44:07","date_gmt":"2021-10-08T08:44:07","guid":{"rendered":"https:\/\/www.camping-eden-savoie.com\/location-chalet-savoie\/"},"modified":"2023-10-19T16:03:13","modified_gmt":"2023-10-19T14:03:13","slug":"chaletvermietung-savoie","status":"publish","type":"page","link":"https:\/\/www.camping-eden-savoie.com\/de\/chaletvermietung-savoie\/","title":{"rendered":"H\u00e9bergements : Chalets"},"content":{"rendered":"<section id=\"section-616006bf9956d\"\" class=\"section bg-color1\" \/><div class=\"container extralarge\"><h1 class=\"element section-title center\">Alpen chalet : mieten Sie ein Chalet in Savoie<\/h1><div class=\"element bloc-text center m-t-4\">\n\t<p>Werden Sie sich von einem unserer neuen Holzchalets mit Blick auf die schneebedeckten Gipfel in Savoyen in den franz\u00f6sischen Alpen verf\u00fchren lassen?<\/p>\n<p>Bitte beachten Sie : Haustiere sind nicht erlaubt !<\/p>\n<\/div><\/div><\/section>\n\n<section id=\"section-616006bf99856\"\" class=\"section bg-white\" \/><div class=\"container full\"><h2 class=\"element section-title center\">Savoyische Chalet zur Miete f\u00fcr Ihren Aufenthalt in Savoyen<\/h2><ul class=\"liste-de-page hebergements\"><div class=\"row\"><li class=\"hebergement hebergement--init hebergement--style-1  anzahl-der-rume-3 zahl-der-personen-6 bereich-40 \" id=\"109793\"><div class=\"hebergement_image\"><img decoding=\"async\" src=\"https:\/\/www.camping-eden-savoie.com\/wp-content\/uploads\/2021\/10\/chalet.jpg\" data-src=\"https:\/\/www.camping-eden-savoie.com\/wp-content\/uploads\/2021\/10\/chalet.jpg\" alt=\"chalet\" class=\"\" \/><div class=\"hebergement-attributs\"><span class=\"attribut anzahl-der-rume\">3 ch<\/span><span class=\"attribut zahl-der-personen\">6 pers<\/span><span class=\"attribut bereich\">40m\u00b2<\/span><\/div><\/div><div class=\"hebergement_content\"><div class=\"hebergement_titre hebergement_titre section-title decoration\">Chalets premium 40m\u00b2<\/div><\/div><\/li><\/div><\/ul><\/div><\/section>\n\n<section id=\"section-616018d1d035f\"\" class=\"section bg-white p-t-0 p-b-0\" \/><div class=\"container full\"><div class=\"colonnes-wrap valign-middle \"><div class=\"element colonne p-0\"><div class=\"element images scroll-x-mobile\"><div class=\"image\"><img decoding=\"async\" src=\"\" data-src=\"https:\/\/www.camping-eden-savoie.com\/wp-content\/uploads\/2022\/01\/location-chalet-hiver-savoie.jpg\" alt=\"chalet hiver savoie\" class=\"images_image\" \/><\/div><\/div><\/div><div class=\"element colonne p-x-10 p-y-10\"><h2 class=\"element section-title justify\">Chaletvermietung im Winter in Savoie<\/h2><div class=\"element bloc-text justify \">\n\t<p>Genie\u00dfen Sie eines unserer brandneuen <strong class=\"bold color1\">Chalets in Savoyen<\/strong>, mit Blick auf die schneebedeckten Berge.<\/p>\n<p>Unser Campingplatz liegt im Tal, in der N\u00e4he von Bourg-Saint-Maurice, am Fu\u00dfe der Skigebiete Les Arcs und La Plagne; dies ist der ideale Ort, um ein Chalet in den franz\u00f6sischen Alpen zu mieten, &#8222;fast&#8220; mit Skiern an den F\u00fc\u00dfen.<br \/>\nDiese neuen Chalets mit Blick auf die umliegenden Berge sind sehr ger\u00e4umig: 40m\u00b2 Komfort und Modernit\u00e4t und dar\u00fcber hinaus sehr gut ausgestattet: Backofen, Geschirrsp\u00fcler, Mikrowelle, Kaffeemaschine, Racletteger\u00e4t, Grill, WLAN-Anschluss etc. Bitte beachten Sie : Haustiere sind nicht erlaubt !<\/p>\n<p>Es handelt sich um eine Unterkunft f\u00fcr maximal 6 Personen mit 3 Schlafzimmern (1x160cm und 4x80cm) und 2 Badezimmern f\u00fcr einen entspannten Urlaub in Savoyen.<\/p>\n<p>Es ist der perfekte Ort f\u00fcr einen ungest\u00f6rten Familienurlaub: die Ruhe, die atemberaubende Landschaft, der schneebedeckte Radweg direkt nebenan, das ger\u00e4umige Chalet und nicht zu vergessen unser sch\u00f6nes, auf 30 Grad beheiztes Schwimmbad, das diesen Sommer renoviert wurde und Ihnen die M\u00f6glichkeit bietet, vor den schneebedeckten Bergen zu schwimmen.<\/p>\n<p>Ein Spielzimmer (Billard, Tischfu\u00dfball, Gesellschaftsspiele) vor dem Kamin erwartet Sie zu einer wohlverdienten hei\u00dfen Schokolade nach einem sch\u00f6nen Tag in den verschneiten und sonnigen Bergen von Savoyen.<\/p>\n<p>15 Minuten mit dem Auto oder dem kostenlosen Pendelbus von den Skiliften entfernt, ist es sehr einfach, auf die Skipisten zu gelangen. Mit viel g\u00fcnstigeren Preisen als in den Residenzen im Skigebiet finden Sie mit unseren Chaletvermietungen in Rh\u00f4ne Alpes allen Komfort und die Ruhe, die Sie sich nach einem langen Tag auf den Skipisten der uns umgebenden Skigebiete verdient haben.<\/p>\n<p>Wer tr\u00e4umt nicht von einem Raclette in einem Chalet in den Alpen, mit Blick auf den Sonnenuntergang \u00fcber den Bergen? Der perfekte Schlusspunkt eines sch\u00f6nen Urlaubs in den Bergen, in Savoyen.<\/p>\n<\/div><\/div><\/div><\/div><\/section>\n\n<section id=\"section-second\"\" class=\"section bg-white p-t-0 p-b-0\" \/><div class=\"container full\"><div class=\"colonnes-wrap valign-middle \"><div class=\"element colonne p-x-10 p-y-10\"><h2 class=\"element section-title justify\">Ihr savoyisches Chalet im Sommer<\/h2><div class=\"element bloc-text justify \">\n\t<p>Genie\u00dfen Sie eines unserer brandneuen Chalets in Savoyen, mit Blick auf die schneebedeckten Berge.<\/p>\n<p>Unser Campingplatz befindet sich in einem Tal auf 745 m H\u00f6he zwischen Aime und Bourg-saint-Maurice. Ein \u00fcber 16 km langer Radweg f\u00fchrt am Campingplatz und am Fluss entlang, sodass Sie mit Ihrer Familie zu Fu\u00df oder mit dem Fahrrad inmitten einer atemberaubenden Berglandschaft spazieren gehen k\u00f6nnen.<\/p>\n<p>Ein Chalet in den Bergen vor den Toren des Nationalparks Vanoise, wo Sie eine Vielzahl von Wanderungen in einer atemberaubenden Landschaft unternehmen k\u00f6nnen, bietet Ihnen die M\u00f6glichkeit, sich am Abend bei einem kleinen Grill oder Raclette zu entspannen.<\/p>\n<p>Unser Premium-Chalet ist mit seinen drei Schlafzimmern und zwei Badezimmern sowie seinem ger\u00e4umigen Wohnzimmer ideal f\u00fcr Familien, aber auch f\u00fcr Freunde geeignet und wird Ihren Urlaub in Savoyen zu einem unvergesslichen Erlebnis machen.<\/p>\n<\/div><\/div><div class=\"element colonne p-0\"><div class=\"element images scroll-x-mobile\"><div class=\"image\"><img decoding=\"async\" src=\"\" data-src=\"https:\/\/www.camping-eden-savoie.com\/wp-content\/uploads\/2022\/01\/location-chalet-ete-savoie.jpg\" alt=\"vacances en chalet savoyard\" class=\"images_image\" \/><\/div><\/div><\/div><\/div><\/div><\/section>\n\n<section id=\"section-row-last\"\" class=\"section bg-color1\" \/><div class=\"container extralarge\"><div class=\"element section-title center cta-title\">Unsere weiteren Mietobjekte und Standorte in Savoyen<\/div><ul class=\"liste-de-page\"><li class=\"element call-to-action center cta-title call-to-action--style-1 call-to-action--big\"><a href=\"https:\/\/www.camping-eden-savoie.com\/de\/unterkuenfte-camping-savoie\/\"  class=\"call-to-action_link\" title=\"Erfahren Sie mehr \u00fcber unsere bungalows\"><div class=\"call-to-action_image\"><img decoding=\"async\" src=\"https:\/\/www.camping-eden-savoie.com\/wp-content\/uploads\/2020\/08\/bungalow-savoie-100x88.jpg\" data-src=\"https:\/\/www.camping-eden-savoie.com\/wp-content\/uploads\/2020\/08\/bungalow-savoie.jpg\" alt=\"bungalow savoie\" class=\"big\" \/><\/div><div class=\"call-to-action_contenu\"><div class=\"call-to-action_titre\">Unsere Bungalows<\/div><\/div><\/a><\/li><li class=\"element call-to-action center cta-title call-to-action--style-1 call-to-action--big call-to-action--style-1 call-to-action--big\"><a href=\"https:\/\/www.camping-eden-savoie.com\/de\/stellplatze-camping-savoie\/\"  class=\"call-to-action_link\" title=\"Erfahren Sie mehr \u00fcber unsere stellpl\u00e4tze\"><div class=\"call-to-action_image\"><img decoding=\"async\" src=\"https:\/\/www.camping-eden-savoie.com\/wp-content\/uploads\/2020\/08\/emplacement-savoie-100x88.jpg\" data-src=\"https:\/\/www.camping-eden-savoie.com\/wp-content\/uploads\/2020\/08\/emplacement-savoie.jpg\" alt=\"emplacement savoie\" class=\"big\" \/><\/div><div class=\"call-to-action_contenu\"><div class=\"call-to-action_titre\">Unsere Stellpl\u00e4tze<\/div><\/div><\/a><\/li><li class=\"element call-to-action center cta-title call-to-action--style-1 call-to-action--big call-to-action--style-1 call-to-action--big call-to-action--style-1 call-to-action--big\"><a href=\"https:\/\/www.camping-eden-savoie.com\/de\/karavaneige-alpen\/\"  class=\"call-to-action_link\" title=\"Erfahren Sie mehr \u00fcber karawanege\"><div class=\"call-to-action_image\"><img decoding=\"async\" src=\"https:\/\/www.camping-eden-savoie.com\/wp-content\/uploads\/2020\/08\/location-caravaneige-savoie-100x88.jpg\" data-src=\"https:\/\/www.camping-eden-savoie.com\/wp-content\/uploads\/2020\/08\/location-caravaneige-savoie.jpg\" alt=\"location caravaneige savoie\" class=\"big\" \/><\/div><div class=\"call-to-action_contenu\"><div class=\"call-to-action_titre\">Karawanege<\/div><\/div><\/a><\/li><\/ul><\/div><\/section>","protected":false},"excerpt":{"rendered":"","protected":false},"author":1,"featured_media":8732,"parent":0,"menu_order":0,"comment_status":"closed","ping_status":"closed","template":"","meta":{"_acf_changed":false,"footnotes":""},"class_list":["post-8766","page","type-page","status-publish","has-post-thumbnail","hentry"],"acf":[],"yoast_head":"<!-- This site is optimized with the Yoast SEO plugin v25.3 - https:\/\/yoast.com\/wordpress\/plugins\/seo\/ -->\n<title>Alpen chalets : buchen sie ihr chalet in den franz\u00f6sischen alpen (73)<\/title>\n<meta name=\"description\" content=\"Buchen Sie Ihr Chalet in den franz\u00f6sischen Alpen am Fu\u00dfe der Skipisten in Savoyen. Chalets f\u00fcr 6 Personen in den Alpen !\" \/>\n<meta name=\"robots\" content=\"index, follow, max-snippet:-1, max-image-preview:large, max-video-preview:-1\" \/>\n<link rel=\"canonical\" href=\"https:\/\/www.camping-eden-savoie.com\/de\/chaletvermietung-savoie\/\" \/>\n<meta property=\"og:locale\" content=\"de_DE\" \/>\n<meta property=\"og:type\" content=\"article\" \/>\n<meta property=\"og:title\" content=\"Alpen chalets : buchen sie ihr chalet in den franz\u00f6sischen alpen (73)\" \/>\n<meta property=\"og:description\" content=\"Buchen Sie Ihr Chalet in den franz\u00f6sischen Alpen am Fu\u00dfe der Skipisten in Savoyen. Chalets f\u00fcr 6 Personen in den Alpen !\" \/>\n<meta property=\"og:url\" content=\"https:\/\/www.camping-eden-savoie.com\/de\/chaletvermietung-savoie\/\" \/>\n<meta property=\"og:site_name\" content=\"Camping l&#039;Eden de la Vanoise\" \/>\n<meta property=\"article:modified_time\" content=\"2023-10-19T14:03:13+00:00\" \/>\n<meta property=\"og:image\" content=\"https:\/\/www.camping-eden-savoie.com\/wp-content\/uploads\/2022\/01\/chalet-en-hiver-savoie.jpg\" \/>\n\t<meta property=\"og:image:width\" content=\"1903\" \/>\n\t<meta property=\"og:image:height\" content=\"500\" \/>\n\t<meta property=\"og:image:type\" content=\"image\/jpeg\" \/>\n<meta name=\"twitter:card\" content=\"summary_large_image\" \/>\n<script type=\"application\/ld+json\" class=\"yoast-schema-graph\">{\"@context\":\"https:\/\/schema.org\",\"@graph\":[{\"@type\":\"WebPage\",\"@id\":\"https:\/\/www.camping-eden-savoie.com\/de\/chaletvermietung-savoie\/\",\"url\":\"https:\/\/www.camping-eden-savoie.com\/de\/chaletvermietung-savoie\/\",\"name\":\"Alpen chalets : buchen sie ihr chalet in den franz\u00f6sischen alpen (73)\",\"isPartOf\":{\"@id\":\"https:\/\/www.camping-eden-savoie.com\/de\/#website\"},\"primaryImageOfPage\":{\"@id\":\"https:\/\/www.camping-eden-savoie.com\/de\/chaletvermietung-savoie\/#primaryimage\"},\"image\":{\"@id\":\"https:\/\/www.camping-eden-savoie.com\/de\/chaletvermietung-savoie\/#primaryimage\"},\"thumbnailUrl\":\"https:\/\/www.camping-eden-savoie.com\/wp-content\/uploads\/2022\/01\/chalet-en-hiver-savoie.jpg\",\"datePublished\":\"2021-10-08T08:44:07+00:00\",\"dateModified\":\"2023-10-19T14:03:13+00:00\",\"description\":\"Buchen Sie Ihr Chalet in den franz\u00f6sischen Alpen am Fu\u00dfe der Skipisten in Savoyen. Chalets f\u00fcr 6 Personen in den Alpen !\",\"breadcrumb\":{\"@id\":\"https:\/\/www.camping-eden-savoie.com\/de\/chaletvermietung-savoie\/#breadcrumb\"},\"inLanguage\":\"de\",\"potentialAction\":[{\"@type\":\"ReadAction\",\"target\":[\"https:\/\/www.camping-eden-savoie.com\/de\/chaletvermietung-savoie\/\"]}]},{\"@type\":\"ImageObject\",\"inLanguage\":\"de\",\"@id\":\"https:\/\/www.camping-eden-savoie.com\/de\/chaletvermietung-savoie\/#primaryimage\",\"url\":\"https:\/\/www.camping-eden-savoie.com\/wp-content\/uploads\/2022\/01\/chalet-en-hiver-savoie.jpg\",\"contentUrl\":\"https:\/\/www.camping-eden-savoie.com\/wp-content\/uploads\/2022\/01\/chalet-en-hiver-savoie.jpg\",\"width\":1903,\"height\":500,\"caption\":\"chalet en hiver savoie\"},{\"@type\":\"BreadcrumbList\",\"@id\":\"https:\/\/www.camping-eden-savoie.com\/de\/chaletvermietung-savoie\/#breadcrumb\",\"itemListElement\":[{\"@type\":\"ListItem\",\"position\":1,\"name\":\"Camping Alpen, in Savoyen\",\"item\":\"https:\/\/www.camping-eden-savoie.com\/de\/\"},{\"@type\":\"ListItem\",\"position\":2,\"name\":\"Ein Chalet in Savoyen mieten\"}]},{\"@type\":\"WebSite\",\"@id\":\"https:\/\/www.camping-eden-savoie.com\/de\/#website\",\"url\":\"https:\/\/www.camping-eden-savoie.com\/de\/\",\"name\":\"Camping l&#039;Eden de la Vanoise\",\"description\":\"\",\"potentialAction\":[{\"@type\":\"SearchAction\",\"target\":{\"@type\":\"EntryPoint\",\"urlTemplate\":\"https:\/\/www.camping-eden-savoie.com\/de\/?s={search_term_string}\"},\"query-input\":{\"@type\":\"PropertyValueSpecification\",\"valueRequired\":true,\"valueName\":\"search_term_string\"}}],\"inLanguage\":\"de\"}]}<\/script>\n<!-- \/ Yoast SEO plugin. -->","yoast_head_json":{"title":"Alpen chalets : buchen sie ihr chalet in den franz\u00f6sischen alpen (73)","description":"Buchen Sie Ihr Chalet in den franz\u00f6sischen Alpen am Fu\u00dfe der Skipisten in Savoyen. Chalets f\u00fcr 6 Personen in den Alpen !","robots":{"index":"index","follow":"follow","max-snippet":"max-snippet:-1","max-image-preview":"max-image-preview:large","max-video-preview":"max-video-preview:-1"},"canonical":"https:\/\/www.camping-eden-savoie.com\/de\/chaletvermietung-savoie\/","og_locale":"de_DE","og_type":"article","og_title":"Alpen chalets : buchen sie ihr chalet in den franz\u00f6sischen alpen (73)","og_description":"Buchen Sie Ihr Chalet in den franz\u00f6sischen Alpen am Fu\u00dfe der Skipisten in Savoyen. Chalets f\u00fcr 6 Personen in den Alpen !","og_url":"https:\/\/www.camping-eden-savoie.com\/de\/chaletvermietung-savoie\/","og_site_name":"Camping l&#039;Eden de la Vanoise","article_modified_time":"2023-10-19T14:03:13+00:00","og_image":[{"width":1903,"height":500,"url":"https:\/\/www.camping-eden-savoie.com\/wp-content\/uploads\/2022\/01\/chalet-en-hiver-savoie.jpg","type":"image\/jpeg"}],"twitter_card":"summary_large_image","schema":{"@context":"https:\/\/schema.org","@graph":[{"@type":"WebPage","@id":"https:\/\/www.camping-eden-savoie.com\/de\/chaletvermietung-savoie\/","url":"https:\/\/www.camping-eden-savoie.com\/de\/chaletvermietung-savoie\/","name":"Alpen chalets : buchen sie ihr chalet in den franz\u00f6sischen alpen (73)","isPartOf":{"@id":"https:\/\/www.camping-eden-savoie.com\/de\/#website"},"primaryImageOfPage":{"@id":"https:\/\/www.camping-eden-savoie.com\/de\/chaletvermietung-savoie\/#primaryimage"},"image":{"@id":"https:\/\/www.camping-eden-savoie.com\/de\/chaletvermietung-savoie\/#primaryimage"},"thumbnailUrl":"https:\/\/www.camping-eden-savoie.com\/wp-content\/uploads\/2022\/01\/chalet-en-hiver-savoie.jpg","datePublished":"2021-10-08T08:44:07+00:00","dateModified":"2023-10-19T14:03:13+00:00","description":"Buchen Sie Ihr Chalet in den franz\u00f6sischen Alpen am Fu\u00dfe der Skipisten in Savoyen. Chalets f\u00fcr 6 Personen in den Alpen !","breadcrumb":{"@id":"https:\/\/www.camping-eden-savoie.com\/de\/chaletvermietung-savoie\/#breadcrumb"},"inLanguage":"de","potentialAction":[{"@type":"ReadAction","target":["https:\/\/www.camping-eden-savoie.com\/de\/chaletvermietung-savoie\/"]}]},{"@type":"ImageObject","inLanguage":"de","@id":"https:\/\/www.camping-eden-savoie.com\/de\/chaletvermietung-savoie\/#primaryimage","url":"https:\/\/www.camping-eden-savoie.com\/wp-content\/uploads\/2022\/01\/chalet-en-hiver-savoie.jpg","contentUrl":"https:\/\/www.camping-eden-savoie.com\/wp-content\/uploads\/2022\/01\/chalet-en-hiver-savoie.jpg","width":1903,"height":500,"caption":"chalet en hiver savoie"},{"@type":"BreadcrumbList","@id":"https:\/\/www.camping-eden-savoie.com\/de\/chaletvermietung-savoie\/#breadcrumb","itemListElement":[{"@type":"ListItem","position":1,"name":"Camping Alpen, in Savoyen","item":"https:\/\/www.camping-eden-savoie.com\/de\/"},{"@type":"ListItem","position":2,"name":"Ein Chalet in Savoyen mieten"}]},{"@type":"WebSite","@id":"https:\/\/www.camping-eden-savoie.com\/de\/#website","url":"https:\/\/www.camping-eden-savoie.com\/de\/","name":"Camping l&#039;Eden de la Vanoise","description":"","potentialAction":[{"@type":"SearchAction","target":{"@type":"EntryPoint","urlTemplate":"https:\/\/www.camping-eden-savoie.com\/de\/?s={search_term_string}"},"query-input":{"@type":"PropertyValueSpecification","valueRequired":true,"valueName":"search_term_string"}}],"inLanguage":"de"}]}},"_links":{"self":[{"href":"https:\/\/www.camping-eden-savoie.com\/de\/wp-json\/wp\/v2\/pages\/8766"}],"collection":[{"href":"https:\/\/www.camping-eden-savoie.com\/de\/wp-json\/wp\/v2\/pages"}],"about":[{"href":"https:\/\/www.camping-eden-savoie.com\/de\/wp-json\/wp\/v2\/types\/page"}],"author":[{"embeddable":true,"href":"https:\/\/www.camping-eden-savoie.com\/de\/wp-json\/wp\/v2\/users\/1"}],"replies":[{"embeddable":true,"href":"https:\/\/www.camping-eden-savoie.com\/de\/wp-json\/wp\/v2\/comments?post=8766"}],"version-history":[{"count":16,"href":"https:\/\/www.camping-eden-savoie.com\/de\/wp-json\/wp\/v2\/pages\/8766\/revisions"}],"predecessor-version":[{"id":10907,"href":"https:\/\/www.camping-eden-savoie.com\/de\/wp-json\/wp\/v2\/pages\/8766\/revisions\/10907"}],"wp:featuredmedia":[{"embeddable":true,"href":"https:\/\/www.camping-eden-savoie.com\/de\/wp-json\/wp\/v2\/media\/8732"}],"wp:attachment":[{"href":"https:\/\/www.camping-eden-savoie.com\/de\/wp-json\/wp\/v2\/media?parent=8766"}],"curies":[{"name":"wp","href":"https:\/\/api.w.org\/{rel}","templated":true}]}}