{"id":6912,"date":"2020-09-08T09:18:52","date_gmt":"2020-09-08T07:18:52","guid":{"rendered":"http:\/\/www.camping-eden-savoie.com\/camping-peisey-vallandry\/"},"modified":"2020-09-24T16:35:00","modified_gmt":"2020-09-24T14:35:00","slug":"campingplatz-peisey-vallandry","status":"publish","type":"page","link":"https:\/\/www.camping-eden-savoie.com\/de\/campingplatz-peisey-vallandry\/","title":{"rendered":"Alentours : Peisey Vallandry"},"content":{"rendered":"<section id=\"section-5f2ab25841fbb\"\" class=\"section bg-color1\" \/><div class=\"container extralarge\"><h1 class=\"element section-title center m-b-4\">Campingplatz Peisey-Vallandry<\/h1><div class=\"element bloc-text center \">\n\t<p>Der Campingplatz 10 Minuten von Peisey-Vallandry entfernt, <a href=\"\/de\/\">l&#8217;Eden de la Vanoise<\/a> empf\u00e4ngt Sie in einer Dom\u00e4ne mit einer wertvollen Umgebung an den Ufern der Is\u00e8re. Weniger als 8 km von diesem im Herzen des Skigebiets Paradiski gelegenen Bergort entfernt, empf\u00e4ngt Sie unser 4-Saisonen-Campingplatz f\u00fcr Winter- oder Sommerferien im Zeichen von Entspannung und Outdoor-Aktivit\u00e4ten.<\/p>\n<\/div><\/div><\/section>\n\n<section id=\"section-5f2ab25842436\"\" class=\"section bg-color5 p-t-0 p-b-0\" \/><div class=\"container full\"><div class=\"colonnes-wrap valign-middle \"><div class=\"element colonne p-0\"><div class=\"element images scroll-x-mobile\"><div class=\"image\"><img decoding=\"async\" src=\"\" data-src=\"https:\/\/www.camping-eden-savoie.com\/wp-content\/uploads\/2020\/08\/location-insolite-savoie.jpg\" alt=\"mobil-home Peisey Vallandry\" class=\"images_image anime-zoom\" \/><\/div><\/div><\/div><div class=\"element colonne p-x-10 p-y-10\"><h2 class=\"element section-title left\">Wohnmobil-Vermietung Peisey-Vallandry<\/h2><div class=\"element bloc-text justify \">\n\t<p>Sie m\u00f6chten in einem Wohnmobil in der N\u00e4he von Peisey-Vallandry \u00fcbernachten, im Winter die Pisten genie\u00dfen oder im Sommer die Bergweiden entdecken und sich mit Sauerstoff f\u00fcllen? <\/p>\n<p>L&#8217;Eden de la Vanoise, ein 4-Saisonen-Campingplatz in Savoyen, l\u00e4dt Sie ein, seine Mobilheime zu entdecken, die weniger als 10 Minuten von Peisey &#038; Vallandry entfernt gemietet werden k\u00f6nnen. <\/p>\n<p><Im Herzen der Berge der Tarentaise k\u00f6nnen Sie in einem Mobilheim mit Terrasse f\u00fcr 4 bis 6 Personen, in einem 35 m2 gro\u00dfen Bungalow mit 3 Schlafzimmern oder in einem unserer <strong class=\"bold color1\">Canvas-Bungalows<\/strong> wohnen, wenn Sie im Sommer kommen: eine Art Ferienwohnung in der N\u00e4he von Peisey-Vallandry, die von Naturliebhabern gesch\u00e4tzt wird. <\/p>\n<\/div><\/div><\/div><\/div><\/section>\n\n<section id=\"section-5f31481b6bab2\"\" class=\"section bg-white p-t-0 p-b-0\" \/><div class=\"container full\"><div class=\"element images scroll-x-mobile\"><div class=\"image\"><img decoding=\"async\" src=\"\" data-src=\"https:\/\/www.camping-eden-savoie.com\/wp-content\/uploads\/2020\/09\/cascade-glace-peisey-vallandry.jpg\" alt=\"cascade glace peisey vallandry\" class=\"images_image\" \/><\/div><div class=\"image\"><img decoding=\"async\" src=\"\" data-src=\"https:\/\/www.camping-eden-savoie.com\/wp-content\/uploads\/2020\/09\/bouquetin-peisey-vallandry.jpg\" alt=\"bouquetin peisey vallandry\" class=\"images_image\" \/><\/div><div class=\"image\"><img decoding=\"async\" src=\"\" data-src=\"https:\/\/www.camping-eden-savoie.com\/wp-content\/uploads\/2020\/09\/deouverte-peisey-vallandry.jpg\" alt=\"decouverte peisey vallandry\" class=\"images_image\" \/><\/div><div class=\"image\"><img decoding=\"async\" src=\"\" data-src=\"https:\/\/www.camping-eden-savoie.com\/wp-content\/uploads\/2020\/09\/parapente-ete-peisey-vallandry.jpg\" alt=\"parapente ete peisey vallandry\" class=\"images_image\" \/><\/div><\/div><\/div><\/section>\n\n<section id=\"section-5f2aae2ae11ca\"\" class=\"section bg-color5 p-t-0 p-b-0\" \/><div class=\"container full\"><div class=\"colonnes-wrap valign-middle \"><div class=\"element colonne p-x-10 p-y-10\"><h2 class=\"element section-title justify\">Das Peisey-Vallandry-Tal<\/h2><div class=\"element bloc-text justify \">\n\t<p>Peisey-Vallandry wird von der <strong class=\"bold color1\">gro\u00dfen Seilbahn des Vanoise Express<\/strong> zwischen Les Arcs und La Plagne angefahren. Es ist ein Winter- und Sommerziel mit dem <strong class=\"bold color1\">gro\u00dfen Freizeitangebot<\/strong> und der <strong class=\"bold color1\">privilegierten nat\u00fcrlichen Umgebung<\/strong>. <\/p>\n<p>Im Herzen des Pays du Beaufort besteht das Resort aus dem alten Dorf Plan Peisey und Vallandry. <\/p>\n<p>Plan Peisey ist der Abfahrtsbahnhof des Vanoise Express in Richtung La Plagne. Es ist ein echter Balkon \u00fcber der <strong class=\"bold color1\">Oberes Tarentaise-Tal<\/strong> und \u00fcber der <strong class=\"bold color1\">Peisey-Nancroix-Tal<\/strong>. Vallandry liegt am Rande eines L\u00e4rchenwaldes auf 1600 Metern H\u00f6he und bietet einen atemberaubenden Blick auf den Mont-Blanc im Nordwesten.  <\/p>\n<\/div><\/div><div class=\"element colonne p-0\"><div class=\"element images scroll-x-mobile\"><div class=\"image\"><img decoding=\"async\" src=\"\" data-src=\"https:\/\/www.camping-eden-savoie.com\/wp-content\/uploads\/2020\/09\/vacances-peisey-vallandry.jpg\" alt=\"vacances peisey vallandry\" class=\"images_image anime-zoom\" \/><\/div><\/div><\/div><\/div><\/div><\/section>\n\n<section id=\"section-peisey-not-last\"\" class=\"section bg-color5 p-t-0 p-b-0\" \/><div class=\"container full\"><div class=\"colonnes-wrap valign-middle \"><div class=\"element colonne p-0\"><div class=\"element images scroll-x-mobile\"><div class=\"image\"><img decoding=\"async\" src=\"\" data-src=\"https:\/\/www.camping-eden-savoie.com\/wp-content\/uploads\/2020\/09\/ski-de-font-peisey-vallandry.jpg\" alt=\"ski de font peisey vallandry\" class=\"images_image anime-zoom\" \/><\/div><\/div><\/div><div class=\"element colonne p-x-10 p-y-10\"><h2 class=\"element section-title justify\">Winter-Aktivit\u00e4ten Peisey Vallandry<\/h2><div class=\"element bloc-text justify \">\n\t<p>Finden Sie heraus, was man im Winter in <strong class=\"bold color1\">Peisey-Vallandry<\/strong> durch unsere <strong class=\"bold color1\">top 5 Schneet\u00e4tigkeiten<\/strong> im Skigebiet unternehmen kann!<\/p>\n<ul>\n<li><strong class=\"bold color1\">Ski-Jo\u00ebring<\/strong> : Lassen Sie sich auf der Ranch El Colorado in Begleitung des franz\u00f6sischen Pioniers dieser Disziplin von einem Pferd ziehen! Eine Winter- und Reitversion des Wasserskilaufs, die f\u00fcr jeden zug\u00e4nglich ist, der bereits bequem auf Skiern f\u00e4hrt.<\/li>\n<li><strong class=\"bold color1\">Gleitschirmfliegen im Winter<\/strong> : Gleitschirmfliegen wird oft als Sommeraktivit\u00e4t angesehen und bietet im Winter einzigartige Sensationen. Eine Erfahrung, die es mit Peisey Mountain Sky zu entdecken gilt.<\/li>\n<li><strong class=\"bold color1\">Eisf\u00e4lle<\/strong> : \u00dcben Sie Eisklettern auf der nordischen Seite von Peisey-Vallandry. Nat\u00fcrliche Wasserf\u00e4lle von 10 bis \u00fcber 200 Meter H\u00f6he warten von November bis Februar auf Nervenkitzel-Suchende.<\/li>\n<li><strong class=\"bold color1\">Schlittenfahrten<\/strong> : gezogen von einem Pferd mit dem Club du Fer \u00e0 Cheval oder, noch ungew\u00f6hnlicher, von einem Rentier mit Les Rennes du Grand Plan.<\/li>\n<li><strong class=\"bold color1\">Skitouren<\/strong> : auf zwei gro\u00dfen Einf\u00fchrungskursen, mit der M\u00f6glichkeit von Animationen durch die ESF-Ausbilder. <\/li>\n<\/ul>\n<\/div><\/div><\/div><\/div><\/section>\n\n<section id=\"section-peisey-img\"\" class=\"section bg-white p-t-0 p-b-0\" \/><div class=\"container full\"><div class=\"element images scroll-x-mobile\"><div class=\"image\"><img decoding=\"async\" src=\"\" data-src=\"https:\/\/www.camping-eden-savoie.com\/wp-content\/uploads\/2020\/09\/parapente-hiver-peisey-vallandry.jpg\" alt=\"parapente hiver peisey vallandry\" class=\"images_image\" \/><\/div><div class=\"image\"><img decoding=\"async\" src=\"\" data-src=\"https:\/\/www.camping-eden-savoie.com\/wp-content\/uploads\/2020\/09\/station-peisey-vallandry.jpg\" alt=\"station peisey vallandry\" class=\"images_image\" \/><\/div><div class=\"image\"><img decoding=\"async\" src=\"\" data-src=\"https:\/\/www.camping-eden-savoie.com\/wp-content\/uploads\/2020\/09\/marmotte-peisey-vallandry.jpg\" alt=\"marmotte peisey vallandry\" class=\"images_image\" \/><\/div><div class=\"image\"><img decoding=\"async\" src=\"\" data-src=\"https:\/\/www.camping-eden-savoie.com\/wp-content\/uploads\/2020\/09\/randonnee-cheval-peisey-vallandry.jpg\" alt=\"randonnee cheval peisey vallandry\" class=\"images_image\" \/><\/div><\/div><\/div><\/section>\n\n<section id=\"section-peisey-last\"\" class=\"section bg-color5 p-t-0 p-b-0\" \/><div class=\"container full\"><div class=\"colonnes-wrap valign-middle \"><div class=\"element colonne p-x-10 p-y-10\"><h2 class=\"element section-title justify\">Sommeraktivit\u00e4ten Peisey-Vallandry<\/h2><div class=\"element bloc-text justify \">\n\t<p>Sie fragen sich, was man bei <strong class=\"bold color1\">Peisey-Vallandry im Sommer<\/strong> tun soll. Die Liste ist lang! Entdecken Sie 5 Ideen aus einem breiten Angebot an Freizeitaktivit\u00e4ten im Resort:<\/p>\n<ul>\n<li><strong class=\"bold color1\">Bergsteigen, Klettern und Klettersteige<\/strong>: f\u00fcr diejenigen, die nach H\u00f6he d\u00fcrsten und die erhabene Landschaften genie\u00dfen wollen, frei oder mit F\u00fchrer.<\/li>\n<li><strong class=\"bold color1\">Mountainbike und D\u00e9v&#8217;Bike<\/strong> : entdecken Sie die Skipisten auf eine neue Art und Weise mit Ihrem Mountainbike ! Der Fahrradpark Peisey-Vallandry bietet 150 km markierte Routen f\u00fcr alle Niveaus<\/li>\n<li><strong class=\"bold color1\">Reiten und Eselsritte<\/strong> : das Peisey-Vallandry-Tal auf originelle Art und Weise entdecken. M\u00fcde? Versuchen Sie eine Pferdekutschenfahrt!<\/li>\n<li><strong class=\"bold color1\">Wildwassersportarten<\/strong> : Hydrospeed, Rafting, Kajak mit R\u00eave d&#8217;Eau, aber auch Canyoning und Kanufahren mit H2O.<\/li>\n<li><strong class=\"bold color1\">Der Besuch von Bauernh\u00f6fen und Produzenten des lokalen Bodens, insbesondere von Beaufort<\/strong> : mit Verkostung am Schl\u00fcssel!<\/li>\n<\/ul>\n<\/div><\/div><div class=\"element colonne p-0\"><div class=\"element images scroll-x-mobile\"><div class=\"image\"><img decoding=\"async\" src=\"\" data-src=\"https:\/\/www.camping-eden-savoie.com\/wp-content\/uploads\/2020\/09\/rafting-peisey-vallandry.jpg\" alt=\"rafting peisey vallandry\" class=\"images_image anime-zoom\" \/><\/div><\/div><\/div><\/div><\/div><\/section>\n\n<section id=\"section-5f2ab2584333c\"\" class=\"section bg-color1\" \/><div class=\"container extralarge\"><div class=\"element section-title center cta-title\">Die Umgebung von Peisey Vallandry<\/div><ul class=\"liste-de-page\"><li class=\"element call-to-action center cta-title call-to-action--style-1 call-to-action--normal\"><a href=\"https:\/\/www.camping-eden-savoie.com\/de\/campingplatz-parc-vanoise\/\"  class=\"call-to-action_link\" title=\"Erfahren Sie mehr \u00fcber vanoise-park\"><div class=\"call-to-action_image\"><img decoding=\"async\" src=\"https:\/\/www.camping-eden-savoie.com\/wp-content\/uploads\/2020\/08\/vacances-parc-vanoise-100x88.jpg\" data-src=\"https:\/\/www.camping-eden-savoie.com\/wp-content\/uploads\/2020\/08\/vacances-parc-vanoise.jpg\" alt=\"vacances parc vanoise\" class=\"normal\" \/><\/div><div class=\"call-to-action_contenu\"><div class=\"call-to-action_titre\">Vanoise-Park<\/div><\/div><\/a><\/li><li class=\"element call-to-action center cta-title call-to-action--style-1 call-to-action--normal call-to-action--style-1 call-to-action--normal\"><a href=\"https:\/\/www.camping-eden-savoie.com\/de\/campingplatz-les-arcs\/\"  class=\"call-to-action_link\" title=\"Erfahren Sie mehr \u00fcber les arcs\"><div class=\"call-to-action_image\"><img decoding=\"async\" src=\"https:\/\/www.camping-eden-savoie.com\/wp-content\/uploads\/2020\/08\/vacances-les-arcs-100x88.jpg\" data-src=\"https:\/\/www.camping-eden-savoie.com\/wp-content\/uploads\/2020\/08\/vacances-les-arcs.jpg\" alt=\"vacances les arcs\" class=\"normal\" \/><\/div><div class=\"call-to-action_contenu\"><div class=\"call-to-action_titre\">Les Arcs<\/div><\/div><\/a><\/li><li class=\"element call-to-action center cta-title call-to-action--style-1 call-to-action--normal call-to-action--style-1 call-to-action--normal call-to-action--style-1 call-to-action--normal\"><a href=\"https:\/\/www.camping-eden-savoie.com\/de\/la-plagne-campingplatz\/\"  class=\"call-to-action_link\" title=\"Erfahren Sie mehr \u00fcber la plagne\"><div class=\"call-to-action_image\"><img decoding=\"async\" src=\"https:\/\/www.camping-eden-savoie.com\/wp-content\/uploads\/2020\/08\/vacances-la-plagne-100x88.jpg\" data-src=\"https:\/\/www.camping-eden-savoie.com\/wp-content\/uploads\/2020\/08\/vacances-la-plagne.jpg\" alt=\"vacances la plagne\" class=\"normal\" \/><\/div><div class=\"call-to-action_contenu\"><div class=\"call-to-action_titre\">La Plagne<\/div><\/div><\/a><\/li><\/ul><\/div><\/section>","protected":false},"excerpt":{"rendered":"","protected":false},"author":1,"featured_media":6841,"parent":0,"menu_order":0,"comment_status":"closed","ping_status":"closed","template":"","meta":{"_acf_changed":false,"footnotes":""},"class_list":["post-6912","page","type-page","status-publish","has-post-thumbnail","hentry"],"acf":[],"yoast_head":"<!-- This site is optimized with the Yoast SEO plugin v25.3 - https:\/\/yoast.com\/wordpress\/plugins\/seo\/ -->\n<title>Camping Peisey Vallandry | Vermietung in der N\u00e4he von Peysey Vallandry<\/title>\n<meta name=\"robots\" content=\"index, follow, max-snippet:-1, max-image-preview:large, max-video-preview:-1\" \/>\n<link rel=\"canonical\" href=\"https:\/\/www.camping-eden-savoie.com\/de\/campingplatz-peisey-vallandry\/\" \/>\n<meta property=\"og:locale\" content=\"de_DE\" \/>\n<meta property=\"og:type\" content=\"article\" \/>\n<meta property=\"og:title\" content=\"Camping Peisey Vallandry | Vermietung in der N\u00e4he von Peysey Vallandry\" \/>\n<meta property=\"og:url\" content=\"https:\/\/www.camping-eden-savoie.com\/de\/campingplatz-peisey-vallandry\/\" \/>\n<meta property=\"og:site_name\" content=\"Camping l&#039;Eden de la Vanoise\" \/>\n<meta property=\"article:modified_time\" content=\"2020-09-24T14:35:00+00:00\" \/>\n<meta property=\"og:image\" content=\"https:\/\/www.camping-eden-savoie.com\/wp-content\/uploads\/2020\/09\/camping-peisey-vallandry.jpg\" \/>\n\t<meta property=\"og:image:width\" content=\"1903\" \/>\n\t<meta property=\"og:image:height\" content=\"550\" \/>\n\t<meta property=\"og:image:type\" content=\"image\/jpeg\" \/>\n<meta name=\"twitter:card\" content=\"summary_large_image\" \/>\n<script type=\"application\/ld+json\" class=\"yoast-schema-graph\">{\"@context\":\"https:\/\/schema.org\",\"@graph\":[{\"@type\":\"WebPage\",\"@id\":\"https:\/\/www.camping-eden-savoie.com\/de\/campingplatz-peisey-vallandry\/\",\"url\":\"https:\/\/www.camping-eden-savoie.com\/de\/campingplatz-peisey-vallandry\/\",\"name\":\"Camping Peisey Vallandry | Vermietung in der N\u00e4he von Peysey Vallandry\",\"isPartOf\":{\"@id\":\"https:\/\/www.camping-eden-savoie.com\/de\/#website\"},\"primaryImageOfPage\":{\"@id\":\"https:\/\/www.camping-eden-savoie.com\/de\/campingplatz-peisey-vallandry\/#primaryimage\"},\"image\":{\"@id\":\"https:\/\/www.camping-eden-savoie.com\/de\/campingplatz-peisey-vallandry\/#primaryimage\"},\"thumbnailUrl\":\"https:\/\/www.camping-eden-savoie.com\/wp-content\/uploads\/2020\/09\/camping-peisey-vallandry.jpg\",\"datePublished\":\"2020-09-08T07:18:52+00:00\",\"dateModified\":\"2020-09-24T14:35:00+00:00\",\"breadcrumb\":{\"@id\":\"https:\/\/www.camping-eden-savoie.com\/de\/campingplatz-peisey-vallandry\/#breadcrumb\"},\"inLanguage\":\"de\",\"potentialAction\":[{\"@type\":\"ReadAction\",\"target\":[\"https:\/\/www.camping-eden-savoie.com\/de\/campingplatz-peisey-vallandry\/\"]}]},{\"@type\":\"ImageObject\",\"inLanguage\":\"de\",\"@id\":\"https:\/\/www.camping-eden-savoie.com\/de\/campingplatz-peisey-vallandry\/#primaryimage\",\"url\":\"https:\/\/www.camping-eden-savoie.com\/wp-content\/uploads\/2020\/09\/camping-peisey-vallandry.jpg\",\"contentUrl\":\"https:\/\/www.camping-eden-savoie.com\/wp-content\/uploads\/2020\/09\/camping-peisey-vallandry.jpg\",\"width\":1903,\"height\":550,\"caption\":\"camping peisey vallandry\"},{\"@type\":\"BreadcrumbList\",\"@id\":\"https:\/\/www.camping-eden-savoie.com\/de\/campingplatz-peisey-vallandry\/#breadcrumb\",\"itemListElement\":[{\"@type\":\"ListItem\",\"position\":1,\"name\":\"Camping Alpen, in Savoyen\",\"item\":\"https:\/\/www.camping-eden-savoie.com\/de\/\"},{\"@type\":\"ListItem\",\"position\":2,\"name\":\"Campingplatz vor den Toren von Peisey Vallandry\"}]},{\"@type\":\"WebSite\",\"@id\":\"https:\/\/www.camping-eden-savoie.com\/de\/#website\",\"url\":\"https:\/\/www.camping-eden-savoie.com\/de\/\",\"name\":\"Camping l&#039;Eden de la Vanoise\",\"description\":\"\",\"potentialAction\":[{\"@type\":\"SearchAction\",\"target\":{\"@type\":\"EntryPoint\",\"urlTemplate\":\"https:\/\/www.camping-eden-savoie.com\/de\/?s={search_term_string}\"},\"query-input\":{\"@type\":\"PropertyValueSpecification\",\"valueRequired\":true,\"valueName\":\"search_term_string\"}}],\"inLanguage\":\"de\"}]}<\/script>\n<!-- \/ Yoast SEO plugin. -->","yoast_head_json":{"title":"Camping Peisey Vallandry | Vermietung in der N\u00e4he von Peysey Vallandry","robots":{"index":"index","follow":"follow","max-snippet":"max-snippet:-1","max-image-preview":"max-image-preview:large","max-video-preview":"max-video-preview:-1"},"canonical":"https:\/\/www.camping-eden-savoie.com\/de\/campingplatz-peisey-vallandry\/","og_locale":"de_DE","og_type":"article","og_title":"Camping Peisey Vallandry | Vermietung in der N\u00e4he von Peysey Vallandry","og_url":"https:\/\/www.camping-eden-savoie.com\/de\/campingplatz-peisey-vallandry\/","og_site_name":"Camping l&#039;Eden de la Vanoise","article_modified_time":"2020-09-24T14:35:00+00:00","og_image":[{"width":1903,"height":550,"url":"https:\/\/www.camping-eden-savoie.com\/wp-content\/uploads\/2020\/09\/camping-peisey-vallandry.jpg","type":"image\/jpeg"}],"twitter_card":"summary_large_image","schema":{"@context":"https:\/\/schema.org","@graph":[{"@type":"WebPage","@id":"https:\/\/www.camping-eden-savoie.com\/de\/campingplatz-peisey-vallandry\/","url":"https:\/\/www.camping-eden-savoie.com\/de\/campingplatz-peisey-vallandry\/","name":"Camping Peisey Vallandry | Vermietung in der N\u00e4he von Peysey Vallandry","isPartOf":{"@id":"https:\/\/www.camping-eden-savoie.com\/de\/#website"},"primaryImageOfPage":{"@id":"https:\/\/www.camping-eden-savoie.com\/de\/campingplatz-peisey-vallandry\/#primaryimage"},"image":{"@id":"https:\/\/www.camping-eden-savoie.com\/de\/campingplatz-peisey-vallandry\/#primaryimage"},"thumbnailUrl":"https:\/\/www.camping-eden-savoie.com\/wp-content\/uploads\/2020\/09\/camping-peisey-vallandry.jpg","datePublished":"2020-09-08T07:18:52+00:00","dateModified":"2020-09-24T14:35:00+00:00","breadcrumb":{"@id":"https:\/\/www.camping-eden-savoie.com\/de\/campingplatz-peisey-vallandry\/#breadcrumb"},"inLanguage":"de","potentialAction":[{"@type":"ReadAction","target":["https:\/\/www.camping-eden-savoie.com\/de\/campingplatz-peisey-vallandry\/"]}]},{"@type":"ImageObject","inLanguage":"de","@id":"https:\/\/www.camping-eden-savoie.com\/de\/campingplatz-peisey-vallandry\/#primaryimage","url":"https:\/\/www.camping-eden-savoie.com\/wp-content\/uploads\/2020\/09\/camping-peisey-vallandry.jpg","contentUrl":"https:\/\/www.camping-eden-savoie.com\/wp-content\/uploads\/2020\/09\/camping-peisey-vallandry.jpg","width":1903,"height":550,"caption":"camping peisey vallandry"},{"@type":"BreadcrumbList","@id":"https:\/\/www.camping-eden-savoie.com\/de\/campingplatz-peisey-vallandry\/#breadcrumb","itemListElement":[{"@type":"ListItem","position":1,"name":"Camping Alpen, in Savoyen","item":"https:\/\/www.camping-eden-savoie.com\/de\/"},{"@type":"ListItem","position":2,"name":"Campingplatz vor den Toren von Peisey Vallandry"}]},{"@type":"WebSite","@id":"https:\/\/www.camping-eden-savoie.com\/de\/#website","url":"https:\/\/www.camping-eden-savoie.com\/de\/","name":"Camping l&#039;Eden de la Vanoise","description":"","potentialAction":[{"@type":"SearchAction","target":{"@type":"EntryPoint","urlTemplate":"https:\/\/www.camping-eden-savoie.com\/de\/?s={search_term_string}"},"query-input":{"@type":"PropertyValueSpecification","valueRequired":true,"valueName":"search_term_string"}}],"inLanguage":"de"}]}},"_links":{"self":[{"href":"https:\/\/www.camping-eden-savoie.com\/de\/wp-json\/wp\/v2\/pages\/6912"}],"collection":[{"href":"https:\/\/www.camping-eden-savoie.com\/de\/wp-json\/wp\/v2\/pages"}],"about":[{"href":"https:\/\/www.camping-eden-savoie.com\/de\/wp-json\/wp\/v2\/types\/page"}],"author":[{"embeddable":true,"href":"https:\/\/www.camping-eden-savoie.com\/de\/wp-json\/wp\/v2\/users\/1"}],"replies":[{"embeddable":true,"href":"https:\/\/www.camping-eden-savoie.com\/de\/wp-json\/wp\/v2\/comments?post=6912"}],"version-history":[{"count":10,"href":"https:\/\/www.camping-eden-savoie.com\/de\/wp-json\/wp\/v2\/pages\/6912\/revisions"}],"predecessor-version":[{"id":7312,"href":"https:\/\/www.camping-eden-savoie.com\/de\/wp-json\/wp\/v2\/pages\/6912\/revisions\/7312"}],"wp:featuredmedia":[{"embeddable":true,"href":"https:\/\/www.camping-eden-savoie.com\/de\/wp-json\/wp\/v2\/media\/6841"}],"wp:attachment":[{"href":"https:\/\/www.camping-eden-savoie.com\/de\/wp-json\/wp\/v2\/media?parent=6912"}],"curies":[{"name":"wp","href":"https:\/\/api.w.org\/{rel}","templated":true}]}}