{"id":6293,"date":"2020-08-11T16:51:31","date_gmt":"2020-08-11T14:51:31","guid":{"rendered":"http:\/\/www.camping-eden-savoie.com\/camping-la-rosiere\/"},"modified":"2020-09-24T16:14:56","modified_gmt":"2020-09-24T14:14:56","slug":"campingplatz-la-rosiere","status":"publish","type":"page","link":"https:\/\/www.camping-eden-savoie.com\/de\/campingplatz-la-rosiere\/","title":{"rendered":"Alentours : La Rosi\u00e8re"},"content":{"rendered":"<section id=\"section-5f2ab25841fbb\"\" class=\"section bg-color1\" \/><div class=\"container extralarge\"><h1 class=\"element section-title center m-b-4\">Campingplatz bei La Rosi\u00e8re<\/h1><div class=\"element bloc-text center \">\n\t<p>Suchen Sie einen Campingplatz in der N\u00e4he von La Rosi\u00e8re, um Ihren <strong class=\"bold color3\">n\u00e4chsten Urlaub in Savoyen<\/strong> zu verbringen? L&#8217;Eden de la Vanoise l\u00e4dt Sie ein, sein fast 3 Hektar gro\u00dfes Waldgebiet an den Ufern der Is\u00e8re, weniger als 8 km von La Rosi\u00e8re entfernt, seine Familienaktivit\u00e4ten und seine weiten Freifl\u00e4chen zu entdecken.<\/p>\n<\/div><\/div><\/section>\n\n<section id=\"section-5f2ab25842436\"\" class=\"section bg-color5 p-t-0 p-b-0\" \/><div class=\"container full\"><div class=\"colonnes-wrap valign-middle \"><div class=\"element colonne p-0\"><div class=\"element images scroll-x-mobile\"><div class=\"image\"><img decoding=\"async\" src=\"\" data-src=\"https:\/\/www.camping-eden-savoie.com\/wp-content\/uploads\/2020\/08\/bungalow-alpes.jpg\" alt=\"mobil-home la rosi\u00e8re\" class=\"images_image anime-zoom\" \/><\/div><\/div><\/div><div class=\"element colonne p-x-10 p-y-10\"><h2 class=\"element section-title justify\">Mobilheime zur Miete in der N\u00e4he von La Rosi\u00e8re<\/h2><div class=\"element bloc-text justify \">\n\t<p>Der <a href=\"\/de\/\">Campingplatz Eden de la Vanoise <\/a> empf\u00e4ngt Sie das ganze Jahr \u00fcber auf Stellpl\u00e4tzen oder zur Miete. Auch im Winter bietet Ihnen die Einrichtung die Vermietung von Mobilheimen in der N\u00e4he von La Rosi\u00e8re an, mit denen Sie w\u00e4hrend Ihrer Winter- oder Sommerferien alle Aktivit\u00e4ten des Ferienortes in vollem Umfang nutzen k\u00f6nnen. <\/p>\n<p>Modelle mit 2 oder 3 Schlafzimmern, von 31 bis 33 m2 warten auf Paare, Familien und kleine Gruppen von Freunden. Der Eden de la Vanoise bietet auch die Vermietung von beheizten und klimatisierten Bungalows mit 3 Schlafzimmern f\u00fcr bis zu 6 Personen unter den besten Komfortbedingungen zu jeder Jahreszeit an. <\/p>\n<p>Sie m\u00f6chten am liebsten <strong class=\"bold color1\">naher Natur<\/strong> in einer ungew\u00f6hnlichen und exotischen Vermietung schlafen? Im Herzen der Haute Tarentaise l\u00e4dt der Campingplatz Eden de la Vanoise Sie ein, seine ganzj\u00e4hrig zu vermietenden Zeltbungalows in der N\u00e4he von La Rosi\u00e8re zu entdecken: eine charmante Unterkunft mit zwei Schlafzimmern, einer sch\u00f6nen Terrasse mit Blick auf die Berge, f\u00fcr einen gr\u00fcnen Aufenthalt f\u00fcr 4 oder 5 Urlauber.<\/p>\n<\/div><\/div><\/div><\/div><\/section>\n\n<section id=\"section-5f31481b6bab2\"\" class=\"section bg-white p-t-0 p-b-0\" \/><div class=\"container full\"><div class=\"element images scroll-x-mobile\"><div class=\"image\"><img decoding=\"async\" src=\"\" data-src=\"https:\/\/www.camping-eden-savoie.com\/wp-content\/uploads\/2020\/08\/espace-saint-bernardo-rosiere.jpg\" alt=\"espace saint bernardo rosiere\" class=\"images_image\" \/><\/div><div class=\"image\"><img decoding=\"async\" src=\"\" data-src=\"https:\/\/www.camping-eden-savoie.com\/wp-content\/uploads\/2020\/08\/activite-enfant-savoie.jpg\" alt=\"activite enfant rosiere\" class=\"images_image\" \/><\/div><div class=\"image\"><img decoding=\"async\" src=\"\" data-src=\"https:\/\/www.camping-eden-savoie.com\/wp-content\/uploads\/2020\/08\/hiver-la-rosiere.jpg\" alt=\"hiver la rosiere\" class=\"images_image\" \/><\/div><div class=\"image\"><img decoding=\"async\" src=\"\" data-src=\"https:\/\/www.camping-eden-savoie.com\/wp-content\/uploads\/2020\/08\/randonnee-famille-savoie.jpg\" alt=\"randonn\u00e9e famille rosiere\" class=\"images_image\" \/><\/div><\/div><div class=\"element images scroll-x-mobile\"><div class=\"image\"><img decoding=\"async\" src=\"\" data-src=\"https:\/\/www.camping-eden-savoie.com\/wp-content\/uploads\/2020\/08\/vue-la-rosiere.jpg\" alt=\"vue la rosiere\" class=\"images_image\" \/><\/div><div class=\"image\"><img decoding=\"async\" src=\"\" data-src=\"https:\/\/www.camping-eden-savoie.com\/wp-content\/uploads\/2020\/08\/snowboard-savoie.jpg\" alt=\"snowboard rosiere\" class=\"images_image\" \/><\/div><div class=\"image\"><img decoding=\"async\" src=\"\" data-src=\"https:\/\/www.camping-eden-savoie.com\/wp-content\/uploads\/2020\/08\/ete-la-rosiere.jpg\" alt=\"ete la rosiere\" class=\"images_image\" \/><\/div><div class=\"image\"><img decoding=\"async\" src=\"\" data-src=\"https:\/\/www.camping-eden-savoie.com\/wp-content\/uploads\/2020\/08\/ski-savoie.jpg\" alt=\"ski rosiere\" class=\"images_image\" \/><\/div><\/div><\/div><\/section>\n\n<section id=\"section-5f2aae2ae11ca\"\" class=\"section bg-color5 p-t-0 p-b-0\" \/><div class=\"container full\"><div class=\"colonnes-wrap valign-middle \"><div class=\"element colonne p-x-10 p-y-10\"><h2 class=\"element section-title justify\">Bahnhof La Rosi\u00e8re<\/h2><div class=\"element bloc-text justify \">\n\t<p>Profitieren Sie von einem Aufenthalt auf einem Campingplatz in La Rosi\u00e8re, um die <strong class=\"bold color1\">vollst\u00e4ndigen Aktivit\u00e4ten im Freien zu unternehmen<\/strong> ! <\/p>\n<p>Das franz\u00f6sisch-italienische Skigebiet San Bernardo verspricht Ihnen <strong class=\"bold color1\">Orientierungslosigkeit und Sensationen<\/strong> : Sonne und Sanftheit auf der franz\u00f6sischen Seite (Rosi\u00e8re), Adrenalin und Sportkurse auf der italienischen Seite (La Thuile).<\/p>\n<p>Im Sommer h\u00e4lt auch der Ferienort <a href=\"https:\/\/www.larosiere.net\/en\/\" target=\"_blank\" rel=\"noopener\">la Rosi\u00e8re<\/a> mit seinen weiten Freifl\u00e4chen, soweit das Auge reicht, seinen zahlreichen Freizeitaktivit\u00e4ten und seinen atemberaubenden Sonnenunterg\u00e4ngen einige sch\u00f6ne \u00dcberraschungen f\u00fcr Sie bereit. Wenn Sie w\u00e4hrend Ihres Aufenthaltes auf dem Campingplatz in la Rosi\u00e8re <strong class=\"bold color1\">5 Must-see Aktivit\u00e4ten<\/strong> entdecken m\u00fcssen, verpassen Sie nicht :<\/p>\n<ul>\n<li><strong class=\"bold color1\">Der h\u00f6chstgelegene Golfplatz Europas<\/strong><\/li>\n<li><strong class=\"bold color1\">Die Fahrrad-Zone vor dem Mont-Blanc<\/strong><\/li>\n<li><strong class=\"bold color1\">Das Wasser des Ark<\/strong> und seine vielen Freizeitaktivit\u00e4ten f\u00fcr Jung und Alt<\/li>\n<li><strong class=\"bold color1\">Wanderrouten<\/strong> Franko-Italiener<\/li>\n<li><strong class=\"bold color1\">Der 4-Jahreszeiten-Einschienenschlitten<\/strong><\/li>\n<\/ul>\n<\/div><\/div><div class=\"element colonne p-0\"><div class=\"element images scroll-x-mobile\"><div class=\"image\"><img decoding=\"async\" src=\"\" data-src=\"https:\/\/www.camping-eden-savoie.com\/wp-content\/uploads\/2020\/08\/golf-la-rosiere.jpg\" alt=\"golf la rosiere\" class=\"images_image anime-zoom\" \/><\/div><\/div><\/div><\/div><\/div><\/section>\n\n<section id=\"section-5f438451b630b\"\" class=\"section bg-white p-t-0 p-b-0\" \/><div class=\"container full\"><div class=\"carte\" data-src=\"https:\/\/www.google.com\/maps\/embed?pb=!1m28!1m12!1m3!1d91629.01943225955!2d6.789352079634918!3d45.61034019241051!2m3!1f0!2f0!3f0!3m2!1i1024!2i768!4f13.1!4m13!3e0!4m5!1s0x47896514b60e0db3%3A0xb660a05256e74acf!2sCamping%20Eden%20de%20la%20Vanoise%20%7C%20Camping%20Savoie%2C%20Avenue%20de%20la%20Gare%2C%2073210%20Landry!3m2!1d45.576274!2d6.734532!4m5!1s0x478969523d289a75%3A0xa08ab2d83283db0!2sLa%20Rosi%C3%A8re%2C%2073700%20Montvalezan!3m2!1d45.627289999999995!2d6.849463999999999!5e1!3m2!1sfr!2sfr!4v1598260252543!5m2!1sfr!2sfr\"><\/div><\/div><\/section>\n\n<section id=\"section-last\"\" class=\"section bg-color5 p-t-0 p-b-0\" \/><div class=\"container full\"><div class=\"colonnes-wrap valign-middle \"><div class=\"element colonne p-0\"><div class=\"element images scroll-x-mobile\"><div class=\"image\"><img decoding=\"async\" src=\"\" data-src=\"https:\/\/www.camping-eden-savoie.com\/wp-content\/uploads\/2020\/08\/escalade-la-rosiere.jpg\" alt=\"escalade la rosiere\" class=\"images_image anime-zoom\" \/><\/div><\/div><\/div><div class=\"element colonne p-x-10 p-y-10\"><div class=\"element bloc-text justify \">\n\t<p>In La Rosi\u00e8re erwarten Sie zahlreiche weitere Aktivit\u00e4ten, ob Sie mit Ihrer Familie mit Kindern auf dem Campingplatz \u00fcbernachten oder mit einer Gruppe von Freunden, die Nervenkitzel und Adrenalin lieben: Klettern, Hydrotherapie, Tennis, Eisbahn, Trail, Wildwassersport, Paragliding oder Hubschrauberfl\u00fcge. <\/p>\n<p>Starten Sie im Winter zum Snowkiten oder \u00fcberqueren Sie die italienische Grenze mit Schneeschuhen an den F\u00fcssen w\u00e4hrend einer <strong class=\"bold color1\">Schneekitewanderung<\/strong> !<\/p>\n<\/div><\/div><\/div><\/div><\/section>\n\n<section id=\"section-5f2ab2584333c\"\" class=\"section bg-color1\" \/><div class=\"container extralarge\"><div class=\"element section-title center cta-title\">Urlaubsorte in der N\u00e4he von La Rosi\u00e8re<\/div><ul class=\"liste-de-page\"><li class=\"element call-to-action center cta-title call-to-action--style-1 call-to-action--normal\"><a href=\"https:\/\/www.camping-eden-savoie.com\/de\/campingplatz-tignes-val-isere\/\"  class=\"call-to-action_link\" title=\"Erfahren Sie mehr \u00fcber tignes \/ val d'is\u00e8re\"><div class=\"call-to-action_image\"><img decoding=\"async\" src=\"https:\/\/www.camping-eden-savoie.com\/wp-content\/uploads\/2020\/08\/camping-tignes-val-isere-100x88.jpg\" data-src=\"https:\/\/www.camping-eden-savoie.com\/wp-content\/uploads\/2020\/08\/camping-tignes-val-isere.jpg\" alt=\"camping tignes val d'isere\" class=\"normal\" \/><\/div><div class=\"call-to-action_contenu\"><div class=\"call-to-action_titre\">Tignes \/ Val d&#8217;Is\u00e8re<\/div><\/div><\/a><\/li><li class=\"element call-to-action center cta-title call-to-action--style-1 call-to-action--normal call-to-action--style-1 call-to-action--normal\"><a href=\"https:\/\/www.camping-eden-savoie.com\/de\/campingplatz-les-arcs\/\"  class=\"call-to-action_link\" title=\"Erfahren Sie mehr \u00fcber les arcs\"><div class=\"call-to-action_image\"><img decoding=\"async\" src=\"https:\/\/www.camping-eden-savoie.com\/wp-content\/uploads\/2020\/08\/vacances-les-arcs-100x88.jpg\" data-src=\"https:\/\/www.camping-eden-savoie.com\/wp-content\/uploads\/2020\/08\/vacances-les-arcs.jpg\" alt=\"vacances les arcs\" class=\"normal\" \/><\/div><div class=\"call-to-action_contenu\"><div class=\"call-to-action_titre\">Les Arcs<\/div><\/div><\/a><\/li><li class=\"element call-to-action center cta-title call-to-action--style-1 call-to-action--normal call-to-action--style-1 call-to-action--normal call-to-action--style-1 call-to-action--normal\"><a href=\"https:\/\/www.camping-eden-savoie.com\/de\/la-plagne-campingplatz\/\"  class=\"call-to-action_link\" title=\"Erfahren Sie mehr \u00fcber la plagne\"><div class=\"call-to-action_image\"><img decoding=\"async\" src=\"https:\/\/www.camping-eden-savoie.com\/wp-content\/uploads\/2020\/08\/vacances-la-plagne-100x88.jpg\" data-src=\"https:\/\/www.camping-eden-savoie.com\/wp-content\/uploads\/2020\/08\/vacances-la-plagne.jpg\" alt=\"vacances la plagne\" class=\"normal\" \/><\/div><div class=\"call-to-action_contenu\"><div class=\"call-to-action_titre\">La Plagne<\/div><\/div><\/a><\/li><\/ul><\/div><\/section>","protected":false},"excerpt":{"rendered":"","protected":false},"author":1,"featured_media":5165,"parent":0,"menu_order":0,"comment_status":"closed","ping_status":"closed","template":"","meta":{"_acf_changed":false,"footnotes":""},"class_list":["post-6293","page","type-page","status-publish","has-post-thumbnail","hentry"],"acf":[],"yoast_head":"<!-- This site is optimized with the Yoast SEO plugin v25.3 - https:\/\/yoast.com\/wordpress\/plugins\/seo\/ -->\n<title>Campingplatz la Rosi\u00e8re | Vermietung von Wohnmobilen la Rosi\u00e8re<\/title>\n<meta name=\"robots\" content=\"index, follow, max-snippet:-1, max-image-preview:large, max-video-preview:-1\" \/>\n<link rel=\"canonical\" href=\"https:\/\/www.camping-eden-savoie.com\/de\/campingplatz-la-rosiere\/\" \/>\n<meta property=\"og:locale\" content=\"de_DE\" \/>\n<meta property=\"og:type\" content=\"article\" \/>\n<meta property=\"og:title\" content=\"Campingplatz la Rosi\u00e8re | Vermietung von Wohnmobilen la Rosi\u00e8re\" \/>\n<meta property=\"og:url\" content=\"https:\/\/www.camping-eden-savoie.com\/de\/campingplatz-la-rosiere\/\" \/>\n<meta property=\"og:site_name\" content=\"Camping l&#039;Eden de la Vanoise\" \/>\n<meta property=\"article:modified_time\" content=\"2020-09-24T14:14:56+00:00\" \/>\n<meta property=\"og:image\" content=\"https:\/\/www.camping-eden-savoie.com\/wp-content\/uploads\/2020\/08\/camping-la-rosiere.jpg\" \/>\n\t<meta property=\"og:image:width\" content=\"1903\" \/>\n\t<meta property=\"og:image:height\" content=\"550\" \/>\n\t<meta property=\"og:image:type\" content=\"image\/jpeg\" \/>\n<meta name=\"twitter:card\" content=\"summary_large_image\" \/>\n<script type=\"application\/ld+json\" class=\"yoast-schema-graph\">{\"@context\":\"https:\/\/schema.org\",\"@graph\":[{\"@type\":\"WebPage\",\"@id\":\"https:\/\/www.camping-eden-savoie.com\/de\/campingplatz-la-rosiere\/\",\"url\":\"https:\/\/www.camping-eden-savoie.com\/de\/campingplatz-la-rosiere\/\",\"name\":\"Campingplatz la Rosi\u00e8re | Vermietung von Wohnmobilen la Rosi\u00e8re\",\"isPartOf\":{\"@id\":\"https:\/\/www.camping-eden-savoie.com\/de\/#website\"},\"primaryImageOfPage\":{\"@id\":\"https:\/\/www.camping-eden-savoie.com\/de\/campingplatz-la-rosiere\/#primaryimage\"},\"image\":{\"@id\":\"https:\/\/www.camping-eden-savoie.com\/de\/campingplatz-la-rosiere\/#primaryimage\"},\"thumbnailUrl\":\"https:\/\/www.camping-eden-savoie.com\/wp-content\/uploads\/2020\/08\/camping-la-rosiere.jpg\",\"datePublished\":\"2020-08-11T14:51:31+00:00\",\"dateModified\":\"2020-09-24T14:14:56+00:00\",\"breadcrumb\":{\"@id\":\"https:\/\/www.camping-eden-savoie.com\/de\/campingplatz-la-rosiere\/#breadcrumb\"},\"inLanguage\":\"de\",\"potentialAction\":[{\"@type\":\"ReadAction\",\"target\":[\"https:\/\/www.camping-eden-savoie.com\/de\/campingplatz-la-rosiere\/\"]}]},{\"@type\":\"ImageObject\",\"inLanguage\":\"de\",\"@id\":\"https:\/\/www.camping-eden-savoie.com\/de\/campingplatz-la-rosiere\/#primaryimage\",\"url\":\"https:\/\/www.camping-eden-savoie.com\/wp-content\/uploads\/2020\/08\/camping-la-rosiere.jpg\",\"contentUrl\":\"https:\/\/www.camping-eden-savoie.com\/wp-content\/uploads\/2020\/08\/camping-la-rosiere.jpg\",\"width\":1903,\"height\":550,\"caption\":\"camping-la-rosiere\"},{\"@type\":\"BreadcrumbList\",\"@id\":\"https:\/\/www.camping-eden-savoie.com\/de\/campingplatz-la-rosiere\/#breadcrumb\",\"itemListElement\":[{\"@type\":\"ListItem\",\"position\":1,\"name\":\"Camping Alpen, in Savoyen\",\"item\":\"https:\/\/www.camping-eden-savoie.com\/de\/\"},{\"@type\":\"ListItem\",\"position\":2,\"name\":\"Entdecken Sie La Rosi\u00e8re\"}]},{\"@type\":\"WebSite\",\"@id\":\"https:\/\/www.camping-eden-savoie.com\/de\/#website\",\"url\":\"https:\/\/www.camping-eden-savoie.com\/de\/\",\"name\":\"Camping l&#039;Eden de la Vanoise\",\"description\":\"\",\"potentialAction\":[{\"@type\":\"SearchAction\",\"target\":{\"@type\":\"EntryPoint\",\"urlTemplate\":\"https:\/\/www.camping-eden-savoie.com\/de\/?s={search_term_string}\"},\"query-input\":{\"@type\":\"PropertyValueSpecification\",\"valueRequired\":true,\"valueName\":\"search_term_string\"}}],\"inLanguage\":\"de\"}]}<\/script>\n<!-- \/ Yoast SEO plugin. -->","yoast_head_json":{"title":"Campingplatz la Rosi\u00e8re | Vermietung von Wohnmobilen la Rosi\u00e8re","robots":{"index":"index","follow":"follow","max-snippet":"max-snippet:-1","max-image-preview":"max-image-preview:large","max-video-preview":"max-video-preview:-1"},"canonical":"https:\/\/www.camping-eden-savoie.com\/de\/campingplatz-la-rosiere\/","og_locale":"de_DE","og_type":"article","og_title":"Campingplatz la Rosi\u00e8re | Vermietung von Wohnmobilen la Rosi\u00e8re","og_url":"https:\/\/www.camping-eden-savoie.com\/de\/campingplatz-la-rosiere\/","og_site_name":"Camping l&#039;Eden de la Vanoise","article_modified_time":"2020-09-24T14:14:56+00:00","og_image":[{"width":1903,"height":550,"url":"https:\/\/www.camping-eden-savoie.com\/wp-content\/uploads\/2020\/08\/camping-la-rosiere.jpg","type":"image\/jpeg"}],"twitter_card":"summary_large_image","schema":{"@context":"https:\/\/schema.org","@graph":[{"@type":"WebPage","@id":"https:\/\/www.camping-eden-savoie.com\/de\/campingplatz-la-rosiere\/","url":"https:\/\/www.camping-eden-savoie.com\/de\/campingplatz-la-rosiere\/","name":"Campingplatz la Rosi\u00e8re | Vermietung von Wohnmobilen la Rosi\u00e8re","isPartOf":{"@id":"https:\/\/www.camping-eden-savoie.com\/de\/#website"},"primaryImageOfPage":{"@id":"https:\/\/www.camping-eden-savoie.com\/de\/campingplatz-la-rosiere\/#primaryimage"},"image":{"@id":"https:\/\/www.camping-eden-savoie.com\/de\/campingplatz-la-rosiere\/#primaryimage"},"thumbnailUrl":"https:\/\/www.camping-eden-savoie.com\/wp-content\/uploads\/2020\/08\/camping-la-rosiere.jpg","datePublished":"2020-08-11T14:51:31+00:00","dateModified":"2020-09-24T14:14:56+00:00","breadcrumb":{"@id":"https:\/\/www.camping-eden-savoie.com\/de\/campingplatz-la-rosiere\/#breadcrumb"},"inLanguage":"de","potentialAction":[{"@type":"ReadAction","target":["https:\/\/www.camping-eden-savoie.com\/de\/campingplatz-la-rosiere\/"]}]},{"@type":"ImageObject","inLanguage":"de","@id":"https:\/\/www.camping-eden-savoie.com\/de\/campingplatz-la-rosiere\/#primaryimage","url":"https:\/\/www.camping-eden-savoie.com\/wp-content\/uploads\/2020\/08\/camping-la-rosiere.jpg","contentUrl":"https:\/\/www.camping-eden-savoie.com\/wp-content\/uploads\/2020\/08\/camping-la-rosiere.jpg","width":1903,"height":550,"caption":"camping-la-rosiere"},{"@type":"BreadcrumbList","@id":"https:\/\/www.camping-eden-savoie.com\/de\/campingplatz-la-rosiere\/#breadcrumb","itemListElement":[{"@type":"ListItem","position":1,"name":"Camping Alpen, in Savoyen","item":"https:\/\/www.camping-eden-savoie.com\/de\/"},{"@type":"ListItem","position":2,"name":"Entdecken Sie La Rosi\u00e8re"}]},{"@type":"WebSite","@id":"https:\/\/www.camping-eden-savoie.com\/de\/#website","url":"https:\/\/www.camping-eden-savoie.com\/de\/","name":"Camping l&#039;Eden de la Vanoise","description":"","potentialAction":[{"@type":"SearchAction","target":{"@type":"EntryPoint","urlTemplate":"https:\/\/www.camping-eden-savoie.com\/de\/?s={search_term_string}"},"query-input":{"@type":"PropertyValueSpecification","valueRequired":true,"valueName":"search_term_string"}}],"inLanguage":"de"}]}},"_links":{"self":[{"href":"https:\/\/www.camping-eden-savoie.com\/de\/wp-json\/wp\/v2\/pages\/6293"}],"collection":[{"href":"https:\/\/www.camping-eden-savoie.com\/de\/wp-json\/wp\/v2\/pages"}],"about":[{"href":"https:\/\/www.camping-eden-savoie.com\/de\/wp-json\/wp\/v2\/types\/page"}],"author":[{"embeddable":true,"href":"https:\/\/www.camping-eden-savoie.com\/de\/wp-json\/wp\/v2\/users\/1"}],"replies":[{"embeddable":true,"href":"https:\/\/www.camping-eden-savoie.com\/de\/wp-json\/wp\/v2\/comments?post=6293"}],"version-history":[{"count":9,"href":"https:\/\/www.camping-eden-savoie.com\/de\/wp-json\/wp\/v2\/pages\/6293\/revisions"}],"predecessor-version":[{"id":7264,"href":"https:\/\/www.camping-eden-savoie.com\/de\/wp-json\/wp\/v2\/pages\/6293\/revisions\/7264"}],"wp:featuredmedia":[{"embeddable":true,"href":"https:\/\/www.camping-eden-savoie.com\/de\/wp-json\/wp\/v2\/media\/5165"}],"wp:attachment":[{"href":"https:\/\/www.camping-eden-savoie.com\/de\/wp-json\/wp\/v2\/media?parent=6293"}],"curies":[{"name":"wp","href":"https:\/\/api.w.org\/{rel}","templated":true}]}}