{"id":6235,"date":"2020-06-24T09:24:21","date_gmt":"2020-06-24T07:24:21","guid":{"rendered":"http:\/\/www.camping-eden-savoie.com\/camping-les-arcs\/"},"modified":"2020-09-24T16:34:45","modified_gmt":"2020-09-24T14:34:45","slug":"campingplatz-les-arcs","status":"publish","type":"page","link":"https:\/\/www.camping-eden-savoie.com\/de\/campingplatz-les-arcs\/","title":{"rendered":"Alentours : Les Arcs"},"content":{"rendered":"<section id=\"section-5f2ab25841fbb\"\" class=\"section bg-color1\" \/><div class=\"container extralarge\"><h1 class=\"element section-title center m-b-4\">Campingplatz bei Les Arcs<\/h1><div class=\"element bloc-text center \">\n\t<p>Der <a href=\"\/de\/\">Campingplatz Eden de la Vanoise in Savoyen<\/a>, 30 km von Les Arcs entfernt, empf\u00e4ngt Sie zu den <strong class=\"bold color3\">Sommer- und Winterferien<\/strong>. Die ideale Lage am Rande der Is\u00e8re erm\u00f6glicht es Ihnen, w\u00e4hrend Ihres Urlaubs auf dem Campingplatz die Vorteile der Skigebiete voll auszusch\u00f6pfen. Sein fast 3 Hektar gro\u00dfes Waldgebiet in der N\u00e4he von Les Arcs ist mit einer Wasserfl\u00e4che und qualitativ hochwertigen Freizeiteinrichtungen ausgestattet.<\/p>\n<\/div><\/div><\/section>\n\n<section id=\"section-5f2ab25842436\"\" class=\"section bg-color5 p-t-0 p-b-0\" \/><div class=\"container full\"><div class=\"colonnes-wrap valign-middle \"><div class=\"element colonne p-0\"><div class=\"element images scroll-x-mobile\"><div class=\"image\"><img decoding=\"async\" src=\"\" data-src=\"https:\/\/www.camping-eden-savoie.com\/wp-content\/uploads\/2020\/08\/bungalow-alpes.jpg\" alt=\"bungalow les Arcs\" class=\"images_image anime-zoom\" \/><\/div><\/div><\/div><div class=\"element colonne p-x-10 p-y-10\"><h2 class=\"element section-title justify\">Mobilheime zur Miete in der N\u00e4he von Les Arcs<\/h2><div class=\"element bloc-text justify \">\n\t<p>Suchen Sie ein Mobilheim in der N\u00e4he von Les Arcs, das zu jeder Jahreszeit zur Verf\u00fcgung steht, um die Aktivit\u00e4ten des Skigebiets zu genie\u00dfen? L&#8217;Eden de la Vanoise, ein Vier-Jahreszeiten-Campingplatz in Savoyen, bietet Ihnen die Vermietung von Mobilheimen und Bungalows in der N\u00e4he von Les Arcs in einem ausgedehnten Waldgebiet im Herzen der Berge der Haute Tarentaise in der. <\/p>\n<p>Sie k\u00f6nnen, je nach Ihrem Geschmack in Bezug auf Komfort und Stil, zwischen klassischen Mobilheimen f\u00fcr 4 oder 6 Personen von 31 bis 33 m2, einem 35 m2 gro\u00dfen Bio-Habitat-Bungalow mit 3 Schlafzimmern oder einem Zwei-Zimmer-Gewebe-Bungalow f\u00fcr 4 oder 5 Urlauber w\u00e4hlen. <\/p>\n<p>Die Naturliebhaber, die mit leichtem Gep\u00e4ck reisen, werden von dieser Formel der Bungalowvermietung in der N\u00e4he von Les Arcs verf\u00fchrt, die es erlaubt, einen <strong class=\"bold color1\">Aufenthalt an der frischen Luft mit bestem Komfort<\/strong> zu leben. Um die Vorteile des Ferienortes im Winter zu nutzen, mieten Sie ein Mobilheim in der N\u00e4he von Les Arcs und gut isoliert auf dem Campingplatz Eden de la Vanoise!<\/p>\n<\/div><\/div><\/div><\/div><\/section>\n\n<section id=\"section-5f31481b6bab2\"\" class=\"section bg-white p-t-0 p-b-0\" \/><div class=\"container full\"><div class=\"element images scroll-x-mobile\"><div class=\"image\"><img decoding=\"async\" src=\"\" data-src=\"https:\/\/www.camping-eden-savoie.com\/wp-content\/uploads\/2020\/08\/vacances-ski-savoie.jpg\" alt=\"ski enfant les Arcs\" class=\"images_image\" \/><\/div><div class=\"image\"><img decoding=\"async\" src=\"\" data-src=\"https:\/\/www.camping-eden-savoie.com\/wp-content\/uploads\/2020\/08\/surf-savoie.jpg\" alt=\"snow les arcs\" class=\"images_image\" \/><\/div><div class=\"image\"><img decoding=\"async\" src=\"\" data-src=\"https:\/\/www.camping-eden-savoie.com\/wp-content\/uploads\/2020\/08\/ski-vacances-savoie.jpg\" alt=\"ski les arcs\" class=\"images_image\" \/><\/div><div class=\"image\"><img decoding=\"async\" src=\"\" data-src=\"https:\/\/www.camping-eden-savoie.com\/wp-content\/uploads\/2020\/08\/vacances-ski-les-arcs.jpg\" alt=\"ski les arcs vallandry\" class=\"images_image\" \/><\/div><\/div><div class=\"element images scroll-x-mobile\"><div class=\"image\"><img decoding=\"async\" src=\"\" data-src=\"https:\/\/www.camping-eden-savoie.com\/wp-content\/uploads\/2020\/08\/camping-snowboard-savoie.jpg\" alt=\"snowboard les arcs\" class=\"images_image\" \/><\/div><div class=\"image\"><img decoding=\"async\" src=\"\" data-src=\"https:\/\/www.camping-eden-savoie.com\/wp-content\/uploads\/2020\/08\/camping-ete-velo-savoie.jpg\" alt=\"v\u00e9lo les arcs\" class=\"images_image\" \/><\/div><div class=\"image\"><img decoding=\"async\" src=\"\" data-src=\"https:\/\/www.camping-eden-savoie.com\/wp-content\/uploads\/2020\/08\/ski-de-savoie.jpg\" alt=\"ski aux arcs\" class=\"images_image\" \/><\/div><div class=\"image\"><img decoding=\"async\" src=\"\" data-src=\"https:\/\/www.camping-eden-savoie.com\/wp-content\/uploads\/2020\/08\/snowboard-savoie.jpg\" alt=\"snowboard paradiski\" class=\"images_image\" \/><\/div><\/div><\/div><\/section>\n\n<section id=\"section-5f2aae2ae11ca\"\" class=\"section bg-color5 p-t-0 p-b-0\" \/><div class=\"container full\"><div class=\"colonnes-wrap valign-middle \"><div class=\"element colonne p-x-10 p-y-10\"><h2 class=\"element section-title justify\">Urlaubsort Les Arcs<\/h2><div class=\"element bloc-text justify \">\n\t<p>Sie denken dar\u00fcber nach, eine Ferienunterkunft in der N\u00e4he von Les Arcs zu buchen, und m\u00f6chten wissen, welche <strong class=\"bold color1\">Aktivit\u00e4ten in der Anlage<\/strong> zu unternehmen sind? <\/p>\n<p><a href=\"https:\/\/www.lesarcs.com\/\" target=\"_blank\" rel=\"noopener\">Les Arcs<\/a> ist ein savoyischer Ferienort, der unter den Liebhabern des Schneesports und der winterlichen Freizeitaktivit\u00e4ten im Allgemeinen bekannt ist: Skifahren und Snowboarden, Schlittenfahren, Skitourengehen oder Hundeschlittenfahren, das Angebot ist breit gef\u00e4chert auf den 5 H\u00f6henlagen dieses herrlichen Ferienortes gegen\u00fcber dem Mont-Blanc. Der Skiort ist Teil des riesigen Paradiski-Gebiets mit mehr als 400 km Pisten aller Schwierigkeitsgrade, zu dem auch die Skigebiete von La Plagne und Peisey-Vallandry geh\u00f6ren. <\/p>\n<p>Die Apr\u00e8s-Ski- oder Wellness-Aktivit\u00e4ten sind vielf\u00e4ltig, mit dem Schwimmbad Arcs 1800, dem Wassersportzentrum, den Spas, Bars, Restaurants, Kinos und der Bowlingbahn.<\/p>\n<\/div><\/div><div class=\"element colonne p-0\"><div class=\"element images scroll-x-mobile\"><div class=\"image\"><img decoding=\"async\" src=\"\" data-src=\"https:\/\/www.camping-eden-savoie.com\/wp-content\/uploads\/2020\/08\/tourisme-les-arcs.jpg\" alt=\"tourisme les arcs\" class=\"images_image anime-zoom\" \/><\/div><\/div><\/div><\/div><\/div><\/section>\n\n<section id=\"section-5f4380325b705\"\" class=\"section bg-white p-t-0 p-b-0\" \/><div class=\"container full\"><div class=\"carte\" data-src=\"https:\/\/www.google.com\/maps\/embed?pb=!1m28!1m12!1m3!1d89330.36665661841!2d6.731012233662762!3d45.59910870446251!2m3!1f0!2f0!3f0!3m2!1i1024!2i768!4f13.1!4m13!3e6!4m5!1s0x47896514b60e0db3%3A0xb660a05256e74acf!2sCamping%20Eden%20de%20la%20Vanoise%20%7C%20Camping%20Savoie%2C%20Avenue%20de%20la%20Gare%2C%2073210%20Landry!3m2!1d45.576274!2d6.734532!4m5!1s0x47896f0f91550c83%3A0x7f2a6888e57dafc2!2sLes%20Arcs%2C%20Bourg-Saint-Maurice!3m2!1d45.5722296!2d6.8296421!5e0!3m2!1sfr!2sfr!4v1598259203664!5m2!1sfr!2sfr\"><\/div><\/div><\/section>\n\n<section id=\"section-last\"\" class=\"section bg-color5 p-t-0 p-b-0\" \/><div class=\"container full\"><div class=\"colonnes-wrap valign-middle \"><div class=\"element colonne p-0\"><div class=\"element images scroll-x-mobile\"><div class=\"image\"><img decoding=\"async\" src=\"\" data-src=\"https:\/\/www.camping-eden-savoie.com\/wp-content\/uploads\/2020\/08\/parapente-les-arcs.jpg\" alt=\"parapente les arcs\" class=\"images_image anime-zoom\" \/><\/div><\/div><\/div><div class=\"element colonne p-x-10 p-y-10\"><div class=\"element bloc-text justify \">\n\t<p>Les Arcs wird im Sommer umgestaltet, um weiterhin eine breite Palette an Outdoor-Aktivit\u00e4ten anzubieten, von Wandern \u00fcber Mountainbike, Golf und Rafting. Sie fragen sich, was man im Sommer in Les Arcs machen kann? <\/p>\n<p>Verpassen Sie nicht diese 5 originellen Ideen f\u00fcr Aktivit\u00e4ten, die in der N\u00e4he des Campingplatzes in Les Arcs angeboten werden:<\/p>\n<ul>\n<li><strong class=\"bold color1\">Klettern<\/strong> : an den W\u00e4nden von Les Arcs 1800 oder w\u00e4hrend begleiteter Sitzungen an den nat\u00fcrlichen Orten des Kurorts.<\/li>\n<li><strong class=\"bold color1\">Der elektrische Gel\u00e4ndescooter<\/strong> : zur Erkundung der Wege des Resorts zu jeder Jahreszeit.<\/li>\n<li><strong class=\"bold color1\">Mountainbiken auf den Spuren des Bike Park des Arcs<\/strong>: ein renommiertes Gebiet, das Enduro-Routen, \u00dcbungsparks, Langlauf-, Downhill- und Elektro-Mountainbike-Strecken umfasst. <\/li>\n<li><strong class=\"bold color1\">The mountain kart<\/strong> : eine Outdoor-Aktivit\u00e4t f\u00fcr die ganze Familie auf Abfahrtspisten, die mit der Gondelbahn Villards erreichbar sind.<\/li>\n<li><strong class=\"bold color1\">Gleitschirmfliegen<\/strong> : die s\u00fc\u00dfeste aller sensationellen Freizeitbesch\u00e4ftigungen, die angeblich sogar schwindelanf\u00e4llige Menschen verf\u00fchren soll!<\/li>\n<\/ul>\n<\/div><\/div><\/div><\/div><\/section>\n\n<section id=\"section-5f2ab2584333c\"\" class=\"section bg-color1\" \/><div class=\"container extralarge\"><div class=\"element section-title center cta-title\">Ferienorte in der N\u00e4he von Les Arcs<\/div><ul class=\"liste-de-page\"><li class=\"element call-to-action center cta-title call-to-action--style-1 call-to-action--normal\"><a href=\"https:\/\/www.camping-eden-savoie.com\/de\/campingplatz-tignes-val-isere\/\"  class=\"call-to-action_link\" title=\"Erfahren Sie mehr \u00fcber tignes \/ val d'is\u00e8re\"><div class=\"call-to-action_image\"><img decoding=\"async\" src=\"https:\/\/www.camping-eden-savoie.com\/wp-content\/uploads\/2020\/08\/camping-tignes-val-isere-100x88.jpg\" data-src=\"https:\/\/www.camping-eden-savoie.com\/wp-content\/uploads\/2020\/08\/camping-tignes-val-isere.jpg\" alt=\"camping tignes val d'isere\" class=\"normal\" \/><\/div><div class=\"call-to-action_contenu\"><div class=\"call-to-action_titre\">Tignes \/ Val d&#8217;Is\u00e8re<\/div><\/div><\/a><\/li><li class=\"element call-to-action center cta-title call-to-action--style-1 call-to-action--normal call-to-action--style-1 call-to-action--normal\"><a href=\"https:\/\/www.camping-eden-savoie.com\/de\/campingplatz-la-rosiere\/\"  class=\"call-to-action_link\" title=\"Erfahren Sie mehr \u00fcber la rosi\u00e8re\"><div class=\"call-to-action_image\"><img decoding=\"async\" src=\"https:\/\/www.camping-eden-savoie.com\/wp-content\/uploads\/2020\/08\/la-rosiere-100x88.jpg\" data-src=\"https:\/\/www.camping-eden-savoie.com\/wp-content\/uploads\/2020\/08\/la-rosiere.jpg\" alt=\"la rosiere\" class=\"normal\" \/><\/div><div class=\"call-to-action_contenu\"><div class=\"call-to-action_titre\">La Rosi\u00e8re<\/div><\/div><\/a><\/li><li class=\"element call-to-action center cta-title call-to-action--style-1 call-to-action--normal call-to-action--style-1 call-to-action--normal call-to-action--style-1 call-to-action--normal\"><a href=\"https:\/\/www.camping-eden-savoie.com\/de\/la-plagne-campingplatz\/\"  class=\"call-to-action_link\" title=\"Erfahren Sie mehr \u00fcber la plagne\"><div class=\"call-to-action_image\"><img decoding=\"async\" src=\"https:\/\/www.camping-eden-savoie.com\/wp-content\/uploads\/2020\/08\/vacances-la-plagne-100x88.jpg\" data-src=\"https:\/\/www.camping-eden-savoie.com\/wp-content\/uploads\/2020\/08\/vacances-la-plagne.jpg\" alt=\"vacances la plagne\" class=\"normal\" \/><\/div><div class=\"call-to-action_contenu\"><div class=\"call-to-action_titre\">La Plagne<\/div><\/div><\/a><\/li><\/ul><\/div><\/section>","protected":false},"excerpt":{"rendered":"","protected":false},"author":1,"featured_media":5411,"parent":0,"menu_order":0,"comment_status":"closed","ping_status":"closed","template":"","meta":{"_acf_changed":false,"footnotes":""},"class_list":["post-6235","page","type-page","status-publish","has-post-thumbnail","hentry"],"acf":[],"yoast_head":"<!-- This site is optimized with the Yoast SEO plugin v25.3 - https:\/\/yoast.com\/wordpress\/plugins\/seo\/ -->\n<title>Campingplatz les Arcs in Savoie | Vermietung von Wohnmobilen les Arcs | Aktivit\u00e4ten les Arcs<\/title>\n<meta name=\"robots\" content=\"index, follow, max-snippet:-1, max-image-preview:large, max-video-preview:-1\" \/>\n<link rel=\"canonical\" href=\"https:\/\/www.camping-eden-savoie.com\/de\/campingplatz-les-arcs\/\" \/>\n<meta property=\"og:locale\" content=\"de_DE\" \/>\n<meta property=\"og:type\" content=\"article\" \/>\n<meta property=\"og:title\" content=\"Campingplatz les Arcs in Savoie | Vermietung von Wohnmobilen les Arcs | Aktivit\u00e4ten les Arcs\" \/>\n<meta property=\"og:url\" content=\"https:\/\/www.camping-eden-savoie.com\/de\/campingplatz-les-arcs\/\" \/>\n<meta property=\"og:site_name\" content=\"Camping l&#039;Eden de la Vanoise\" \/>\n<meta property=\"article:modified_time\" content=\"2020-09-24T14:34:45+00:00\" \/>\n<meta property=\"og:image\" content=\"https:\/\/www.camping-eden-savoie.com\/wp-content\/uploads\/2020\/08\/camping-les-arcs.jpg\" \/>\n\t<meta property=\"og:image:width\" content=\"1903\" \/>\n\t<meta property=\"og:image:height\" content=\"550\" \/>\n\t<meta property=\"og:image:type\" content=\"image\/jpeg\" \/>\n<meta name=\"twitter:card\" content=\"summary_large_image\" \/>\n<script type=\"application\/ld+json\" class=\"yoast-schema-graph\">{\"@context\":\"https:\/\/schema.org\",\"@graph\":[{\"@type\":\"WebPage\",\"@id\":\"https:\/\/www.camping-eden-savoie.com\/de\/campingplatz-les-arcs\/\",\"url\":\"https:\/\/www.camping-eden-savoie.com\/de\/campingplatz-les-arcs\/\",\"name\":\"Campingplatz les Arcs in Savoie | Vermietung von Wohnmobilen les Arcs | Aktivit\u00e4ten les Arcs\",\"isPartOf\":{\"@id\":\"https:\/\/www.camping-eden-savoie.com\/de\/#website\"},\"primaryImageOfPage\":{\"@id\":\"https:\/\/www.camping-eden-savoie.com\/de\/campingplatz-les-arcs\/#primaryimage\"},\"image\":{\"@id\":\"https:\/\/www.camping-eden-savoie.com\/de\/campingplatz-les-arcs\/#primaryimage\"},\"thumbnailUrl\":\"https:\/\/www.camping-eden-savoie.com\/wp-content\/uploads\/2020\/08\/camping-les-arcs.jpg\",\"datePublished\":\"2020-06-24T07:24:21+00:00\",\"dateModified\":\"2020-09-24T14:34:45+00:00\",\"breadcrumb\":{\"@id\":\"https:\/\/www.camping-eden-savoie.com\/de\/campingplatz-les-arcs\/#breadcrumb\"},\"inLanguage\":\"de\",\"potentialAction\":[{\"@type\":\"ReadAction\",\"target\":[\"https:\/\/www.camping-eden-savoie.com\/de\/campingplatz-les-arcs\/\"]}]},{\"@type\":\"ImageObject\",\"inLanguage\":\"de\",\"@id\":\"https:\/\/www.camping-eden-savoie.com\/de\/campingplatz-les-arcs\/#primaryimage\",\"url\":\"https:\/\/www.camping-eden-savoie.com\/wp-content\/uploads\/2020\/08\/camping-les-arcs.jpg\",\"contentUrl\":\"https:\/\/www.camping-eden-savoie.com\/wp-content\/uploads\/2020\/08\/camping-les-arcs.jpg\",\"width\":1903,\"height\":550,\"caption\":\"camping les arcs\"},{\"@type\":\"BreadcrumbList\",\"@id\":\"https:\/\/www.camping-eden-savoie.com\/de\/campingplatz-les-arcs\/#breadcrumb\",\"itemListElement\":[{\"@type\":\"ListItem\",\"position\":1,\"name\":\"Camping Alpen, in Savoyen\",\"item\":\"https:\/\/www.camping-eden-savoie.com\/de\/\"},{\"@type\":\"ListItem\",\"position\":2,\"name\":\"Campingplatz bei Les Arcs\"}]},{\"@type\":\"WebSite\",\"@id\":\"https:\/\/www.camping-eden-savoie.com\/de\/#website\",\"url\":\"https:\/\/www.camping-eden-savoie.com\/de\/\",\"name\":\"Camping l&#039;Eden de la Vanoise\",\"description\":\"\",\"potentialAction\":[{\"@type\":\"SearchAction\",\"target\":{\"@type\":\"EntryPoint\",\"urlTemplate\":\"https:\/\/www.camping-eden-savoie.com\/de\/?s={search_term_string}\"},\"query-input\":{\"@type\":\"PropertyValueSpecification\",\"valueRequired\":true,\"valueName\":\"search_term_string\"}}],\"inLanguage\":\"de\"}]}<\/script>\n<!-- \/ Yoast SEO plugin. -->","yoast_head_json":{"title":"Campingplatz les Arcs in Savoie | Vermietung von Wohnmobilen les Arcs | Aktivit\u00e4ten les Arcs","robots":{"index":"index","follow":"follow","max-snippet":"max-snippet:-1","max-image-preview":"max-image-preview:large","max-video-preview":"max-video-preview:-1"},"canonical":"https:\/\/www.camping-eden-savoie.com\/de\/campingplatz-les-arcs\/","og_locale":"de_DE","og_type":"article","og_title":"Campingplatz les Arcs in Savoie | Vermietung von Wohnmobilen les Arcs | Aktivit\u00e4ten les Arcs","og_url":"https:\/\/www.camping-eden-savoie.com\/de\/campingplatz-les-arcs\/","og_site_name":"Camping l&#039;Eden de la Vanoise","article_modified_time":"2020-09-24T14:34:45+00:00","og_image":[{"width":1903,"height":550,"url":"https:\/\/www.camping-eden-savoie.com\/wp-content\/uploads\/2020\/08\/camping-les-arcs.jpg","type":"image\/jpeg"}],"twitter_card":"summary_large_image","schema":{"@context":"https:\/\/schema.org","@graph":[{"@type":"WebPage","@id":"https:\/\/www.camping-eden-savoie.com\/de\/campingplatz-les-arcs\/","url":"https:\/\/www.camping-eden-savoie.com\/de\/campingplatz-les-arcs\/","name":"Campingplatz les Arcs in Savoie | Vermietung von Wohnmobilen les Arcs | Aktivit\u00e4ten les Arcs","isPartOf":{"@id":"https:\/\/www.camping-eden-savoie.com\/de\/#website"},"primaryImageOfPage":{"@id":"https:\/\/www.camping-eden-savoie.com\/de\/campingplatz-les-arcs\/#primaryimage"},"image":{"@id":"https:\/\/www.camping-eden-savoie.com\/de\/campingplatz-les-arcs\/#primaryimage"},"thumbnailUrl":"https:\/\/www.camping-eden-savoie.com\/wp-content\/uploads\/2020\/08\/camping-les-arcs.jpg","datePublished":"2020-06-24T07:24:21+00:00","dateModified":"2020-09-24T14:34:45+00:00","breadcrumb":{"@id":"https:\/\/www.camping-eden-savoie.com\/de\/campingplatz-les-arcs\/#breadcrumb"},"inLanguage":"de","potentialAction":[{"@type":"ReadAction","target":["https:\/\/www.camping-eden-savoie.com\/de\/campingplatz-les-arcs\/"]}]},{"@type":"ImageObject","inLanguage":"de","@id":"https:\/\/www.camping-eden-savoie.com\/de\/campingplatz-les-arcs\/#primaryimage","url":"https:\/\/www.camping-eden-savoie.com\/wp-content\/uploads\/2020\/08\/camping-les-arcs.jpg","contentUrl":"https:\/\/www.camping-eden-savoie.com\/wp-content\/uploads\/2020\/08\/camping-les-arcs.jpg","width":1903,"height":550,"caption":"camping les arcs"},{"@type":"BreadcrumbList","@id":"https:\/\/www.camping-eden-savoie.com\/de\/campingplatz-les-arcs\/#breadcrumb","itemListElement":[{"@type":"ListItem","position":1,"name":"Camping Alpen, in Savoyen","item":"https:\/\/www.camping-eden-savoie.com\/de\/"},{"@type":"ListItem","position":2,"name":"Campingplatz bei Les Arcs"}]},{"@type":"WebSite","@id":"https:\/\/www.camping-eden-savoie.com\/de\/#website","url":"https:\/\/www.camping-eden-savoie.com\/de\/","name":"Camping l&#039;Eden de la Vanoise","description":"","potentialAction":[{"@type":"SearchAction","target":{"@type":"EntryPoint","urlTemplate":"https:\/\/www.camping-eden-savoie.com\/de\/?s={search_term_string}"},"query-input":{"@type":"PropertyValueSpecification","valueRequired":true,"valueName":"search_term_string"}}],"inLanguage":"de"}]}},"_links":{"self":[{"href":"https:\/\/www.camping-eden-savoie.com\/de\/wp-json\/wp\/v2\/pages\/6235"}],"collection":[{"href":"https:\/\/www.camping-eden-savoie.com\/de\/wp-json\/wp\/v2\/pages"}],"about":[{"href":"https:\/\/www.camping-eden-savoie.com\/de\/wp-json\/wp\/v2\/types\/page"}],"author":[{"embeddable":true,"href":"https:\/\/www.camping-eden-savoie.com\/de\/wp-json\/wp\/v2\/users\/1"}],"replies":[{"embeddable":true,"href":"https:\/\/www.camping-eden-savoie.com\/de\/wp-json\/wp\/v2\/comments?post=6235"}],"version-history":[{"count":10,"href":"https:\/\/www.camping-eden-savoie.com\/de\/wp-json\/wp\/v2\/pages\/6235\/revisions"}],"predecessor-version":[{"id":7288,"href":"https:\/\/www.camping-eden-savoie.com\/de\/wp-json\/wp\/v2\/pages\/6235\/revisions\/7288"}],"wp:featuredmedia":[{"embeddable":true,"href":"https:\/\/www.camping-eden-savoie.com\/de\/wp-json\/wp\/v2\/media\/5411"}],"wp:attachment":[{"href":"https:\/\/www.camping-eden-savoie.com\/de\/wp-json\/wp\/v2\/media?parent=6235"}],"curies":[{"name":"wp","href":"https:\/\/api.w.org\/{rel}","templated":true}]}}