{"id":6227,"date":"2020-08-11T16:50:33","date_gmt":"2020-08-11T14:50:33","guid":{"rendered":"http:\/\/www.camping-eden-savoie.com\/camping-lacs-savoie\/"},"modified":"2020-09-24T16:34:45","modified_gmt":"2020-09-24T14:34:45","slug":"camping-seen-savoyen","status":"publish","type":"page","link":"https:\/\/www.camping-eden-savoie.com\/de\/camping-seen-savoyen\/","title":{"rendered":"Alentours : Les lacs de Savoie"},"content":{"rendered":"<section id=\"section-5f2ab25841fbb\"\" class=\"section bg-color1\" \/><div class=\"container extralarge\"><h1 class=\"element section-title center m-b-4\">Campingplatz in der N\u00e4he der Seen von Savoyen<\/h1><div class=\"element bloc-text center \">\n\t<p>Aiguebelette, Paladru, le Bourget, entdecken Sie w\u00e4hrend Ihres Aufenthaltes im <a href=\"\/de\/\">camping l&#8217;Eden de la Vanoise<\/a> die <strong class=\"bold color3\">Seen Savoyens<\/strong>. Eine Ressourcendom\u00e4ne am Fu\u00dfe der Berge, ideal gelegen eine Stunde von den gro\u00dfen Seen von Savoyen, n\u00e4mlich dem <strong class=\"bold color3\">lac du Bourget<\/strong> und <strong class=\"bold color3\">d&#8217;Aiguebelette<\/strong> und anderthalb Stunden vom See von Paladru entfernt.<\/p>\n<\/div><\/div><\/section>\n\n<section id=\"section-aiguebelette\"\" class=\"section bg-color5 p-t-0 p-b-0\" \/><div class=\"container full\"><div class=\"colonnes-wrap valign-middle \"><div class=\"element colonne p-0\"><div class=\"element images scroll-x-mobile\"><div class=\"image\"><img decoding=\"async\" src=\"\" data-src=\"https:\/\/www.camping-eden-savoie.com\/wp-content\/uploads\/2020\/08\/lac-aiguebelette.jpg\" alt=\"lac aiguebelette\" class=\"images_image anime-zoom\" \/><\/div><\/div><\/div><div class=\"element colonne p-x-10 p-y-10\"><h2 class=\"element section-title justify\">Aiguebelette-See<\/h2><div class=\"element bloc-text justify \">\n\t<p>Der kleinste See im Sektor <strong class=\"bold color1\">Savoie-Mont-Blanc<\/strong>, der Aiguebelette-See, schmiegt sich diskret in das Herz des Berges Epine, einige Kilometer s\u00fcd\u00f6stlich von Bourget-le-Lac. <\/p>\n<p>Entdecken Sie von einem Campingplatz in der N\u00e4he des Sees von Aiguebelette aus eine <strong class=\"bold color1\">erhaltene nat\u00fcrliche St\u00e4tte mit einer zauberhaften Umgebung<\/strong>. Als nat\u00fcrlicher See mit dem w\u00e4rmsten Wasser Frankreichs ist er auch ideal f\u00fcr die Aus\u00fcbung <strong class=\"bold color1\">aquatischer und nautischer Aktivit\u00e4ten<\/strong>. <\/p>\n<p>Schwimmen kann man an den \u00fcberwachten Str\u00e4nden seiner Ufer wie denen von L\u00e9pin-le-Lac, Aiguebelette-le-Lac, Sougey, Saint-Alban oder Pr\u00e9-Argent. Boote mit Verbrennungsmotoren sind verboten, aber Sie k\u00f6nnen zum Beispiel rudern lernen oder ein Tretboot nehmen. <\/p>\n<p>Die Ufer des Aiguebelette-Sees bieten <strong class=\"bold color1\">wundersch\u00f6ne Spazier- und Wanderwege<\/strong>. Sie sind auch einladend f\u00fcr die Fischer, die das Lavaret mit der uralten Technik des Fischens mit der Gambe, einer typisch alpinen Technik, necken. <\/p>\n<\/div><\/div><\/div><\/div><\/section>\n\n<section id=\"section-5f31481b6bab2\"\" class=\"section bg-white p-t-0 p-b-0\" \/><div class=\"container full\"><div class=\"element images scroll-x-mobile\"><div class=\"image\"><img decoding=\"async\" src=\"\" data-src=\"https:\/\/www.camping-eden-savoie.com\/wp-content\/uploads\/2020\/08\/activite-lac-savoie.jpg\" alt=\"activite lac savoie\" class=\"images_image\" \/><\/div><div class=\"image\"><img decoding=\"async\" src=\"\" data-src=\"https:\/\/www.camping-eden-savoie.com\/wp-content\/uploads\/2020\/08\/activite-lacs-savoie.jpg\" alt=\"activite lacs savoie\" class=\"images_image\" \/><\/div><div class=\"image\"><img decoding=\"async\" src=\"\" data-src=\"https:\/\/www.camping-eden-savoie.com\/wp-content\/uploads\/2020\/08\/activite-nautique-lac-savoie.jpg\" alt=\"activite nautique lac savoie\" class=\"images_image\" \/><\/div><div class=\"image\"><img decoding=\"async\" src=\"\" data-src=\"https:\/\/www.camping-eden-savoie.com\/wp-content\/uploads\/2020\/08\/camping-lac-aiguebeltte.jpg\" alt=\"camping lac aiguebelette\" class=\"images_image\" \/><\/div><\/div><div class=\"element images scroll-x-mobile\"><div class=\"image\"><img decoding=\"async\" src=\"\" data-src=\"https:\/\/www.camping-eden-savoie.com\/wp-content\/uploads\/2020\/08\/camping-lac-savoie.jpg\" alt=\"camping lac savoie\" class=\"images_image\" \/><\/div><div class=\"image\"><img decoding=\"async\" src=\"\" data-src=\"https:\/\/www.camping-eden-savoie.com\/wp-content\/uploads\/2020\/08\/parapente-lac-savoie.jpg\" alt=\"parapente lac savoie\" class=\"images_image\" \/><\/div><div class=\"image\"><img decoding=\"async\" src=\"\" data-src=\"https:\/\/www.camping-eden-savoie.com\/wp-content\/uploads\/2020\/08\/visite-lac-bourget.jpg\" alt=\"visite lac bourget\" class=\"images_image\" \/><\/div><div class=\"image\"><img decoding=\"async\" src=\"\" data-src=\"https:\/\/www.camping-eden-savoie.com\/wp-content\/uploads\/2020\/08\/pedalo-lac-savoie.jpg\" alt=\"pedalo lac savoie\" class=\"images_image\" \/><\/div><\/div><\/div><\/section>\n\n<section id=\"section-bourget\"\" class=\"section bg-color5 p-t-0 p-b-0\" \/><div class=\"container full\"><div class=\"colonnes-wrap valign-middle \"><div class=\"element colonne p-x-10 p-y-10\"><h2 class=\"element section-title justify\">Le Lac du Bourget<\/h2><div class=\"element bloc-text justify \">\n\t<p>Bei einem Urlaub in Savoyen auf einem Campingplatz in der N\u00e4he des Lac du Bourget k\u00f6nnen Sie nicht umhin, die au\u00dfergew\u00f6hnlichen Landschaften des <strong class=\"bold color1\">gr\u00f6\u00dften nat\u00fcrlichen Sees in Frankreich<\/strong> zu entdecken, der seit Jahrhunderten von Dichtern gepriesen wird. <\/p>\n<p>Seine wilden Ufer sind ideal f\u00fcr die Aus\u00fcbung von Aktivit\u00e4ten im Freien: Mountainbiking, Wandern, aber auch Golf, Akkrobranche oder Paragliding. Das nautische Angebot auf den Gew\u00e4ssern des Sees ist breit gef\u00e4chert und bietet die M\u00f6glichkeit, Rudern, Segeln, Kanu fahren, aber auch Tauchen, Wasserski und Wakeboarding zu praktizieren. <\/p>\n<p>Mit seinen 14 H\u00e4fen ist der Lac du Bourget ein Paradies f\u00fcr Segler. Bekannt f\u00fcr ihre Populationen von Lavaretten und Seesaiblingen, zieht das <strong class=\"bold color1\">Wasser des Lac du Bourget<\/strong> mit seiner <strong class=\"bold color1\">warmen Wasser auch Badeg\u00e4ste<\/strong> an, die zahlreiche Str\u00e4nde an seinen Ufern genie\u00dfen: Ch\u00e2tillon und Conjux im Norden, der Strand von Lido, der Strand von Mottets und der Stadtstrand von Le Bourget im S\u00fcden sowie die Str\u00e4nde von Aix-les-Bains im Osten. <\/p>\n<p>Das bauliche Erbe an den Ufern des Lac du Bourget ist von <strong class=\"bold color1\">gro\u00dfem Reichtum<\/strong> : verpassen Sie nicht die antiken \u00dcberreste und Belle-\u00c9poque-Geb\u00e4ude von Aix-les-Bains, die Abtei von Hautecombe, das blumige Dorf Chanaz und das Priorat von Le Bourget.<\/p>\n<\/div><\/div><div class=\"element colonne p-0\"><div class=\"element images scroll-x-mobile\"><div class=\"image\"><img decoding=\"async\" src=\"\" data-src=\"https:\/\/www.camping-eden-savoie.com\/wp-content\/uploads\/2020\/08\/lac-du-bourget.jpg\" alt=\"lac du bourget\" class=\"images_image anime-zoom\" \/><\/div><\/div><\/div><\/div><\/div><\/section>\n\n<section id=\"section-5f438234dc013\"\" class=\"section bg-white p-t-0 p-b-0\" \/><div class=\"container full\"><div class=\"carte\" data-src=\"https:\/\/www.google.com\/maps\/d\/embed?mid=1ui70684I1HwNd5-FAOZloBylFN-BFvi1\"><\/div><\/div><\/section>\n\n<section id=\"section-paladru\"\" class=\"section bg-color5 p-t-0 p-b-0\" \/><div class=\"container full\"><div class=\"colonnes-wrap valign-middle \"><div class=\"element colonne p-0\"><div class=\"element images scroll-x-mobile\"><div class=\"image\"><img decoding=\"async\" src=\"\" data-src=\"https:\/\/www.camping-eden-savoie.com\/wp-content\/uploads\/2020\/08\/lac-de-paladru.jpg\" alt=\"lac de paladru\" class=\"images_image anime-zoom\" \/><\/div><\/div><\/div><div class=\"element colonne p-x-10 p-y-10\"><h2 class=\"element section-title justify\">Paladru-See<\/h2><div class=\"element bloc-text justify \">\n\t<p>Wenn Sie auf einem Campingplatz in der N\u00e4he des Sees von Paladru \u00fcbernachten, werden Sie eines der <strong class=\"bold color1\">Wunder des Voironnais-Landes<\/strong> entdecken. Das t\u00fcrkisblaue Wasser des Sees l\u00e4dt zum Entspannen ein, und es gibt ein breites Angebot an Freizeitaktivit\u00e4ten: Schwimmen, Kreuzfahrten mit Segel-, Paddel-, Kanu- und Tretbooten, aber auch Angeln, Spazierg\u00e4nge und Ausfl\u00fcge in die Natur. <\/p>\n<p>Der See von Paladru ist ber\u00fchmt f\u00fcr seine <strong class=\"bold color1\">arch\u00e4ologischen Reicht\u00fcmer des Sees<\/strong>: Er ist ein privilegierter Ort f\u00fcr das Experimentieren mit arch\u00e4ologischen Unterwasser-Techniken. Die Fischer nutzen die mehr als 35 Meter tiefen Gruben, die der Entwicklung einer wichtigen Fischfauna f\u00f6rderlich sind. <\/p>\n<p>Schlie\u00dflich k\u00f6nnen Familien an die Str\u00e4nde von Paladru, Montferrat, Charavines oder Le Pin gehen, um das <strong class=\"bold color1\">beaufsichtigte Baden<\/strong>, Kinderspielpl\u00e4tze und Picknickpl\u00e4tze zu genie\u00dfen. <\/p>\n<p>Ein gr\u00fcner Weg verbindet Charavines mit Paladru, ideal f\u00fcr <strong class=\"bold color1\">Wandern, Radfahren oder Rollerfahren<\/strong> ! <\/p>\n<\/div><\/div><\/div><\/div><\/section>\n\n<section id=\"section-5f2ab2584333c\"\" class=\"section bg-color1\" \/><div class=\"container extralarge\"><div class=\"element section-title center cta-title\">Die Umgebung der Seen von Savoyen<\/div><ul class=\"liste-de-page\"><li class=\"element call-to-action center cta-title call-to-action--style-1 call-to-action--normal\"><a href=\"https:\/\/www.camping-eden-savoie.com\/de\/campingplatz-les-arcs\/\"  class=\"call-to-action_link\" title=\"Erfahren Sie mehr \u00fcber les arcs\"><div class=\"call-to-action_image\"><img decoding=\"async\" src=\"https:\/\/www.camping-eden-savoie.com\/wp-content\/uploads\/2020\/08\/vacances-les-arcs-100x88.jpg\" data-src=\"https:\/\/www.camping-eden-savoie.com\/wp-content\/uploads\/2020\/08\/vacances-les-arcs.jpg\" alt=\"vacances les arcs\" class=\"normal\" \/><\/div><div class=\"call-to-action_contenu\"><div class=\"call-to-action_titre\">Les Arcs<\/div><\/div><\/a><\/li><li class=\"element call-to-action center cta-title call-to-action--style-1 call-to-action--normal call-to-action--style-1 call-to-action--normal\"><a href=\"https:\/\/www.camping-eden-savoie.com\/de\/campingplatz-annecy-see\/\"  class=\"call-to-action_link\" title=\"Erfahren Sie mehr \u00fcber annecy-see\"><div class=\"call-to-action_image\"><img decoding=\"async\" src=\"https:\/\/www.camping-eden-savoie.com\/wp-content\/uploads\/2020\/08\/lac-annecy-1-100x88.jpg\" data-src=\"https:\/\/www.camping-eden-savoie.com\/wp-content\/uploads\/2020\/08\/lac-annecy-1.jpg\" alt=\"lac annecy\" class=\"normal\" \/><\/div><div class=\"call-to-action_contenu\"><div class=\"call-to-action_titre\">Annecy-See<\/div><\/div><\/a><\/li><li class=\"element call-to-action center cta-title call-to-action--style-1 call-to-action--normal call-to-action--style-1 call-to-action--normal call-to-action--style-1 call-to-action--normal\"><a href=\"https:\/\/www.camping-eden-savoie.com\/de\/camping-dame-roselend\/\"  class=\"call-to-action_link\" title=\"Erfahren Sie mehr \u00fcber staudamm roselend\"><div class=\"call-to-action_image\"><img decoding=\"async\" src=\"https:\/\/www.camping-eden-savoie.com\/wp-content\/uploads\/2020\/08\/barrage-roselend-100x88.jpg\" data-src=\"https:\/\/www.camping-eden-savoie.com\/wp-content\/uploads\/2020\/08\/barrage-roselend.jpg\" alt=\"barrage roselend\" class=\"normal\" \/><\/div><div class=\"call-to-action_contenu\"><div class=\"call-to-action_titre\">Staudamm Roselend<\/div><\/div><\/a><\/li><\/ul><\/div><\/section>","protected":false},"excerpt":{"rendered":"","protected":false},"author":1,"featured_media":5299,"parent":0,"menu_order":0,"comment_status":"closed","ping_status":"closed","template":"","meta":{"_acf_changed":false,"footnotes":""},"class_list":["post-6227","page","type-page","status-publish","has-post-thumbnail","hentry"],"acf":[],"yoast_head":"<!-- This site is optimized with the Yoast SEO plugin v25.3 - https:\/\/yoast.com\/wordpress\/plugins\/seo\/ -->\n<title>Camping Savoyische Seen | Lac du Bourget | Aiguebelette-See | Paladru-See<\/title>\n<meta name=\"robots\" content=\"index, follow, max-snippet:-1, max-image-preview:large, max-video-preview:-1\" \/>\n<link rel=\"canonical\" href=\"https:\/\/www.camping-eden-savoie.com\/de\/camping-seen-savoyen\/\" \/>\n<meta property=\"og:locale\" content=\"de_DE\" \/>\n<meta property=\"og:type\" content=\"article\" \/>\n<meta property=\"og:title\" content=\"Camping Savoyische Seen | Lac du Bourget | Aiguebelette-See | Paladru-See\" \/>\n<meta property=\"og:url\" content=\"https:\/\/www.camping-eden-savoie.com\/de\/camping-seen-savoyen\/\" \/>\n<meta property=\"og:site_name\" content=\"Camping l&#039;Eden de la Vanoise\" \/>\n<meta property=\"article:modified_time\" content=\"2020-09-24T14:34:45+00:00\" \/>\n<meta property=\"og:image\" content=\"https:\/\/www.camping-eden-savoie.com\/wp-content\/uploads\/2020\/08\/lacs-de-savoie.jpg\" \/>\n\t<meta property=\"og:image:width\" content=\"1903\" \/>\n\t<meta property=\"og:image:height\" content=\"550\" \/>\n\t<meta property=\"og:image:type\" content=\"image\/jpeg\" \/>\n<meta name=\"twitter:card\" content=\"summary_large_image\" \/>\n<script type=\"application\/ld+json\" class=\"yoast-schema-graph\">{\"@context\":\"https:\/\/schema.org\",\"@graph\":[{\"@type\":\"WebPage\",\"@id\":\"https:\/\/www.camping-eden-savoie.com\/de\/camping-seen-savoyen\/\",\"url\":\"https:\/\/www.camping-eden-savoie.com\/de\/camping-seen-savoyen\/\",\"name\":\"Camping Savoyische Seen | Lac du Bourget | Aiguebelette-See | Paladru-See\",\"isPartOf\":{\"@id\":\"https:\/\/www.camping-eden-savoie.com\/de\/#website\"},\"primaryImageOfPage\":{\"@id\":\"https:\/\/www.camping-eden-savoie.com\/de\/camping-seen-savoyen\/#primaryimage\"},\"image\":{\"@id\":\"https:\/\/www.camping-eden-savoie.com\/de\/camping-seen-savoyen\/#primaryimage\"},\"thumbnailUrl\":\"https:\/\/www.camping-eden-savoie.com\/wp-content\/uploads\/2020\/08\/lacs-de-savoie.jpg\",\"datePublished\":\"2020-08-11T14:50:33+00:00\",\"dateModified\":\"2020-09-24T14:34:45+00:00\",\"breadcrumb\":{\"@id\":\"https:\/\/www.camping-eden-savoie.com\/de\/camping-seen-savoyen\/#breadcrumb\"},\"inLanguage\":\"de\",\"potentialAction\":[{\"@type\":\"ReadAction\",\"target\":[\"https:\/\/www.camping-eden-savoie.com\/de\/camping-seen-savoyen\/\"]}]},{\"@type\":\"ImageObject\",\"inLanguage\":\"de\",\"@id\":\"https:\/\/www.camping-eden-savoie.com\/de\/camping-seen-savoyen\/#primaryimage\",\"url\":\"https:\/\/www.camping-eden-savoie.com\/wp-content\/uploads\/2020\/08\/lacs-de-savoie.jpg\",\"contentUrl\":\"https:\/\/www.camping-eden-savoie.com\/wp-content\/uploads\/2020\/08\/lacs-de-savoie.jpg\",\"width\":1903,\"height\":550,\"caption\":\"lacs de savoie\"},{\"@type\":\"BreadcrumbList\",\"@id\":\"https:\/\/www.camping-eden-savoie.com\/de\/camping-seen-savoyen\/#breadcrumb\",\"itemListElement\":[{\"@type\":\"ListItem\",\"position\":1,\"name\":\"Camping Alpen, in Savoyen\",\"item\":\"https:\/\/www.camping-eden-savoie.com\/de\/\"},{\"@type\":\"ListItem\",\"position\":2,\"name\":\"Entdecken Sie die Seen von Savoyen\"}]},{\"@type\":\"WebSite\",\"@id\":\"https:\/\/www.camping-eden-savoie.com\/de\/#website\",\"url\":\"https:\/\/www.camping-eden-savoie.com\/de\/\",\"name\":\"Camping l&#039;Eden de la Vanoise\",\"description\":\"\",\"potentialAction\":[{\"@type\":\"SearchAction\",\"target\":{\"@type\":\"EntryPoint\",\"urlTemplate\":\"https:\/\/www.camping-eden-savoie.com\/de\/?s={search_term_string}\"},\"query-input\":{\"@type\":\"PropertyValueSpecification\",\"valueRequired\":true,\"valueName\":\"search_term_string\"}}],\"inLanguage\":\"de\"}]}<\/script>\n<!-- \/ Yoast SEO plugin. -->","yoast_head_json":{"title":"Camping Savoyische Seen | Lac du Bourget | Aiguebelette-See | Paladru-See","robots":{"index":"index","follow":"follow","max-snippet":"max-snippet:-1","max-image-preview":"max-image-preview:large","max-video-preview":"max-video-preview:-1"},"canonical":"https:\/\/www.camping-eden-savoie.com\/de\/camping-seen-savoyen\/","og_locale":"de_DE","og_type":"article","og_title":"Camping Savoyische Seen | Lac du Bourget | Aiguebelette-See | Paladru-See","og_url":"https:\/\/www.camping-eden-savoie.com\/de\/camping-seen-savoyen\/","og_site_name":"Camping l&#039;Eden de la Vanoise","article_modified_time":"2020-09-24T14:34:45+00:00","og_image":[{"width":1903,"height":550,"url":"https:\/\/www.camping-eden-savoie.com\/wp-content\/uploads\/2020\/08\/lacs-de-savoie.jpg","type":"image\/jpeg"}],"twitter_card":"summary_large_image","schema":{"@context":"https:\/\/schema.org","@graph":[{"@type":"WebPage","@id":"https:\/\/www.camping-eden-savoie.com\/de\/camping-seen-savoyen\/","url":"https:\/\/www.camping-eden-savoie.com\/de\/camping-seen-savoyen\/","name":"Camping Savoyische Seen | Lac du Bourget | Aiguebelette-See | Paladru-See","isPartOf":{"@id":"https:\/\/www.camping-eden-savoie.com\/de\/#website"},"primaryImageOfPage":{"@id":"https:\/\/www.camping-eden-savoie.com\/de\/camping-seen-savoyen\/#primaryimage"},"image":{"@id":"https:\/\/www.camping-eden-savoie.com\/de\/camping-seen-savoyen\/#primaryimage"},"thumbnailUrl":"https:\/\/www.camping-eden-savoie.com\/wp-content\/uploads\/2020\/08\/lacs-de-savoie.jpg","datePublished":"2020-08-11T14:50:33+00:00","dateModified":"2020-09-24T14:34:45+00:00","breadcrumb":{"@id":"https:\/\/www.camping-eden-savoie.com\/de\/camping-seen-savoyen\/#breadcrumb"},"inLanguage":"de","potentialAction":[{"@type":"ReadAction","target":["https:\/\/www.camping-eden-savoie.com\/de\/camping-seen-savoyen\/"]}]},{"@type":"ImageObject","inLanguage":"de","@id":"https:\/\/www.camping-eden-savoie.com\/de\/camping-seen-savoyen\/#primaryimage","url":"https:\/\/www.camping-eden-savoie.com\/wp-content\/uploads\/2020\/08\/lacs-de-savoie.jpg","contentUrl":"https:\/\/www.camping-eden-savoie.com\/wp-content\/uploads\/2020\/08\/lacs-de-savoie.jpg","width":1903,"height":550,"caption":"lacs de savoie"},{"@type":"BreadcrumbList","@id":"https:\/\/www.camping-eden-savoie.com\/de\/camping-seen-savoyen\/#breadcrumb","itemListElement":[{"@type":"ListItem","position":1,"name":"Camping Alpen, in Savoyen","item":"https:\/\/www.camping-eden-savoie.com\/de\/"},{"@type":"ListItem","position":2,"name":"Entdecken Sie die Seen von Savoyen"}]},{"@type":"WebSite","@id":"https:\/\/www.camping-eden-savoie.com\/de\/#website","url":"https:\/\/www.camping-eden-savoie.com\/de\/","name":"Camping l&#039;Eden de la Vanoise","description":"","potentialAction":[{"@type":"SearchAction","target":{"@type":"EntryPoint","urlTemplate":"https:\/\/www.camping-eden-savoie.com\/de\/?s={search_term_string}"},"query-input":{"@type":"PropertyValueSpecification","valueRequired":true,"valueName":"search_term_string"}}],"inLanguage":"de"}]}},"_links":{"self":[{"href":"https:\/\/www.camping-eden-savoie.com\/de\/wp-json\/wp\/v2\/pages\/6227"}],"collection":[{"href":"https:\/\/www.camping-eden-savoie.com\/de\/wp-json\/wp\/v2\/pages"}],"about":[{"href":"https:\/\/www.camping-eden-savoie.com\/de\/wp-json\/wp\/v2\/types\/page"}],"author":[{"embeddable":true,"href":"https:\/\/www.camping-eden-savoie.com\/de\/wp-json\/wp\/v2\/users\/1"}],"replies":[{"embeddable":true,"href":"https:\/\/www.camping-eden-savoie.com\/de\/wp-json\/wp\/v2\/comments?post=6227"}],"version-history":[{"count":6,"href":"https:\/\/www.camping-eden-savoie.com\/de\/wp-json\/wp\/v2\/pages\/6227\/revisions"}],"predecessor-version":[{"id":7296,"href":"https:\/\/www.camping-eden-savoie.com\/de\/wp-json\/wp\/v2\/pages\/6227\/revisions\/7296"}],"wp:featuredmedia":[{"embeddable":true,"href":"https:\/\/www.camping-eden-savoie.com\/de\/wp-json\/wp\/v2\/media\/5299"}],"wp:attachment":[{"href":"https:\/\/www.camping-eden-savoie.com\/de\/wp-json\/wp\/v2\/media?parent=6227"}],"curies":[{"name":"wp","href":"https:\/\/api.w.org\/{rel}","templated":true}]}}