{"id":6214,"date":"2017-01-03T09:13:25","date_gmt":"2017-01-03T08:13:25","guid":{"rendered":"http:\/\/www.camping-eden-savoie.com\/camping-haute-savoie\/"},"modified":"2023-10-19T17:04:35","modified_gmt":"2023-10-19T15:04:35","slug":"campingplatz-haute-savoie","status":"publish","type":"page","link":"https:\/\/www.camping-eden-savoie.com\/de\/campingplatz-haute-savoie\/","title":{"rendered":"Alentours : Mont blanc"},"content":{"rendered":"<section id=\"section-5f2ab25841fbb\"\" class=\"section bg-color1\" \/><div class=\"container extralarge\"><h1 class=\"element section-title center m-b-4\">Campingplatz Mont Blanc<\/h1><\/div><\/section>\n\n<section id=\"section-5f2ab25842436\"\" class=\"section bg-color5 p-t-0 p-b-0\" \/><div class=\"container full\"><div class=\"colonnes-wrap valign-middle \"><div class=\"element colonne p-0\"><div class=\"element images scroll-x-mobile\"><div class=\"image\"><img decoding=\"async\" src=\"\" data-src=\"https:\/\/www.camping-eden-savoie.com\/wp-content\/uploads\/2020\/08\/mont-blanc-vacances.jpg\" alt=\"mont blanc vacances\" class=\"images_image anime-zoom\" \/><\/div><\/div><\/div><div class=\"element colonne p-x-10 p-y-10\"><div class=\"element bloc-text justify \">\n\t<p>Mont Blanc, der h\u00f6chste Gipfel Westeuropas, ist ein beliebtes Ziel f\u00fcr Urlauber. Unabh\u00e4ngig von der Jahreszeit kommen viele Besucher, um in der Region zu bleiben und all das zu genie\u00dfen, was sie zu bieten hat. <\/p>\n<p>Die atmosph\u00e4rische Landschaft, Berge, Seen und Fl\u00fcsse, Wintersportorte und Kurorte verzaubern die Besucher immer wieder. <\/p>\n<p>Savoie Mont Blanc ist auch bekannt f\u00fcr sein ausgezeichnetes bauliches Erbe, darunter malerische D\u00f6rfer und St\u00e4dte und sch\u00f6ne religi\u00f6se Denkm\u00e4ler. Egal, was Sie tun m\u00f6chten, Sie werden in der Region sicher einen tollen Urlaub verbringen. <\/p>\n<p>Sie sind herzlich willkommen im Eden de la Vanoise ***, einem Campingplatz im Mont Blanc, wenn Ihr n\u00e4chstes Reiseziel <strong class=\"bold color1\">Urlaub in Savoyen<\/strong> liegt.<\/p>\n<\/div><\/div><\/div><\/div><\/section>\n\n<section id=\"section-5f2aae2ae11ca\"\" class=\"section bg-color5 p-t-0 p-b-0\" \/><div class=\"container full\"><div class=\"colonnes-wrap valign-middle \"><div class=\"element colonne p-x-10 p-y-10\"><h2 class=\"element section-title justify\">Was kann man in Savoyen tun?<\/h2><div class=\"element bloc-text justify \">\n\t<p>Der Savoie Mont Blanc wird von vielen <strong class=\"bold color1\">Trails<\/strong> Fu\u00dfg\u00e4ngern, Reitern und Radfahrern begrenzt. Ihr Aufenthalt auf dem <a href=\"\/de\/\">Camping Alpen, in Savoyen<\/a> ist die perfekte Gelegenheit, um zu Fu\u00df zu gehen und <strong class=\"bold color1\">ihre herrlichen Landschaften<\/strong> in Ihrem eigenen Tempo zu bewundern. Im Winter werden die schneebedeckten Berge von Schneesportbegeisterten \u00fcberrannt.<\/p>\n<p>Die <strong class=\"bold color1\">gro\u00dfen Wintersportorte der Tarentaise<\/strong> und die der Portes du Soleil sind ein Muss rund um unseren Campingplatz-Skiort.<\/p>\n<p>Sobald das gute Wetter eintrifft, werden die <strong class=\"bold color1\">Naturr\u00e4ume wie der Vanoise-Park<\/strong>, die nat\u00fcrlichen Seen von Le Bourget, L\u00e9man und Annecy zu einem Paradies f\u00fcr <strong class=\"bold color1\">Aktivit\u00e4ten im Freien und Freizeitaktivit\u00e4ten im Wasser<\/strong>.<\/p>\n<p>Wenn Sie eher entdeckt werden, schlagen wir Ihnen vor, <strong class=\"bold color1\">K\u00e4se in den D\u00f6rfern<\/strong> zu kosten, die Altstadt von Annecy, die Ferienorte Thonon-les-Bains, Aix-les-Bains, Evian-les-Bains zu besuchen. Chamonix, am Fu\u00dfe des Mont Blanc und seines Tals, geh\u00f6rt ebenfalls zu den Orten, die man gesehen haben muss.<\/p>\n<\/div><\/div><div class=\"element colonne p-0\"><div class=\"element images scroll-x-mobile\"><div class=\"image\"><img decoding=\"async\" src=\"\" data-src=\"https:\/\/www.camping-eden-savoie.com\/wp-content\/uploads\/2020\/08\/randonnee-mont-blanc.jpg\" alt=\"randonn\u00e9e mont blanc\" class=\"images_image anime-zoom\" \/><\/div><\/div><\/div><\/div><\/div><\/section>\n\n<section id=\"section-5f31481b6bab2\"\" class=\"section bg-white p-t-0 p-b-0\" \/><div class=\"container full\"><div class=\"element images scroll-x-mobile\"><div class=\"image\"><img decoding=\"async\" src=\"\" data-src=\"https:\/\/www.camping-eden-savoie.com\/wp-content\/uploads\/2020\/08\/bouquetin-savoie.jpg\" alt=\"bouquetin savoie\" class=\"images_image\" \/><\/div><div class=\"image\"><img decoding=\"async\" src=\"\" data-src=\"https:\/\/www.camping-eden-savoie.com\/wp-content\/uploads\/2020\/08\/randonnee-marmotte-savoie.jpg\" alt=\"randonn\u00e9e marmotte savoie\" class=\"images_image\" \/><\/div><div class=\"image\"><img decoding=\"async\" src=\"\" data-src=\"https:\/\/www.camping-eden-savoie.com\/wp-content\/uploads\/2020\/08\/paysage-mont-blanc.jpg\" alt=\"paysage mont blanc\" class=\"images_image\" \/><\/div><div class=\"image\"><img decoding=\"async\" src=\"\" data-src=\"https:\/\/www.camping-eden-savoie.com\/wp-content\/uploads\/2020\/08\/decouvrez-le-mont-blanc.jpg\" alt=\"decouvrez le mont blanc\" class=\"images_image\" \/><\/div><\/div><div class=\"element images scroll-x-mobile\"><div class=\"image\"><img decoding=\"async\" src=\"\" data-src=\"https:\/\/www.camping-eden-savoie.com\/wp-content\/uploads\/2020\/08\/decouvrez-faune-mont-blanc.jpg\" alt=\"decouvrez faune mont blanc\" class=\"images_image\" \/><\/div><div class=\"image\"><img decoding=\"async\" src=\"\" data-src=\"https:\/\/www.camping-eden-savoie.com\/wp-content\/uploads\/2020\/08\/faune-mont-blanc.jpg\" alt=\"faune mont blanc\" class=\"images_image\" \/><\/div><div class=\"image\"><img decoding=\"async\" src=\"\" data-src=\"https:\/\/www.camping-eden-savoie.com\/wp-content\/uploads\/2020\/08\/cascade-glace-savoie.jpg\" alt=\"cascade glace savoie\" class=\"images_image\" \/><\/div><div class=\"image\"><img decoding=\"async\" src=\"\" data-src=\"https:\/\/www.camping-eden-savoie.com\/wp-content\/uploads\/2020\/08\/tourisme-mont-blanc.jpg\" alt=\"tourisme mont blanc\" class=\"images_image\" \/><\/div><\/div><\/div><\/section>\n\n<section id=\"section-last\"\" class=\"section bg-color5 p-t-0 p-b-0\" \/><div class=\"container full\"><div class=\"colonnes-wrap valign-middle \"><div class=\"element colonne p-0\"><div class=\"element images scroll-x-mobile\"><div class=\"image\"><img decoding=\"async\" src=\"\" data-src=\"https:\/\/www.camping-eden-savoie.com\/wp-content\/uploads\/2020\/08\/mobil-home-mont-blanc.jpg\" alt=\"mobil-home mont blanc\" class=\"images_image anime-zoom\" \/><\/div><\/div><\/div><div class=\"element colonne p-x-10 p-y-10\"><h2 class=\"element section-title justify\">Vermietung von Wohnmobilen Haute Savoie<\/h2><div class=\"element bloc-text justify \">\n\t<p>Damit Ihr Campingurlaub in Savoie Mont Blanc komfortabel ist und im Dunkeln stattfindet, bietet Ihnen der Campingplatz l&#8217;Eden de la Vanoise <strong class=\"bold color1\">bequeme Unterkunft<\/strong>. Ob Sie mit Ihrer Familie, einem Stamm, einem Duo oder alleine unterwegs sind, finden Sie unter den zur Verf\u00fcgung stehenden Bungalows, Camping-Zelten und Mobilheimen die ideale Ferienvermietung f\u00fcr Sie. In jeder Vermietung ist bereits alles vorhanden, was Sie brauchen: Geschirr und K\u00fcchenutensilien, Wohnzimmer. F\u00fcr mehr Komfort sind einige mit Klimaanlage, Bad und separater Toilette, Terrasse mit Gartenm\u00f6beln ausgestattet. <\/p>\n<p>Perfekt gepflegte sanit\u00e4re Einrichtungen werden den Urlaubern angeboten, die die Zeltbungalows und Zelte mieten. Wenn Sie ein Fan von <strong class=\"bold color1\">traditionellem Camping<\/strong> sind, steht es Ihnen frei, einen nackten Stellplatz zu mieten, um Ihr Campingzelt oder Ihr Wohnmobil oder Ihren Wohnwagen aufzustellen. Die Wohnwagenpl\u00e4tze sind ger\u00e4umig und mit allen Annehmlichkeiten ausgestattet. Sie k\u00f6nnen von einem Stromanschluss, einem Wohnmobil-Servicebereich und einer ganzen Reihe anderer Dienstleistungen profitieren, wenn Sie diese ben\u00f6tigen. Nutzen Sie die verschiedenen Freizeiteinrichtungen dieses <strong class=\"bold color1\">3-Sterne-Campingplatzes Mont Blanc<\/strong>, die w\u00e4hrend Ihres Aufenthalts zu jeder Jahreszeit zug\u00e4nglich sind. Die Spielpl\u00e4tze, das \u00fcberdachte und beheizte Schwimmbad und die Animationen stehen Ihnen zur Verf\u00fcgung.<\/p>\n<\/div><\/div><\/div><\/div><\/section>\n\n<section id=\"section-5f2ab2584333c\"\" class=\"section bg-color1\" \/><div class=\"container extralarge\"><div class=\"element section-title center cta-title\">Die Umgebung des Campingplatzes<\/div><ul class=\"liste-de-page\"><li class=\"element call-to-action center cta-title call-to-action--style-1 call-to-action--normal\"><a href=\"https:\/\/www.camping-eden-savoie.com\/de\/campingplatz-tignes-val-isere\/\"  class=\"call-to-action_link\" title=\"Erfahren Sie mehr \u00fcber tignes \/ val d'is\u00e8re\"><div class=\"call-to-action_image\"><img decoding=\"async\" src=\"https:\/\/www.camping-eden-savoie.com\/wp-content\/uploads\/2020\/08\/camping-tignes-val-isere-100x88.jpg\" data-src=\"https:\/\/www.camping-eden-savoie.com\/wp-content\/uploads\/2020\/08\/camping-tignes-val-isere.jpg\" alt=\"camping tignes val d'isere\" class=\"normal\" \/><\/div><div class=\"call-to-action_contenu\"><div class=\"call-to-action_titre\">Tignes \/ Val d&#8217;Is\u00e8re<\/div><\/div><\/a><\/li><li class=\"element call-to-action center cta-title call-to-action--style-1 call-to-action--normal call-to-action--style-1 call-to-action--normal\"><a href=\"https:\/\/www.camping-eden-savoie.com\/de\/la-plagne-campingplatz\/\"  class=\"call-to-action_link\" title=\"Erfahren Sie mehr \u00fcber la plagne\"><div class=\"call-to-action_image\"><img decoding=\"async\" src=\"https:\/\/www.camping-eden-savoie.com\/wp-content\/uploads\/2020\/08\/vacances-la-plagne-100x88.jpg\" data-src=\"https:\/\/www.camping-eden-savoie.com\/wp-content\/uploads\/2020\/08\/vacances-la-plagne.jpg\" alt=\"vacances la plagne\" class=\"normal\" \/><\/div><div class=\"call-to-action_contenu\"><div class=\"call-to-action_titre\">La Plagne<\/div><\/div><\/a><\/li><li class=\"element call-to-action center cta-title call-to-action--style-1 call-to-action--normal call-to-action--style-1 call-to-action--normal call-to-action--style-1 call-to-action--normal\"><a href=\"https:\/\/www.camping-eden-savoie.com\/de\/camping-dame-roselend\/\"  class=\"call-to-action_link\" title=\"Erfahren Sie mehr \u00fcber staudamm roselend\"><div class=\"call-to-action_image\"><img decoding=\"async\" src=\"https:\/\/www.camping-eden-savoie.com\/wp-content\/uploads\/2020\/08\/barrage-roselend-100x88.jpg\" data-src=\"https:\/\/www.camping-eden-savoie.com\/wp-content\/uploads\/2020\/08\/barrage-roselend.jpg\" alt=\"barrage roselend\" class=\"normal\" \/><\/div><div class=\"call-to-action_contenu\"><div class=\"call-to-action_titre\">Staudamm Roselend<\/div><\/div><\/a><\/li><\/ul><\/div><\/section>","protected":false},"excerpt":{"rendered":"","protected":false},"author":1,"featured_media":4259,"parent":0,"menu_order":0,"comment_status":"closed","ping_status":"closed","template":"","meta":{"_acf_changed":false,"footnotes":""},"class_list":["post-6214","page","type-page","status-publish","has-post-thumbnail","hentry"],"acf":[],"yoast_head":"<!-- This site is optimized with the Yoast SEO plugin v25.3 - https:\/\/yoast.com\/wordpress\/plugins\/seo\/ -->\n<title>Camping Mont Blanc | Camping in der N\u00e4he des Mont Blanc in den Alpen<\/title>\n<meta name=\"description\" content=\"Touristische Ferien in der Haute-Savoie: alles Wissenswerte \u00fcber die touristischen Aktivit\u00e4ten, die Sie nicht verpassen sollten\" \/>\n<meta name=\"robots\" content=\"index, follow, max-snippet:-1, max-image-preview:large, max-video-preview:-1\" \/>\n<link rel=\"canonical\" href=\"https:\/\/www.camping-eden-savoie.com\/de\/campingplatz-haute-savoie\/\" \/>\n<meta property=\"og:locale\" content=\"de_DE\" \/>\n<meta property=\"og:type\" content=\"article\" \/>\n<meta property=\"og:title\" content=\"Camping Mont Blanc | Camping in der N\u00e4he des Mont Blanc in den Alpen\" \/>\n<meta property=\"og:description\" content=\"Touristische Ferien in der Haute-Savoie: alles Wissenswerte \u00fcber die touristischen Aktivit\u00e4ten, die Sie nicht verpassen sollten\" \/>\n<meta property=\"og:url\" content=\"https:\/\/www.camping-eden-savoie.com\/de\/campingplatz-haute-savoie\/\" \/>\n<meta property=\"og:site_name\" content=\"Camping l&#039;Eden de la Vanoise\" \/>\n<meta property=\"article:modified_time\" content=\"2023-10-19T15:04:35+00:00\" \/>\n<meta property=\"og:image\" content=\"https:\/\/www.camping-eden-savoie.com\/wp-content\/uploads\/2020\/08\/camping-mont-blanc.jpg\" \/>\n\t<meta property=\"og:image:width\" content=\"1903\" \/>\n\t<meta property=\"og:image:height\" content=\"550\" \/>\n\t<meta property=\"og:image:type\" content=\"image\/jpeg\" \/>\n<meta name=\"twitter:card\" content=\"summary_large_image\" \/>\n<script type=\"application\/ld+json\" class=\"yoast-schema-graph\">{\"@context\":\"https:\/\/schema.org\",\"@graph\":[{\"@type\":\"WebPage\",\"@id\":\"https:\/\/www.camping-eden-savoie.com\/de\/campingplatz-haute-savoie\/\",\"url\":\"https:\/\/www.camping-eden-savoie.com\/de\/campingplatz-haute-savoie\/\",\"name\":\"Camping Mont Blanc | Camping in der N\u00e4he des Mont Blanc in den Alpen\",\"isPartOf\":{\"@id\":\"https:\/\/www.camping-eden-savoie.com\/de\/#website\"},\"primaryImageOfPage\":{\"@id\":\"https:\/\/www.camping-eden-savoie.com\/de\/campingplatz-haute-savoie\/#primaryimage\"},\"image\":{\"@id\":\"https:\/\/www.camping-eden-savoie.com\/de\/campingplatz-haute-savoie\/#primaryimage\"},\"thumbnailUrl\":\"https:\/\/www.camping-eden-savoie.com\/wp-content\/uploads\/2020\/08\/camping-mont-blanc.jpg\",\"datePublished\":\"2017-01-03T08:13:25+00:00\",\"dateModified\":\"2023-10-19T15:04:35+00:00\",\"description\":\"Touristische Ferien in der Haute-Savoie: alles Wissenswerte \u00fcber die touristischen Aktivit\u00e4ten, die Sie nicht verpassen sollten\",\"breadcrumb\":{\"@id\":\"https:\/\/www.camping-eden-savoie.com\/de\/campingplatz-haute-savoie\/#breadcrumb\"},\"inLanguage\":\"de\",\"potentialAction\":[{\"@type\":\"ReadAction\",\"target\":[\"https:\/\/www.camping-eden-savoie.com\/de\/campingplatz-haute-savoie\/\"]}]},{\"@type\":\"ImageObject\",\"inLanguage\":\"de\",\"@id\":\"https:\/\/www.camping-eden-savoie.com\/de\/campingplatz-haute-savoie\/#primaryimage\",\"url\":\"https:\/\/www.camping-eden-savoie.com\/wp-content\/uploads\/2020\/08\/camping-mont-blanc.jpg\",\"contentUrl\":\"https:\/\/www.camping-eden-savoie.com\/wp-content\/uploads\/2020\/08\/camping-mont-blanc.jpg\",\"width\":1903,\"height\":550,\"caption\":\"camping mont blanc\"},{\"@type\":\"BreadcrumbList\",\"@id\":\"https:\/\/www.camping-eden-savoie.com\/de\/campingplatz-haute-savoie\/#breadcrumb\",\"itemListElement\":[{\"@type\":\"ListItem\",\"position\":1,\"name\":\"Camping Alpen, in Savoyen\",\"item\":\"https:\/\/www.camping-eden-savoie.com\/de\/\"},{\"@type\":\"ListItem\",\"position\":2,\"name\":\"Campingplatz Mont Blanc\"}]},{\"@type\":\"WebSite\",\"@id\":\"https:\/\/www.camping-eden-savoie.com\/de\/#website\",\"url\":\"https:\/\/www.camping-eden-savoie.com\/de\/\",\"name\":\"Camping l&#039;Eden de la Vanoise\",\"description\":\"\",\"potentialAction\":[{\"@type\":\"SearchAction\",\"target\":{\"@type\":\"EntryPoint\",\"urlTemplate\":\"https:\/\/www.camping-eden-savoie.com\/de\/?s={search_term_string}\"},\"query-input\":{\"@type\":\"PropertyValueSpecification\",\"valueRequired\":true,\"valueName\":\"search_term_string\"}}],\"inLanguage\":\"de\"}]}<\/script>\n<!-- \/ Yoast SEO plugin. -->","yoast_head_json":{"title":"Camping Mont Blanc | Camping in der N\u00e4he des Mont Blanc in den Alpen","description":"Touristische Ferien in der Haute-Savoie: alles Wissenswerte \u00fcber die touristischen Aktivit\u00e4ten, die Sie nicht verpassen sollten","robots":{"index":"index","follow":"follow","max-snippet":"max-snippet:-1","max-image-preview":"max-image-preview:large","max-video-preview":"max-video-preview:-1"},"canonical":"https:\/\/www.camping-eden-savoie.com\/de\/campingplatz-haute-savoie\/","og_locale":"de_DE","og_type":"article","og_title":"Camping Mont Blanc | Camping in der N\u00e4he des Mont Blanc in den Alpen","og_description":"Touristische Ferien in der Haute-Savoie: alles Wissenswerte \u00fcber die touristischen Aktivit\u00e4ten, die Sie nicht verpassen sollten","og_url":"https:\/\/www.camping-eden-savoie.com\/de\/campingplatz-haute-savoie\/","og_site_name":"Camping l&#039;Eden de la Vanoise","article_modified_time":"2023-10-19T15:04:35+00:00","og_image":[{"width":1903,"height":550,"url":"https:\/\/www.camping-eden-savoie.com\/wp-content\/uploads\/2020\/08\/camping-mont-blanc.jpg","type":"image\/jpeg"}],"twitter_card":"summary_large_image","schema":{"@context":"https:\/\/schema.org","@graph":[{"@type":"WebPage","@id":"https:\/\/www.camping-eden-savoie.com\/de\/campingplatz-haute-savoie\/","url":"https:\/\/www.camping-eden-savoie.com\/de\/campingplatz-haute-savoie\/","name":"Camping Mont Blanc | Camping in der N\u00e4he des Mont Blanc in den Alpen","isPartOf":{"@id":"https:\/\/www.camping-eden-savoie.com\/de\/#website"},"primaryImageOfPage":{"@id":"https:\/\/www.camping-eden-savoie.com\/de\/campingplatz-haute-savoie\/#primaryimage"},"image":{"@id":"https:\/\/www.camping-eden-savoie.com\/de\/campingplatz-haute-savoie\/#primaryimage"},"thumbnailUrl":"https:\/\/www.camping-eden-savoie.com\/wp-content\/uploads\/2020\/08\/camping-mont-blanc.jpg","datePublished":"2017-01-03T08:13:25+00:00","dateModified":"2023-10-19T15:04:35+00:00","description":"Touristische Ferien in der Haute-Savoie: alles Wissenswerte \u00fcber die touristischen Aktivit\u00e4ten, die Sie nicht verpassen sollten","breadcrumb":{"@id":"https:\/\/www.camping-eden-savoie.com\/de\/campingplatz-haute-savoie\/#breadcrumb"},"inLanguage":"de","potentialAction":[{"@type":"ReadAction","target":["https:\/\/www.camping-eden-savoie.com\/de\/campingplatz-haute-savoie\/"]}]},{"@type":"ImageObject","inLanguage":"de","@id":"https:\/\/www.camping-eden-savoie.com\/de\/campingplatz-haute-savoie\/#primaryimage","url":"https:\/\/www.camping-eden-savoie.com\/wp-content\/uploads\/2020\/08\/camping-mont-blanc.jpg","contentUrl":"https:\/\/www.camping-eden-savoie.com\/wp-content\/uploads\/2020\/08\/camping-mont-blanc.jpg","width":1903,"height":550,"caption":"camping mont blanc"},{"@type":"BreadcrumbList","@id":"https:\/\/www.camping-eden-savoie.com\/de\/campingplatz-haute-savoie\/#breadcrumb","itemListElement":[{"@type":"ListItem","position":1,"name":"Camping Alpen, in Savoyen","item":"https:\/\/www.camping-eden-savoie.com\/de\/"},{"@type":"ListItem","position":2,"name":"Campingplatz Mont Blanc"}]},{"@type":"WebSite","@id":"https:\/\/www.camping-eden-savoie.com\/de\/#website","url":"https:\/\/www.camping-eden-savoie.com\/de\/","name":"Camping l&#039;Eden de la Vanoise","description":"","potentialAction":[{"@type":"SearchAction","target":{"@type":"EntryPoint","urlTemplate":"https:\/\/www.camping-eden-savoie.com\/de\/?s={search_term_string}"},"query-input":{"@type":"PropertyValueSpecification","valueRequired":true,"valueName":"search_term_string"}}],"inLanguage":"de"}]}},"_links":{"self":[{"href":"https:\/\/www.camping-eden-savoie.com\/de\/wp-json\/wp\/v2\/pages\/6214"}],"collection":[{"href":"https:\/\/www.camping-eden-savoie.com\/de\/wp-json\/wp\/v2\/pages"}],"about":[{"href":"https:\/\/www.camping-eden-savoie.com\/de\/wp-json\/wp\/v2\/types\/page"}],"author":[{"embeddable":true,"href":"https:\/\/www.camping-eden-savoie.com\/de\/wp-json\/wp\/v2\/users\/1"}],"replies":[{"embeddable":true,"href":"https:\/\/www.camping-eden-savoie.com\/de\/wp-json\/wp\/v2\/comments?post=6214"}],"version-history":[{"count":9,"href":"https:\/\/www.camping-eden-savoie.com\/de\/wp-json\/wp\/v2\/pages\/6214\/revisions"}],"predecessor-version":[{"id":10931,"href":"https:\/\/www.camping-eden-savoie.com\/de\/wp-json\/wp\/v2\/pages\/6214\/revisions\/10931"}],"wp:featuredmedia":[{"embeddable":true,"href":"https:\/\/www.camping-eden-savoie.com\/de\/wp-json\/wp\/v2\/media\/4259"}],"wp:attachment":[{"href":"https:\/\/www.camping-eden-savoie.com\/de\/wp-json\/wp\/v2\/media?parent=6214"}],"curies":[{"name":"wp","href":"https:\/\/api.w.org\/{rel}","templated":true}]}}