{"id":6200,"date":"2020-08-11T16:53:38","date_gmt":"2020-08-11T14:53:38","guid":{"rendered":"http:\/\/www.camping-eden-savoie.com\/camping-parc-vanoise\/"},"modified":"2023-10-19T16:28:52","modified_gmt":"2023-10-19T14:28:52","slug":"campingplatz-parc-vanoise","status":"publish","type":"page","link":"https:\/\/www.camping-eden-savoie.com\/de\/campingplatz-parc-vanoise\/","title":{"rendered":"Alentours : Parc de la Vanoise"},"content":{"rendered":"<section id=\"section-5f2ab25841fbb\"\" class=\"section bg-color1\" \/><div class=\"container extralarge\"><h1 class=\"element section-title center m-b-4\">Campingplatz in der N\u00e4he des Vanoise-Parks   <\/h1><div class=\"element bloc-text center \">\n\t<p>\u00dcbernachten Sie auf einem Campingplatz am Fu\u00dfe des <strong class=\"bold color3\">Vanoise-Nationalpark<\/strong>, indem Sie Ihr Mobilheim oder Ihren Bungalow unter <a href=\"\/de\/\">l&#8217;Eden de la Vanoise<\/a> buchen: ein bewaldetes Anwesen mit Swimmingpool im Herzen der au\u00dfergew\u00f6hnlichen Landschaften der Haute Tarentaise.<\/p>\n<\/div><\/div><\/section>\n\n<section id=\"section-5f2ab25842436\"\" class=\"section bg-color5 p-t-0 p-b-0\" \/><div class=\"container full\"><div class=\"colonnes-wrap valign-middle \"><div class=\"element colonne p-0\"><div class=\"element images scroll-x-mobile\"><div class=\"image\"><img decoding=\"async\" src=\"\" data-src=\"https:\/\/www.camping-eden-savoie.com\/wp-content\/uploads\/2020\/08\/mobil-home-la-plagne.jpg\" alt=\"mobil-home Vanoise\" class=\"images_image anime-zoom\" \/><\/div><\/div><\/div><div class=\"element colonne p-x-10 p-y-10\"><h2 class=\"element section-title justify\">Vermietung von Mobilheimen in der N\u00e4he des Vanoise-Parks<\/h2><div class=\"element bloc-text justify \">\n\t<p>Haben Sie Lust auf <strong class=\"bold color1\">grosse Landschaft<\/strong>, Erholung im Freien und unendlichen Raum? Entscheiden Sie sich f\u00fcr eine Wohnmobilvermietung in der N\u00e4he des Parks Vanoise in Savoyen. <\/p>\n<p>L&#8217;Eden de la Vanoise empf\u00e4ngt Sie das ganze Jahr \u00fcber so nah wie m\u00f6glich an den Bergen des Nationalparks f\u00fcr einen Aufenthalt in einem Mobilheim oder einem beheizten oder klimatisierten Bungalow. Entdecken Sie im Sommer den Charme unserer Zeltbungalows vor den Toren des Vanoise-Parks! Unser Campingplatz bietet 4-Saisonen-Unterkunft zur Miete f\u00fcr bis zu 6 Personen. <\/p>\n<p>Als Paar, mit der Familie oder mit Freunden, w\u00e4hlen Sie Ihre <strong class=\"bold color1\">ideale Unterkunft<\/strong> unter unseren Mobilheimen von 31 bis 33 m2 mit 2 oder 3 Schlafzimmern und unseren Bungalows von 35 m2. Sie zelten gerne, sind aber nicht ausger\u00fcstet? Sind Sie mit dem Fahrrad oder Motorrad gekommen?  <\/p>\n<p>Unsere Zelte am Fu\u00dfe der Berge des <strong class=\"bold color1\">parc de la Vanoise<\/strong> verf\u00fcgen \u00fcber allen Komfort, den Sie f\u00fcr einen erholsamen Urlaub in den Bergen ben\u00f6tigen.<\/p>\n<\/div><\/div><\/div><\/div><\/section>\n\n<section id=\"section-5f31481b6bab2\"\" class=\"section bg-white p-t-0 p-b-0\" \/><div class=\"container full\"><div class=\"element images scroll-x-mobile\"><div class=\"image\"><img decoding=\"async\" src=\"\" data-src=\"https:\/\/www.camping-eden-savoie.com\/wp-content\/uploads\/2020\/08\/bouquetin-savoie.jpg\" alt=\"bouquetin savoie\" class=\"images_image\" \/><\/div><div class=\"image\"><img decoding=\"async\" src=\"\" data-src=\"https:\/\/www.camping-eden-savoie.com\/wp-content\/uploads\/2020\/08\/randonnee-marmotte-savoie.jpg\" alt=\"randonn\u00e9e marmotte savoie\" class=\"images_image\" \/><\/div><div class=\"image\"><img decoding=\"async\" src=\"\" data-src=\"https:\/\/www.camping-eden-savoie.com\/wp-content\/uploads\/2020\/08\/paysage-mont-blanc.jpg\" alt=\"paysage mont blanc\" class=\"images_image\" \/><\/div><div class=\"image\"><img decoding=\"async\" src=\"\" data-src=\"https:\/\/www.camping-eden-savoie.com\/wp-content\/uploads\/2020\/08\/decouvrez-le-mont-blanc.jpg\" alt=\"decouvrez le mont blanc\" class=\"images_image\" \/><\/div><\/div><div class=\"element images scroll-x-mobile\"><div class=\"image\"><img decoding=\"async\" src=\"\" data-src=\"https:\/\/www.camping-eden-savoie.com\/wp-content\/uploads\/2020\/08\/decouvrez-faune-mont-blanc.jpg\" alt=\"decouvrez faune mont blanc\" class=\"images_image\" \/><\/div><div class=\"image\"><img decoding=\"async\" src=\"\" data-src=\"https:\/\/www.camping-eden-savoie.com\/wp-content\/uploads\/2020\/08\/faune-mont-blanc.jpg\" alt=\"faune mont blanc\" class=\"images_image\" \/><\/div><div class=\"image\"><img decoding=\"async\" src=\"\" data-src=\"https:\/\/www.camping-eden-savoie.com\/wp-content\/uploads\/2020\/08\/randonnee-parc-vanoise.jpg\" alt=\"randonnee parc vanoise\" class=\"images_image\" \/><\/div><div class=\"image\"><img decoding=\"async\" src=\"\" data-src=\"https:\/\/www.camping-eden-savoie.com\/wp-content\/uploads\/2020\/08\/marmotte-parc-vanoise.jpg\" alt=\"marmotte parc vanoise\" class=\"images_image\" \/><\/div><\/div><\/div><\/section>\n\n<section id=\"section-5f2aae2ae11ca\"\" class=\"section bg-color5 p-t-0 p-b-0\" \/><div class=\"container full\"><div class=\"colonnes-wrap valign-middle \"><div class=\"element colonne p-x-10 p-y-10\"><h2 class=\"element section-title justify\">Aktivit\u00e4ten\/Sehensw\u00fcrdigkeiten im Vanoise-Park<\/h2><div class=\"element bloc-text justify \">\n\t<p>Als ausgedehntes Naturschutzgebiet erstreckt sich der Vanoise-Nationalpark \u00fcber das gesamte Vanoise-Massiv zwischen dem <strong class=\"bold color1\">La Maurienne-Tal<\/strong> und dem <strong class=\"bold color1\">Tarentaise-Tal<\/strong>. <\/p>\n<p>Verbunden mit dem angrenzenden <strong class=\"bold color1\">Italienischen Gran Paradiso Park<\/strong> bildet der Vanoise-Park mit seinem Nachbarn eines der gr\u00f6ssten Naturschutzgebiete in den Westalpen. Das Maison de la Vanoise pr\u00e4sentiert den Park, seine Reicht\u00fcmer und die Herausforderungen seiner Erhaltung. <\/p>\n<p>Er ist 48 km vom Campingplatz entfernt (weniger als 40 km auf den Radwegen) und kann mit dem Auto \u00fcber die H\u00f6hen von Moutiers erreicht werden. Die <strong class=\"bold color1\">F\u00fchrer des Maison de la Vanoise<\/strong> organisieren Ausfl\u00fcge in die Natur, um die Fauna und Flora des Parks kennenzulernen, darunter Murmeltiere, Steinb\u00f6cke, G\u00e4msen, Birkh\u00fchner, Enziane, wilde Primeln und blaue Disteln.<\/p>\n<\/div><\/div><div class=\"element colonne p-0\"><div class=\"element images scroll-x-mobile\"><div class=\"image\"><img decoding=\"async\" src=\"\" data-src=\"https:\/\/www.camping-eden-savoie.com\/wp-content\/uploads\/2020\/08\/parc-de-la-vanoise.jpg\" alt=\"parc de la vanoise\" class=\"images_image anime-zoom\" \/><\/div><\/div><\/div><\/div><\/div><\/section>\n\n<section id=\"section-last\"\" class=\"section bg-color5 p-t-0 p-b-0\" \/><div class=\"container full\"><div class=\"colonnes-wrap valign-middle \"><div class=\"element colonne p-0\"><div class=\"element images scroll-x-mobile\"><div class=\"image\"><img decoding=\"async\" src=\"\" data-src=\"https:\/\/www.camping-eden-savoie.com\/wp-content\/uploads\/2020\/08\/refuge-rosuel-vanoise.jpg\" alt=\"refuge rosuel vanoise\" class=\"images_image anime-zoom\" \/><\/div><\/div><\/div><div class=\"element colonne p-x-10 p-y-10\"><div class=\"element bloc-text justify \">\n\t<p>Die Hochgebirgsumgebung des Parks beg\u00fcnstigt die Praxis vieler Aktivit\u00e4ten, sowohl im Winter als auch im Sommer. Verpassen Sie w\u00e4hrend Ihres Aufenthalts nicht : <\/p>\n<ul>\n<li><strong class=\"bold color1\">Um die Anwendung Rando Vanoise<\/strong> herunterzuladen und die sch\u00f6nsten Wanderungen im Park zu entdecken<\/li>\n<li><strong class=\"bold color1\">Eine Nacht in einem Refugium <\/strong> des Vanoise zu verbringen oder in einem Biwak in der N\u00e4he zu biwakieren.<\/li>\n<li><strong class=\"bold color1\">Besichtigung des Raumes Glacialis<\/strong> im ehemaligen Presbyterium von Champagny-le-Haut<\/li>\n<li><strong class=\"bold color1\">Sensationelle Freizeitaktivit\u00e4ten<\/strong> wie Canyoning oder Klettersteige auszu\u00fcben.<\/li>\n<li><strong class=\"bold color1\">Teilnahme am Geo Festival alpin<\/strong>, das von Mitte Juli bis Mitte August im Vanoise-Massiv stattfindet. <\/li>\n<\/ul>\n<\/div><\/div><\/div><\/div><\/section>\n\n<section id=\"section-5f2ab2584333c\"\" class=\"section bg-color1\" \/><div class=\"container extralarge\"><div class=\"element section-title center cta-title\">Die Resorts in unmittelbarer N\u00e4he des Parc Vanoise<\/div><ul class=\"liste-de-page\"><li class=\"element call-to-action center cta-title call-to-action--style-1 call-to-action--normal\"><a href=\"https:\/\/www.camping-eden-savoie.com\/de\/campingplatz-les-arcs\/\"  class=\"call-to-action_link\" title=\"Erfahren Sie mehr \u00fcber les arcs\"><div class=\"call-to-action_image\"><img decoding=\"async\" src=\"https:\/\/www.camping-eden-savoie.com\/wp-content\/uploads\/2020\/08\/vacances-les-arcs-100x88.jpg\" data-src=\"https:\/\/www.camping-eden-savoie.com\/wp-content\/uploads\/2020\/08\/vacances-les-arcs.jpg\" alt=\"vacances les arcs\" class=\"normal\" \/><\/div><div class=\"call-to-action_contenu\"><div class=\"call-to-action_titre\">Les Arcs<\/div><\/div><\/a><\/li><li class=\"element call-to-action center cta-title call-to-action--style-1 call-to-action--normal call-to-action--style-1 call-to-action--normal\"><a href=\"https:\/\/www.camping-eden-savoie.com\/de\/campingplatz-la-rosiere\/\"  class=\"call-to-action_link\" title=\"Erfahren Sie mehr \u00fcber la rosi\u00e8re\"><div class=\"call-to-action_image\"><img decoding=\"async\" src=\"https:\/\/www.camping-eden-savoie.com\/wp-content\/uploads\/2020\/08\/la-rosiere-100x88.jpg\" data-src=\"https:\/\/www.camping-eden-savoie.com\/wp-content\/uploads\/2020\/08\/la-rosiere.jpg\" alt=\"la rosiere\" class=\"normal\" \/><\/div><div class=\"call-to-action_contenu\"><div class=\"call-to-action_titre\">La Rosi\u00e8re<\/div><\/div><\/a><\/li><li class=\"element call-to-action center cta-title call-to-action--style-1 call-to-action--normal call-to-action--style-1 call-to-action--normal call-to-action--style-1 call-to-action--normal\"><a href=\"https:\/\/www.camping-eden-savoie.com\/de\/la-plagne-campingplatz\/\"  class=\"call-to-action_link\" title=\"Erfahren Sie mehr \u00fcber la plagne\"><div class=\"call-to-action_image\"><img decoding=\"async\" src=\"https:\/\/www.camping-eden-savoie.com\/wp-content\/uploads\/2020\/08\/vacances-la-plagne-100x88.jpg\" data-src=\"https:\/\/www.camping-eden-savoie.com\/wp-content\/uploads\/2020\/08\/vacances-la-plagne.jpg\" alt=\"vacances la plagne\" class=\"normal\" \/><\/div><div class=\"call-to-action_contenu\"><div class=\"call-to-action_titre\">La Plagne<\/div><\/div><\/a><\/li><\/ul><\/div><\/section>","protected":false},"excerpt":{"rendered":"","protected":false},"author":1,"featured_media":5263,"parent":0,"menu_order":0,"comment_status":"closed","ping_status":"closed","template":"","meta":{"_acf_changed":false,"footnotes":""},"class_list":["post-6200","page","type-page","status-publish","has-post-thumbnail","hentry"],"acf":[],"yoast_head":"<!-- This site is optimized with the Yoast SEO plugin v25.3 - https:\/\/yoast.com\/wordpress\/plugins\/seo\/ -->\n<title>Nationalpark Vanoise : der Nationalpark Vanoise in den Alpen und seine Seen<\/title>\n<meta name=\"description\" content=\"Gehen Sie auf Entdeckungsreise im Nationalpark Vanoise. Gehen Sie wandern und entdecken Sie die Seen, die Fauna und die Flora der Alpen.\" \/>\n<meta name=\"robots\" content=\"index, follow, max-snippet:-1, max-image-preview:large, max-video-preview:-1\" \/>\n<link rel=\"canonical\" href=\"https:\/\/www.camping-eden-savoie.com\/de\/campingplatz-parc-vanoise\/\" \/>\n<meta property=\"og:locale\" content=\"de_DE\" \/>\n<meta property=\"og:type\" content=\"article\" \/>\n<meta property=\"og:title\" content=\"Nationalpark Vanoise : der Nationalpark Vanoise in den Alpen und seine Seen\" \/>\n<meta property=\"og:description\" content=\"Gehen Sie auf Entdeckungsreise im Nationalpark Vanoise. Gehen Sie wandern und entdecken Sie die Seen, die Fauna und die Flora der Alpen.\" \/>\n<meta property=\"og:url\" content=\"https:\/\/www.camping-eden-savoie.com\/de\/campingplatz-parc-vanoise\/\" \/>\n<meta property=\"og:site_name\" content=\"Camping l&#039;Eden de la Vanoise\" \/>\n<meta property=\"article:modified_time\" content=\"2023-10-19T14:28:52+00:00\" \/>\n<meta property=\"og:image\" content=\"https:\/\/www.camping-eden-savoie.com\/wp-content\/uploads\/2020\/08\/camping-parc-vanoise.jpg\" \/>\n\t<meta property=\"og:image:width\" content=\"1903\" \/>\n\t<meta property=\"og:image:height\" content=\"550\" \/>\n\t<meta property=\"og:image:type\" content=\"image\/jpeg\" \/>\n<meta name=\"twitter:card\" content=\"summary_large_image\" \/>\n<script type=\"application\/ld+json\" class=\"yoast-schema-graph\">{\"@context\":\"https:\/\/schema.org\",\"@graph\":[{\"@type\":\"WebPage\",\"@id\":\"https:\/\/www.camping-eden-savoie.com\/de\/campingplatz-parc-vanoise\/\",\"url\":\"https:\/\/www.camping-eden-savoie.com\/de\/campingplatz-parc-vanoise\/\",\"name\":\"Nationalpark Vanoise : der Nationalpark Vanoise in den Alpen und seine Seen\",\"isPartOf\":{\"@id\":\"https:\/\/www.camping-eden-savoie.com\/de\/#website\"},\"primaryImageOfPage\":{\"@id\":\"https:\/\/www.camping-eden-savoie.com\/de\/campingplatz-parc-vanoise\/#primaryimage\"},\"image\":{\"@id\":\"https:\/\/www.camping-eden-savoie.com\/de\/campingplatz-parc-vanoise\/#primaryimage\"},\"thumbnailUrl\":\"https:\/\/www.camping-eden-savoie.com\/wp-content\/uploads\/2020\/08\/camping-parc-vanoise.jpg\",\"datePublished\":\"2020-08-11T14:53:38+00:00\",\"dateModified\":\"2023-10-19T14:28:52+00:00\",\"description\":\"Gehen Sie auf Entdeckungsreise im Nationalpark Vanoise. Gehen Sie wandern und entdecken Sie die Seen, die Fauna und die Flora der Alpen.\",\"breadcrumb\":{\"@id\":\"https:\/\/www.camping-eden-savoie.com\/de\/campingplatz-parc-vanoise\/#breadcrumb\"},\"inLanguage\":\"de\",\"potentialAction\":[{\"@type\":\"ReadAction\",\"target\":[\"https:\/\/www.camping-eden-savoie.com\/de\/campingplatz-parc-vanoise\/\"]}]},{\"@type\":\"ImageObject\",\"inLanguage\":\"de\",\"@id\":\"https:\/\/www.camping-eden-savoie.com\/de\/campingplatz-parc-vanoise\/#primaryimage\",\"url\":\"https:\/\/www.camping-eden-savoie.com\/wp-content\/uploads\/2020\/08\/camping-parc-vanoise.jpg\",\"contentUrl\":\"https:\/\/www.camping-eden-savoie.com\/wp-content\/uploads\/2020\/08\/camping-parc-vanoise.jpg\",\"width\":1903,\"height\":550,\"caption\":\"camping parc vanoise\"},{\"@type\":\"BreadcrumbList\",\"@id\":\"https:\/\/www.camping-eden-savoie.com\/de\/campingplatz-parc-vanoise\/#breadcrumb\",\"itemListElement\":[{\"@type\":\"ListItem\",\"position\":1,\"name\":\"Camping Alpen, in Savoyen\",\"item\":\"https:\/\/www.camping-eden-savoie.com\/de\/\"},{\"@type\":\"ListItem\",\"position\":2,\"name\":\"Entdecken Sie den Vanoise-Park\"}]},{\"@type\":\"WebSite\",\"@id\":\"https:\/\/www.camping-eden-savoie.com\/de\/#website\",\"url\":\"https:\/\/www.camping-eden-savoie.com\/de\/\",\"name\":\"Camping l&#039;Eden de la Vanoise\",\"description\":\"\",\"potentialAction\":[{\"@type\":\"SearchAction\",\"target\":{\"@type\":\"EntryPoint\",\"urlTemplate\":\"https:\/\/www.camping-eden-savoie.com\/de\/?s={search_term_string}\"},\"query-input\":{\"@type\":\"PropertyValueSpecification\",\"valueRequired\":true,\"valueName\":\"search_term_string\"}}],\"inLanguage\":\"de\"}]}<\/script>\n<!-- \/ Yoast SEO plugin. -->","yoast_head_json":{"title":"Nationalpark Vanoise : der Nationalpark Vanoise in den Alpen und seine Seen","description":"Gehen Sie auf Entdeckungsreise im Nationalpark Vanoise. Gehen Sie wandern und entdecken Sie die Seen, die Fauna und die Flora der Alpen.","robots":{"index":"index","follow":"follow","max-snippet":"max-snippet:-1","max-image-preview":"max-image-preview:large","max-video-preview":"max-video-preview:-1"},"canonical":"https:\/\/www.camping-eden-savoie.com\/de\/campingplatz-parc-vanoise\/","og_locale":"de_DE","og_type":"article","og_title":"Nationalpark Vanoise : der Nationalpark Vanoise in den Alpen und seine Seen","og_description":"Gehen Sie auf Entdeckungsreise im Nationalpark Vanoise. Gehen Sie wandern und entdecken Sie die Seen, die Fauna und die Flora der Alpen.","og_url":"https:\/\/www.camping-eden-savoie.com\/de\/campingplatz-parc-vanoise\/","og_site_name":"Camping l&#039;Eden de la Vanoise","article_modified_time":"2023-10-19T14:28:52+00:00","og_image":[{"width":1903,"height":550,"url":"https:\/\/www.camping-eden-savoie.com\/wp-content\/uploads\/2020\/08\/camping-parc-vanoise.jpg","type":"image\/jpeg"}],"twitter_card":"summary_large_image","schema":{"@context":"https:\/\/schema.org","@graph":[{"@type":"WebPage","@id":"https:\/\/www.camping-eden-savoie.com\/de\/campingplatz-parc-vanoise\/","url":"https:\/\/www.camping-eden-savoie.com\/de\/campingplatz-parc-vanoise\/","name":"Nationalpark Vanoise : der Nationalpark Vanoise in den Alpen und seine Seen","isPartOf":{"@id":"https:\/\/www.camping-eden-savoie.com\/de\/#website"},"primaryImageOfPage":{"@id":"https:\/\/www.camping-eden-savoie.com\/de\/campingplatz-parc-vanoise\/#primaryimage"},"image":{"@id":"https:\/\/www.camping-eden-savoie.com\/de\/campingplatz-parc-vanoise\/#primaryimage"},"thumbnailUrl":"https:\/\/www.camping-eden-savoie.com\/wp-content\/uploads\/2020\/08\/camping-parc-vanoise.jpg","datePublished":"2020-08-11T14:53:38+00:00","dateModified":"2023-10-19T14:28:52+00:00","description":"Gehen Sie auf Entdeckungsreise im Nationalpark Vanoise. Gehen Sie wandern und entdecken Sie die Seen, die Fauna und die Flora der Alpen.","breadcrumb":{"@id":"https:\/\/www.camping-eden-savoie.com\/de\/campingplatz-parc-vanoise\/#breadcrumb"},"inLanguage":"de","potentialAction":[{"@type":"ReadAction","target":["https:\/\/www.camping-eden-savoie.com\/de\/campingplatz-parc-vanoise\/"]}]},{"@type":"ImageObject","inLanguage":"de","@id":"https:\/\/www.camping-eden-savoie.com\/de\/campingplatz-parc-vanoise\/#primaryimage","url":"https:\/\/www.camping-eden-savoie.com\/wp-content\/uploads\/2020\/08\/camping-parc-vanoise.jpg","contentUrl":"https:\/\/www.camping-eden-savoie.com\/wp-content\/uploads\/2020\/08\/camping-parc-vanoise.jpg","width":1903,"height":550,"caption":"camping parc vanoise"},{"@type":"BreadcrumbList","@id":"https:\/\/www.camping-eden-savoie.com\/de\/campingplatz-parc-vanoise\/#breadcrumb","itemListElement":[{"@type":"ListItem","position":1,"name":"Camping Alpen, in Savoyen","item":"https:\/\/www.camping-eden-savoie.com\/de\/"},{"@type":"ListItem","position":2,"name":"Entdecken Sie den Vanoise-Park"}]},{"@type":"WebSite","@id":"https:\/\/www.camping-eden-savoie.com\/de\/#website","url":"https:\/\/www.camping-eden-savoie.com\/de\/","name":"Camping l&#039;Eden de la Vanoise","description":"","potentialAction":[{"@type":"SearchAction","target":{"@type":"EntryPoint","urlTemplate":"https:\/\/www.camping-eden-savoie.com\/de\/?s={search_term_string}"},"query-input":{"@type":"PropertyValueSpecification","valueRequired":true,"valueName":"search_term_string"}}],"inLanguage":"de"}]}},"_links":{"self":[{"href":"https:\/\/www.camping-eden-savoie.com\/de\/wp-json\/wp\/v2\/pages\/6200"}],"collection":[{"href":"https:\/\/www.camping-eden-savoie.com\/de\/wp-json\/wp\/v2\/pages"}],"about":[{"href":"https:\/\/www.camping-eden-savoie.com\/de\/wp-json\/wp\/v2\/types\/page"}],"author":[{"embeddable":true,"href":"https:\/\/www.camping-eden-savoie.com\/de\/wp-json\/wp\/v2\/users\/1"}],"replies":[{"embeddable":true,"href":"https:\/\/www.camping-eden-savoie.com\/de\/wp-json\/wp\/v2\/comments?post=6200"}],"version-history":[{"count":9,"href":"https:\/\/www.camping-eden-savoie.com\/de\/wp-json\/wp\/v2\/pages\/6200\/revisions"}],"predecessor-version":[{"id":10915,"href":"https:\/\/www.camping-eden-savoie.com\/de\/wp-json\/wp\/v2\/pages\/6200\/revisions\/10915"}],"wp:featuredmedia":[{"embeddable":true,"href":"https:\/\/www.camping-eden-savoie.com\/de\/wp-json\/wp\/v2\/media\/5263"}],"wp:attachment":[{"href":"https:\/\/www.camping-eden-savoie.com\/de\/wp-json\/wp\/v2\/media?parent=6200"}],"curies":[{"name":"wp","href":"https:\/\/api.w.org\/{rel}","templated":true}]}}