{"id":6179,"date":"2020-06-24T09:24:05","date_gmt":"2020-06-24T07:24:05","guid":{"rendered":"http:\/\/www.camping-eden-savoie.com\/camping-tignes-val-isere\/"},"modified":"2020-09-24T16:35:01","modified_gmt":"2020-09-24T14:35:01","slug":"campingplatz-tignes-val-isere","status":"publish","type":"page","link":"https:\/\/www.camping-eden-savoie.com\/de\/campingplatz-tignes-val-isere\/","title":{"rendered":"Alentours : Tignes + Val d&#8217;Is\u00e8re"},"content":{"rendered":"<section id=\"section-5f2ab25841fbb\"\" class=\"section bg-color1\" \/><div class=\"container extralarge\"><h1 class=\"element section-title center m-b-4\">Campingplatz bei Tignes und Val d&#8217;Is\u00e8re<\/h1><div class=\"element bloc-text center \">\n\t<p><a href=\"\/de\/\">L&#8217;Eden de la Vanoise<\/a>, Campingplatz weniger als 40 km von Tignes und Val d&#8217;Is\u00e8re entfernt, bietet Ihnen im Sommer und Winter <strong class=\"bold color3\">die sch\u00f6nsten Ferienorte der Nordalpen<\/strong> auf einer bewaldeten Fl\u00e4che von mehreren Hektar an den Ufern der Is\u00e8re zu entdecken.<\/p>\n<\/div><\/div><\/section>\n\n<section id=\"section-5f2ab25842436\"\" class=\"section bg-color5 p-t-0 p-b-0\" \/><div class=\"container full\"><div class=\"colonnes-wrap valign-middle \"><div class=\"element colonne p-0\"><div class=\"element images scroll-x-mobile\"><div class=\"image\"><img decoding=\"async\" src=\"\" data-src=\"https:\/\/www.camping-eden-savoie.com\/wp-content\/uploads\/2020\/08\/location-neige-savoie.jpg\" alt=\"location mobil-home tignes val d'Is\u00e8re\" class=\"images_image anime-zoom\" \/><\/div><\/div><\/div><div class=\"element colonne p-x-10 p-y-10\"><h2 class=\"element section-title justify\">Vermietung von Mobilheimen in der N\u00e4he von Tignes und Val d&#8217;Is\u00e8re<\/h2><div class=\"element bloc-text justify \">\n\t<p>Sie m\u00f6chten ein Wohnmobil in der N\u00e4he von Tignes oder Val d&#8217;Is\u00e8re mieten, um <strong class=\"bold color1\">von den Vorteilen des Wintersports<\/strong> zu profitieren oder um die Berge im Sommer zu entdecken? <\/p>\n<p>Der 4-Saisonen-Campingplatz in Savoyen, L&#8217;Eden de la Vanoise, bietet die Vermietung von Bungalows in der N\u00e4he von Val d&#8217;Is\u00e8re und von Mobilheimen, die im Winter beheizt und im Sommer klimatisiert sind: Mieteinheiten mit zwei oder drei Schlafzimmern, von 31 bis 35 m\u00b2, die bis zu 6 Urlauber aufnehmen k\u00f6nnen. <\/p>\n<p>In einer herrlichen Dom\u00e4ne im Herzen der Berge k\u00f6nnen Sie im Sommer auch Leinwandbungalows in der N\u00e4he von Tignes mieten: eine charmante, zur Natur hin offene Unterkunft mit zwei Schlafzimmern und einer Kapazit\u00e4t von 4 bis 5 Personen.<\/p>\n<\/div><\/div><\/div><\/div><\/section>\n\n<section id=\"section-5f31481b6bab2\"\" class=\"section bg-white p-t-0 p-b-0\" \/><div class=\"container full\"><div class=\"element images scroll-x-mobile\"><div class=\"image\"><img decoding=\"async\" src=\"\" data-src=\"https:\/\/www.camping-eden-savoie.com\/wp-content\/uploads\/2020\/08\/activite-sur-glace-val-isere.jpg\" alt=\"activite sur glace val-isere\" class=\"images_image\" \/><\/div><div class=\"image\"><img decoding=\"async\" src=\"\" data-src=\"https:\/\/www.camping-eden-savoie.com\/wp-content\/uploads\/2020\/08\/activites-lac-tignes.jpg\" alt=\"activites lac tignes\" class=\"images_image\" \/><\/div><div class=\"image\"><img decoding=\"async\" src=\"\" data-src=\"https:\/\/www.camping-eden-savoie.com\/wp-content\/uploads\/2020\/08\/tourisme-val-isere.jpg\" alt=\"tourisme val d'isere\" class=\"images_image\" \/><\/div><div class=\"image\"><img decoding=\"async\" src=\"\" data-src=\"https:\/\/www.camping-eden-savoie.com\/wp-content\/uploads\/2020\/08\/randonnees-tignes.jpg\" alt=\"randonn\u00e9es tignes\" class=\"images_image\" \/><\/div><\/div><div class=\"element images scroll-x-mobile\"><div class=\"image\"><img decoding=\"async\" src=\"\" data-src=\"https:\/\/www.camping-eden-savoie.com\/wp-content\/uploads\/2020\/08\/hiver-val-isere.jpg\" alt=\"hiver val d'isere\" class=\"images_image\" \/><\/div><div class=\"image\"><img decoding=\"async\" src=\"\" data-src=\"https:\/\/www.camping-eden-savoie.com\/wp-content\/uploads\/2020\/08\/decouvrir-val-isere.jpg\" alt=\"decouvrir val d'isere\" class=\"images_image\" \/><\/div><div class=\"image\"><img decoding=\"async\" src=\"\" data-src=\"https:\/\/www.camping-eden-savoie.com\/wp-content\/uploads\/2020\/08\/hiver-tignes.jpg\" alt=\"hiver tignes\" class=\"images_image\" \/><\/div><div class=\"image\"><img decoding=\"async\" src=\"\" data-src=\"https:\/\/www.camping-eden-savoie.com\/wp-content\/uploads\/2020\/08\/biathlon-tignes.jpg\" alt=\"biathlon tignes\" class=\"images_image\" \/><\/div><\/div><\/div><\/section>\n\n<section id=\"section-5f2aae2ae11ca\"\" class=\"section bg-color5 p-t-0 p-b-0\" \/><div class=\"container full\"><div class=\"colonnes-wrap valign-middle \"><div class=\"element colonne p-x-10 p-y-10\"><h2 class=\"element section-title justify\">Der Ferienort Tignes<\/h2><div class=\"element bloc-text justify \">\n\t<p>Als Winter- und Sommerferienort verf\u00fcgt Tignes \u00fcber eines der schneereichsten Skigebiete, das jedes Jahr ab November ge\u00f6ffnet und erst Anfang Mai geschlossen wird. <\/p>\n<p>Das Gebiet, das mit dem von Val d&#8217;Is\u00e8re verbunden ist, bietet insgesamt 300 km Pisten. Tignes ist im Sommer auch ein perfektes Ziel f\u00fcr <strong class=\"bold color1\">Freizeitbegeisterte von aussen<\/strong> : Klettern auf dem Gletscher Grande Motte, Wasserball auf dem See von Tignes, Reiten und Wandern, die Auswahl ist gross. <\/p>\n<p><strong class=\"bold color1\">Top 5 der Aktivit\u00e4ten<\/strong>, die es in Tignes im Winter und Sommer zu entdecken gibt:<\/p>\n<ul>\n<li><strong class=\"bold color1\">Eistauchen<\/strong><\/li>\n<li><strong class=\"bold color1\">Pala&#8217;Fou<\/strong> Rodelbahnen und ihr 40-Meter-Tunnel<\/li>\n<li><strong class=\"bold color1\">Der Golfsimulator<\/strong><\/li>\n<li><strong class=\"bold color1\">Der Bun J Ride<\/strong> f\u00fcr Skispringen, Snowboarden oder Schlittenfahren<\/li>\n<li><strong class=\"bold color1\">Paddeln auf dem See<\/strong><\/li>\n<\/ul>\n<\/div><\/div><div class=\"element colonne p-0\"><div class=\"element images scroll-x-mobile\"><div class=\"image\"><img decoding=\"async\" src=\"\" data-src=\"https:\/\/www.camping-eden-savoie.com\/wp-content\/uploads\/2020\/08\/activites-tignes.jpg\" alt=\"activites tignes\" class=\"images_image anime-zoom\" \/><\/div><\/div><\/div><\/div><\/div><\/section>\n\n<section id=\"section-5f437fb8242be\"\" class=\"section bg-white p-t-0 p-b-0\" \/><div class=\"container full\"><div class=\"colonnes-wrap valign-middle \"><div class=\"element colonne p-0\"><div class=\"carte\" data-src=\"https:\/\/www.google.com\/maps\/embed?pb=!1m28!1m12!1m3!1d150405.00965196162!2d6.812321638173643!3d45.53564252731316!2m3!1f0!2f0!3f0!3m2!1i1024!2i768!4f13.1!4m13!3e6!4m5!1s0x47896514b60e0db3%3A0xb660a05256e74acf!2sCamping%20Eden%20de%20la%20Vanoise%20%7C%20Camping%20Savoie%2C%20Avenue%20de%20la%20Gare%2C%2073210%20Landry!3m2!1d45.576274!2d6.734532!4m5!1s0x478974b6e64a1b11%3A0x9b3c65ed86a37ce1!2sTignes%20Val%20d'Is%C3%A8re%2C%20Tignes!3m2!1d45.4688455!2d6.9068754!5e0!3m2!1sfr!2sfr!4v1598259102270!5m2!1sfr!2sfr\"><\/div><\/div><div class=\"element colonne p-0\"><div class=\"carte\" data-src=\"https:\/\/www.google.com\/maps\/embed?pb=!1m28!1m12!1m3!1d89430.59860610808!2d6.7876413016081285!3d45.536117394082815!2m3!1f0!2f0!3f0!3m2!1i1024!2i768!4f13.1!4m13!3e6!4m5!1s0x47896514b60e0db3%3A0xb660a05256e74acf!2sCamping%20Eden%20de%20la%20Vanoise%20%7C%20Camping%20Savoie%2C%20Avenue%20de%20la%20Gare%2C%2073210%20Landry!3m2!1d45.576274!2d6.734532!4m5!1s0x47890909fd5ffb93%3A0x408ab2ae4baa830!2sVal-d'Is%C3%A8re%2C%2073150!3m2!1d45.448034!2d6.980226!5e0!3m2!1sfr!2sfr!4v1598258789516!5m2!1sfr!2sfr\"><\/div><\/div><\/div><\/div><\/section>\n\n<section id=\"section-last\"\" class=\"section bg-color5 p-t-0 p-b-0\" \/><div class=\"container full\"><div class=\"colonnes-wrap valign-middle \"><div class=\"element colonne p-0\"><div class=\"element images scroll-x-mobile\"><div class=\"image\"><img decoding=\"async\" src=\"\" data-src=\"https:\/\/www.camping-eden-savoie.com\/wp-content\/uploads\/2020\/08\/activites-val-isere.jpg\" alt=\"activites val d'isere\" class=\"images_image anime-zoom\" \/><\/div><\/div><\/div><div class=\"element colonne p-x-10 p-y-10\"><h2 class=\"element section-title justify\">Der Ferienort Val d&#8217;Is\u00e8re<\/h2><div class=\"element bloc-text justify \">\n\t<p>Das Skigebiet von Val d&#8217;Is\u00e8re ist mit dem von Tignes verbunden und bildet eine Reihe von mehr als <strong class=\"bold color1\">300 km schneebedeckten Pisten<\/strong> die meiste Zeit des Jahres. <\/p>\n<p>Tignes ist ber\u00fchmt f\u00fcr seinen sehr zug\u00e4nglichen Snow Park, der von Anfang Dezember bis Ende April ge\u00f6ffnet ist. Das Resort verf\u00fcgt auch \u00fcber einen Eiskreislauf f\u00fcr <strong class=\"bold color1\">Piloten auf gefrorenen H\u00e4ngen<\/strong>, der von Dezember bis M\u00e4rz ge\u00f6ffnet ist. Sie fragen sich, was Sie in Val d&#8217;Is\u00e8re w\u00e4hrend Ihres Aufenthalts auf dem Campingplatz tun sollen? <\/p>\n<p>Entdecken Sie <strong class=\"bold color1\">5 Ideen f\u00fcr Aktivit\u00e4ten f\u00fcr alle Jahreszeiten<\/strong> :<\/p>\n<ul>\n<li>Versuchen Sie sich im <strong class=\"bold color1\">Eiskartsport<\/strong><\/li>\n<li>H\u00f6he gewinnen auf einem <strong class=\"bold color1\">via ferrata<\/strong><\/li>\n<li>Besteigen Sie eine <strong class=\"bold color1\">Eisfall<\/strong><\/li>\n<li>Erfahren Sie mehr \u00fcber <strong class=\"bold color1\">Biathlon<\/strong><\/li>\n<li>Entspannen Sie sich bei der <strong class=\"bold color1\">Aquaspora-Zentrum<\/strong><\/li>\n<\/ul>\n<\/div><\/div><\/div><\/div><\/section>\n\n<section id=\"section-5f2ab2584333c\"\" class=\"section bg-color1\" \/><div class=\"container extralarge\"><div class=\"element section-title center cta-title\">Andere Ferienorte im Tarentaise-Tal<\/div><ul class=\"liste-de-page\"><li class=\"element call-to-action center cta-title call-to-action--style-1 call-to-action--normal\"><a href=\"https:\/\/www.camping-eden-savoie.com\/de\/campingplatz-les-arcs\/\"  class=\"call-to-action_link\" title=\"Erfahren Sie mehr \u00fcber les arcs\"><div class=\"call-to-action_image\"><img decoding=\"async\" src=\"https:\/\/www.camping-eden-savoie.com\/wp-content\/uploads\/2020\/08\/vacances-les-arcs-100x88.jpg\" data-src=\"https:\/\/www.camping-eden-savoie.com\/wp-content\/uploads\/2020\/08\/vacances-les-arcs.jpg\" alt=\"vacances les arcs\" class=\"normal\" \/><\/div><div class=\"call-to-action_contenu\"><div class=\"call-to-action_titre\">Les Arcs<\/div><\/div><\/a><\/li><li class=\"element call-to-action center cta-title call-to-action--style-1 call-to-action--normal call-to-action--style-1 call-to-action--normal\"><a href=\"https:\/\/www.camping-eden-savoie.com\/de\/campingplatz-la-rosiere\/\"  class=\"call-to-action_link\" title=\"Erfahren Sie mehr \u00fcber la rosi\u00e8re\"><div class=\"call-to-action_image\"><img decoding=\"async\" src=\"https:\/\/www.camping-eden-savoie.com\/wp-content\/uploads\/2020\/08\/la-rosiere-100x88.jpg\" data-src=\"https:\/\/www.camping-eden-savoie.com\/wp-content\/uploads\/2020\/08\/la-rosiere.jpg\" alt=\"la rosiere\" class=\"normal\" \/><\/div><div class=\"call-to-action_contenu\"><div class=\"call-to-action_titre\">La Rosi\u00e8re<\/div><\/div><\/a><\/li><li class=\"element call-to-action center cta-title call-to-action--style-1 call-to-action--normal call-to-action--style-1 call-to-action--normal call-to-action--style-1 call-to-action--normal\"><a href=\"https:\/\/www.camping-eden-savoie.com\/de\/la-plagne-campingplatz\/\"  class=\"call-to-action_link\" title=\"Erfahren Sie mehr \u00fcber la plagne\"><div class=\"call-to-action_image\"><img decoding=\"async\" src=\"https:\/\/www.camping-eden-savoie.com\/wp-content\/uploads\/2020\/08\/vacances-la-plagne-100x88.jpg\" data-src=\"https:\/\/www.camping-eden-savoie.com\/wp-content\/uploads\/2020\/08\/vacances-la-plagne.jpg\" alt=\"vacances la plagne\" class=\"normal\" \/><\/div><div class=\"call-to-action_contenu\"><div class=\"call-to-action_titre\">La Plagne<\/div><\/div><\/a><\/li><\/ul><\/div><\/section>","protected":false},"excerpt":{"rendered":"","protected":false},"author":1,"featured_media":5429,"parent":0,"menu_order":0,"comment_status":"closed","ping_status":"closed","template":"","meta":{"_acf_changed":false,"footnotes":""},"class_list":["post-6179","page","type-page","status-publish","has-post-thumbnail","hentry"],"acf":[],"yoast_head":"<!-- This site is optimized with the Yoast SEO plugin v25.3 - https:\/\/yoast.com\/wordpress\/plugins\/seo\/ -->\n<title>Camping Tignes | Camping Val d&#039;Is\u00e8re | Vermietung Tignes - Val d&#039;Is\u00e8re<\/title>\n<meta name=\"robots\" content=\"index, follow, max-snippet:-1, max-image-preview:large, max-video-preview:-1\" \/>\n<link rel=\"canonical\" href=\"https:\/\/www.camping-eden-savoie.com\/de\/campingplatz-tignes-val-isere\/\" \/>\n<meta property=\"og:locale\" content=\"de_DE\" \/>\n<meta property=\"og:type\" content=\"article\" \/>\n<meta property=\"og:title\" content=\"Camping Tignes | Camping Val d&#039;Is\u00e8re | Vermietung Tignes - Val d&#039;Is\u00e8re\" \/>\n<meta property=\"og:url\" content=\"https:\/\/www.camping-eden-savoie.com\/de\/campingplatz-tignes-val-isere\/\" \/>\n<meta property=\"og:site_name\" content=\"Camping l&#039;Eden de la Vanoise\" \/>\n<meta property=\"article:modified_time\" content=\"2020-09-24T14:35:01+00:00\" \/>\n<meta property=\"og:image\" content=\"https:\/\/www.camping-eden-savoie.com\/wp-content\/uploads\/2020\/08\/barrage-tignes.jpg\" \/>\n\t<meta property=\"og:image:width\" content=\"1903\" \/>\n\t<meta property=\"og:image:height\" content=\"550\" \/>\n\t<meta property=\"og:image:type\" content=\"image\/jpeg\" \/>\n<meta name=\"twitter:card\" content=\"summary_large_image\" \/>\n<script type=\"application\/ld+json\" class=\"yoast-schema-graph\">{\"@context\":\"https:\/\/schema.org\",\"@graph\":[{\"@type\":\"WebPage\",\"@id\":\"https:\/\/www.camping-eden-savoie.com\/de\/campingplatz-tignes-val-isere\/\",\"url\":\"https:\/\/www.camping-eden-savoie.com\/de\/campingplatz-tignes-val-isere\/\",\"name\":\"Camping Tignes | Camping Val d'Is\u00e8re | Vermietung Tignes - Val d'Is\u00e8re\",\"isPartOf\":{\"@id\":\"https:\/\/www.camping-eden-savoie.com\/de\/#website\"},\"primaryImageOfPage\":{\"@id\":\"https:\/\/www.camping-eden-savoie.com\/de\/campingplatz-tignes-val-isere\/#primaryimage\"},\"image\":{\"@id\":\"https:\/\/www.camping-eden-savoie.com\/de\/campingplatz-tignes-val-isere\/#primaryimage\"},\"thumbnailUrl\":\"https:\/\/www.camping-eden-savoie.com\/wp-content\/uploads\/2020\/08\/barrage-tignes.jpg\",\"datePublished\":\"2020-06-24T07:24:05+00:00\",\"dateModified\":\"2020-09-24T14:35:01+00:00\",\"breadcrumb\":{\"@id\":\"https:\/\/www.camping-eden-savoie.com\/de\/campingplatz-tignes-val-isere\/#breadcrumb\"},\"inLanguage\":\"de\",\"potentialAction\":[{\"@type\":\"ReadAction\",\"target\":[\"https:\/\/www.camping-eden-savoie.com\/de\/campingplatz-tignes-val-isere\/\"]}]},{\"@type\":\"ImageObject\",\"inLanguage\":\"de\",\"@id\":\"https:\/\/www.camping-eden-savoie.com\/de\/campingplatz-tignes-val-isere\/#primaryimage\",\"url\":\"https:\/\/www.camping-eden-savoie.com\/wp-content\/uploads\/2020\/08\/barrage-tignes.jpg\",\"contentUrl\":\"https:\/\/www.camping-eden-savoie.com\/wp-content\/uploads\/2020\/08\/barrage-tignes.jpg\",\"width\":1903,\"height\":550,\"caption\":\"barrage tignes\"},{\"@type\":\"BreadcrumbList\",\"@id\":\"https:\/\/www.camping-eden-savoie.com\/de\/campingplatz-tignes-val-isere\/#breadcrumb\",\"itemListElement\":[{\"@type\":\"ListItem\",\"position\":1,\"name\":\"Camping Alpen, in Savoyen\",\"item\":\"https:\/\/www.camping-eden-savoie.com\/de\/\"},{\"@type\":\"ListItem\",\"position\":2,\"name\":\"Campingplatz bei Tignes \/ Val d'Is\u00e8re\"}]},{\"@type\":\"WebSite\",\"@id\":\"https:\/\/www.camping-eden-savoie.com\/de\/#website\",\"url\":\"https:\/\/www.camping-eden-savoie.com\/de\/\",\"name\":\"Camping l&#039;Eden de la Vanoise\",\"description\":\"\",\"potentialAction\":[{\"@type\":\"SearchAction\",\"target\":{\"@type\":\"EntryPoint\",\"urlTemplate\":\"https:\/\/www.camping-eden-savoie.com\/de\/?s={search_term_string}\"},\"query-input\":{\"@type\":\"PropertyValueSpecification\",\"valueRequired\":true,\"valueName\":\"search_term_string\"}}],\"inLanguage\":\"de\"}]}<\/script>\n<!-- \/ Yoast SEO plugin. -->","yoast_head_json":{"title":"Camping Tignes | Camping Val d'Is\u00e8re | Vermietung Tignes - Val d'Is\u00e8re","robots":{"index":"index","follow":"follow","max-snippet":"max-snippet:-1","max-image-preview":"max-image-preview:large","max-video-preview":"max-video-preview:-1"},"canonical":"https:\/\/www.camping-eden-savoie.com\/de\/campingplatz-tignes-val-isere\/","og_locale":"de_DE","og_type":"article","og_title":"Camping Tignes | Camping Val d'Is\u00e8re | Vermietung Tignes - Val d'Is\u00e8re","og_url":"https:\/\/www.camping-eden-savoie.com\/de\/campingplatz-tignes-val-isere\/","og_site_name":"Camping l&#039;Eden de la Vanoise","article_modified_time":"2020-09-24T14:35:01+00:00","og_image":[{"width":1903,"height":550,"url":"https:\/\/www.camping-eden-savoie.com\/wp-content\/uploads\/2020\/08\/barrage-tignes.jpg","type":"image\/jpeg"}],"twitter_card":"summary_large_image","schema":{"@context":"https:\/\/schema.org","@graph":[{"@type":"WebPage","@id":"https:\/\/www.camping-eden-savoie.com\/de\/campingplatz-tignes-val-isere\/","url":"https:\/\/www.camping-eden-savoie.com\/de\/campingplatz-tignes-val-isere\/","name":"Camping Tignes | Camping Val d'Is\u00e8re | Vermietung Tignes - Val d'Is\u00e8re","isPartOf":{"@id":"https:\/\/www.camping-eden-savoie.com\/de\/#website"},"primaryImageOfPage":{"@id":"https:\/\/www.camping-eden-savoie.com\/de\/campingplatz-tignes-val-isere\/#primaryimage"},"image":{"@id":"https:\/\/www.camping-eden-savoie.com\/de\/campingplatz-tignes-val-isere\/#primaryimage"},"thumbnailUrl":"https:\/\/www.camping-eden-savoie.com\/wp-content\/uploads\/2020\/08\/barrage-tignes.jpg","datePublished":"2020-06-24T07:24:05+00:00","dateModified":"2020-09-24T14:35:01+00:00","breadcrumb":{"@id":"https:\/\/www.camping-eden-savoie.com\/de\/campingplatz-tignes-val-isere\/#breadcrumb"},"inLanguage":"de","potentialAction":[{"@type":"ReadAction","target":["https:\/\/www.camping-eden-savoie.com\/de\/campingplatz-tignes-val-isere\/"]}]},{"@type":"ImageObject","inLanguage":"de","@id":"https:\/\/www.camping-eden-savoie.com\/de\/campingplatz-tignes-val-isere\/#primaryimage","url":"https:\/\/www.camping-eden-savoie.com\/wp-content\/uploads\/2020\/08\/barrage-tignes.jpg","contentUrl":"https:\/\/www.camping-eden-savoie.com\/wp-content\/uploads\/2020\/08\/barrage-tignes.jpg","width":1903,"height":550,"caption":"barrage tignes"},{"@type":"BreadcrumbList","@id":"https:\/\/www.camping-eden-savoie.com\/de\/campingplatz-tignes-val-isere\/#breadcrumb","itemListElement":[{"@type":"ListItem","position":1,"name":"Camping Alpen, in Savoyen","item":"https:\/\/www.camping-eden-savoie.com\/de\/"},{"@type":"ListItem","position":2,"name":"Campingplatz bei Tignes \/ Val d'Is\u00e8re"}]},{"@type":"WebSite","@id":"https:\/\/www.camping-eden-savoie.com\/de\/#website","url":"https:\/\/www.camping-eden-savoie.com\/de\/","name":"Camping l&#039;Eden de la Vanoise","description":"","potentialAction":[{"@type":"SearchAction","target":{"@type":"EntryPoint","urlTemplate":"https:\/\/www.camping-eden-savoie.com\/de\/?s={search_term_string}"},"query-input":{"@type":"PropertyValueSpecification","valueRequired":true,"valueName":"search_term_string"}}],"inLanguage":"de"}]}},"_links":{"self":[{"href":"https:\/\/www.camping-eden-savoie.com\/de\/wp-json\/wp\/v2\/pages\/6179"}],"collection":[{"href":"https:\/\/www.camping-eden-savoie.com\/de\/wp-json\/wp\/v2\/pages"}],"about":[{"href":"https:\/\/www.camping-eden-savoie.com\/de\/wp-json\/wp\/v2\/types\/page"}],"author":[{"embeddable":true,"href":"https:\/\/www.camping-eden-savoie.com\/de\/wp-json\/wp\/v2\/users\/1"}],"replies":[{"embeddable":true,"href":"https:\/\/www.camping-eden-savoie.com\/de\/wp-json\/wp\/v2\/comments?post=6179"}],"version-history":[{"count":10,"href":"https:\/\/www.camping-eden-savoie.com\/de\/wp-json\/wp\/v2\/pages\/6179\/revisions"}],"predecessor-version":[{"id":7318,"href":"https:\/\/www.camping-eden-savoie.com\/de\/wp-json\/wp\/v2\/pages\/6179\/revisions\/7318"}],"wp:featuredmedia":[{"embeddable":true,"href":"https:\/\/www.camping-eden-savoie.com\/de\/wp-json\/wp\/v2\/media\/5429"}],"wp:attachment":[{"href":"https:\/\/www.camping-eden-savoie.com\/de\/wp-json\/wp\/v2\/media?parent=6179"}],"curies":[{"name":"wp","href":"https:\/\/api.w.org\/{rel}","templated":true}]}}