{"id":6168,"date":"2016-12-26T16:02:56","date_gmt":"2016-12-26T15:02:56","guid":{"rendered":"http:\/\/www.camping-eden-savoie.com\/camping-adac\/"},"modified":"2020-11-10T10:38:52","modified_gmt":"2020-11-10T09:38:52","slug":"campen-adac","status":"publish","type":"page","link":"https:\/\/www.camping-eden-savoie.com\/de\/campen-adac\/","title":{"rendered":"H\u00e9bergements : ADAC"},"content":{"rendered":"<section id=\"section-5f2ab25841fbb\"\" class=\"section bg-color1\" \/><div class=\"container extralarge\"><h1 class=\"element section-title center m-b-4\">Campingplatz ADAC<\/h1><\/div><\/section>\n\n<section id=\"section-5f2ab25842436\"\" class=\"section bg-color5 p-t-0 p-b-0\" \/><div class=\"container full\"><div class=\"colonnes-wrap valign-middle \"><div class=\"element colonne p-0\"><div class=\"element images scroll-x-mobile\"><div class=\"image\"><img decoding=\"async\" src=\"\" data-src=\"https:\/\/www.camping-eden-savoie.com\/wp-content\/uploads\/2020\/08\/location-adac-savoie.jpg\" alt=\"location adac savoie\" class=\"images_image anime-zoom\" \/><\/div><\/div><\/div><div class=\"element colonne p-x-10 p-y-10\"><h2 class=\"element section-title justify\">Campingplatz Adac in Savoyen<\/h2><div class=\"element bloc-text justify \">\n\t<p>Der <a href=\"\/de\/\">Campingplatz Eden de la Vanoise in Savoie<\/a> ist ein Mitglied der <strong class=\"bold color1\">Gruppe Adac<\/strong>, die die qualifiziertesten Outdoor-Hotels und <strong class=\"bold color1\">die billigsten<\/strong> in Frankreich und Europa zusammenfasst. Die Vereinigung inspiziert und bewertet jeden angeschlossenen Campingplatz, um ihm die Adac-Anerkennung zu verleihen, wenn seine Dienstleistungen den erforderlichen Qualit\u00e4tskriterien entsprechen. Au\u00dferdem wendet sie auf diesen Campingpl\u00e4tzen ein System erm\u00e4\u00dfigter S\u00e4tze an.<\/p>\n<p>Wie die mehr als 2000 Einrichtungen, die dieser Vereinigung angeschlossen sind, empf\u00e4ngt der Campingplatz <strong class=\"bold color1\">Adac Savoie l&#8217;Eden de la Vanoise<\/strong> die Beg\u00fcnstigten der <strong class=\"bold color1\">Adac-Karte<\/strong> und bietet ihnen <strong class=\"bold color1\">Erm\u00e4\u00dfigungen und interessante Rabatte<\/strong>. Camper mit diesem Vorteilsausweis sind daher willkommen. Dank des Adac-Rabattsystems bietet diese Einrichtung Vorzugstarife an, um die Aufenthaltskosten f\u00fcr Campingfreunde zu senken. Bringen Sie einfach Ihre <strong class=\"bold color1\">Camp carte Adac<\/strong> mit, um von diesen Sonderkonditionen zu profitieren. Auch mit Ihrer Rabattkarte k\u00f6nnen Sie viele Vorteile in Anspruch nehmen.<\/p>\n<\/div><\/div><\/div><\/div><\/section>\n\n<section id=\"section-5f2aae2ae11ca\"\" class=\"section bg-color5 p-t-0 p-b-0\" \/><div class=\"container full\"><div class=\"colonnes-wrap valign-middle \"><div class=\"element colonne p-x-10 p-y-10\"><h2 class=\"element section-title justify\">Nutzen Sie die Vorteile der Adac-Karte<\/h2><div class=\"element bloc-text justify \">\n\t<p>Wenn Sie <strong class=\"bold color1\">von einem g\u00fcnstigen Urlaub in den Alpen<\/strong> tr\u00e4umen, buchen Sie Ihre Unterkunft und geniessen Sie alle Vorteile. Auf dem Campingplatz Adac l&#8217;Eden de la Vanoise k\u00f6nnen Sie mit Ihrer Vorteilskarte einen Stellplatz zu einem g\u00fcnstigen Preis mieten. Kommen Sie und tanken Sie neue Energie in den Bergen, im Herzen der Savoyen, indem Sie diesen 3-Sterne-Campingplatz w\u00e4hlen.<\/p>\n<p>Mit Ihrem <strong class=\"bold color1\">adac-Campingpass genie\u00dfen<\/strong> Sie au\u00dferdem zahlreiche Privilegien wie den Zugang zum <strong class=\"bold color1\">\u00fcberdachten und beheizten Swimmingpool<\/strong> Sommer und Winter sowie alle Dienstleistungen dieses Adac-Campingplatzes in Savoyen. Denken Sie daran, sich mit <strong class=\"bold color1\">l&#8217;Automobile Club<\/strong> anzumelden, wenn Sie in Frankreich eine Adac-Vorteilskarte haben m\u00f6chten. Die verantwortlichen Organisationen sind nicht in jedem Land die gleichen, also informieren Sie sich! Bitte beachten Sie, dass Eden auch ein ANWB-Campingplatz ist.<\/p>\n<p class=\"center\"><a href=\"https:\/\/www.pincamp.de\/campingplaetze\/camping-leden-de-la-vanoise\" target=\"_blank\" rel=\"noopener\"><img decoding=\"async\" src=\"\/wp-content\/uploads\/2020\/11\/camping-adac-pincamp.png\" alt=\"camping adac pincamp\" style=\"width: 80px;\"\/><\/a><\/p>\n<\/div><\/div><div class=\"element colonne p-0\"><div class=\"element images scroll-x-mobile\"><div class=\"image\"><img decoding=\"async\" src=\"\" data-src=\"https:\/\/www.camping-eden-savoie.com\/wp-content\/uploads\/2020\/08\/location-vacances-adac-savoie.jpg\" alt=\"randonnees famille alpes\" class=\"images_image anime-zoom\" \/><\/div><\/div><\/div><\/div><\/div><\/section>\n\n<section id=\"section-5f2ab2584333c\"\" class=\"section bg-color1\" \/><div class=\"container extralarge\"><div class=\"element section-title center cta-title\">Unsere Bungalows und Stellpl\u00e4tze zur Miete<\/div><ul class=\"liste-de-page\"><li class=\"element call-to-action center cta-title call-to-action--style-1 call-to-action--normal\"><a href=\"https:\/\/www.camping-eden-savoie.com\/de\/unterkuenfte-camping-savoie\/\"  class=\"call-to-action_link\" title=\"Erfahren Sie mehr \u00fcber unsere bungalows\"><div class=\"call-to-action_image\"><img decoding=\"async\" src=\"https:\/\/www.camping-eden-savoie.com\/wp-content\/uploads\/2020\/08\/bungalow-savoie-100x88.jpg\" data-src=\"https:\/\/www.camping-eden-savoie.com\/wp-content\/uploads\/2020\/08\/bungalow-savoie.jpg\" alt=\"bungalow savoie\" class=\"normal\" \/><\/div><div class=\"call-to-action_contenu\"><div class=\"call-to-action_titre\">Unsere Bungalows<\/div><\/div><\/a><\/li><li class=\"element call-to-action center cta-title call-to-action--style-1 call-to-action--normal call-to-action--style-1 call-to-action--normal\"><a href=\"https:\/\/www.camping-eden-savoie.com\/de\/stellplatze-camping-savoie\/\"  class=\"call-to-action_link\" title=\"Erfahren Sie mehr \u00fcber unsere stellpl\u00e4tze\"><div class=\"call-to-action_image\"><img decoding=\"async\" src=\"https:\/\/www.camping-eden-savoie.com\/wp-content\/uploads\/2020\/08\/emplacement-savoie-100x88.jpg\" data-src=\"https:\/\/www.camping-eden-savoie.com\/wp-content\/uploads\/2020\/08\/emplacement-savoie.jpg\" alt=\"emplacement savoie\" class=\"normal\" \/><\/div><div class=\"call-to-action_contenu\"><div class=\"call-to-action_titre\">Unsere Stellpl\u00e4tze<\/div><\/div><\/a><\/li><li class=\"element call-to-action center cta-title call-to-action--style-1 call-to-action--normal call-to-action--style-1 call-to-action--normal call-to-action--style-1 call-to-action--normal\"><a href=\"https:\/\/www.camping-eden-savoie.com\/de\/campingplatz-anwb\/\"  class=\"call-to-action_link\" title=\"Erfahren Sie mehr \u00fcber campingplatz anwb\"><div class=\"call-to-action_image\"><img decoding=\"async\" src=\"https:\/\/www.camping-eden-savoie.com\/wp-content\/uploads\/2020\/08\/vacances-anwb-savoie-100x88.jpg\" data-src=\"https:\/\/www.camping-eden-savoie.com\/wp-content\/uploads\/2020\/08\/vacances-anwb-savoie.jpg\" alt=\"vacances anwb savoie\" class=\"normal\" \/><\/div><div class=\"call-to-action_contenu\"><div class=\"call-to-action_titre\">Campingplatz ANWB<\/div><\/div><\/a><\/li><\/ul><\/div><\/section>","protected":false},"excerpt":{"rendered":"","protected":false},"author":1,"featured_media":4807,"parent":0,"menu_order":0,"comment_status":"closed","ping_status":"closed","template":"","meta":{"_acf_changed":false,"footnotes":""},"class_list":["post-6168","page","type-page","status-publish","has-post-thumbnail","hentry"],"acf":[],"yoast_head":"<!-- This site is optimized with the Yoast SEO plugin v25.3 - https:\/\/yoast.com\/wordpress\/plugins\/seo\/ -->\n<title>Camping Adac - Campingclub Adac - ADAC-Vorteilskarte<\/title>\n<meta name=\"description\" content=\"ADAC-Gruppencampingplatz : profitieren Sie dank der ADAC-Karte von Sonderangeboten f\u00fcr Ihren n\u00e4chsten Urlaub in Savoyen.\" \/>\n<meta name=\"robots\" content=\"index, follow, max-snippet:-1, max-image-preview:large, max-video-preview:-1\" \/>\n<link rel=\"canonical\" href=\"https:\/\/www.camping-eden-savoie.com\/de\/campen-adac\/\" \/>\n<meta property=\"og:locale\" content=\"de_DE\" \/>\n<meta property=\"og:type\" content=\"article\" \/>\n<meta property=\"og:title\" content=\"Camping Adac - Campingclub Adac - ADAC-Vorteilskarte\" \/>\n<meta property=\"og:description\" content=\"ADAC-Gruppencampingplatz : profitieren Sie dank der ADAC-Karte von Sonderangeboten f\u00fcr Ihren n\u00e4chsten Urlaub in Savoyen.\" \/>\n<meta property=\"og:url\" content=\"https:\/\/www.camping-eden-savoie.com\/de\/campen-adac\/\" \/>\n<meta property=\"og:site_name\" content=\"Camping l&#039;Eden de la Vanoise\" \/>\n<meta property=\"article:modified_time\" content=\"2020-11-10T09:38:52+00:00\" \/>\n<meta property=\"og:image\" content=\"https:\/\/www.camping-eden-savoie.com\/wp-content\/uploads\/2020\/08\/anwb-savoie.jpg\" \/>\n\t<meta property=\"og:image:width\" content=\"1903\" \/>\n\t<meta property=\"og:image:height\" content=\"550\" \/>\n\t<meta property=\"og:image:type\" content=\"image\/jpeg\" \/>\n<meta name=\"twitter:card\" content=\"summary_large_image\" \/>\n<script type=\"application\/ld+json\" class=\"yoast-schema-graph\">{\"@context\":\"https:\/\/schema.org\",\"@graph\":[{\"@type\":\"WebPage\",\"@id\":\"https:\/\/www.camping-eden-savoie.com\/de\/campen-adac\/\",\"url\":\"https:\/\/www.camping-eden-savoie.com\/de\/campen-adac\/\",\"name\":\"Camping Adac - Campingclub Adac - ADAC-Vorteilskarte\",\"isPartOf\":{\"@id\":\"https:\/\/www.camping-eden-savoie.com\/de\/#website\"},\"primaryImageOfPage\":{\"@id\":\"https:\/\/www.camping-eden-savoie.com\/de\/campen-adac\/#primaryimage\"},\"image\":{\"@id\":\"https:\/\/www.camping-eden-savoie.com\/de\/campen-adac\/#primaryimage\"},\"thumbnailUrl\":\"https:\/\/www.camping-eden-savoie.com\/wp-content\/uploads\/2020\/08\/anwb-savoie.jpg\",\"datePublished\":\"2016-12-26T15:02:56+00:00\",\"dateModified\":\"2020-11-10T09:38:52+00:00\",\"description\":\"ADAC-Gruppencampingplatz : profitieren Sie dank der ADAC-Karte von Sonderangeboten f\u00fcr Ihren n\u00e4chsten Urlaub in Savoyen.\",\"breadcrumb\":{\"@id\":\"https:\/\/www.camping-eden-savoie.com\/de\/campen-adac\/#breadcrumb\"},\"inLanguage\":\"de\",\"potentialAction\":[{\"@type\":\"ReadAction\",\"target\":[\"https:\/\/www.camping-eden-savoie.com\/de\/campen-adac\/\"]}]},{\"@type\":\"ImageObject\",\"inLanguage\":\"de\",\"@id\":\"https:\/\/www.camping-eden-savoie.com\/de\/campen-adac\/#primaryimage\",\"url\":\"https:\/\/www.camping-eden-savoie.com\/wp-content\/uploads\/2020\/08\/anwb-savoie.jpg\",\"contentUrl\":\"https:\/\/www.camping-eden-savoie.com\/wp-content\/uploads\/2020\/08\/anwb-savoie.jpg\",\"width\":1903,\"height\":550,\"caption\":\"anwb savoie\"},{\"@type\":\"BreadcrumbList\",\"@id\":\"https:\/\/www.camping-eden-savoie.com\/de\/campen-adac\/#breadcrumb\",\"itemListElement\":[{\"@type\":\"ListItem\",\"position\":1,\"name\":\"Camping Alpen, in Savoyen\",\"item\":\"https:\/\/www.camping-eden-savoie.com\/de\/\"},{\"@type\":\"ListItem\",\"position\":2,\"name\":\"ADAC-Zelten\"}]},{\"@type\":\"WebSite\",\"@id\":\"https:\/\/www.camping-eden-savoie.com\/de\/#website\",\"url\":\"https:\/\/www.camping-eden-savoie.com\/de\/\",\"name\":\"Camping l&#039;Eden de la Vanoise\",\"description\":\"\",\"potentialAction\":[{\"@type\":\"SearchAction\",\"target\":{\"@type\":\"EntryPoint\",\"urlTemplate\":\"https:\/\/www.camping-eden-savoie.com\/de\/?s={search_term_string}\"},\"query-input\":{\"@type\":\"PropertyValueSpecification\",\"valueRequired\":true,\"valueName\":\"search_term_string\"}}],\"inLanguage\":\"de\"}]}<\/script>\n<!-- \/ Yoast SEO plugin. -->","yoast_head_json":{"title":"Camping Adac - Campingclub Adac - ADAC-Vorteilskarte","description":"ADAC-Gruppencampingplatz : profitieren Sie dank der ADAC-Karte von Sonderangeboten f\u00fcr Ihren n\u00e4chsten Urlaub in Savoyen.","robots":{"index":"index","follow":"follow","max-snippet":"max-snippet:-1","max-image-preview":"max-image-preview:large","max-video-preview":"max-video-preview:-1"},"canonical":"https:\/\/www.camping-eden-savoie.com\/de\/campen-adac\/","og_locale":"de_DE","og_type":"article","og_title":"Camping Adac - Campingclub Adac - ADAC-Vorteilskarte","og_description":"ADAC-Gruppencampingplatz : profitieren Sie dank der ADAC-Karte von Sonderangeboten f\u00fcr Ihren n\u00e4chsten Urlaub in Savoyen.","og_url":"https:\/\/www.camping-eden-savoie.com\/de\/campen-adac\/","og_site_name":"Camping l&#039;Eden de la Vanoise","article_modified_time":"2020-11-10T09:38:52+00:00","og_image":[{"width":1903,"height":550,"url":"https:\/\/www.camping-eden-savoie.com\/wp-content\/uploads\/2020\/08\/anwb-savoie.jpg","type":"image\/jpeg"}],"twitter_card":"summary_large_image","schema":{"@context":"https:\/\/schema.org","@graph":[{"@type":"WebPage","@id":"https:\/\/www.camping-eden-savoie.com\/de\/campen-adac\/","url":"https:\/\/www.camping-eden-savoie.com\/de\/campen-adac\/","name":"Camping Adac - Campingclub Adac - ADAC-Vorteilskarte","isPartOf":{"@id":"https:\/\/www.camping-eden-savoie.com\/de\/#website"},"primaryImageOfPage":{"@id":"https:\/\/www.camping-eden-savoie.com\/de\/campen-adac\/#primaryimage"},"image":{"@id":"https:\/\/www.camping-eden-savoie.com\/de\/campen-adac\/#primaryimage"},"thumbnailUrl":"https:\/\/www.camping-eden-savoie.com\/wp-content\/uploads\/2020\/08\/anwb-savoie.jpg","datePublished":"2016-12-26T15:02:56+00:00","dateModified":"2020-11-10T09:38:52+00:00","description":"ADAC-Gruppencampingplatz : profitieren Sie dank der ADAC-Karte von Sonderangeboten f\u00fcr Ihren n\u00e4chsten Urlaub in Savoyen.","breadcrumb":{"@id":"https:\/\/www.camping-eden-savoie.com\/de\/campen-adac\/#breadcrumb"},"inLanguage":"de","potentialAction":[{"@type":"ReadAction","target":["https:\/\/www.camping-eden-savoie.com\/de\/campen-adac\/"]}]},{"@type":"ImageObject","inLanguage":"de","@id":"https:\/\/www.camping-eden-savoie.com\/de\/campen-adac\/#primaryimage","url":"https:\/\/www.camping-eden-savoie.com\/wp-content\/uploads\/2020\/08\/anwb-savoie.jpg","contentUrl":"https:\/\/www.camping-eden-savoie.com\/wp-content\/uploads\/2020\/08\/anwb-savoie.jpg","width":1903,"height":550,"caption":"anwb savoie"},{"@type":"BreadcrumbList","@id":"https:\/\/www.camping-eden-savoie.com\/de\/campen-adac\/#breadcrumb","itemListElement":[{"@type":"ListItem","position":1,"name":"Camping Alpen, in Savoyen","item":"https:\/\/www.camping-eden-savoie.com\/de\/"},{"@type":"ListItem","position":2,"name":"ADAC-Zelten"}]},{"@type":"WebSite","@id":"https:\/\/www.camping-eden-savoie.com\/de\/#website","url":"https:\/\/www.camping-eden-savoie.com\/de\/","name":"Camping l&#039;Eden de la Vanoise","description":"","potentialAction":[{"@type":"SearchAction","target":{"@type":"EntryPoint","urlTemplate":"https:\/\/www.camping-eden-savoie.com\/de\/?s={search_term_string}"},"query-input":{"@type":"PropertyValueSpecification","valueRequired":true,"valueName":"search_term_string"}}],"inLanguage":"de"}]}},"_links":{"self":[{"href":"https:\/\/www.camping-eden-savoie.com\/de\/wp-json\/wp\/v2\/pages\/6168"}],"collection":[{"href":"https:\/\/www.camping-eden-savoie.com\/de\/wp-json\/wp\/v2\/pages"}],"about":[{"href":"https:\/\/www.camping-eden-savoie.com\/de\/wp-json\/wp\/v2\/types\/page"}],"author":[{"embeddable":true,"href":"https:\/\/www.camping-eden-savoie.com\/de\/wp-json\/wp\/v2\/users\/1"}],"replies":[{"embeddable":true,"href":"https:\/\/www.camping-eden-savoie.com\/de\/wp-json\/wp\/v2\/comments?post=6168"}],"version-history":[{"count":10,"href":"https:\/\/www.camping-eden-savoie.com\/de\/wp-json\/wp\/v2\/pages\/6168\/revisions"}],"predecessor-version":[{"id":7963,"href":"https:\/\/www.camping-eden-savoie.com\/de\/wp-json\/wp\/v2\/pages\/6168\/revisions\/7963"}],"wp:featuredmedia":[{"embeddable":true,"href":"https:\/\/www.camping-eden-savoie.com\/de\/wp-json\/wp\/v2\/media\/4807"}],"wp:attachment":[{"href":"https:\/\/www.camping-eden-savoie.com\/de\/wp-json\/wp\/v2\/media?parent=6168"}],"curies":[{"name":"wp","href":"https:\/\/api.w.org\/{rel}","templated":true}]}}