{"id":6154,"date":"2016-12-26T16:05:43","date_gmt":"2016-12-26T15:05:43","guid":{"rendered":"http:\/\/www.camping-eden-savoie.com\/camping-anwb\/"},"modified":"2020-09-24T17:10:10","modified_gmt":"2020-09-24T15:10:10","slug":"campingplatz-anwb","status":"publish","type":"page","link":"https:\/\/www.camping-eden-savoie.com\/de\/campingplatz-anwb\/","title":{"rendered":"H\u00e9bergements : Anwb"},"content":{"rendered":"<section id=\"section-5f2ab25841fbb\"\" class=\"section bg-color1\" \/><div class=\"container extralarge\"><h1 class=\"element section-title center m-b-4\">Campingplatz ANWB<\/h1><\/div><\/section>\n\n<section id=\"section-5f2ab25842436\"\" class=\"section bg-color5 p-t-0 p-b-0\" \/><div class=\"container full\"><div class=\"colonnes-wrap valign-middle \"><div class=\"element colonne p-0\"><div class=\"element images scroll-x-mobile\"><div class=\"image\"><img decoding=\"async\" src=\"\" data-src=\"https:\/\/www.camping-eden-savoie.com\/wp-content\/uploads\/2020\/08\/camping-anwb-savoie.jpg\" alt=\"camping anwb savoie\" class=\"images_image anime-zoom\" \/><\/div><\/div><\/div><div class=\"element colonne p-x-10 p-y-10\"><h2 class=\"element section-title justify\">Campingplatz ANWB in Savoyen<\/h2><div class=\"element bloc-text justify \">\n\t<p>Seit 2013 bewertet <strong class=\"bold color1\">der ANWB<\/strong> mit Hilfe des <a href=\"\/de\/campen-adac\/\">ADAC-Vereins<\/a> Tausende von Campingpl\u00e4tzen in Frankreich und Europa. Die beiden Verb\u00e4nde f\u00fchren die gleiche Inspektion und in regelm\u00e4ssigen Abst\u00e4nden von Outdoor-Hotels durch, die Partner werden m\u00f6chten. Im Anschluss an die Bewertung erhalten die Campingpl\u00e4tze anhand zahlreicher Qualit\u00e4tskriterien eine Bewertung von 1 bis 5 Sternen.<\/p>\n<p>Das Ziel dieser Verb\u00e4nde ist es, die <strong class=\"bold color1\">besten Outdoor-Hotels<\/strong> zu unterscheiden, um Qualit\u00e4ts-Camping zu f\u00f6rdern. Die verdienstvollsten Einrichtungen erhalten die Anerkennung des ANWB und des ADAC.<\/p>\n<p>Das Adac-Anwb-Label kennzeichnet daher die <strong class=\"bold color1\">besten Campingpl\u00e4tze in ganz Europa<\/strong>. Urlauber k\u00f6nnen den ADAC-ANWB-F\u00fchrer konsultieren, um die <strong class=\"bold color1\">Liste der angeschlossenen Outdoor-Hotels<\/strong> und die Anzahl der Sterne bei der Auswahl ihres Gastgeber-Campingplatzes einzusehen.<\/p>\n<p><a href=\"\/de\/\">L&#8217;Eden de la Vanoise<\/a> *** ist ein Anwb-Campingplatz in Savoyen. Es l\u00e4dt Sie ein, <strong class=\"bold color1\">in den Bergen<\/strong>, im Sommer oder Winter zu campen und seine Umgebung und seine hochwertigen Dienstleistungen zu genie\u00dfen. Es ist die Adresse, die man f\u00fcr einen gelungenen Urlaub in Savoie Mont Blanc nicht verpassen sollte.<\/p>\n<\/div><\/div><\/div><\/div><\/section>\n\n<section id=\"section-5f2aae2ae11ca\"\" class=\"section bg-color5 p-t-0 p-b-0\" \/><div class=\"container full\"><div class=\"colonnes-wrap valign-middle \"><div class=\"element colonne p-x-10 p-y-10\"><h2 class=\"element section-title justify\">Warum Campingplatz Anwb?<\/h2><div class=\"element bloc-text justify \">\n\t<p>Ein Anwb-Campingplatz zeichnet sich durch die <strong class=\"bold color1\">Qualit\u00e4t seiner Dienstleistungen<\/strong> und <strong class=\"bold color1\">seine Infrastruktur<\/strong> aus. Im Eden de la Savoie stehen Ihnen zahlreiche Dienstleistungen von der Er\u00f6ffnung bis zur Schlie\u00dfung des Campingplatzes zur Verf\u00fcgung. Insbesondere finden Sie ein <strong class=\"bold color1\">\u00fcberdachtes und beheiztes Schwimmbad<\/strong>, das zu allen Jahreszeiten zug\u00e4nglich ist, Innen- und Au\u00dfenspielpl\u00e4tze mit aufblasbaren Spielen.<\/p>\n<p>Um Ihren Aufenthalt zu vereinfachen, finden Sie hier auch ein Restaurant, eine Bar, eine Snackbar und eine B\u00e4ckerei sowie andere Arten von Zusatzdiensten wie Wifi, Fahrradverleih, W\u00e4scherei, Servicebereiche usw. Der Campingplatz bietet sogar <strong class=\"bold color1\">Touristische Informationen<\/strong>.<\/p>\n<p>Angegliederte Campingpl\u00e4tze wenden f\u00fcr Camper mit der Adac-Vorteilskarte auch <strong class=\"bold color1\">Sondertarife<\/strong> an. Mobilheime, Bungalows und Stellpl\u00e4tze k\u00f6nnen zu mehr als vorteilhaften Preisen gemietet werden. Kurz gesagt, ein Anwb-Campingplatz bietet Ihnen einen unvergesslichen und g\u00fcnstigen Urlaub am Zielort Ihrer Wahl.<\/p>\n<\/div><\/div><div class=\"element colonne p-0\"><div class=\"element images scroll-x-mobile\"><div class=\"image\"><img decoding=\"async\" src=\"\" data-src=\"https:\/\/www.camping-eden-savoie.com\/wp-content\/uploads\/2020\/08\/location-anwb-savoie.jpg\" alt=\"location vacances adac savoie\" class=\"images_image anime-zoom\" \/><\/div><\/div><\/div><\/div><\/div><\/section>\n\n<section id=\"section-5f2ab2584333c\"\" class=\"section bg-color1\" \/><div class=\"container extralarge\"><div class=\"element section-title center cta-title\">Entdecken Sie unsere Vermietungen und Stellpl\u00e4tze<\/div><ul class=\"liste-de-page\"><li class=\"element call-to-action center cta-title call-to-action--style-1 call-to-action--normal\"><a href=\"https:\/\/www.camping-eden-savoie.com\/de\/unterkuenfte-camping-savoie\/\"  class=\"call-to-action_link\" title=\"Erfahren Sie mehr \u00fcber unsere bungalows\"><div class=\"call-to-action_image\"><img decoding=\"async\" src=\"https:\/\/www.camping-eden-savoie.com\/wp-content\/uploads\/2020\/08\/bungalow-savoie-100x88.jpg\" data-src=\"https:\/\/www.camping-eden-savoie.com\/wp-content\/uploads\/2020\/08\/bungalow-savoie.jpg\" alt=\"bungalow savoie\" class=\"normal\" \/><\/div><div class=\"call-to-action_contenu\"><div class=\"call-to-action_titre\">Unsere Bungalows<\/div><\/div><\/a><\/li><li class=\"element call-to-action center cta-title call-to-action--style-1 call-to-action--normal call-to-action--style-1 call-to-action--normal\"><a href=\"https:\/\/www.camping-eden-savoie.com\/de\/stellplatze-camping-savoie\/\"  class=\"call-to-action_link\" title=\"Erfahren Sie mehr \u00fcber unsere stellpl\u00e4tze\"><div class=\"call-to-action_image\"><img decoding=\"async\" src=\"https:\/\/www.camping-eden-savoie.com\/wp-content\/uploads\/2020\/08\/emplacement-savoie-100x88.jpg\" data-src=\"https:\/\/www.camping-eden-savoie.com\/wp-content\/uploads\/2020\/08\/emplacement-savoie.jpg\" alt=\"emplacement savoie\" class=\"normal\" \/><\/div><div class=\"call-to-action_contenu\"><div class=\"call-to-action_titre\">Unsere Stellpl\u00e4tze<\/div><\/div><\/a><\/li><li class=\"element call-to-action center cta-title call-to-action--style-1 call-to-action--normal call-to-action--style-1 call-to-action--normal call-to-action--style-1 call-to-action--normal\"><a href=\"https:\/\/www.camping-eden-savoie.com\/de\/campen-adac\/\"  class=\"call-to-action_link\" title=\"Erfahren Sie mehr \u00fcber campingplatz adac\"><div class=\"call-to-action_image\"><img decoding=\"async\" src=\"https:\/\/www.camping-eden-savoie.com\/wp-content\/uploads\/2020\/08\/vacances-adac-savoie-100x88.jpg\" data-src=\"https:\/\/www.camping-eden-savoie.com\/wp-content\/uploads\/2020\/08\/vacances-adac-savoie.jpg\" alt=\"vacances adac savoie\" class=\"normal\" \/><\/div><div class=\"call-to-action_contenu\"><div class=\"call-to-action_titre\">Campingplatz ADAC<\/div><\/div><\/a><\/li><\/ul><\/div><\/section>","protected":false},"excerpt":{"rendered":"","protected":false},"author":1,"featured_media":4807,"parent":0,"menu_order":0,"comment_status":"closed","ping_status":"closed","template":"","meta":{"_acf_changed":false,"footnotes":""},"class_list":["post-6154","page","type-page","status-publish","has-post-thumbnail","hentry"],"acf":[],"yoast_head":"<!-- This site is optimized with the Yoast SEO plugin v25.3 - https:\/\/yoast.com\/wordpress\/plugins\/seo\/ -->\n<title>Camping ANWB - Anwb campings - Campingplatz anwb Frankreich<\/title>\n<meta name=\"description\" content=\"Alles \u00fcber unseren ANWB-Campingplatz: f\u00fcr eine bessere Servicequalit\u00e4t f\u00fcr Urlauber\" \/>\n<meta name=\"robots\" content=\"index, follow, max-snippet:-1, max-image-preview:large, max-video-preview:-1\" \/>\n<link rel=\"canonical\" href=\"https:\/\/www.camping-eden-savoie.com\/de\/campingplatz-anwb\/\" \/>\n<meta property=\"og:locale\" content=\"de_DE\" \/>\n<meta property=\"og:type\" content=\"article\" \/>\n<meta property=\"og:title\" content=\"Camping ANWB - Anwb campings - Campingplatz anwb Frankreich\" \/>\n<meta property=\"og:description\" content=\"Alles \u00fcber unseren ANWB-Campingplatz: f\u00fcr eine bessere Servicequalit\u00e4t f\u00fcr Urlauber\" \/>\n<meta property=\"og:url\" content=\"https:\/\/www.camping-eden-savoie.com\/de\/campingplatz-anwb\/\" \/>\n<meta property=\"og:site_name\" content=\"Camping l&#039;Eden de la Vanoise\" \/>\n<meta property=\"article:modified_time\" content=\"2020-09-24T15:10:10+00:00\" \/>\n<meta property=\"og:image\" content=\"https:\/\/www.camping-eden-savoie.com\/wp-content\/uploads\/2020\/08\/anwb-savoie.jpg\" \/>\n\t<meta property=\"og:image:width\" content=\"1903\" \/>\n\t<meta property=\"og:image:height\" content=\"550\" \/>\n\t<meta property=\"og:image:type\" content=\"image\/jpeg\" \/>\n<meta name=\"twitter:card\" content=\"summary_large_image\" \/>\n<script type=\"application\/ld+json\" class=\"yoast-schema-graph\">{\"@context\":\"https:\/\/schema.org\",\"@graph\":[{\"@type\":\"WebPage\",\"@id\":\"https:\/\/www.camping-eden-savoie.com\/de\/campingplatz-anwb\/\",\"url\":\"https:\/\/www.camping-eden-savoie.com\/de\/campingplatz-anwb\/\",\"name\":\"Camping ANWB - Anwb campings - Campingplatz anwb Frankreich\",\"isPartOf\":{\"@id\":\"https:\/\/www.camping-eden-savoie.com\/de\/#website\"},\"primaryImageOfPage\":{\"@id\":\"https:\/\/www.camping-eden-savoie.com\/de\/campingplatz-anwb\/#primaryimage\"},\"image\":{\"@id\":\"https:\/\/www.camping-eden-savoie.com\/de\/campingplatz-anwb\/#primaryimage\"},\"thumbnailUrl\":\"https:\/\/www.camping-eden-savoie.com\/wp-content\/uploads\/2020\/08\/anwb-savoie.jpg\",\"datePublished\":\"2016-12-26T15:05:43+00:00\",\"dateModified\":\"2020-09-24T15:10:10+00:00\",\"description\":\"Alles \u00fcber unseren ANWB-Campingplatz: f\u00fcr eine bessere Servicequalit\u00e4t f\u00fcr Urlauber\",\"breadcrumb\":{\"@id\":\"https:\/\/www.camping-eden-savoie.com\/de\/campingplatz-anwb\/#breadcrumb\"},\"inLanguage\":\"de\",\"potentialAction\":[{\"@type\":\"ReadAction\",\"target\":[\"https:\/\/www.camping-eden-savoie.com\/de\/campingplatz-anwb\/\"]}]},{\"@type\":\"ImageObject\",\"inLanguage\":\"de\",\"@id\":\"https:\/\/www.camping-eden-savoie.com\/de\/campingplatz-anwb\/#primaryimage\",\"url\":\"https:\/\/www.camping-eden-savoie.com\/wp-content\/uploads\/2020\/08\/anwb-savoie.jpg\",\"contentUrl\":\"https:\/\/www.camping-eden-savoie.com\/wp-content\/uploads\/2020\/08\/anwb-savoie.jpg\",\"width\":1903,\"height\":550,\"caption\":\"anwb savoie\"},{\"@type\":\"BreadcrumbList\",\"@id\":\"https:\/\/www.camping-eden-savoie.com\/de\/campingplatz-anwb\/#breadcrumb\",\"itemListElement\":[{\"@type\":\"ListItem\",\"position\":1,\"name\":\"Camping Alpen, in Savoyen\",\"item\":\"https:\/\/www.camping-eden-savoie.com\/de\/\"},{\"@type\":\"ListItem\",\"position\":2,\"name\":\"Campingplatz ANWB\"}]},{\"@type\":\"WebSite\",\"@id\":\"https:\/\/www.camping-eden-savoie.com\/de\/#website\",\"url\":\"https:\/\/www.camping-eden-savoie.com\/de\/\",\"name\":\"Camping l&#039;Eden de la Vanoise\",\"description\":\"\",\"potentialAction\":[{\"@type\":\"SearchAction\",\"target\":{\"@type\":\"EntryPoint\",\"urlTemplate\":\"https:\/\/www.camping-eden-savoie.com\/de\/?s={search_term_string}\"},\"query-input\":{\"@type\":\"PropertyValueSpecification\",\"valueRequired\":true,\"valueName\":\"search_term_string\"}}],\"inLanguage\":\"de\"}]}<\/script>\n<!-- \/ Yoast SEO plugin. -->","yoast_head_json":{"title":"Camping ANWB - Anwb campings - Campingplatz anwb Frankreich","description":"Alles \u00fcber unseren ANWB-Campingplatz: f\u00fcr eine bessere Servicequalit\u00e4t f\u00fcr Urlauber","robots":{"index":"index","follow":"follow","max-snippet":"max-snippet:-1","max-image-preview":"max-image-preview:large","max-video-preview":"max-video-preview:-1"},"canonical":"https:\/\/www.camping-eden-savoie.com\/de\/campingplatz-anwb\/","og_locale":"de_DE","og_type":"article","og_title":"Camping ANWB - Anwb campings - Campingplatz anwb Frankreich","og_description":"Alles \u00fcber unseren ANWB-Campingplatz: f\u00fcr eine bessere Servicequalit\u00e4t f\u00fcr Urlauber","og_url":"https:\/\/www.camping-eden-savoie.com\/de\/campingplatz-anwb\/","og_site_name":"Camping l&#039;Eden de la Vanoise","article_modified_time":"2020-09-24T15:10:10+00:00","og_image":[{"width":1903,"height":550,"url":"https:\/\/www.camping-eden-savoie.com\/wp-content\/uploads\/2020\/08\/anwb-savoie.jpg","type":"image\/jpeg"}],"twitter_card":"summary_large_image","schema":{"@context":"https:\/\/schema.org","@graph":[{"@type":"WebPage","@id":"https:\/\/www.camping-eden-savoie.com\/de\/campingplatz-anwb\/","url":"https:\/\/www.camping-eden-savoie.com\/de\/campingplatz-anwb\/","name":"Camping ANWB - Anwb campings - Campingplatz anwb Frankreich","isPartOf":{"@id":"https:\/\/www.camping-eden-savoie.com\/de\/#website"},"primaryImageOfPage":{"@id":"https:\/\/www.camping-eden-savoie.com\/de\/campingplatz-anwb\/#primaryimage"},"image":{"@id":"https:\/\/www.camping-eden-savoie.com\/de\/campingplatz-anwb\/#primaryimage"},"thumbnailUrl":"https:\/\/www.camping-eden-savoie.com\/wp-content\/uploads\/2020\/08\/anwb-savoie.jpg","datePublished":"2016-12-26T15:05:43+00:00","dateModified":"2020-09-24T15:10:10+00:00","description":"Alles \u00fcber unseren ANWB-Campingplatz: f\u00fcr eine bessere Servicequalit\u00e4t f\u00fcr Urlauber","breadcrumb":{"@id":"https:\/\/www.camping-eden-savoie.com\/de\/campingplatz-anwb\/#breadcrumb"},"inLanguage":"de","potentialAction":[{"@type":"ReadAction","target":["https:\/\/www.camping-eden-savoie.com\/de\/campingplatz-anwb\/"]}]},{"@type":"ImageObject","inLanguage":"de","@id":"https:\/\/www.camping-eden-savoie.com\/de\/campingplatz-anwb\/#primaryimage","url":"https:\/\/www.camping-eden-savoie.com\/wp-content\/uploads\/2020\/08\/anwb-savoie.jpg","contentUrl":"https:\/\/www.camping-eden-savoie.com\/wp-content\/uploads\/2020\/08\/anwb-savoie.jpg","width":1903,"height":550,"caption":"anwb savoie"},{"@type":"BreadcrumbList","@id":"https:\/\/www.camping-eden-savoie.com\/de\/campingplatz-anwb\/#breadcrumb","itemListElement":[{"@type":"ListItem","position":1,"name":"Camping Alpen, in Savoyen","item":"https:\/\/www.camping-eden-savoie.com\/de\/"},{"@type":"ListItem","position":2,"name":"Campingplatz ANWB"}]},{"@type":"WebSite","@id":"https:\/\/www.camping-eden-savoie.com\/de\/#website","url":"https:\/\/www.camping-eden-savoie.com\/de\/","name":"Camping l&#039;Eden de la Vanoise","description":"","potentialAction":[{"@type":"SearchAction","target":{"@type":"EntryPoint","urlTemplate":"https:\/\/www.camping-eden-savoie.com\/de\/?s={search_term_string}"},"query-input":{"@type":"PropertyValueSpecification","valueRequired":true,"valueName":"search_term_string"}}],"inLanguage":"de"}]}},"_links":{"self":[{"href":"https:\/\/www.camping-eden-savoie.com\/de\/wp-json\/wp\/v2\/pages\/6154"}],"collection":[{"href":"https:\/\/www.camping-eden-savoie.com\/de\/wp-json\/wp\/v2\/pages"}],"about":[{"href":"https:\/\/www.camping-eden-savoie.com\/de\/wp-json\/wp\/v2\/types\/page"}],"author":[{"embeddable":true,"href":"https:\/\/www.camping-eden-savoie.com\/de\/wp-json\/wp\/v2\/users\/1"}],"replies":[{"embeddable":true,"href":"https:\/\/www.camping-eden-savoie.com\/de\/wp-json\/wp\/v2\/comments?post=6154"}],"version-history":[{"count":8,"href":"https:\/\/www.camping-eden-savoie.com\/de\/wp-json\/wp\/v2\/pages\/6154\/revisions"}],"predecessor-version":[{"id":7354,"href":"https:\/\/www.camping-eden-savoie.com\/de\/wp-json\/wp\/v2\/pages\/6154\/revisions\/7354"}],"wp:featuredmedia":[{"embeddable":true,"href":"https:\/\/www.camping-eden-savoie.com\/de\/wp-json\/wp\/v2\/media\/4807"}],"wp:attachment":[{"href":"https:\/\/www.camping-eden-savoie.com\/de\/wp-json\/wp\/v2\/media?parent=6154"}],"curies":[{"name":"wp","href":"https:\/\/api.w.org\/{rel}","templated":true}]}}