{"id":6092,"date":"2017-01-03T09:14:06","date_gmt":"2017-01-03T08:14:06","guid":{"rendered":"http:\/\/www.camping-eden-savoie.com\/caravaneige-alpes\/"},"modified":"2023-10-19T16:55:52","modified_gmt":"2023-10-19T14:55:52","slug":"karavaneige-alpen","status":"publish","type":"page","link":"https:\/\/www.camping-eden-savoie.com\/de\/karavaneige-alpen\/","title":{"rendered":"H\u00e9bergements : Caraveneige"},"content":{"rendered":"<section id=\"section-5f2ab25841fbb\"\" class=\"section bg-color1\" \/><div class=\"container extralarge\"><h1 class=\"element section-title center m-b-4\">Camping-Karawane<\/h1><\/div><\/section>\n\n<section id=\"section-5f2ab25842436\"\" class=\"section bg-color5 p-t-0 p-b-0\" \/><div class=\"container full\"><div class=\"colonnes-wrap valign-middle \"><div class=\"element colonne p-0\"><div class=\"element images scroll-x-mobile\"><div class=\"image\"><img decoding=\"async\" src=\"\" data-src=\"https:\/\/www.camping-eden-savoie.com\/wp-content\/uploads\/2020\/08\/emplacement-caravaneige-savoie.jpg\" alt=\"emplacement caravaneige savoie\" class=\"images_image anime-zoom\" \/><\/div><\/div><\/div><div class=\"element colonne p-x-10 p-y-10\"><h2 class=\"element section-title justify\">Was ist das Schneemobil? <\/h2><div class=\"element bloc-text justify \">\n\t<p>Die Schneekarawane ist eine <strong class=\"bold color1\">urspr\u00fcngliche Art, im Winter zu campen<\/strong>. Dank dieser Art von Urlaub k\u00f6nnen Camping- und Schneesportliebhaber ihren Urlaub mit ihrer Leidenschaft f\u00fcr das Snowboarden verbinden. Alles, was Sie tun m\u00fcssen, ist, einen sch\u00f6nen Platz zum Abstellen Ihres Wohnwagens zu w\u00e4hlen, um das kalte Winterwetter und den Schnee zu genie\u00dfen und mit etwas Gl\u00fcck inmitten eines Schneesturms w\u00e4hrend Ihres Urlaubs zu sein.<\/p>\n<p>Der Savoie Mont Blanc geh\u00f6rt zweifellos zu den <strong class=\"bold color1\">sch\u00f6nsten Reisezielen<\/strong>, die man im Winter nicht verpassen sollte. Mit seinen vertr\u00e4umten Landschaften und grossartigen Wintersportorten ist es das <strong class=\"bold color1\">Must-See-Ziel f\u00fcr Schneesportbegeisterte<\/strong>. Es gibt nichts Besseres, als w\u00e4hrend der Wintersaison auf einem Snow-Caravaning-Campingplatz im Herzen der Berge zu \u00fcbernachten und die Show zu genie\u00dfen. Das <a href=\"\/de\/\">camping Alpen, in Savoyen<\/a> freut sich, Sie dort begr\u00fc\u00dfen zu d\u00fcrfen. <\/p>\n<p>Unser Campingplatz Eden de la Vanoise ist ein 3-Sterne-Open-Air-Hotel, eingebettet in der Haute Tarentaise, an der Kreuzung der Skigebiete des Savoie Mont Blanc. Es bietet Ihnen eine feine, die den Berglandschaften f\u00fcr Ihren Snow-Caravaning-Aufenthalt zugewandt ist. Wenn Sie einen Campingplatz am Fu\u00dfe der Skipisten suchen, ist er perfekt f\u00fcr Sie. Sie vermietet sowohl <strong class=\"bold color1\">Camping-Caravaning-Stellpl\u00e4tze<\/strong> zur Unterbringung von Zelt, Wohnmobil und Wohnwagen als auch <strong class=\"bold color1\">Mobil-Homes und Bungalows<\/strong> allen Komfort f\u00fcr die nicht ausger\u00fcsteten Camper. Sie bietet unter anderem verschiedene Dienstleistungen an, damit Sie trotz des kalten Winters einen warmen und freundlichen Urlaub verbringen k\u00f6nnen.<\/p>\n<\/div><\/div><\/div><\/div><\/section>\n\n<section id=\"section-5f2aae2ae11ca\"\" class=\"section bg-color5 p-t-0 p-b-0\" \/><div class=\"container full\"><div class=\"colonnes-wrap valign-middle \"><div class=\"element colonne p-x-10 p-y-10\"><h2 class=\"element section-title justify\">Die Schneekarawane in Savoyen<\/h2><div class=\"element bloc-text justify \">\n\t<p>De <strong class=\"bold color1\">viele Aktivit\u00e4ten und Freizeitm\u00f6glichkeiten<\/strong> werden Ihnen in Savoie Mont Blanc angeboten. Nehmen Sie Platz in der ersten Reihe, um die herrliche Landschaft der Berge zu bewundern, die an Wintermorgens oder nach einem Sturm vom Schnee begraben sind. Gehen Sie <strong class=\"bold color1\">die H\u00e4nge der Alpen hinunter<\/strong>, gehen Sie Skifahren, Langlaufen, Rodeln, Schneeschuhwandern, Schneemobilfahren&#8230; in Gesellschaft Ihrer Familie und Freunde nur einen Steinwurf von Ihrem Platz entfernt. Die umliegenden Parks bieten noch mehr spannende Aktivit\u00e4ten. Zum Beispiel ist die Schneekarawane am Fusse der Pisten eine gute M\u00f6glichkeit, die Savoyen zu entdecken. <\/p>\n<p>Gleichzeitig genie\u00dfen Sie die W\u00e4rme Ihrer eigenen Miete. Es sind Tonh\u00f6hen in einer \u00fcppigen Umgebung <strong class=\"bold color1\">naturverbunden<\/strong>, die Sie erwarten. Die sanit\u00e4ren Einrichtungen, die W\u00e4scherei, die Wohnmobil-Servicebereiche und die verschiedenen vor Ort ge\u00f6ffneten Gesch\u00e4fte werden Ihren Aufenthalt so einfach wie m\u00f6glich machen. In den Gebieten von La Plagne und Les Arcs gibt es ein Skipass-Angebot f\u00fcr <strong class=\"bold color1\">Vorteile aus erm\u00e4\u00dfigten Tarifen<\/strong>.<\/p>\n<p>Bei dieser Art der Anmietung k\u00f6nnen Sie auch von <strong class=\"bold color1\">einigen Privilegien<\/strong> profitieren, wie z.B. Zugang zu einem \u00fcberdachten und beheizten Schwimmbad, das nach einem Tag im Schnee gem\u00fctlich und angenehm ist. Indoor-Spielpl\u00e4tze sowie Animationen werden den Urlaubern ebenfalls vorgeschlagen. So sieht die Schneekarawane in Savoyen Mont Blanc auf dem Campingplatz Eden de la Vanoise aus. Wenn Sie die Vorteile nutzen m\u00f6chten, denken Sie dar\u00fcber nach, Ihren Aufenthalt zu buchen. Der Campingplatz \u00f6ffnet seine Pforten im Dezember.<\/p>\n<\/div><\/div><div class=\"element colonne p-0\"><div class=\"element images scroll-x-mobile\"><div class=\"image\"><img decoding=\"async\" src=\"\" data-src=\"https:\/\/www.camping-eden-savoie.com\/wp-content\/uploads\/2020\/08\/location-neige-savoie.jpg\" alt=\"location neige savoie\" class=\"images_image anime-zoom\" \/><\/div><\/div><\/div><\/div><\/div><\/section>\n\n<section id=\"section-5f2ab2584333c\"\" class=\"section bg-color1\" \/><div class=\"container extralarge\"><div class=\"element section-title center cta-title\">Unsere Preise und Mieten auf dem Campingplatz<\/div><ul class=\"liste-de-page\"><li class=\"element call-to-action center cta-title call-to-action--style-1 call-to-action--normal\"><a href=\"https:\/\/www.camping-eden-savoie.com\/de\/unterkuenfte-camping-savoie\/\"  class=\"call-to-action_link\" title=\"Erfahren Sie mehr \u00fcber unsere bungalows\"><div class=\"call-to-action_image\"><img decoding=\"async\" src=\"https:\/\/www.camping-eden-savoie.com\/wp-content\/uploads\/2020\/08\/bungalow-savoie-100x88.jpg\" data-src=\"https:\/\/www.camping-eden-savoie.com\/wp-content\/uploads\/2020\/08\/bungalow-savoie.jpg\" alt=\"bungalow savoie\" class=\"normal\" \/><\/div><div class=\"call-to-action_contenu\"><div class=\"call-to-action_titre\">Unsere Bungalows<\/div><\/div><\/a><\/li><li class=\"element call-to-action center cta-title call-to-action--style-1 call-to-action--normal call-to-action--style-1 call-to-action--normal\"><a href=\"https:\/\/www.camping-eden-savoie.com\/de\/stellplatze-camping-savoie\/\"  class=\"call-to-action_link\" title=\"Erfahren Sie mehr \u00fcber unsere stellpl\u00e4tze\"><div class=\"call-to-action_image\"><img decoding=\"async\" src=\"https:\/\/www.camping-eden-savoie.com\/wp-content\/uploads\/2020\/08\/emplacement-savoie-100x88.jpg\" data-src=\"https:\/\/www.camping-eden-savoie.com\/wp-content\/uploads\/2020\/08\/emplacement-savoie.jpg\" alt=\"emplacement savoie\" class=\"normal\" \/><\/div><div class=\"call-to-action_contenu\"><div class=\"call-to-action_titre\">Unsere Stellpl\u00e4tze<\/div><\/div><\/a><\/li><li class=\"element call-to-action center cta-title call-to-action--style-1 call-to-action--normal call-to-action--style-1 call-to-action--normal call-to-action--style-1 call-to-action--normal\"><a href=\"https:\/\/www.camping-eden-savoie.com\/de\/billiger-campingplatz-savoie\/\"  class=\"call-to-action_link\" title=\"Erfahren Sie mehr \u00fcber unsere guten pl\u00e4ne \"><div class=\"call-to-action_image\"><img decoding=\"async\" src=\"https:\/\/www.camping-eden-savoie.com\/wp-content\/uploads\/2020\/08\/camping-pas-cher-savoie-100x88.jpg\" data-src=\"https:\/\/www.camping-eden-savoie.com\/wp-content\/uploads\/2020\/08\/camping-pas-cher-savoie.jpg\" alt=\"\" class=\"normal\" \/><\/div><div class=\"call-to-action_contenu\"><div class=\"call-to-action_titre\">Unsere guten Pl\u00e4ne <\/div><\/div><\/a><\/li><\/ul><\/div><\/section>","protected":false},"excerpt":{"rendered":"","protected":false},"author":1,"featured_media":4828,"parent":0,"menu_order":0,"comment_status":"closed","ping_status":"closed","template":"","meta":{"_acf_changed":false,"footnotes":""},"class_list":["post-6092","page","type-page","status-publish","has-post-thumbnail","hentry"],"acf":[],"yoast_head":"<!-- This site is optimized with the Yoast SEO plugin v25.3 - https:\/\/yoast.com\/wordpress\/plugins\/seo\/ -->\n<title>Caravaneige Savoie | Caravaneige Haute Savoie | Caranaveige<\/title>\n<meta name=\"description\" content=\"Camping im Winter : Caravaneige auf dem Campingplatz Eden Savoie. Eine neue Art des Campings f\u00fcr Naturliebhaber\" \/>\n<meta name=\"robots\" content=\"index, follow, max-snippet:-1, max-image-preview:large, max-video-preview:-1\" \/>\n<link rel=\"canonical\" href=\"https:\/\/www.camping-eden-savoie.com\/de\/karavaneige-alpen\/\" \/>\n<meta property=\"og:locale\" content=\"de_DE\" \/>\n<meta property=\"og:type\" content=\"article\" \/>\n<meta property=\"og:title\" content=\"Caravaneige Savoie | Caravaneige Haute Savoie | Caranaveige\" \/>\n<meta property=\"og:description\" content=\"Camping im Winter : Caravaneige auf dem Campingplatz Eden Savoie. Eine neue Art des Campings f\u00fcr Naturliebhaber\" \/>\n<meta property=\"og:url\" content=\"https:\/\/www.camping-eden-savoie.com\/de\/karavaneige-alpen\/\" \/>\n<meta property=\"og:site_name\" content=\"Camping l&#039;Eden de la Vanoise\" \/>\n<meta property=\"article:modified_time\" content=\"2023-10-19T14:55:52+00:00\" \/>\n<meta property=\"og:image\" content=\"https:\/\/www.camping-eden-savoie.com\/wp-content\/uploads\/2020\/08\/caravaneige-savoie.jpg\" \/>\n\t<meta property=\"og:image:width\" content=\"1903\" \/>\n\t<meta property=\"og:image:height\" content=\"550\" \/>\n\t<meta property=\"og:image:type\" content=\"image\/jpeg\" \/>\n<meta name=\"twitter:card\" content=\"summary_large_image\" \/>\n<script type=\"application\/ld+json\" class=\"yoast-schema-graph\">{\"@context\":\"https:\/\/schema.org\",\"@graph\":[{\"@type\":\"WebPage\",\"@id\":\"https:\/\/www.camping-eden-savoie.com\/de\/karavaneige-alpen\/\",\"url\":\"https:\/\/www.camping-eden-savoie.com\/de\/karavaneige-alpen\/\",\"name\":\"Caravaneige Savoie | Caravaneige Haute Savoie | Caranaveige\",\"isPartOf\":{\"@id\":\"https:\/\/www.camping-eden-savoie.com\/de\/#website\"},\"primaryImageOfPage\":{\"@id\":\"https:\/\/www.camping-eden-savoie.com\/de\/karavaneige-alpen\/#primaryimage\"},\"image\":{\"@id\":\"https:\/\/www.camping-eden-savoie.com\/de\/karavaneige-alpen\/#primaryimage\"},\"thumbnailUrl\":\"https:\/\/www.camping-eden-savoie.com\/wp-content\/uploads\/2020\/08\/caravaneige-savoie.jpg\",\"datePublished\":\"2017-01-03T08:14:06+00:00\",\"dateModified\":\"2023-10-19T14:55:52+00:00\",\"description\":\"Camping im Winter : Caravaneige auf dem Campingplatz Eden Savoie. Eine neue Art des Campings f\u00fcr Naturliebhaber\",\"breadcrumb\":{\"@id\":\"https:\/\/www.camping-eden-savoie.com\/de\/karavaneige-alpen\/#breadcrumb\"},\"inLanguage\":\"de\",\"potentialAction\":[{\"@type\":\"ReadAction\",\"target\":[\"https:\/\/www.camping-eden-savoie.com\/de\/karavaneige-alpen\/\"]}]},{\"@type\":\"ImageObject\",\"inLanguage\":\"de\",\"@id\":\"https:\/\/www.camping-eden-savoie.com\/de\/karavaneige-alpen\/#primaryimage\",\"url\":\"https:\/\/www.camping-eden-savoie.com\/wp-content\/uploads\/2020\/08\/caravaneige-savoie.jpg\",\"contentUrl\":\"https:\/\/www.camping-eden-savoie.com\/wp-content\/uploads\/2020\/08\/caravaneige-savoie.jpg\",\"width\":1903,\"height\":550,\"caption\":\"caravaneige savoie\"},{\"@type\":\"BreadcrumbList\",\"@id\":\"https:\/\/www.camping-eden-savoie.com\/de\/karavaneige-alpen\/#breadcrumb\",\"itemListElement\":[{\"@type\":\"ListItem\",\"position\":1,\"name\":\"Camping Alpen, in Savoyen\",\"item\":\"https:\/\/www.camping-eden-savoie.com\/de\/\"},{\"@type\":\"ListItem\",\"position\":2,\"name\":\"Camping-Karawane\"}]},{\"@type\":\"WebSite\",\"@id\":\"https:\/\/www.camping-eden-savoie.com\/de\/#website\",\"url\":\"https:\/\/www.camping-eden-savoie.com\/de\/\",\"name\":\"Camping l&#039;Eden de la Vanoise\",\"description\":\"\",\"potentialAction\":[{\"@type\":\"SearchAction\",\"target\":{\"@type\":\"EntryPoint\",\"urlTemplate\":\"https:\/\/www.camping-eden-savoie.com\/de\/?s={search_term_string}\"},\"query-input\":{\"@type\":\"PropertyValueSpecification\",\"valueRequired\":true,\"valueName\":\"search_term_string\"}}],\"inLanguage\":\"de\"}]}<\/script>\n<!-- \/ Yoast SEO plugin. -->","yoast_head_json":{"title":"Caravaneige Savoie | Caravaneige Haute Savoie | Caranaveige","description":"Camping im Winter : Caravaneige auf dem Campingplatz Eden Savoie. Eine neue Art des Campings f\u00fcr Naturliebhaber","robots":{"index":"index","follow":"follow","max-snippet":"max-snippet:-1","max-image-preview":"max-image-preview:large","max-video-preview":"max-video-preview:-1"},"canonical":"https:\/\/www.camping-eden-savoie.com\/de\/karavaneige-alpen\/","og_locale":"de_DE","og_type":"article","og_title":"Caravaneige Savoie | Caravaneige Haute Savoie | Caranaveige","og_description":"Camping im Winter : Caravaneige auf dem Campingplatz Eden Savoie. Eine neue Art des Campings f\u00fcr Naturliebhaber","og_url":"https:\/\/www.camping-eden-savoie.com\/de\/karavaneige-alpen\/","og_site_name":"Camping l&#039;Eden de la Vanoise","article_modified_time":"2023-10-19T14:55:52+00:00","og_image":[{"width":1903,"height":550,"url":"https:\/\/www.camping-eden-savoie.com\/wp-content\/uploads\/2020\/08\/caravaneige-savoie.jpg","type":"image\/jpeg"}],"twitter_card":"summary_large_image","schema":{"@context":"https:\/\/schema.org","@graph":[{"@type":"WebPage","@id":"https:\/\/www.camping-eden-savoie.com\/de\/karavaneige-alpen\/","url":"https:\/\/www.camping-eden-savoie.com\/de\/karavaneige-alpen\/","name":"Caravaneige Savoie | Caravaneige Haute Savoie | Caranaveige","isPartOf":{"@id":"https:\/\/www.camping-eden-savoie.com\/de\/#website"},"primaryImageOfPage":{"@id":"https:\/\/www.camping-eden-savoie.com\/de\/karavaneige-alpen\/#primaryimage"},"image":{"@id":"https:\/\/www.camping-eden-savoie.com\/de\/karavaneige-alpen\/#primaryimage"},"thumbnailUrl":"https:\/\/www.camping-eden-savoie.com\/wp-content\/uploads\/2020\/08\/caravaneige-savoie.jpg","datePublished":"2017-01-03T08:14:06+00:00","dateModified":"2023-10-19T14:55:52+00:00","description":"Camping im Winter : Caravaneige auf dem Campingplatz Eden Savoie. Eine neue Art des Campings f\u00fcr Naturliebhaber","breadcrumb":{"@id":"https:\/\/www.camping-eden-savoie.com\/de\/karavaneige-alpen\/#breadcrumb"},"inLanguage":"de","potentialAction":[{"@type":"ReadAction","target":["https:\/\/www.camping-eden-savoie.com\/de\/karavaneige-alpen\/"]}]},{"@type":"ImageObject","inLanguage":"de","@id":"https:\/\/www.camping-eden-savoie.com\/de\/karavaneige-alpen\/#primaryimage","url":"https:\/\/www.camping-eden-savoie.com\/wp-content\/uploads\/2020\/08\/caravaneige-savoie.jpg","contentUrl":"https:\/\/www.camping-eden-savoie.com\/wp-content\/uploads\/2020\/08\/caravaneige-savoie.jpg","width":1903,"height":550,"caption":"caravaneige savoie"},{"@type":"BreadcrumbList","@id":"https:\/\/www.camping-eden-savoie.com\/de\/karavaneige-alpen\/#breadcrumb","itemListElement":[{"@type":"ListItem","position":1,"name":"Camping Alpen, in Savoyen","item":"https:\/\/www.camping-eden-savoie.com\/de\/"},{"@type":"ListItem","position":2,"name":"Camping-Karawane"}]},{"@type":"WebSite","@id":"https:\/\/www.camping-eden-savoie.com\/de\/#website","url":"https:\/\/www.camping-eden-savoie.com\/de\/","name":"Camping l&#039;Eden de la Vanoise","description":"","potentialAction":[{"@type":"SearchAction","target":{"@type":"EntryPoint","urlTemplate":"https:\/\/www.camping-eden-savoie.com\/de\/?s={search_term_string}"},"query-input":{"@type":"PropertyValueSpecification","valueRequired":true,"valueName":"search_term_string"}}],"inLanguage":"de"}]}},"_links":{"self":[{"href":"https:\/\/www.camping-eden-savoie.com\/de\/wp-json\/wp\/v2\/pages\/6092"}],"collection":[{"href":"https:\/\/www.camping-eden-savoie.com\/de\/wp-json\/wp\/v2\/pages"}],"about":[{"href":"https:\/\/www.camping-eden-savoie.com\/de\/wp-json\/wp\/v2\/types\/page"}],"author":[{"embeddable":true,"href":"https:\/\/www.camping-eden-savoie.com\/de\/wp-json\/wp\/v2\/users\/1"}],"replies":[{"embeddable":true,"href":"https:\/\/www.camping-eden-savoie.com\/de\/wp-json\/wp\/v2\/comments?post=6092"}],"version-history":[{"count":9,"href":"https:\/\/www.camping-eden-savoie.com\/de\/wp-json\/wp\/v2\/pages\/6092\/revisions"}],"predecessor-version":[{"id":10929,"href":"https:\/\/www.camping-eden-savoie.com\/de\/wp-json\/wp\/v2\/pages\/6092\/revisions\/10929"}],"wp:featuredmedia":[{"embeddable":true,"href":"https:\/\/www.camping-eden-savoie.com\/de\/wp-json\/wp\/v2\/media\/4828"}],"wp:attachment":[{"href":"https:\/\/www.camping-eden-savoie.com\/de\/wp-json\/wp\/v2\/media?parent=6092"}],"curies":[{"name":"wp","href":"https:\/\/api.w.org\/{rel}","templated":true}]}}