{"id":6077,"date":"2020-06-24T09:28:20","date_gmt":"2020-06-24T07:28:20","guid":{"rendered":"http:\/\/www.camping-eden-savoie.com\/camping-ecologique-savoie\/"},"modified":"2020-09-23T18:24:40","modified_gmt":"2020-09-23T16:24:40","slug":"camping-okologisch-savoyen","status":"publish","type":"page","link":"https:\/\/www.camping-eden-savoie.com\/de\/camping-okologisch-savoyen\/","title":{"rendered":"Qui : D\u00e9marche \u00e9cologique"},"content":{"rendered":"<section id=\"section-5f2ab25841fbb\"\" class=\"section bg-color1\" \/><div class=\"container extralarge\"><h1 class=\"element section-title center m-b-4\">\u00d6kologischer Campingplatz Savoyen<\/h1><\/div><\/section>\n\n<section id=\"section-5f2ab25842436\"\" class=\"section bg-color5 p-t-0 p-b-0\" \/><div class=\"container full\"><div class=\"colonnes-wrap valign-middle \"><div class=\"element colonne p-0\"><div class=\"element images scroll-x-mobile\"><div class=\"image\"><img decoding=\"async\" src=\"\" data-src=\"https:\/\/www.camping-eden-savoie.com\/wp-content\/uploads\/2020\/08\/camping-nature-savoie.jpg\" alt=\"camping nature savoie\" class=\"images_image anime-zoom\" \/><\/div><\/div><\/div><div class=\"element colonne p-x-10 p-y-10\"><h2 class=\"element section-title justify\">Campingplatz mit Schwerpunkt Umwelt<\/h2><div class=\"element bloc-text justify \">\n\t<p>Wir m\u00f6chten in unseren <strong class=\"bold color1\">\u00f6kologischen Campingplatz investieren<\/strong> und einen <strong class=\"bold color1\">\u00f6kologischen Ansatz starten<\/strong>, indem wir unsere Einrichtung etwas umweltfreundlicher gestalten. Leider k\u00f6nnen wir nicht alleine handeln, und wir brauchen Sie, liebe Kunden!<\/p>\n<p><strong class=\"bold color1\">Zu recyceln<\/strong> :<\/p>\n<p>Die M\u00fclltrennungsbeh\u00e4lter befinden sich gleich nach dem Ausgang des <a href=\"\/de\/\">Campingplatzes Eden de la Vanoise<\/a> : bitte sortieren Sie Ihre Abf\u00e4lle und werfen Sie sie nicht in die Natur !<\/p>\n<p><strong class=\"bold color1\">Begrenzung der Energiekosten<\/strong> :<\/p>\n<p>Heizung\/Klimaanlage (f\u00fcr die Bungalows) :<\/p>\n<ul>\n<li>Vermeiden Sie es, alle Heizungen auf Maximum zu drehen und sie auf Minimum herunterzudrehen, wenn Sie nicht da sind.<\/li>\n<li>Durch die Bevorzugung einer Klimaanlage w\u00e4hrend des Tages (die weniger verbraucht als die Heizung)<\/li>\n<li>Lassen Sie Fenster und T\u00fcren geschlossen, wenn die Heizung oder Klimaanlage eingeschaltet ist.<\/li>\n<li>Schlie\u00dfen der D\u00e4mpfer, wenn es zu hei\u00df ist, anstatt die Klimaanlage mit voller Leistung zu betreiben.<\/li>\n<\/ul>\n<\/div><\/div><\/div><\/div><\/section>\n\n<section id=\"section-5f2aae2ae11ca\"\" class=\"section bg-color5 p-t-0 p-b-0\" \/><div class=\"container full\"><div class=\"colonnes-wrap valign-middle \"><div class=\"element colonne p-x-10 p-y-10\"><div class=\"element bloc-text justify \">\n\t<p><strong class=\"bold color1\">Beleuchtung<\/strong> :<\/p>\n<ul>\n<li>\u00d6ffnen Sie die Vorh\u00e4nge, um das nat\u00fcrliche Licht auszunutzen, anstatt alle Lichter einzuschalten.<\/li>\n<li>Vergewissern Sie sich, dass alle Lichter ausgeschaltet sind, wenn Sie abwesend sind (und schalten Sie das Au\u00dfenlicht w\u00e4hrend der Nacht aus).<\/li>\n<\/ul>\n<p><strong class=\"bold color1\">Zur Begrenzung der Wasserverschwendung<\/strong> :<\/p>\n<ul>\n<li>Wenn Sie sich die H\u00e4nde waschen, reicht lauwarmes Wasser, keine Notwendigkeit, hei\u00dfes Wasser zu verschwenden<\/li>\n<li>Wenn Sie kein Wasser mehr ben\u00f6tigen, stellen Sie sicher, dass die Wasserh\u00e4hne geschlossen sind.<\/li>\n<li>Verschwenden Sie kein Wasser durch eine 30-min\u00fctige Dusche.<\/li>\n<\/ul>\n<\/div><\/div><div class=\"element colonne p-0\"><div class=\"element images scroll-x-mobile\"><div class=\"image\"><img decoding=\"async\" src=\"\" data-src=\"https:\/\/www.camping-eden-savoie.com\/wp-content\/uploads\/2020\/08\/camping-environnemental-savoie.jpg\" alt=\"camping environnemental savoie\" class=\"images_image anime-zoom\" \/><\/div><\/div><\/div><\/div><\/div><\/section>\n\n<section id=\"section-5f31481b6bab2\"\" class=\"section bg-white p-t-0 p-b-0\" \/><div class=\"container full\"><div class=\"element images scroll-x-mobile\"><div class=\"image\"><img decoding=\"async\" src=\"\" data-src=\"https:\/\/www.camping-eden-savoie.com\/wp-content\/uploads\/2020\/08\/environnement-savoie-1.jpg\" alt=\"environnement savoie\" class=\"images_image\" \/><\/div><div class=\"image\"><img decoding=\"async\" src=\"\" data-src=\"https:\/\/www.camping-eden-savoie.com\/wp-content\/uploads\/2020\/08\/nature-environnement-savoie.jpg\" alt=\"nature environnement savoie\" class=\"images_image\" \/><\/div><div class=\"image\"><img decoding=\"async\" src=\"\" data-src=\"https:\/\/www.camping-eden-savoie.com\/wp-content\/uploads\/2020\/08\/randonnee-nature-savoie.jpg\" alt=\"randonnee nature savoie\" class=\"images_image\" \/><\/div><div class=\"image\"><img decoding=\"async\" src=\"\" data-src=\"https:\/\/www.camping-eden-savoie.com\/wp-content\/uploads\/2020\/08\/sejour-nature-savoie.jpg\" alt=\"sejour nature savoie\" class=\"images_image\" \/><\/div><\/div><div class=\"element images scroll-x-mobile\"><div class=\"image\"><img decoding=\"async\" src=\"\" data-src=\"https:\/\/www.camping-eden-savoie.com\/wp-content\/uploads\/2020\/08\/vacances-ecolgique-savoie.jpg\" alt=\"vacances ecolgique savoie\" class=\"images_image\" \/><\/div><div class=\"image\"><img decoding=\"async\" src=\"\" data-src=\"https:\/\/www.camping-eden-savoie.com\/wp-content\/uploads\/2020\/08\/vacances-nature-savoie.jpg\" alt=\"vacances nature savoie\" class=\"images_image\" \/><\/div><div class=\"image\"><img decoding=\"async\" src=\"\" data-src=\"https:\/\/www.camping-eden-savoie.com\/wp-content\/uploads\/2020\/08\/vacances-environnement-savoie.jpg\" alt=\"vacances ecolgique savoie\" class=\"images_image\" \/><\/div><div class=\"image\"><img decoding=\"async\" src=\"\" data-src=\"https:\/\/www.camping-eden-savoie.com\/wp-content\/uploads\/2020\/08\/vallee-environnement-savoie.jpg\" alt=\"vallee environnement savoie\" class=\"images_image\" \/><\/div><\/div><\/div><\/section>\n\n<section id=\"section-last\"\" class=\"section bg-color5 p-t-0 p-b-0\" \/><div class=\"container full\"><div class=\"colonnes-wrap valign-middle \"><div class=\"element colonne p-0\"><div class=\"element images scroll-x-mobile\"><div class=\"image\"><img decoding=\"async\" src=\"\" data-src=\"https:\/\/www.camping-eden-savoie.com\/wp-content\/uploads\/2020\/08\/nature-savoie.jpg\" alt=\"nature savoie\" class=\"images_image anime-zoom\" \/><\/div><\/div><\/div><div class=\"element colonne p-x-10 p-y-10\"><h2 class=\"element section-title justify\">Unsere gr\u00fcnen Ans\u00e4tze<\/h2><div class=\"element bloc-text justify \">\n\t<p><strong class=\"bold color1\">Was wir eingerichtet haben<\/strong> :<\/p>\n<ul>\n<li>Alle unsere Gl\u00fchbirnen sind Energiesparlampen oder LED.<\/li>\n<li>Die Sonnenkollektoren auf dem Dach des Wintersanit\u00e4rgeb\u00e4udes liefern das Warmwasser<\/li>\n<li>Zur Erw\u00e4rmung des Schwimmbadwassers verwenden wir eine W\u00e4rmepumpe.<\/li>\n<li>Wir verwenden f\u00fcr unsere Entw\u00fcrfe so viel Recyclingpapier wie m\u00f6glich.<\/li>\n<li>Wir respektieren die selektive Sortierung (mit den Sortierk\u00e4sten am Ausgang des Campingplatzes)<\/li>\n<li>Wir begleiten unsere Kunden zu Fu\u00df, mit dem Fahrrad oder Elektroroller auf dem Campingplatz und versuchen, die Nutzung von Autos so weit wie m\u00f6glich einzuschr\u00e4nken.<\/li>\n<li>Wir zerkleinern unsere Gr\u00fcnabf\u00e4lle und mulchen auf den Spielfeldern.<\/li>\n<li>Wir haben \u00f6kologische wasserlose Urinale in der Wintertoilette installiert.<\/li>\n<li>Wir haben gerade mehr als 100 m\u00b2 Photovoltaikmodule installiert.<\/li>\n<\/ul>\n<\/div><\/div><\/div><\/div><\/section>\n\n<section id=\"section-5f2ab2584333c\"\" class=\"section bg-color1\" \/><div class=\"container extralarge\"><div class=\"element section-title center cta-title\">Familiencampingplatz mitten in der Natur<\/div><ul class=\"liste-de-page\"><li class=\"element call-to-action center cta-title call-to-action--style-1 call-to-action--normal\"><a href=\"https:\/\/www.camping-eden-savoie.com\/de\/familien-camping-savoie\/\"  class=\"call-to-action_link\" title=\"Erfahren Sie mehr \u00fcber in der familie\"><div class=\"call-to-action_image\"><img decoding=\"async\" src=\"https:\/\/www.camping-eden-savoie.com\/wp-content\/uploads\/2020\/08\/famille-savoie-100x88.jpg\" data-src=\"https:\/\/www.camping-eden-savoie.com\/wp-content\/uploads\/2020\/08\/famille-savoie.jpg\" alt=\"famille savoie\" class=\"normal\" \/><\/div><div class=\"call-to-action_contenu\"><div class=\"call-to-action_titre\">In der Familie<\/div><\/div><\/a><\/li><li class=\"element call-to-action center cta-title call-to-action--style-1 call-to-action--normal call-to-action--style-1 call-to-action--normal\"><a href=\"https:\/\/www.camping-eden-savoie.com\/de\/camping-parchen-savoie\/\"  class=\"call-to-action_link\" title=\"Erfahren Sie mehr \u00fcber feiertage f\u00fcr paare\"><div class=\"call-to-action_image\"><img decoding=\"async\" src=\"https:\/\/www.camping-eden-savoie.com\/wp-content\/uploads\/2020\/08\/camping-couple-savoie-100x88.jpg\" data-src=\"https:\/\/www.camping-eden-savoie.com\/wp-content\/uploads\/2020\/08\/camping-couple-savoie.jpg\" alt=\"camping couple savoie\" class=\"normal\" \/><\/div><div class=\"call-to-action_contenu\"><div class=\"call-to-action_titre\">Feiertage f\u00fcr Paare<\/div><\/div><\/a><\/li><li class=\"element call-to-action center cta-title call-to-action--style-1 call-to-action--normal call-to-action--style-1 call-to-action--normal call-to-action--style-1 call-to-action--normal\"><a href=\"https:\/\/www.camping-eden-savoie.com\/de\/camping-savoie-motorrad-fahrradfahrer\/\"  class=\"call-to-action_link\" title=\"Erfahren Sie mehr \u00fcber fahrrad\/motorrad\"><div class=\"call-to-action_image\"><img decoding=\"async\" src=\"https:\/\/www.camping-eden-savoie.com\/wp-content\/uploads\/2020\/08\/camping-velo-moto-savoie-100x88.jpg\" data-src=\"https:\/\/www.camping-eden-savoie.com\/wp-content\/uploads\/2020\/08\/camping-velo-moto-savoie.jpg\" alt=\"\" class=\"normal\" \/><\/div><div class=\"call-to-action_contenu\"><div class=\"call-to-action_titre\">Fahrrad\/Motorrad<\/div><\/div><\/a><\/li><\/ul><\/div><\/section>","protected":false},"excerpt":{"rendered":"","protected":false},"author":1,"featured_media":4758,"parent":0,"menu_order":0,"comment_status":"closed","ping_status":"closed","template":"","meta":{"_acf_changed":false,"footnotes":""},"class_list":["post-6077","page","type-page","status-publish","has-post-thumbnail","hentry"],"acf":[],"yoast_head":"<!-- This site is optimized with the Yoast SEO plugin v25.3 - https:\/\/yoast.com\/wordpress\/plugins\/seo\/ -->\n<title>\u00d6kologisches Camping | Umwelt Savoyen | Camping Natur Savoyen<\/title>\n<meta name=\"robots\" content=\"index, follow, max-snippet:-1, max-image-preview:large, max-video-preview:-1\" \/>\n<link rel=\"canonical\" href=\"https:\/\/www.camping-eden-savoie.com\/de\/camping-okologisch-savoyen\/\" \/>\n<meta property=\"og:locale\" content=\"de_DE\" \/>\n<meta property=\"og:type\" content=\"article\" \/>\n<meta property=\"og:title\" content=\"\u00d6kologisches Camping | Umwelt Savoyen | Camping Natur Savoyen\" \/>\n<meta property=\"og:url\" content=\"https:\/\/www.camping-eden-savoie.com\/de\/camping-okologisch-savoyen\/\" \/>\n<meta property=\"og:site_name\" content=\"Camping l&#039;Eden de la Vanoise\" \/>\n<meta property=\"article:modified_time\" content=\"2020-09-23T16:24:40+00:00\" \/>\n<meta property=\"og:image\" content=\"https:\/\/www.camping-eden-savoie.com\/wp-content\/uploads\/2020\/08\/environnement-en-savoie.jpg\" \/>\n\t<meta property=\"og:image:width\" content=\"1903\" \/>\n\t<meta property=\"og:image:height\" content=\"550\" \/>\n\t<meta property=\"og:image:type\" content=\"image\/jpeg\" \/>\n<meta name=\"twitter:card\" content=\"summary_large_image\" \/>\n<script type=\"application\/ld+json\" class=\"yoast-schema-graph\">{\"@context\":\"https:\/\/schema.org\",\"@graph\":[{\"@type\":\"WebPage\",\"@id\":\"https:\/\/www.camping-eden-savoie.com\/de\/camping-okologisch-savoyen\/\",\"url\":\"https:\/\/www.camping-eden-savoie.com\/de\/camping-okologisch-savoyen\/\",\"name\":\"\u00d6kologisches Camping | Umwelt Savoyen | Camping Natur Savoyen\",\"isPartOf\":{\"@id\":\"https:\/\/www.camping-eden-savoie.com\/de\/#website\"},\"primaryImageOfPage\":{\"@id\":\"https:\/\/www.camping-eden-savoie.com\/de\/camping-okologisch-savoyen\/#primaryimage\"},\"image\":{\"@id\":\"https:\/\/www.camping-eden-savoie.com\/de\/camping-okologisch-savoyen\/#primaryimage\"},\"thumbnailUrl\":\"https:\/\/www.camping-eden-savoie.com\/wp-content\/uploads\/2020\/08\/environnement-en-savoie.jpg\",\"datePublished\":\"2020-06-24T07:28:20+00:00\",\"dateModified\":\"2020-09-23T16:24:40+00:00\",\"breadcrumb\":{\"@id\":\"https:\/\/www.camping-eden-savoie.com\/de\/camping-okologisch-savoyen\/#breadcrumb\"},\"inLanguage\":\"de\",\"potentialAction\":[{\"@type\":\"ReadAction\",\"target\":[\"https:\/\/www.camping-eden-savoie.com\/de\/camping-okologisch-savoyen\/\"]}]},{\"@type\":\"ImageObject\",\"inLanguage\":\"de\",\"@id\":\"https:\/\/www.camping-eden-savoie.com\/de\/camping-okologisch-savoyen\/#primaryimage\",\"url\":\"https:\/\/www.camping-eden-savoie.com\/wp-content\/uploads\/2020\/08\/environnement-en-savoie.jpg\",\"contentUrl\":\"https:\/\/www.camping-eden-savoie.com\/wp-content\/uploads\/2020\/08\/environnement-en-savoie.jpg\",\"width\":1903,\"height\":550,\"caption\":\"environnement en savoie\"},{\"@type\":\"BreadcrumbList\",\"@id\":\"https:\/\/www.camping-eden-savoie.com\/de\/camping-okologisch-savoyen\/#breadcrumb\",\"itemListElement\":[{\"@type\":\"ListItem\",\"position\":1,\"name\":\"Camping Alpen, in Savoyen\",\"item\":\"https:\/\/www.camping-eden-savoie.com\/de\/\"},{\"@type\":\"ListItem\",\"position\":2,\"name\":\"Camping Natur Savoyen\"}]},{\"@type\":\"WebSite\",\"@id\":\"https:\/\/www.camping-eden-savoie.com\/de\/#website\",\"url\":\"https:\/\/www.camping-eden-savoie.com\/de\/\",\"name\":\"Camping l&#039;Eden de la Vanoise\",\"description\":\"\",\"potentialAction\":[{\"@type\":\"SearchAction\",\"target\":{\"@type\":\"EntryPoint\",\"urlTemplate\":\"https:\/\/www.camping-eden-savoie.com\/de\/?s={search_term_string}\"},\"query-input\":{\"@type\":\"PropertyValueSpecification\",\"valueRequired\":true,\"valueName\":\"search_term_string\"}}],\"inLanguage\":\"de\"}]}<\/script>\n<!-- \/ Yoast SEO plugin. -->","yoast_head_json":{"title":"\u00d6kologisches Camping | Umwelt Savoyen | Camping Natur Savoyen","robots":{"index":"index","follow":"follow","max-snippet":"max-snippet:-1","max-image-preview":"max-image-preview:large","max-video-preview":"max-video-preview:-1"},"canonical":"https:\/\/www.camping-eden-savoie.com\/de\/camping-okologisch-savoyen\/","og_locale":"de_DE","og_type":"article","og_title":"\u00d6kologisches Camping | Umwelt Savoyen | Camping Natur Savoyen","og_url":"https:\/\/www.camping-eden-savoie.com\/de\/camping-okologisch-savoyen\/","og_site_name":"Camping l&#039;Eden de la Vanoise","article_modified_time":"2020-09-23T16:24:40+00:00","og_image":[{"width":1903,"height":550,"url":"https:\/\/www.camping-eden-savoie.com\/wp-content\/uploads\/2020\/08\/environnement-en-savoie.jpg","type":"image\/jpeg"}],"twitter_card":"summary_large_image","schema":{"@context":"https:\/\/schema.org","@graph":[{"@type":"WebPage","@id":"https:\/\/www.camping-eden-savoie.com\/de\/camping-okologisch-savoyen\/","url":"https:\/\/www.camping-eden-savoie.com\/de\/camping-okologisch-savoyen\/","name":"\u00d6kologisches Camping | Umwelt Savoyen | Camping Natur Savoyen","isPartOf":{"@id":"https:\/\/www.camping-eden-savoie.com\/de\/#website"},"primaryImageOfPage":{"@id":"https:\/\/www.camping-eden-savoie.com\/de\/camping-okologisch-savoyen\/#primaryimage"},"image":{"@id":"https:\/\/www.camping-eden-savoie.com\/de\/camping-okologisch-savoyen\/#primaryimage"},"thumbnailUrl":"https:\/\/www.camping-eden-savoie.com\/wp-content\/uploads\/2020\/08\/environnement-en-savoie.jpg","datePublished":"2020-06-24T07:28:20+00:00","dateModified":"2020-09-23T16:24:40+00:00","breadcrumb":{"@id":"https:\/\/www.camping-eden-savoie.com\/de\/camping-okologisch-savoyen\/#breadcrumb"},"inLanguage":"de","potentialAction":[{"@type":"ReadAction","target":["https:\/\/www.camping-eden-savoie.com\/de\/camping-okologisch-savoyen\/"]}]},{"@type":"ImageObject","inLanguage":"de","@id":"https:\/\/www.camping-eden-savoie.com\/de\/camping-okologisch-savoyen\/#primaryimage","url":"https:\/\/www.camping-eden-savoie.com\/wp-content\/uploads\/2020\/08\/environnement-en-savoie.jpg","contentUrl":"https:\/\/www.camping-eden-savoie.com\/wp-content\/uploads\/2020\/08\/environnement-en-savoie.jpg","width":1903,"height":550,"caption":"environnement en savoie"},{"@type":"BreadcrumbList","@id":"https:\/\/www.camping-eden-savoie.com\/de\/camping-okologisch-savoyen\/#breadcrumb","itemListElement":[{"@type":"ListItem","position":1,"name":"Camping Alpen, in Savoyen","item":"https:\/\/www.camping-eden-savoie.com\/de\/"},{"@type":"ListItem","position":2,"name":"Camping Natur Savoyen"}]},{"@type":"WebSite","@id":"https:\/\/www.camping-eden-savoie.com\/de\/#website","url":"https:\/\/www.camping-eden-savoie.com\/de\/","name":"Camping l&#039;Eden de la Vanoise","description":"","potentialAction":[{"@type":"SearchAction","target":{"@type":"EntryPoint","urlTemplate":"https:\/\/www.camping-eden-savoie.com\/de\/?s={search_term_string}"},"query-input":{"@type":"PropertyValueSpecification","valueRequired":true,"valueName":"search_term_string"}}],"inLanguage":"de"}]}},"_links":{"self":[{"href":"https:\/\/www.camping-eden-savoie.com\/de\/wp-json\/wp\/v2\/pages\/6077"}],"collection":[{"href":"https:\/\/www.camping-eden-savoie.com\/de\/wp-json\/wp\/v2\/pages"}],"about":[{"href":"https:\/\/www.camping-eden-savoie.com\/de\/wp-json\/wp\/v2\/types\/page"}],"author":[{"embeddable":true,"href":"https:\/\/www.camping-eden-savoie.com\/de\/wp-json\/wp\/v2\/users\/1"}],"replies":[{"embeddable":true,"href":"https:\/\/www.camping-eden-savoie.com\/de\/wp-json\/wp\/v2\/comments?post=6077"}],"version-history":[{"count":8,"href":"https:\/\/www.camping-eden-savoie.com\/de\/wp-json\/wp\/v2\/pages\/6077\/revisions"}],"predecessor-version":[{"id":7431,"href":"https:\/\/www.camping-eden-savoie.com\/de\/wp-json\/wp\/v2\/pages\/6077\/revisions\/7431"}],"wp:featuredmedia":[{"embeddable":true,"href":"https:\/\/www.camping-eden-savoie.com\/de\/wp-json\/wp\/v2\/media\/4758"}],"wp:attachment":[{"href":"https:\/\/www.camping-eden-savoie.com\/de\/wp-json\/wp\/v2\/media?parent=6077"}],"curies":[{"name":"wp","href":"https:\/\/api.w.org\/{rel}","templated":true}]}}