{"id":6063,"date":"2018-05-14T10:43:33","date_gmt":"2018-05-14T08:43:33","guid":{"rendered":"http:\/\/www.camping-eden-savoie.com\/votre-camping-en-savoie-pour-les-personnes-a-mobilite-reduite\/"},"modified":"2023-10-19T16:54:32","modified_gmt":"2023-10-19T14:54:32","slug":"ihr-camping-in-savoy-for-persons-a-mobility-ermassigt","status":"publish","type":"page","link":"https:\/\/www.camping-eden-savoie.com\/de\/ihr-camping-in-savoy-for-persons-a-mobility-ermassigt\/","title":{"rendered":"Qui : Personnes \u00e0 mobilit\u00e9 r\u00e9duite"},"content":{"rendered":"<section id=\"section-5f2ab25841fbb\"\" class=\"section bg-color1\" \/><div class=\"container extralarge\"><h1 class=\"element section-title center m-b-4\">Ihr Campingplatz f\u00fcr Menschen mit eingeschr\u00e4nkter Mobilit\u00e4t<\/h1><\/div><\/section>\n\n<section id=\"section-5f2ab25842436\"\" class=\"section bg-color5 p-t-0 p-b-0\" \/><div class=\"container full\"><div class=\"colonnes-wrap valign-middle \"><div class=\"element colonne p-0\"><div class=\"element images scroll-x-mobile\"><div class=\"image\"><img decoding=\"async\" src=\"\" data-src=\"https:\/\/www.camping-eden-savoie.com\/wp-content\/uploads\/2020\/08\/camping-adapte-pmr-savoie.jpg\" alt=\"camping adapte pmr savoie\" class=\"images_image anime-zoom\" \/><\/div><\/div><\/div><div class=\"element colonne p-x-10 p-y-10\"><div class=\"element bloc-text justify \">\n\t<p>Wir versuchen, <strong class=\"bold color1\">angepasste Dienstleistungen f\u00fcr Menschen mit eingeschr\u00e4nkter Mobilit\u00e4t anzubieten<\/strong> :<\/p>\n<ul>\n<li><strong class=\"bold color1\">Wenn Sie auf einem unserer 90 landschaftlich gestalteten Stellpl\u00e4tze<\/strong> (mit Ihrem eigenen Zelt, Wohnwagen oder Wohnmobil) \u00fcbernachten m\u00f6chten, k\u00f6nnen wir Ihnen einen ger\u00e4umigen, flachen Stellplatz in der N\u00e4he aller Annehmlichkeiten (Sanit\u00e4ranlagen, Rezeption usw.) anbieten.  Unser Sanit\u00e4rgeb\u00e4ude ist rollstuhlgerecht und eine ger\u00e4umige Dusche mit angepasstem WC steht f\u00fcr Sie bereit!  Auch das Fu\u00dfbad mit Zugang zum Schwimmbad ist f\u00fcr Sie zug\u00e4nglich (eine Person muss Sie begleiten, um die T\u00fcr zu \u00f6ffnen und Ihnen beim Baden zu helfen).  Und schlie\u00dflich k\u00f6nnen Sie sich mit Ihrem Sessel leicht zwischen Ihrem Stellplatz &#8211; der Rezeption &#8211; der Bar und der Terrasse und schlie\u00dflich dem Schwimmbad bewegen.<\/li>\n<li><strong class=\"bold color1\">Wenn Sie einen Aufenthalt in einem Mietbungalow <\/strong> verbringen m\u00f6chten, ist nur eine unserer Mieteinheiten f\u00fcr Personen mit eingeschr\u00e4nkter Mobilit\u00e4t geeignet und es handelt sich um einen Zeltbungalow.  Dieser Bungalow verf\u00fcgt \u00fcber keine sanit\u00e4ren Einrichtungen, so dass Sie Zugang zu den gemeinsamen Sanit\u00e4ranlagen haben, die rollstuhlgerecht sind, und eine ger\u00e4umige Dusche mit angepasstem WC ist f\u00fcr Sie vorgesehen!  Auch das Fu\u00dfbad mit Zugang zum Schwimmbad ist f\u00fcr Sie zug\u00e4nglich (eine Person muss Sie begleiten, um die T\u00fcr zu \u00f6ffnen und Ihnen beim Baden zu helfen).  Und schlie\u00dflich k\u00f6nnen Sie sich mit Ihrem Sessel leicht zwischen Ihrem Standort &#8211; der Rezeption, der Bar und der Terrasse und schlie\u00dflich dem Swimmingpool &#8211; bewegen.<\/li>\n<\/ul>\n<\/div><\/div><\/div><\/div><\/section>\n\n<section id=\"section-5f2aae2ae11ca\"\" class=\"section bg-color5 p-t-0 p-b-0\" \/><div class=\"container full\"><div class=\"colonnes-wrap valign-middle \"><div class=\"element colonne p-x-10 p-y-10\"><h2 class=\"element section-title justify\">Camping PMR was ist das?<\/h2><div class=\"element bloc-text justify \">\n\t<p>Auf <a href=\"\/de\/\">camping Alpen, in Savoyen<\/a> m\u00f6chten wir allen unseren G\u00e4sten die M\u00f6glichkeit bieten, <strong class=\"bold color1\">die Sch\u00e4tze der Alpen<\/strong> zu entdecken. <\/p>\n<p>Aus diesem Grund sind wir stolz darauf, an der Spitze eines PMR-Outdoor-Hotels zu stehen, das an die besonderen Bed\u00fcrfnisse von Menschen mit eingeschr\u00e4nkter Mobilit\u00e4t angepasst ist.<\/p>\n<p>Wir haben <strong class=\"bold color1\">Infrastrukturen eingerichtet, die f\u00fcr behinderte Menschen<\/strong> zug\u00e4nglich sind, darunter ein Bungalow aus PMR-Leinwand.<\/p>\n<p>Unser Ziel? Ihnen die M\u00f6glichkeit zu geben, sich in unseren Einrichtungen (Sanit\u00e4ranlagen, Bar, Schwimmbad&#8230;) selbst\u00e4ndig zu bewegen und wie alle Besucher die Freuden des Campings in einer gr\u00fcnen und gesch\u00fctzten Umgebung am Eingang des Nationalparks Vanoise zu genie\u00dfen.<\/p>\n<\/div><\/div><div class=\"element colonne p-0\"><div class=\"element images scroll-x-mobile\"><div class=\"image\"><img decoding=\"async\" src=\"\" data-src=\"https:\/\/www.camping-eden-savoie.com\/wp-content\/uploads\/2020\/08\/acces-handicape-savoie.jpg\" alt=\"acces handicape savoie\" class=\"images_image anime-zoom\" \/><\/div><\/div><\/div><\/div><\/div><\/section>\n\n<section id=\"section-last\"\" class=\"section bg-color5 p-t-0 p-b-0\" \/><div class=\"container full\"><div class=\"colonnes-wrap valign-middle \"><div class=\"element colonne p-0\"><div class=\"element images scroll-x-mobile\"><div class=\"image\"><img decoding=\"async\" src=\"\" data-src=\"https:\/\/www.camping-eden-savoie.com\/wp-content\/uploads\/2020\/08\/location-pmr-savoie.jpg\" alt=\"location pmr savoie\" class=\"images_image anime-zoom\" \/><\/div><\/div><\/div><div class=\"element colonne p-x-10 p-y-10\"><h2 class=\"element section-title justify\">PMR-Wohnmobile<\/h2><div class=\"element bloc-text justify \">\n\t<p>Unser Mietpark umfasst eine <strong class=\"bold color1\">PMR-Unterbringung<\/strong>, einen Leinwandbungalow f\u00fcr 5 Personen, der die Vorteile des Bungalows und des traditionellen Zeltes vereint. Geeignet f\u00fcr Personen mit eingeschr\u00e4nkter Mobilit\u00e4t, umfasst es ein gro\u00dfes Wohnzimmer, das zum Waldgebiet hin offen ist, eine ausgestattete K\u00fcche und 2 separate Schlafzimmer, eines davon ein Hauptschlafzimmer mit Doppelbett, sowie eine ger\u00e4umige, an das Wohnzimmer angrenzende Terrasse mit Gartenm\u00f6beln.<\/p>\n<p>Diese voll ausgestattete Luxusunterkunft befindet sich in der N\u00e4he der Sanit\u00e4ranlagen, die ebenfalls rollstuhlgerecht sind (<strong class=\"bold color1\">rollstuhlgerecht<\/strong>). Die gute Raumaufteilung und das \u00d6ffnungs-\/Schlie\u00dfsystem der verschiedenen R\u00e4ume macht es behinderten Menschen leicht, sich zu bewegen. <\/p>\n<p>Sie k\u00f6nnen jederzeit von einem Zimmer in ein anderes umziehen, sich auf der Terrasse entspannen und sich in den Gassen des PMR-Campingplatzes bewegen. Bevor Sie Ihre Reservierung auf dem Campingplatz PMR vornehmen, <strong class=\"bold color1\">kontaktieren Sie uns<\/strong>, um mehr \u00fcber unseren PMR-Zeltbungalow und die Ma\u00dfnahmen zur Aufnahme von Personen mit eingeschr\u00e4nkter Mobilit\u00e4t zu erfahren.<\/p>\n<\/div><\/div><\/div><\/div><\/section>\n\n<section id=\"section-last-row\"\" class=\"section bg-color5 p-t-0 p-b-0\" \/><div class=\"container full\"><div class=\"colonnes-wrap valign-middle \"><div class=\"element colonne p-x-10 p-y-10\"><h2 class=\"element section-title justify\">F\u00fcr alle angepasste Infrastrukturen und Ausr\u00fcstungen<\/h2><div class=\"element bloc-text justify \">\n\t<p>Die Integration von Menschen mit eingeschr\u00e4nkter Mobilit\u00e4t in das t\u00e4gliche Leben und in den Urlaub ist eine gro\u00dfe Herausforderung. Unser Campingplatz unternimmt alle Anstrengungen, um sicherzustellen, dass <strong class=\"bold color1\">Behinderte mit anderen Campern zusammenleben<\/strong> k\u00f6nnen und Zugang zu allen Einrichtungen haben. Wenn Sie mit einer behinderten Person auf dem Campingplatz Eden de la Vanoise \u00fcbernachten, k\u00f6nnen Sie auf der Terrasse ein gemeinsames Getr\u00e4nk zu sich nehmen, Ihre Mahlzeiten auf der privaten Terrasse Ihres Zeltbungalows teilen und Stunden im Wasserbereich mit einem Hallenbad verbringen, das das ganze Jahr \u00fcber, Sommer wie Winter, zwischen 28 und 30\u00b0C beheizt wird. <\/p>\n<p>Personen mit eingeschr\u00e4nkter Mobilit\u00e4t haben auch leichten Zugang zum Spielzimmer, zur W\u00e4scherei, zur B\u00e4ckerei, zu den Sanit\u00e4ranlagen und zur Terrasse. Die Rezeption ist t\u00e4glich ge\u00f6ffnet, um ihre Fragen zu beantworten und auf ihre spezifischen Bed\u00fcrfnisse w\u00e4hrend ihres Aufenthalts einzugehen. Sobald sie ankommen, um unser Team und die anderen Urlauber zu treffen, die Dienste von Fachleuten vor Ort (Masseurin, Kosmetikerin) in Anspruch zu nehmen und sich nat\u00fcrlich frei auf dem Anwesen zu bewegen, k\u00f6nnen sie am Empfang <strong class=\"bold color1\">Empfang<\/strong> teilnehmen.<\/p>\n<\/div><\/div><div class=\"element colonne p-0\"><div class=\"element images scroll-x-mobile\"><div class=\"image\"><img decoding=\"async\" src=\"\" data-src=\"https:\/\/www.camping-eden-savoie.com\/wp-content\/uploads\/2020\/08\/piscine-handicape-savoie.jpg\" alt=\"randonnees de savoie\" class=\"images_image anime-zoom\" \/><\/div><\/div><\/div><\/div><\/div><\/section>\n\n<section id=\"section-5f2ab2584333c\"\" class=\"section bg-color1\" \/><div class=\"container extralarge\"><div class=\"element section-title center cta-title\">Aktivit\u00e4ten in der N\u00e4he f\u00fcr alle Aufenthaltsarten!<\/div><ul class=\"liste-de-page\"><li class=\"element call-to-action center cta-title call-to-action--style-1 call-to-action--normal\"><a href=\"https:\/\/www.camping-eden-savoie.com\/de\/familien-camping-savoie\/\"  class=\"call-to-action_link\" title=\"Erfahren Sie mehr \u00fcber in der familie\"><div class=\"call-to-action_image\"><img decoding=\"async\" src=\"https:\/\/www.camping-eden-savoie.com\/wp-content\/uploads\/2020\/08\/famille-savoie-100x88.jpg\" data-src=\"https:\/\/www.camping-eden-savoie.com\/wp-content\/uploads\/2020\/08\/famille-savoie.jpg\" alt=\"famille savoie\" class=\"normal\" \/><\/div><div class=\"call-to-action_contenu\"><div class=\"call-to-action_titre\">In der Familie<\/div><\/div><\/a><\/li><li class=\"element call-to-action center cta-title call-to-action--style-1 call-to-action--normal call-to-action--style-1 call-to-action--normal\"><a href=\"https:\/\/www.camping-eden-savoie.com\/de\/camping-angler-berg\/\"  class=\"call-to-action_link\" title=\"Erfahren Sie mehr \u00fcber angeln\"><div class=\"call-to-action_image\"><img decoding=\"async\" src=\"https:\/\/www.camping-eden-savoie.com\/wp-content\/uploads\/2020\/08\/peche-savoie-100x88.jpg\" data-src=\"https:\/\/www.camping-eden-savoie.com\/wp-content\/uploads\/2020\/08\/peche-savoie.jpg\" alt=\"peche savoie\" class=\"normal\" \/><\/div><div class=\"call-to-action_contenu\"><div class=\"call-to-action_titre\">Angeln<\/div><\/div><\/a><\/li><li class=\"element call-to-action center cta-title call-to-action--style-1 call-to-action--normal call-to-action--style-1 call-to-action--normal call-to-action--style-1 call-to-action--normal\"><a href=\"https:\/\/www.camping-eden-savoie.com\/de\/camping-okologisch-savoyen\/\"  class=\"call-to-action_link\" title=\"Erfahren Sie mehr \u00fcber \u00d6kologisches camping\"><div class=\"call-to-action_image\"><img decoding=\"async\" src=\"https:\/\/www.camping-eden-savoie.com\/wp-content\/uploads\/2020\/08\/environnement-savoie-100x88.jpg\" data-src=\"https:\/\/www.camping-eden-savoie.com\/wp-content\/uploads\/2020\/08\/environnement-savoie.jpg\" alt=\"environnement savoie\" class=\"normal\" \/><\/div><div class=\"call-to-action_contenu\"><div class=\"call-to-action_titre\">\u00d6kologisches Camping<\/div><\/div><\/a><\/li><\/ul><\/div><\/section>","protected":false},"excerpt":{"rendered":"","protected":false},"author":1,"featured_media":4619,"parent":0,"menu_order":0,"comment_status":"closed","ping_status":"closed","template":"","meta":{"_acf_changed":false,"footnotes":""},"class_list":["post-6063","page","type-page","status-publish","has-post-thumbnail","hentry"],"acf":[],"yoast_head":"<!-- This site is optimized with the Yoast SEO plugin v25.3 - https:\/\/yoast.com\/wordpress\/plugins\/seo\/ -->\n<title>Camping PMR | Camping f\u00fcr Menschen mit eingeschr\u00e4nkter Mobilit\u00e4t<\/title>\n<meta name=\"robots\" content=\"index, follow, max-snippet:-1, max-image-preview:large, max-video-preview:-1\" \/>\n<link rel=\"canonical\" href=\"https:\/\/www.camping-eden-savoie.com\/de\/ihr-camping-in-savoy-for-persons-a-mobility-ermassigt\/\" \/>\n<meta property=\"og:locale\" content=\"de_DE\" \/>\n<meta property=\"og:type\" content=\"article\" \/>\n<meta property=\"og:title\" content=\"Camping PMR | Camping f\u00fcr Menschen mit eingeschr\u00e4nkter Mobilit\u00e4t\" \/>\n<meta property=\"og:url\" content=\"https:\/\/www.camping-eden-savoie.com\/de\/ihr-camping-in-savoy-for-persons-a-mobility-ermassigt\/\" \/>\n<meta property=\"og:site_name\" content=\"Camping l&#039;Eden de la Vanoise\" \/>\n<meta property=\"article:modified_time\" content=\"2023-10-19T14:54:32+00:00\" \/>\n<meta property=\"og:image\" content=\"https:\/\/www.camping-eden-savoie.com\/wp-content\/uploads\/2020\/08\/camping-handicape-savoie.jpg\" \/>\n\t<meta property=\"og:image:width\" content=\"1903\" \/>\n\t<meta property=\"og:image:height\" content=\"550\" \/>\n\t<meta property=\"og:image:type\" content=\"image\/jpeg\" \/>\n<meta name=\"twitter:card\" content=\"summary_large_image\" \/>\n<script type=\"application\/ld+json\" class=\"yoast-schema-graph\">{\"@context\":\"https:\/\/schema.org\",\"@graph\":[{\"@type\":\"WebPage\",\"@id\":\"https:\/\/www.camping-eden-savoie.com\/de\/ihr-camping-in-savoy-for-persons-a-mobility-ermassigt\/\",\"url\":\"https:\/\/www.camping-eden-savoie.com\/de\/ihr-camping-in-savoy-for-persons-a-mobility-ermassigt\/\",\"name\":\"Camping PMR | Camping f\u00fcr Menschen mit eingeschr\u00e4nkter Mobilit\u00e4t\",\"isPartOf\":{\"@id\":\"https:\/\/www.camping-eden-savoie.com\/de\/#website\"},\"primaryImageOfPage\":{\"@id\":\"https:\/\/www.camping-eden-savoie.com\/de\/ihr-camping-in-savoy-for-persons-a-mobility-ermassigt\/#primaryimage\"},\"image\":{\"@id\":\"https:\/\/www.camping-eden-savoie.com\/de\/ihr-camping-in-savoy-for-persons-a-mobility-ermassigt\/#primaryimage\"},\"thumbnailUrl\":\"https:\/\/www.camping-eden-savoie.com\/wp-content\/uploads\/2020\/08\/camping-handicape-savoie.jpg\",\"datePublished\":\"2018-05-14T08:43:33+00:00\",\"dateModified\":\"2023-10-19T14:54:32+00:00\",\"breadcrumb\":{\"@id\":\"https:\/\/www.camping-eden-savoie.com\/de\/ihr-camping-in-savoy-for-persons-a-mobility-ermassigt\/#breadcrumb\"},\"inLanguage\":\"de\",\"potentialAction\":[{\"@type\":\"ReadAction\",\"target\":[\"https:\/\/www.camping-eden-savoie.com\/de\/ihr-camping-in-savoy-for-persons-a-mobility-ermassigt\/\"]}]},{\"@type\":\"ImageObject\",\"inLanguage\":\"de\",\"@id\":\"https:\/\/www.camping-eden-savoie.com\/de\/ihr-camping-in-savoy-for-persons-a-mobility-ermassigt\/#primaryimage\",\"url\":\"https:\/\/www.camping-eden-savoie.com\/wp-content\/uploads\/2020\/08\/camping-handicape-savoie.jpg\",\"contentUrl\":\"https:\/\/www.camping-eden-savoie.com\/wp-content\/uploads\/2020\/08\/camping-handicape-savoie.jpg\",\"width\":1903,\"height\":550,\"caption\":\"camping handicape savoie\"},{\"@type\":\"BreadcrumbList\",\"@id\":\"https:\/\/www.camping-eden-savoie.com\/de\/ihr-camping-in-savoy-for-persons-a-mobility-ermassigt\/#breadcrumb\",\"itemListElement\":[{\"@type\":\"ListItem\",\"position\":1,\"name\":\"Camping Alpen, in Savoyen\",\"item\":\"https:\/\/www.camping-eden-savoie.com\/de\/\"},{\"@type\":\"ListItem\",\"position\":2,\"name\":\"Aufenthalt auf dem Campingplatz PMR\"}]},{\"@type\":\"WebSite\",\"@id\":\"https:\/\/www.camping-eden-savoie.com\/de\/#website\",\"url\":\"https:\/\/www.camping-eden-savoie.com\/de\/\",\"name\":\"Camping l&#039;Eden de la Vanoise\",\"description\":\"\",\"potentialAction\":[{\"@type\":\"SearchAction\",\"target\":{\"@type\":\"EntryPoint\",\"urlTemplate\":\"https:\/\/www.camping-eden-savoie.com\/de\/?s={search_term_string}\"},\"query-input\":{\"@type\":\"PropertyValueSpecification\",\"valueRequired\":true,\"valueName\":\"search_term_string\"}}],\"inLanguage\":\"de\"}]}<\/script>\n<!-- \/ Yoast SEO plugin. -->","yoast_head_json":{"title":"Camping PMR | Camping f\u00fcr Menschen mit eingeschr\u00e4nkter Mobilit\u00e4t","robots":{"index":"index","follow":"follow","max-snippet":"max-snippet:-1","max-image-preview":"max-image-preview:large","max-video-preview":"max-video-preview:-1"},"canonical":"https:\/\/www.camping-eden-savoie.com\/de\/ihr-camping-in-savoy-for-persons-a-mobility-ermassigt\/","og_locale":"de_DE","og_type":"article","og_title":"Camping PMR | Camping f\u00fcr Menschen mit eingeschr\u00e4nkter Mobilit\u00e4t","og_url":"https:\/\/www.camping-eden-savoie.com\/de\/ihr-camping-in-savoy-for-persons-a-mobility-ermassigt\/","og_site_name":"Camping l&#039;Eden de la Vanoise","article_modified_time":"2023-10-19T14:54:32+00:00","og_image":[{"width":1903,"height":550,"url":"https:\/\/www.camping-eden-savoie.com\/wp-content\/uploads\/2020\/08\/camping-handicape-savoie.jpg","type":"image\/jpeg"}],"twitter_card":"summary_large_image","schema":{"@context":"https:\/\/schema.org","@graph":[{"@type":"WebPage","@id":"https:\/\/www.camping-eden-savoie.com\/de\/ihr-camping-in-savoy-for-persons-a-mobility-ermassigt\/","url":"https:\/\/www.camping-eden-savoie.com\/de\/ihr-camping-in-savoy-for-persons-a-mobility-ermassigt\/","name":"Camping PMR | Camping f\u00fcr Menschen mit eingeschr\u00e4nkter Mobilit\u00e4t","isPartOf":{"@id":"https:\/\/www.camping-eden-savoie.com\/de\/#website"},"primaryImageOfPage":{"@id":"https:\/\/www.camping-eden-savoie.com\/de\/ihr-camping-in-savoy-for-persons-a-mobility-ermassigt\/#primaryimage"},"image":{"@id":"https:\/\/www.camping-eden-savoie.com\/de\/ihr-camping-in-savoy-for-persons-a-mobility-ermassigt\/#primaryimage"},"thumbnailUrl":"https:\/\/www.camping-eden-savoie.com\/wp-content\/uploads\/2020\/08\/camping-handicape-savoie.jpg","datePublished":"2018-05-14T08:43:33+00:00","dateModified":"2023-10-19T14:54:32+00:00","breadcrumb":{"@id":"https:\/\/www.camping-eden-savoie.com\/de\/ihr-camping-in-savoy-for-persons-a-mobility-ermassigt\/#breadcrumb"},"inLanguage":"de","potentialAction":[{"@type":"ReadAction","target":["https:\/\/www.camping-eden-savoie.com\/de\/ihr-camping-in-savoy-for-persons-a-mobility-ermassigt\/"]}]},{"@type":"ImageObject","inLanguage":"de","@id":"https:\/\/www.camping-eden-savoie.com\/de\/ihr-camping-in-savoy-for-persons-a-mobility-ermassigt\/#primaryimage","url":"https:\/\/www.camping-eden-savoie.com\/wp-content\/uploads\/2020\/08\/camping-handicape-savoie.jpg","contentUrl":"https:\/\/www.camping-eden-savoie.com\/wp-content\/uploads\/2020\/08\/camping-handicape-savoie.jpg","width":1903,"height":550,"caption":"camping handicape savoie"},{"@type":"BreadcrumbList","@id":"https:\/\/www.camping-eden-savoie.com\/de\/ihr-camping-in-savoy-for-persons-a-mobility-ermassigt\/#breadcrumb","itemListElement":[{"@type":"ListItem","position":1,"name":"Camping Alpen, in Savoyen","item":"https:\/\/www.camping-eden-savoie.com\/de\/"},{"@type":"ListItem","position":2,"name":"Aufenthalt auf dem Campingplatz PMR"}]},{"@type":"WebSite","@id":"https:\/\/www.camping-eden-savoie.com\/de\/#website","url":"https:\/\/www.camping-eden-savoie.com\/de\/","name":"Camping l&#039;Eden de la Vanoise","description":"","potentialAction":[{"@type":"SearchAction","target":{"@type":"EntryPoint","urlTemplate":"https:\/\/www.camping-eden-savoie.com\/de\/?s={search_term_string}"},"query-input":{"@type":"PropertyValueSpecification","valueRequired":true,"valueName":"search_term_string"}}],"inLanguage":"de"}]}},"_links":{"self":[{"href":"https:\/\/www.camping-eden-savoie.com\/de\/wp-json\/wp\/v2\/pages\/6063"}],"collection":[{"href":"https:\/\/www.camping-eden-savoie.com\/de\/wp-json\/wp\/v2\/pages"}],"about":[{"href":"https:\/\/www.camping-eden-savoie.com\/de\/wp-json\/wp\/v2\/types\/page"}],"author":[{"embeddable":true,"href":"https:\/\/www.camping-eden-savoie.com\/de\/wp-json\/wp\/v2\/users\/1"}],"replies":[{"embeddable":true,"href":"https:\/\/www.camping-eden-savoie.com\/de\/wp-json\/wp\/v2\/comments?post=6063"}],"version-history":[{"count":8,"href":"https:\/\/www.camping-eden-savoie.com\/de\/wp-json\/wp\/v2\/pages\/6063\/revisions"}],"predecessor-version":[{"id":10926,"href":"https:\/\/www.camping-eden-savoie.com\/de\/wp-json\/wp\/v2\/pages\/6063\/revisions\/10926"}],"wp:featuredmedia":[{"embeddable":true,"href":"https:\/\/www.camping-eden-savoie.com\/de\/wp-json\/wp\/v2\/media\/4619"}],"wp:attachment":[{"href":"https:\/\/www.camping-eden-savoie.com\/de\/wp-json\/wp\/v2\/media?parent=6063"}],"curies":[{"name":"wp","href":"https:\/\/api.w.org\/{rel}","templated":true}]}}