{"id":6035,"date":"2016-12-26T16:10:19","date_gmt":"2016-12-26T15:10:19","guid":{"rendered":"http:\/\/www.camping-eden-savoie.com\/camping-ouvert-annee-savoie\/"},"modified":"2021-10-24T10:40:39","modified_gmt":"2021-10-24T08:40:39","slug":"camping-offenes-jahr-savoyen","status":"publish","type":"page","link":"https:\/\/www.camping-eden-savoie.com\/de\/camping-offenes-jahr-savoyen\/","title":{"rendered":"Services : Camping ouvert toute l&#8217;ann\u00e9e"},"content":{"rendered":"<section id=\"section-5f2ab25841fbb\"\" class=\"section bg-color1\" \/><div class=\"container extralarge\"><h1 class=\"element section-title center m-b-4\">Ganzj\u00e4hrig ge\u00f6ffneter Campingplatz in Savoyen<\/h1><\/div><\/section>\n\n<section id=\"section-5f2ab25842436\"\" class=\"section bg-color5 p-t-0 p-b-0\" \/><div class=\"container full\"><div class=\"colonnes-wrap valign-middle \"><div class=\"element colonne p-0\"><div class=\"element images scroll-x-mobile\"><div class=\"image\"><img decoding=\"async\" src=\"\" data-src=\"https:\/\/www.camping-eden-savoie.com\/wp-content\/uploads\/2020\/08\/camping-parapente-savoie.jpg\" alt=\"camping parapente savoie\" class=\"images_image anime-zoom\" \/><\/div><\/div><\/div><div class=\"element colonne p-x-10 p-y-10\"><h2 class=\"element section-title justify\">Was ist ein Ganzjahres-Campingplatz?<\/h2><div class=\"element bloc-text justify \">\n\t<p>Die <strong class=\"bold color1\">ganzj\u00e4hrig ge\u00f6ffneten Campingpl\u00e4tze sind ein Muss<\/strong>, wenn Sie zu allen Jahreszeiten in Urlaub fahren und campen wollen.<\/p>\n<p>Diese Einrichtungen bieten Campingfreunden den <strong class=\"bold color1\">Campingvergn\u00fcgen mitten in der Natur<\/strong> im Winter, Fr\u00fchling, Sommer oder Herbst. Sie k\u00f6nnen dann die Unterhaltung und Aktivit\u00e4ten der jeweiligen Saison genie\u00dfen.<\/p>\n<p>L&#8217;Eden de la Vanoise, ein ganzj\u00e4hrig ge\u00f6ffneter Campingplatz im Herzen der Savoie Mont Blanc, wird sich freuen, Sie f\u00fcr Ihren zuk\u00fcnftigen Urlaub zu seinen Mietern z\u00e4hlen zu d\u00fcrfen.<\/p>\n<p>Dieses Open-Air-Hotel bietet Ihnen einen herzlichen Empfang in seinem Waldgebiet mit 103 Stellpl\u00e4tzen : 34 unterk\u00fcnfte und 69 Stellpl\u00e4tze f\u00fcr Zelte, Wohnwagen und Wohnmobile. Es bietet Ihnen die M\u00f6glichkeit, Ihr Gep\u00e4ck im Herzen der Haute Tarentaise mit Blick auf die herrlichen Berglandschaften Savoyens abzustellen.<\/p>\n<p>Die Region ist auch ein wahres Paradies f\u00fcr Aktivit\u00e4ten im Freien, egal zu welcher Jahreszeit.<\/p>\n<\/div><\/div><\/div><\/div><\/section>\n\n<section id=\"section-5f2ab2584292e\"\" class=\"section bg-white p-t-0 p-b-0\" \/><div class=\"container full\"><div class=\"element images scroll-x-mobile\"><div class=\"image\"><img decoding=\"async\" src=\"\" data-src=\"https:\/\/www.camping-eden-savoie.com\/wp-content\/uploads\/2020\/08\/camping-ouvert-annee-piscine-savoie.jpg\" alt=\"camping ouvert annee piscine savoie\" class=\"images_image\" \/><\/div><div class=\"image\"><img decoding=\"async\" src=\"\" data-src=\"https:\/\/www.camping-eden-savoie.com\/wp-content\/uploads\/2020\/08\/camping-hiver-savoie.jpg\" alt=\"camping hiver savoie\" class=\"images_image\" \/><\/div><div class=\"image\"><img decoding=\"async\" src=\"\" data-src=\"https:\/\/www.camping-eden-savoie.com\/wp-content\/uploads\/2020\/08\/camping-escalade-savoie.jpg\" alt=\"camping escalade savoie\" class=\"images_image\" \/><\/div><div class=\"image\"><img decoding=\"async\" src=\"\" data-src=\"https:\/\/www.camping-eden-savoie.com\/wp-content\/uploads\/2020\/08\/camping-a-lannee-savoie.jpg\" alt=\"camping a l'annee savoie\" class=\"images_image\" \/><\/div><\/div><div class=\"element images scroll-x-mobile\"><div class=\"image\"><img decoding=\"async\" src=\"\" data-src=\"https:\/\/www.camping-eden-savoie.com\/wp-content\/uploads\/2020\/08\/camping-ete-savoie.jpg\" alt=\"camping ete savoie\" class=\"images_image\" \/><\/div><div class=\"image\"><img decoding=\"async\" src=\"\" data-src=\"https:\/\/www.camping-eden-savoie.com\/wp-content\/uploads\/2020\/08\/location-ete-savoie.jpg\" alt=\"location ete savoie\" class=\"images_image\" \/><\/div><div class=\"image\"><img decoding=\"async\" src=\"\" data-src=\"https:\/\/www.camping-eden-savoie.com\/wp-content\/uploads\/2020\/08\/randonnee-ete-savoie.jpg\" alt=\"randonnee ete savoie\" class=\"images_image\" \/><\/div><div class=\"image\"><img decoding=\"async\" src=\"\" data-src=\"https:\/\/www.camping-eden-savoie.com\/wp-content\/uploads\/2020\/08\/activite-ete-savoie.jpg\" alt=\"activite ete savoie\" class=\"images_image\" \/><\/div><\/div><\/div><\/section>\n\n<section id=\"section-5f2aae2ae11ca\"\" class=\"section bg-color5 p-t-0 p-b-0\" \/><div class=\"container full\"><div class=\"colonnes-wrap valign-middle \"><div class=\"element colonne p-x-10 p-y-10\"><h2 class=\"element section-title justify\">Campingplatz in Savoyen im Sommer ge\u00f6ffnet<\/h2><div class=\"element bloc-text justify \">\n\t<p>Kommen Sie und genie\u00dfen Sie den milden Sommer und eine F\u00fclle von Natur auf dem <a href=\"\/de\/\">Campingplatz Savoie<\/a>.<\/p>\n<p>Zu dieser Jahreszeit schm\u00fccken sich die <strong class=\"bold color1\">Gebirge, die sich durch Fl\u00fcsse schl\u00e4ngeln<\/strong> und die <strong class=\"bold color1\">Landschaften mit Seen und Teichen<\/strong> in ihrer sch\u00f6nsten Pracht, um Naturliebhaber zu bezaubern. Sie erm\u00f6glichen eine breite Palette von Freizeitaktivit\u00e4ten, um alle W\u00fcnsche zu befriedigen. Entdecken Sie, wie Sie Ihre Sommerferien in Savoyen organisieren k\u00f6nnen.<\/p>\n<p>Die Liebhaber des Wanderns und Radfahrens k\u00f6nnen auf den daf\u00fcr vorgesehenen Strecken die pr\u00e4chtigen Landschaften Savoyens entdecken. <\/p>\n<p>Und warum nicht eine <strong class=\"bold color1\">Pferdereiten<\/strong> ? Unabh\u00e4ngig von Ihrem Niveau finden Sie unter den verf\u00fcgbaren Routen sicher das passende Schuhwerk f\u00fcr Ihre F\u00fc\u00dfe.<\/p>\n<p>Sie k\u00f6nnen Fahrr\u00e4der der <strong class=\"bold color1\">ganzj\u00e4hrig ge\u00f6ffneten Campingpl\u00e4tze <\/strong> mieten. Wenn Sie gerne Wassersport betreiben, gibt es in der N\u00e4he des Eden der Vanoise Freizeitzentren, die Kanufahren, Rafting, Hydrospeed, Canyoning&#8230; anbieten.<\/p>\n<p>Freizeitvereine bieten Ihnen weitere Aktivit\u00e4ten f\u00fcr Ihre Familie an, wie z.B. Paintball, Bowling, Quadfahren, Zip-Line, Paragliding, Klettersteige, Akrobatikkurse im Wald und viele andere. Nutzen Sie Ihren Aufenthalt auch, um die Seen von Savoyen zu entdecken, aber auch ihr <strong class=\"bold color1\">reiches Erbe<\/strong> gebaut.<\/p>\n<\/div><\/div><div class=\"element colonne p-0\"><div class=\"element images scroll-x-mobile\"><div class=\"image\"><img decoding=\"async\" src=\"\" data-src=\"https:\/\/www.camping-eden-savoie.com\/wp-content\/uploads\/2020\/08\/vacances-ete-savoie.jpg\" alt=\"vacances \u00e9t\u00e9 savoie\" class=\"images_image anime-zoom\" \/><\/div><\/div><\/div><\/div><\/div><\/section>\n\n<section id=\"section-last\"\" class=\"section bg-color5 p-t-0 p-b-0\" \/><div class=\"container full\"><div class=\"colonnes-wrap valign-middle \"><div class=\"element colonne p-0\"><div class=\"element images scroll-x-mobile\"><div class=\"image\"><img decoding=\"async\" src=\"\" data-src=\"https:\/\/www.camping-eden-savoie.com\/wp-content\/uploads\/2020\/08\/vacances-hiver-savoie.jpg\" alt=\"vacances hiver savoie\" class=\"images_image anime-zoom\" \/><\/div><\/div><\/div><div class=\"element colonne p-x-10 p-y-10\"><h2 class=\"element section-title justify\">Campingplatz in Haute Savoie im Winter ge\u00f6ffnet<\/h2><div class=\"element bloc-text justify \">\n\t<p>Die <strong class=\"bold color1\">Winterferien in Savoyen Mont Blanc<\/strong> werden dank der Aktivit\u00e4ten, die zu dieser Jahreszeit angeboten werden, ebenso belebt sein.<\/p>\n<p>Dank seiner strategischen Lage, an der Kreuzung der sch\u00f6nsten Skigebiete der Gegend, werden sich die <strong class=\"bold color1\">Wintersportler sicherlich<\/strong> \u00fcber einen Aufenthalt auf dem ganzj\u00e4hrig ge\u00f6ffneten Campingplatz freuen.<\/p>\n<p>Nutzen Sie die Gelegenheit, unseren Bergcampingplatz mitten im Winter zu entdecken. <\/p>\n<p>Hier sind Sie auf dem Dach Europas, im Mont-Blanc-Massiv. Sie k\u00f6nnen vielen Aktivit\u00e4ten wie Skifahren, Schlittenfahren, Schneemobilfahren, Schneeschuhwandern, Hundeschlittenfahren, etc. nach Herzenslust nachgehen.<\/p>\n<p>Viele Parks bieten auch <strong class=\"bold color1\">Freizeitaktivit\u00e4ten f\u00fcr die ganze Familie<\/strong>, Eislaufen, Tauchen unter Eis und andere Aktivit\u00e4ten an, von denen eine origineller ist als die andere.<\/p>\n<p>Dar\u00fcber hinaus sind die Wellness-Zentren, die Spa, K\u00f6rperpflege, Massagen sowie Kurorte anbieten, ebenfalls recht zahlreich rund um den Garten Eden von Savoyen.<\/p>\n<p>Sie k\u00f6nnen Ihre <strong class=\"bold color1\">Winterferien mit Entspannung und Erholung<\/strong> kombinieren. Und nat\u00fcrlich gibt es auch interessante St\u00e4dte und Orte zu entdecken.<\/p>\n<\/div><\/div><\/div><\/div><\/section>\n\n<section id=\"section-5f2ab2584333c\"\" class=\"section bg-color1\" \/><div class=\"container extralarge\"><div class=\"element section-title center cta-title\">Unsere Dienstleistungen auf dem Campingplatz Eden Vanoise<\/div><ul class=\"liste-de-page\"><li class=\"element call-to-action center cta-title call-to-action--style-1 call-to-action--normal\"><a href=\"https:\/\/www.camping-eden-savoie.com\/de\/camping-3-sterne-savoie\/\"  class=\"call-to-action_link\" title=\"Erfahren Sie mehr \u00fcber die dienste\"><div class=\"call-to-action_image\"><img decoding=\"async\" src=\"https:\/\/www.camping-eden-savoie.com\/wp-content\/uploads\/2020\/08\/services-au-camping-100x88.jpg\" data-src=\"https:\/\/www.camping-eden-savoie.com\/wp-content\/uploads\/2020\/08\/services-au-camping.jpg\" alt=\"\" class=\"normal\" \/><\/div><div class=\"call-to-action_contenu\"><div class=\"call-to-action_titre\">Die Dienste<\/div><\/div><\/a><\/li><li class=\"element call-to-action center cta-title call-to-action--style-1 call-to-action--normal call-to-action--style-1 call-to-action--normal\"><a href=\"https:\/\/www.camping-eden-savoie.com\/de\/freizeitgestaltung-camping-savoie\/\"  class=\"call-to-action_link\" title=\"Erfahren Sie mehr \u00fcber unterhaltung\"><div class=\"call-to-action_image\"><img decoding=\"async\" src=\"https:\/\/www.camping-eden-savoie.com\/wp-content\/uploads\/2020\/06\/animation-camping-savoie-100x88.jpg\" data-src=\"https:\/\/www.camping-eden-savoie.com\/wp-content\/uploads\/2020\/06\/animation-camping-savoie.jpg\" alt=\"animation camping savoie\" class=\"normal\" \/><\/div><div class=\"call-to-action_contenu\"><div class=\"call-to-action_titre\">Unterhaltung<\/div><\/div><\/a><\/li><li class=\"element call-to-action center cta-title call-to-action--style-1 call-to-action--normal call-to-action--style-1 call-to-action--normal call-to-action--style-1 call-to-action--normal\"><a href=\"https:\/\/www.camping-eden-savoie.com\/de\/praktische-informationen-camping-alpes\/\"  class=\"call-to-action_link\" title=\"Erfahren Sie mehr \u00fcber praktische informationen\"><div class=\"call-to-action_image\"><img decoding=\"async\" src=\"https:\/\/www.camping-eden-savoie.com\/wp-content\/uploads\/2020\/08\/bar-savoie-100x88.jpg\" data-src=\"https:\/\/www.camping-eden-savoie.com\/wp-content\/uploads\/2020\/08\/bar-savoie.jpg\" alt=\"bar savoie\" class=\"normal\" \/><\/div><div class=\"call-to-action_contenu\"><div class=\"call-to-action_titre\">Praktische Informationen<\/div><\/div><\/a><\/li><\/ul><\/div><\/section>","protected":false},"excerpt":{"rendered":"","protected":false},"author":1,"featured_media":3716,"parent":0,"menu_order":0,"comment_status":"closed","ping_status":"closed","template":"","meta":{"_acf_changed":false,"footnotes":""},"class_list":["post-6035","page","type-page","status-publish","has-post-thumbnail","hentry"],"acf":[],"yoast_head":"<!-- This site is optimized with the Yoast SEO plugin v25.3 - https:\/\/yoast.com\/wordpress\/plugins\/seo\/ -->\n<title>Campingplatz ganzj\u00e4hrig ge\u00f6ffnet - Campingplatz 365 Tage im Jahr<\/title>\n<meta name=\"robots\" content=\"index, follow, max-snippet:-1, max-image-preview:large, max-video-preview:-1\" \/>\n<link rel=\"canonical\" href=\"https:\/\/www.camping-eden-savoie.com\/de\/camping-offenes-jahr-savoyen\/\" \/>\n<meta property=\"og:locale\" content=\"de_DE\" \/>\n<meta property=\"og:type\" content=\"article\" \/>\n<meta property=\"og:title\" content=\"Campingplatz ganzj\u00e4hrig ge\u00f6ffnet - Campingplatz 365 Tage im Jahr\" \/>\n<meta property=\"og:url\" content=\"https:\/\/www.camping-eden-savoie.com\/de\/camping-offenes-jahr-savoyen\/\" \/>\n<meta property=\"og:site_name\" content=\"Camping l&#039;Eden de la Vanoise\" \/>\n<meta property=\"article:modified_time\" content=\"2021-10-24T08:40:39+00:00\" \/>\n<meta property=\"og:image\" content=\"https:\/\/www.camping-eden-savoie.com\/wp-content\/uploads\/2020\/08\/vacances-ete-alpes.jpg\" \/>\n\t<meta property=\"og:image:width\" content=\"1903\" \/>\n\t<meta property=\"og:image:height\" content=\"550\" \/>\n\t<meta property=\"og:image:type\" content=\"image\/jpeg\" \/>\n<meta name=\"twitter:card\" content=\"summary_large_image\" \/>\n<script type=\"application\/ld+json\" class=\"yoast-schema-graph\">{\"@context\":\"https:\/\/schema.org\",\"@graph\":[{\"@type\":\"WebPage\",\"@id\":\"https:\/\/www.camping-eden-savoie.com\/de\/camping-offenes-jahr-savoyen\/\",\"url\":\"https:\/\/www.camping-eden-savoie.com\/de\/camping-offenes-jahr-savoyen\/\",\"name\":\"Campingplatz ganzj\u00e4hrig ge\u00f6ffnet - Campingplatz 365 Tage im Jahr\",\"isPartOf\":{\"@id\":\"https:\/\/www.camping-eden-savoie.com\/de\/#website\"},\"primaryImageOfPage\":{\"@id\":\"https:\/\/www.camping-eden-savoie.com\/de\/camping-offenes-jahr-savoyen\/#primaryimage\"},\"image\":{\"@id\":\"https:\/\/www.camping-eden-savoie.com\/de\/camping-offenes-jahr-savoyen\/#primaryimage\"},\"thumbnailUrl\":\"https:\/\/www.camping-eden-savoie.com\/wp-content\/uploads\/2020\/08\/vacances-ete-alpes.jpg\",\"datePublished\":\"2016-12-26T15:10:19+00:00\",\"dateModified\":\"2021-10-24T08:40:39+00:00\",\"breadcrumb\":{\"@id\":\"https:\/\/www.camping-eden-savoie.com\/de\/camping-offenes-jahr-savoyen\/#breadcrumb\"},\"inLanguage\":\"de\",\"potentialAction\":[{\"@type\":\"ReadAction\",\"target\":[\"https:\/\/www.camping-eden-savoie.com\/de\/camping-offenes-jahr-savoyen\/\"]}]},{\"@type\":\"ImageObject\",\"inLanguage\":\"de\",\"@id\":\"https:\/\/www.camping-eden-savoie.com\/de\/camping-offenes-jahr-savoyen\/#primaryimage\",\"url\":\"https:\/\/www.camping-eden-savoie.com\/wp-content\/uploads\/2020\/08\/vacances-ete-alpes.jpg\",\"contentUrl\":\"https:\/\/www.camping-eden-savoie.com\/wp-content\/uploads\/2020\/08\/vacances-ete-alpes.jpg\",\"width\":1903,\"height\":550,\"caption\":\"vacances ete alpes\"},{\"@type\":\"BreadcrumbList\",\"@id\":\"https:\/\/www.camping-eden-savoie.com\/de\/camping-offenes-jahr-savoyen\/#breadcrumb\",\"itemListElement\":[{\"@type\":\"ListItem\",\"position\":1,\"name\":\"Camping Alpen, in Savoyen\",\"item\":\"https:\/\/www.camping-eden-savoie.com\/de\/\"},{\"@type\":\"ListItem\",\"position\":2,\"name\":\"Ganzj\u00e4hrig ge\u00f6ffneter Campingplatz in Savoyen\"}]},{\"@type\":\"WebSite\",\"@id\":\"https:\/\/www.camping-eden-savoie.com\/de\/#website\",\"url\":\"https:\/\/www.camping-eden-savoie.com\/de\/\",\"name\":\"Camping l&#039;Eden de la Vanoise\",\"description\":\"\",\"potentialAction\":[{\"@type\":\"SearchAction\",\"target\":{\"@type\":\"EntryPoint\",\"urlTemplate\":\"https:\/\/www.camping-eden-savoie.com\/de\/?s={search_term_string}\"},\"query-input\":{\"@type\":\"PropertyValueSpecification\",\"valueRequired\":true,\"valueName\":\"search_term_string\"}}],\"inLanguage\":\"de\"}]}<\/script>\n<!-- \/ Yoast SEO plugin. -->","yoast_head_json":{"title":"Campingplatz ganzj\u00e4hrig ge\u00f6ffnet - Campingplatz 365 Tage im Jahr","robots":{"index":"index","follow":"follow","max-snippet":"max-snippet:-1","max-image-preview":"max-image-preview:large","max-video-preview":"max-video-preview:-1"},"canonical":"https:\/\/www.camping-eden-savoie.com\/de\/camping-offenes-jahr-savoyen\/","og_locale":"de_DE","og_type":"article","og_title":"Campingplatz ganzj\u00e4hrig ge\u00f6ffnet - Campingplatz 365 Tage im Jahr","og_url":"https:\/\/www.camping-eden-savoie.com\/de\/camping-offenes-jahr-savoyen\/","og_site_name":"Camping l&#039;Eden de la Vanoise","article_modified_time":"2021-10-24T08:40:39+00:00","og_image":[{"width":1903,"height":550,"url":"https:\/\/www.camping-eden-savoie.com\/wp-content\/uploads\/2020\/08\/vacances-ete-alpes.jpg","type":"image\/jpeg"}],"twitter_card":"summary_large_image","schema":{"@context":"https:\/\/schema.org","@graph":[{"@type":"WebPage","@id":"https:\/\/www.camping-eden-savoie.com\/de\/camping-offenes-jahr-savoyen\/","url":"https:\/\/www.camping-eden-savoie.com\/de\/camping-offenes-jahr-savoyen\/","name":"Campingplatz ganzj\u00e4hrig ge\u00f6ffnet - Campingplatz 365 Tage im Jahr","isPartOf":{"@id":"https:\/\/www.camping-eden-savoie.com\/de\/#website"},"primaryImageOfPage":{"@id":"https:\/\/www.camping-eden-savoie.com\/de\/camping-offenes-jahr-savoyen\/#primaryimage"},"image":{"@id":"https:\/\/www.camping-eden-savoie.com\/de\/camping-offenes-jahr-savoyen\/#primaryimage"},"thumbnailUrl":"https:\/\/www.camping-eden-savoie.com\/wp-content\/uploads\/2020\/08\/vacances-ete-alpes.jpg","datePublished":"2016-12-26T15:10:19+00:00","dateModified":"2021-10-24T08:40:39+00:00","breadcrumb":{"@id":"https:\/\/www.camping-eden-savoie.com\/de\/camping-offenes-jahr-savoyen\/#breadcrumb"},"inLanguage":"de","potentialAction":[{"@type":"ReadAction","target":["https:\/\/www.camping-eden-savoie.com\/de\/camping-offenes-jahr-savoyen\/"]}]},{"@type":"ImageObject","inLanguage":"de","@id":"https:\/\/www.camping-eden-savoie.com\/de\/camping-offenes-jahr-savoyen\/#primaryimage","url":"https:\/\/www.camping-eden-savoie.com\/wp-content\/uploads\/2020\/08\/vacances-ete-alpes.jpg","contentUrl":"https:\/\/www.camping-eden-savoie.com\/wp-content\/uploads\/2020\/08\/vacances-ete-alpes.jpg","width":1903,"height":550,"caption":"vacances ete alpes"},{"@type":"BreadcrumbList","@id":"https:\/\/www.camping-eden-savoie.com\/de\/camping-offenes-jahr-savoyen\/#breadcrumb","itemListElement":[{"@type":"ListItem","position":1,"name":"Camping Alpen, in Savoyen","item":"https:\/\/www.camping-eden-savoie.com\/de\/"},{"@type":"ListItem","position":2,"name":"Ganzj\u00e4hrig ge\u00f6ffneter Campingplatz in Savoyen"}]},{"@type":"WebSite","@id":"https:\/\/www.camping-eden-savoie.com\/de\/#website","url":"https:\/\/www.camping-eden-savoie.com\/de\/","name":"Camping l&#039;Eden de la Vanoise","description":"","potentialAction":[{"@type":"SearchAction","target":{"@type":"EntryPoint","urlTemplate":"https:\/\/www.camping-eden-savoie.com\/de\/?s={search_term_string}"},"query-input":{"@type":"PropertyValueSpecification","valueRequired":true,"valueName":"search_term_string"}}],"inLanguage":"de"}]}},"_links":{"self":[{"href":"https:\/\/www.camping-eden-savoie.com\/de\/wp-json\/wp\/v2\/pages\/6035"}],"collection":[{"href":"https:\/\/www.camping-eden-savoie.com\/de\/wp-json\/wp\/v2\/pages"}],"about":[{"href":"https:\/\/www.camping-eden-savoie.com\/de\/wp-json\/wp\/v2\/types\/page"}],"author":[{"embeddable":true,"href":"https:\/\/www.camping-eden-savoie.com\/de\/wp-json\/wp\/v2\/users\/1"}],"replies":[{"embeddable":true,"href":"https:\/\/www.camping-eden-savoie.com\/de\/wp-json\/wp\/v2\/comments?post=6035"}],"version-history":[{"count":12,"href":"https:\/\/www.camping-eden-savoie.com\/de\/wp-json\/wp\/v2\/pages\/6035\/revisions"}],"predecessor-version":[{"id":8589,"href":"https:\/\/www.camping-eden-savoie.com\/de\/wp-json\/wp\/v2\/pages\/6035\/revisions\/8589"}],"wp:featuredmedia":[{"embeddable":true,"href":"https:\/\/www.camping-eden-savoie.com\/de\/wp-json\/wp\/v2\/media\/3716"}],"wp:attachment":[{"href":"https:\/\/www.camping-eden-savoie.com\/de\/wp-json\/wp\/v2\/media?parent=6035"}],"curies":[{"name":"wp","href":"https:\/\/api.w.org\/{rel}","templated":true}]}}