{"id":6021,"date":"2016-02-17T12:09:19","date_gmt":"2016-02-17T11:09:19","guid":{"rendered":"http:\/\/www.camping-eden-savoie.com\/webcams-camping-savoie\/"},"modified":"2020-09-24T16:37:40","modified_gmt":"2020-09-24T14:37:40","slug":"webkameras-camping-savoie","status":"publish","type":"page","link":"https:\/\/www.camping-eden-savoie.com\/de\/webkameras-camping-savoie\/","title":{"rendered":"Services : Webcam"},"content":{"rendered":"<section id=\"section-5f32ad9871167\"\" class=\"section bg-color1\" \/><div class=\"container extralarge\"><h1 class=\"element section-title center\">Webcams des Campingplatzes in Savoyen<\/h1><\/div><\/section>\n\n<section id=\"section-5f32ad9871382\"\" class=\"section bg-color5\" \/><div class=\"container extralarge\"><div class=\"colonnes-wrap valign-middle \"><div class=\"element colonne \"><div class=\"element bloc-text justify \">\n\t<p><iframe width=\"650\" height=\"450\" src=\"https:\/\/www.youtube.com\/embed\/xGf9tqrEVnM?rel=0&amp;vq=hd720;autoplay=1;muted\" frameborder=\"0\" allow=\"accelerometer; autoplay; encrypted-media; gyroscope; picture-in-picture\" allowfullscreen=\"\"><\/iframe><\/p>\n<\/div><\/div><div class=\"element colonne \"><div class=\"element bloc-text justify \">\n\t<p><iframe width=\"650\" height=\"450\" src=\"https:\/\/www.youtube.com\/embed\/YsLlAS6EUOE\" frameborder=\"0\" allow=\"accelerometer; autoplay; encrypted-media; gyroscope; picture-in-picture\" allowfullscreen=\"\"><\/iframe><\/p>\n<\/div><\/div><\/div><\/div><\/section>\n\n<section id=\"section-5f32ac6a4f455\"\" class=\"section bg-color5 p-t-0\" \/><div class=\"container extralarge\"><div class=\"colonnes-wrap valign-middle \"><div class=\"element colonne \"><div class=\"element bloc-text justify \">\n\t<p><iframe width=\"650\" height=\"450\" src=\"https:\/\/www.youtube.com\/embed\/84-TQiEpYds\" frameborder=\"0\" allow=\"accelerometer; autoplay; encrypted-media; gyroscope; picture-in-picture\" allowfullscreen=\"\"><\/iframe><\/p>\n<\/div><\/div><div class=\"element colonne \"><div class=\"element bloc-text justify \">\n\t<p><iframe width=\"650\" height=\"450\" src=\"https:\/\/www.youtube.com\/embed\/zqlrvrKyohE\" frameborder=\"0\" allow=\"accelerometer; autoplay; encrypted-media; gyroscope; picture-in-picture\" allowfullscreen><\/iframe><\/p>\n<\/div><\/div><\/div><\/div><\/section>\n\n<section id=\"section-5f32ad98717b6\"\" class=\"section bg-color5 p-t-0 p-b-0\" \/><div class=\"container full\"><div class=\"colonnes-wrap valign-middle \"><div class=\"element colonne p-0\"><div class=\"element images scroll-x-mobile\"><div class=\"image\"><img decoding=\"async\" src=\"\" data-src=\"https:\/\/www.camping-eden-savoie.com\/wp-content\/uploads\/2020\/08\/webcam-eden-vanoise-savoie.jpg\" alt=\"webcam eden vanoise savoie\" class=\"images_image\" \/><\/div><\/div><\/div><div class=\"element colonne p-x-10 p-y-10\"><div class=\"element bloc-text justify \">\n\t<p>Dank der Webcam des Campingplatzes k\u00f6nnen Sie die <strong class=\"bold color1\">Bilder, die auf der Website aufgenommen wurden, live konsultieren<\/strong> : das Wetter, die Atmosph\u00e4re, die Menschenmengen kennenlernen, ohne zu schummeln !<\/p>\n<p>Hier gibt es keine f\u00e4lschlich schmeichelhaften Bilder, die an einem sch\u00f6nen Tag au\u00dferhalb der Saison aufgenommen wurden, und keine b\u00f6sen \u00dcberraschungen.<\/p>\n<p>Das <a href=\"\/de\/\">camping l&#8217;Eden de la Vanoise in Savoyen<\/a> hat im Gegenteil nichts zu verbergen: die Webcam l\u00e4sst Sie auch das Layout der Website entdecken, die Bewahrung ihrer <strong class=\"bold color1\">sch\u00f6ne Vegetation<\/strong>, ihre <strong class=\"bold color1\">improccable maintenance<\/strong>, und das einzigartige <strong class=\"bold color1\">Panorama, das sie umgibt<\/strong>.<\/p>\n<p>Sie k\u00f6nnen seine <strong class=\"bold color1\">Ruhe und Gelassenheit<\/strong> durch in Echtzeit gefilmte Bilder messen und in seine Atmosph\u00e4re eintauchen. Konsultieren Sie den Live-Stream, bevor Sie Ihre Reservierung vornehmen, um Ihnen die Wahl zwischen unseren verschiedenen Unterkunftsangeboten zu erleichtern.<\/p>\n<p>Zeigen Sie Ihren Kindern die Aktivit\u00e4ten, die sie erwarten, und die Hochgebirgslandschaft, an der sie bald teilnehmen werden. Im Laufe der Jahreszeiten werden Sie den Campingplatz und seinen <strong class=\"bold color1\">\u00fcberdachten Swimmingpool<\/strong> bei Sonne, Regen oder Schnee sehen. Tag und Nacht sendet der Campingplatz Eden de la Vanoise seine Bilder live. <\/p>\n<p>Ein Beweis daf\u00fcr, dass die freie Natur und die freie Natur Sie nicht zwingen, die Verbindung abzubrechen! Nutzen Sie also unsere Webcam-\u00dcbertragung, um direkt in das <strong class=\"bold color1\">Leben unseres Campingplatzes und unserer Region<\/strong> einzutauchen!<\/p>\n<\/div><\/div><\/div><\/div><\/section>","protected":false},"excerpt":{"rendered":"","protected":false},"author":1,"featured_media":0,"parent":0,"menu_order":0,"comment_status":"closed","ping_status":"closed","template":"","meta":{"_acf_changed":false,"footnotes":""},"class_list":["post-6021","page","type-page","status-publish","hentry"],"acf":[],"yoast_head":"<!-- This site is optimized with the Yoast SEO plugin v25.3 - https:\/\/yoast.com\/wordpress\/plugins\/seo\/ -->\n<title>Webcam Campingplatz Savoyen - Campingplatz Alpen - Ferien am See<\/title>\n<meta name=\"description\" content=\"Erfahren Sie mehr \u00fcber Webcams auf dem Campingplatz l&#039;Eden in Savoyen\" \/>\n<meta name=\"robots\" content=\"index, follow, max-snippet:-1, max-image-preview:large, max-video-preview:-1\" \/>\n<link rel=\"canonical\" href=\"https:\/\/www.camping-eden-savoie.com\/de\/webkameras-camping-savoie\/\" \/>\n<meta property=\"og:locale\" content=\"de_DE\" \/>\n<meta property=\"og:type\" content=\"article\" \/>\n<meta property=\"og:title\" content=\"Webcam Campingplatz Savoyen - Campingplatz Alpen - Ferien am See\" \/>\n<meta property=\"og:description\" content=\"Erfahren Sie mehr \u00fcber Webcams auf dem Campingplatz l&#039;Eden in Savoyen\" \/>\n<meta property=\"og:url\" content=\"https:\/\/www.camping-eden-savoie.com\/de\/webkameras-camping-savoie\/\" \/>\n<meta property=\"og:site_name\" content=\"Camping l&#039;Eden de la Vanoise\" \/>\n<meta property=\"article:modified_time\" content=\"2020-09-24T14:37:40+00:00\" \/>\n<meta name=\"twitter:card\" content=\"summary_large_image\" \/>\n<script type=\"application\/ld+json\" class=\"yoast-schema-graph\">{\"@context\":\"https:\/\/schema.org\",\"@graph\":[{\"@type\":\"WebPage\",\"@id\":\"https:\/\/www.camping-eden-savoie.com\/de\/webkameras-camping-savoie\/\",\"url\":\"https:\/\/www.camping-eden-savoie.com\/de\/webkameras-camping-savoie\/\",\"name\":\"Webcam Campingplatz Savoyen - Campingplatz Alpen - Ferien am See\",\"isPartOf\":{\"@id\":\"https:\/\/www.camping-eden-savoie.com\/de\/#website\"},\"datePublished\":\"2016-02-17T11:09:19+00:00\",\"dateModified\":\"2020-09-24T14:37:40+00:00\",\"description\":\"Erfahren Sie mehr \u00fcber Webcams auf dem Campingplatz l'Eden in Savoyen\",\"breadcrumb\":{\"@id\":\"https:\/\/www.camping-eden-savoie.com\/de\/webkameras-camping-savoie\/#breadcrumb\"},\"inLanguage\":\"de\",\"potentialAction\":[{\"@type\":\"ReadAction\",\"target\":[\"https:\/\/www.camping-eden-savoie.com\/de\/webkameras-camping-savoie\/\"]}]},{\"@type\":\"BreadcrumbList\",\"@id\":\"https:\/\/www.camping-eden-savoie.com\/de\/webkameras-camping-savoie\/#breadcrumb\",\"itemListElement\":[{\"@type\":\"ListItem\",\"position\":1,\"name\":\"Camping Alpen, in Savoyen\",\"item\":\"https:\/\/www.camping-eden-savoie.com\/de\/\"},{\"@type\":\"ListItem\",\"position\":2,\"name\":\"Webcam camping Savoie\"}]},{\"@type\":\"WebSite\",\"@id\":\"https:\/\/www.camping-eden-savoie.com\/de\/#website\",\"url\":\"https:\/\/www.camping-eden-savoie.com\/de\/\",\"name\":\"Camping l&#039;Eden de la Vanoise\",\"description\":\"\",\"potentialAction\":[{\"@type\":\"SearchAction\",\"target\":{\"@type\":\"EntryPoint\",\"urlTemplate\":\"https:\/\/www.camping-eden-savoie.com\/de\/?s={search_term_string}\"},\"query-input\":{\"@type\":\"PropertyValueSpecification\",\"valueRequired\":true,\"valueName\":\"search_term_string\"}}],\"inLanguage\":\"de\"}]}<\/script>\n<!-- \/ Yoast SEO plugin. -->","yoast_head_json":{"title":"Webcam Campingplatz Savoyen - Campingplatz Alpen - Ferien am See","description":"Erfahren Sie mehr \u00fcber Webcams auf dem Campingplatz l'Eden in Savoyen","robots":{"index":"index","follow":"follow","max-snippet":"max-snippet:-1","max-image-preview":"max-image-preview:large","max-video-preview":"max-video-preview:-1"},"canonical":"https:\/\/www.camping-eden-savoie.com\/de\/webkameras-camping-savoie\/","og_locale":"de_DE","og_type":"article","og_title":"Webcam Campingplatz Savoyen - Campingplatz Alpen - Ferien am See","og_description":"Erfahren Sie mehr \u00fcber Webcams auf dem Campingplatz l'Eden in Savoyen","og_url":"https:\/\/www.camping-eden-savoie.com\/de\/webkameras-camping-savoie\/","og_site_name":"Camping l&#039;Eden de la Vanoise","article_modified_time":"2020-09-24T14:37:40+00:00","twitter_card":"summary_large_image","schema":{"@context":"https:\/\/schema.org","@graph":[{"@type":"WebPage","@id":"https:\/\/www.camping-eden-savoie.com\/de\/webkameras-camping-savoie\/","url":"https:\/\/www.camping-eden-savoie.com\/de\/webkameras-camping-savoie\/","name":"Webcam Campingplatz Savoyen - Campingplatz Alpen - Ferien am See","isPartOf":{"@id":"https:\/\/www.camping-eden-savoie.com\/de\/#website"},"datePublished":"2016-02-17T11:09:19+00:00","dateModified":"2020-09-24T14:37:40+00:00","description":"Erfahren Sie mehr \u00fcber Webcams auf dem Campingplatz l'Eden in Savoyen","breadcrumb":{"@id":"https:\/\/www.camping-eden-savoie.com\/de\/webkameras-camping-savoie\/#breadcrumb"},"inLanguage":"de","potentialAction":[{"@type":"ReadAction","target":["https:\/\/www.camping-eden-savoie.com\/de\/webkameras-camping-savoie\/"]}]},{"@type":"BreadcrumbList","@id":"https:\/\/www.camping-eden-savoie.com\/de\/webkameras-camping-savoie\/#breadcrumb","itemListElement":[{"@type":"ListItem","position":1,"name":"Camping Alpen, in Savoyen","item":"https:\/\/www.camping-eden-savoie.com\/de\/"},{"@type":"ListItem","position":2,"name":"Webcam camping Savoie"}]},{"@type":"WebSite","@id":"https:\/\/www.camping-eden-savoie.com\/de\/#website","url":"https:\/\/www.camping-eden-savoie.com\/de\/","name":"Camping l&#039;Eden de la Vanoise","description":"","potentialAction":[{"@type":"SearchAction","target":{"@type":"EntryPoint","urlTemplate":"https:\/\/www.camping-eden-savoie.com\/de\/?s={search_term_string}"},"query-input":{"@type":"PropertyValueSpecification","valueRequired":true,"valueName":"search_term_string"}}],"inLanguage":"de"}]}},"_links":{"self":[{"href":"https:\/\/www.camping-eden-savoie.com\/de\/wp-json\/wp\/v2\/pages\/6021"}],"collection":[{"href":"https:\/\/www.camping-eden-savoie.com\/de\/wp-json\/wp\/v2\/pages"}],"about":[{"href":"https:\/\/www.camping-eden-savoie.com\/de\/wp-json\/wp\/v2\/types\/page"}],"author":[{"embeddable":true,"href":"https:\/\/www.camping-eden-savoie.com\/de\/wp-json\/wp\/v2\/users\/1"}],"replies":[{"embeddable":true,"href":"https:\/\/www.camping-eden-savoie.com\/de\/wp-json\/wp\/v2\/comments?post=6021"}],"version-history":[{"count":5,"href":"https:\/\/www.camping-eden-savoie.com\/de\/wp-json\/wp\/v2\/pages\/6021\/revisions"}],"predecessor-version":[{"id":7522,"href":"https:\/\/www.camping-eden-savoie.com\/de\/wp-json\/wp\/v2\/pages\/6021\/revisions\/7522"}],"wp:attachment":[{"href":"https:\/\/www.camping-eden-savoie.com\/de\/wp-json\/wp\/v2\/media?parent=6021"}],"curies":[{"name":"wp","href":"https:\/\/api.w.org\/{rel}","templated":true}]}}