{"id":10253,"date":"2023-06-05T11:38:54","date_gmt":"2023-06-05T09:38:54","guid":{"rendered":"https:\/\/www.camping-eden-savoie.com\/espace-coworking\/"},"modified":"2023-06-06T09:38:44","modified_gmt":"2023-06-06T07:38:44","slug":"espace-coworking","status":"publish","type":"page","link":"https:\/\/www.camping-eden-savoie.com\/de\/espace-coworking\/","title":{"rendered":"Espace Coworking"},"content":{"rendered":"<section id=\"section-5f2ab25841fbb\"\" class=\"section bg-color1\" \/><div class=\"container extralarge\"><h1 class=\"element section-title center m-b-4\">Coworking Space in Savoyen<\/h1><div class=\"element bloc-text center \">\n\t<p>Arbeiten Sie in einer landschaftlich reizvollen Umgebung unter freiem Himmel: Entdecken Sie den Cowoliday-Coworking-Bereich auf dem Campingplatz Eden de la Vanoise!<br \/>\nMit Cowoliday profitieren Sie von einem perfekten Gleichgewicht zwischen Berufs- und Privatleben. Unser Versprechen: Arbeit und Freizeit miteinander zu verbinden, um eine bereichernde Erfahrung zu machen.<\/p>\n<p>Machen Sie es sich auf unserer wundersch\u00f6nen \u00fcberdachten Terrasse mit atemberaubendem Blick auf die Berge gem\u00fctlich und genie\u00dfen Sie Ihre Telearbeit. In der Zwischenzeit k\u00f6nnen Ihre Familie oder Freunde die Einrichtungen des Campingplatzes nutzen.<br \/>\nProfitieren Sie von modernen Einrichtungen wie Bildschirmen, Highspeed-WLAN, Drucker\/Scanner und einer Kaffeemaschine. Diese bieten ideale Arbeitsbedingungen. Anschlie\u00dfend k\u00f6nnen Sie sich in der Natur erholen.<\/p>\n<\/div><\/div><\/section>\n\n<section id=\"section-5f2ab25842436\"\" class=\"section bg-color5 p-t-0 p-b-0\" \/><div class=\"container full\"><div class=\"colonnes-wrap valign-middle \"><div class=\"element colonne p-0\"><div class=\"element images scroll-x-mobile\"><div class=\"image\"><img decoding=\"async\" src=\"\" data-src=\"https:\/\/www.camping-eden-savoie.com\/wp-content\/uploads\/2022\/01\/piscine-eden-savoie-licorne.jpg\" alt=\"coworking savoie\" class=\"images_image anime-zoom\" \/><\/div><\/div><\/div><div class=\"element colonne p-x-10 p-y-10\"><h2 class=\"element section-title justify\">Cowoliday: ein neues Konzept<\/h2><div class=\"element bloc-text justify \">\n\t<p>Mit Cowoliday ist es ganz einfach, in den Bergen zu arbeiten :<\/p>\n<ul>\n<li>Allein: Verwandeln Sie Ihre gewohnte Routine im B\u00fcro oder bei der Telearbeit in eine Erfahrung, die Sie aus dem Alltag entl\u00e4sst. Steigern Sie Ihre Effizienz durch einen ausgeruhten Geist und optimieren Sie Ihre Ruhezeiten. Genie\u00dfen Sie eine Fahrt auf dem Radweg des Campingplatzes und schwimmen Sie anschlie\u00dfend in unserem auf 30 Grad beheizten Hallenbad mit Blick auf die verschneiten Berge. G\u00f6nnen Sie sich einen Moment der Entspannung bei Cocktails und lokalen Spezialit\u00e4ten.<\/li>\n<li>Im Team: St\u00e4rken Sie den Zusammenhalt im Sinne eines Teambuildings, indem Sie Arbeit, Austausch und Entspannung in den Bergen miteinander verbinden. Das Eden de la Vanoise liegt direkt gegen\u00fcber einer Wildwasserbasis und bietet eine Vielzahl von Aktivit\u00e4ten. Dazu geh\u00f6ren Rafting, Hydrospeed, Baumklettern, Quadtouren und vieles mehr. Mit dem Eden de la Vanoise wird Ihr Team mit gest\u00e4rktem Zusammenhalt und erholtem Geist nach Hause fahren.<\/li>\n<li>Mit der Familie: Ihr Partner oder Ihre Kinder verlangen Ihre Aufmerksamkeit und finden, dass Sie zu viel Zeit bei der Arbeit verbringen? Dann ist es an der Zeit, Cowoliday auszuprobieren! Bringen Sie Arbeit und Urlaub ganz entspannt unter einen Hut. Genie\u00dfen Sie entspannte Momente mit der Familie in den Bergen. Teilen Sie insbesondere ein Bad und anschlie\u00dfend einen Aperitif auf unserer herrlichen Sonnenterrasse mit Blick auf die umliegenden Berge.<\/li>\n<\/ul>\n<\/div><\/div><\/div><\/div><\/section>\n\n<section id=\"section-5f2ab2584292e\"\" class=\"section bg-white p-t-0 p-b-0\" \/><div class=\"container full\"><div class=\"element images scroll-x-mobile\"><div class=\"image\"><img decoding=\"async\" src=\"\" data-src=\"https:\/\/www.camping-eden-savoie.com\/wp-content\/uploads\/2022\/01\/piscine-eden-bandeau-repos.jpg\" alt=\"travaille savoie\" class=\"images_image\" \/><\/div><div class=\"image\"><img decoding=\"async\" src=\"\" data-src=\"https:\/\/www.camping-eden-savoie.com\/wp-content\/uploads\/2022\/01\/piscine-eden-bandeau-montagne.jpg\" alt=\"espace travail savoie\" class=\"images_image\" \/><\/div><div class=\"image\"><img decoding=\"async\" src=\"\" data-src=\"https:\/\/www.camping-eden-savoie.com\/wp-content\/uploads\/2022\/01\/piscine-eden-bandeau-soiree.jpg\" alt=\"Coworking Savoie\" class=\"images_image\" \/><\/div><div class=\"image\"><img decoding=\"async\" src=\"\" data-src=\"https:\/\/www.camping-eden-savoie.com\/wp-content\/uploads\/2022\/01\/piscine-eden-bandeau-licorne.jpg\" alt=\"working Savoie\" class=\"images_image\" \/><\/div><\/div><div class=\"element images scroll-x-mobile\"><div class=\"image\"><img decoding=\"async\" src=\"\" data-src=\"https:\/\/www.camping-eden-savoie.com\/wp-content\/uploads\/2022\/01\/piscine-eden-bandeau-terrasse.jpg\" alt=\"travailler en Savoie\" class=\"images_image\" \/><\/div><div class=\"image\"><img decoding=\"async\" src=\"\" data-src=\"https:\/\/www.camping-eden-savoie.com\/wp-content\/uploads\/2022\/01\/piscine-eden-bandeau-transat.jpg\" alt=\"espace de travaille collectif Savoie\" class=\"images_image\" \/><\/div><div class=\"image\"><img decoding=\"async\" src=\"\" data-src=\"https:\/\/www.camping-eden-savoie.com\/wp-content\/uploads\/2022\/01\/piscine-eden-bandeau-ext.jpg\" alt=\"Savoie coworking\" class=\"images_image\" \/><\/div><div class=\"image\"><img decoding=\"async\" src=\"\" data-src=\"https:\/\/www.camping-eden-savoie.com\/wp-content\/uploads\/2022\/01\/piscine-eden-bandeau-nuit.jpg\" alt=\"Savoie travaille\" class=\"images_image\" \/><\/div><\/div><\/div><\/section>\n\n<section id=\"section-5f2aae2ae11ca\"\" class=\"section bg-color5 p-t-0 p-b-0\" \/><div class=\"container full\"><div class=\"colonnes-wrap valign-middle \"><div class=\"element colonne p-x-10 p-y-10\"><h2 class=\"element section-title justify\">Ihr neuer Arbeitsplatz im Eden Vanoise<\/h2><div class=\"element bloc-text justify \">\n\t<p>Dieser neue Arbeitsplatz wartet nur auf Sie! Reservieren Sie jetzt Ihren Arbeitsplatz in den Bergen. Sie werden von einer Einrichtung mit allem Komfort profitieren, die all Ihren Bed\u00fcrfnissen gerecht wird. Das herzliche Team des Campingplatzes L&#8217;Eden de la Vanoise freut sich darauf, Sie zu einem unbeschwerten Arbeitsaufenthalt zu begr\u00fc\u00dfen.<\/p>\n<p>Der Cowoliday Coworking Space ist von 8:00 bis 19:00 Uhr ge\u00f6ffnet. F\u00fcr weitere Informationen wenden Sie sich bitte an die Rezeption.<\/p>\n<\/div><\/div><div class=\"element colonne p-0\"><div class=\"element images scroll-x-mobile\"><div class=\"image\"><img decoding=\"async\" src=\"\" data-src=\"https:\/\/www.camping-eden-savoie.com\/wp-content\/uploads\/2022\/01\/piscine-eden-soiree.jpg\" alt=\"savoie coworking\" class=\"images_image anime-zoom\" \/><\/div><\/div><\/div><\/div><\/div><\/section>","protected":false},"excerpt":{"rendered":"","protected":false},"author":7,"featured_media":10587,"parent":0,"menu_order":0,"comment_status":"closed","ping_status":"closed","template":"","meta":{"_acf_changed":false,"footnotes":""},"class_list":["post-10253","page","type-page","status-publish","has-post-thumbnail","hentry"],"acf":[],"yoast_head":"<!-- This site is optimized with the Yoast SEO plugin v25.3 - https:\/\/yoast.com\/wordpress\/plugins\/seo\/ -->\n<title>Coworking Space Savoie: Ihr Arbeitsraum auf dem Campingplatz!<\/title>\n<meta name=\"robots\" content=\"index, follow, max-snippet:-1, max-image-preview:large, max-video-preview:-1\" \/>\n<link rel=\"canonical\" href=\"https:\/\/www.camping-eden-savoie.com\/de\/espace-coworking\/\" \/>\n<meta property=\"og:locale\" content=\"de_DE\" \/>\n<meta property=\"og:type\" content=\"article\" \/>\n<meta property=\"og:title\" content=\"Coworking Space Savoie: Ihr Arbeitsraum auf dem Campingplatz!\" \/>\n<meta property=\"og:url\" content=\"https:\/\/www.camping-eden-savoie.com\/de\/espace-coworking\/\" \/>\n<meta property=\"og:site_name\" content=\"Camping l&#039;Eden de la Vanoise\" \/>\n<meta property=\"article:modified_time\" content=\"2023-06-06T07:38:44+00:00\" \/>\n<meta property=\"og:image\" content=\"https:\/\/www.camping-eden-savoie.com\/wp-content\/uploads\/2023\/06\/espace-coworking-savoie.jpg\" \/>\n\t<meta property=\"og:image:width\" content=\"1900\" \/>\n\t<meta property=\"og:image:height\" content=\"799\" \/>\n\t<meta property=\"og:image:type\" content=\"image\/jpeg\" \/>\n<meta name=\"twitter:card\" content=\"summary_large_image\" \/>\n<script type=\"application\/ld+json\" class=\"yoast-schema-graph\">{\"@context\":\"https:\/\/schema.org\",\"@graph\":[{\"@type\":\"WebPage\",\"@id\":\"https:\/\/www.camping-eden-savoie.com\/de\/espace-coworking\/\",\"url\":\"https:\/\/www.camping-eden-savoie.com\/de\/espace-coworking\/\",\"name\":\"Coworking Space Savoie: Ihr Arbeitsraum auf dem Campingplatz!\",\"isPartOf\":{\"@id\":\"https:\/\/www.camping-eden-savoie.com\/de\/#website\"},\"primaryImageOfPage\":{\"@id\":\"https:\/\/www.camping-eden-savoie.com\/de\/espace-coworking\/#primaryimage\"},\"image\":{\"@id\":\"https:\/\/www.camping-eden-savoie.com\/de\/espace-coworking\/#primaryimage\"},\"thumbnailUrl\":\"https:\/\/www.camping-eden-savoie.com\/wp-content\/uploads\/2023\/07\/cooworking-savoie.jpg\",\"datePublished\":\"2023-06-05T09:38:54+00:00\",\"dateModified\":\"2023-06-06T07:38:44+00:00\",\"breadcrumb\":{\"@id\":\"https:\/\/www.camping-eden-savoie.com\/de\/espace-coworking\/#breadcrumb\"},\"inLanguage\":\"de\",\"potentialAction\":[{\"@type\":\"ReadAction\",\"target\":[\"https:\/\/www.camping-eden-savoie.com\/de\/espace-coworking\/\"]}]},{\"@type\":\"ImageObject\",\"inLanguage\":\"de\",\"@id\":\"https:\/\/www.camping-eden-savoie.com\/de\/espace-coworking\/#primaryimage\",\"url\":\"https:\/\/www.camping-eden-savoie.com\/wp-content\/uploads\/2023\/07\/cooworking-savoie.jpg\",\"contentUrl\":\"https:\/\/www.camping-eden-savoie.com\/wp-content\/uploads\/2023\/07\/cooworking-savoie.jpg\",\"width\":1903,\"height\":550,\"caption\":\"cooworking savoie\"},{\"@type\":\"BreadcrumbList\",\"@id\":\"https:\/\/www.camping-eden-savoie.com\/de\/espace-coworking\/#breadcrumb\",\"itemListElement\":[{\"@type\":\"ListItem\",\"position\":1,\"name\":\"Camping Alpen, in Savoyen\",\"item\":\"https:\/\/www.camping-eden-savoie.com\/de\/\"},{\"@type\":\"ListItem\",\"position\":2,\"name\":\"Coworking Space Savoie\"}]},{\"@type\":\"WebSite\",\"@id\":\"https:\/\/www.camping-eden-savoie.com\/de\/#website\",\"url\":\"https:\/\/www.camping-eden-savoie.com\/de\/\",\"name\":\"Camping l&#039;Eden de la Vanoise\",\"description\":\"\",\"potentialAction\":[{\"@type\":\"SearchAction\",\"target\":{\"@type\":\"EntryPoint\",\"urlTemplate\":\"https:\/\/www.camping-eden-savoie.com\/de\/?s={search_term_string}\"},\"query-input\":{\"@type\":\"PropertyValueSpecification\",\"valueRequired\":true,\"valueName\":\"search_term_string\"}}],\"inLanguage\":\"de\"}]}<\/script>\n<!-- \/ Yoast SEO plugin. -->","yoast_head_json":{"title":"Coworking Space Savoie: Ihr Arbeitsraum auf dem Campingplatz!","robots":{"index":"index","follow":"follow","max-snippet":"max-snippet:-1","max-image-preview":"max-image-preview:large","max-video-preview":"max-video-preview:-1"},"canonical":"https:\/\/www.camping-eden-savoie.com\/de\/espace-coworking\/","og_locale":"de_DE","og_type":"article","og_title":"Coworking Space Savoie: Ihr Arbeitsraum auf dem Campingplatz!","og_url":"https:\/\/www.camping-eden-savoie.com\/de\/espace-coworking\/","og_site_name":"Camping l&#039;Eden de la Vanoise","article_modified_time":"2023-06-06T07:38:44+00:00","og_image":[{"width":1900,"height":799,"url":"https:\/\/www.camping-eden-savoie.com\/wp-content\/uploads\/2023\/06\/espace-coworking-savoie.jpg","type":"image\/jpeg"}],"twitter_card":"summary_large_image","schema":{"@context":"https:\/\/schema.org","@graph":[{"@type":"WebPage","@id":"https:\/\/www.camping-eden-savoie.com\/de\/espace-coworking\/","url":"https:\/\/www.camping-eden-savoie.com\/de\/espace-coworking\/","name":"Coworking Space Savoie: Ihr Arbeitsraum auf dem Campingplatz!","isPartOf":{"@id":"https:\/\/www.camping-eden-savoie.com\/de\/#website"},"primaryImageOfPage":{"@id":"https:\/\/www.camping-eden-savoie.com\/de\/espace-coworking\/#primaryimage"},"image":{"@id":"https:\/\/www.camping-eden-savoie.com\/de\/espace-coworking\/#primaryimage"},"thumbnailUrl":"https:\/\/www.camping-eden-savoie.com\/wp-content\/uploads\/2023\/07\/cooworking-savoie.jpg","datePublished":"2023-06-05T09:38:54+00:00","dateModified":"2023-06-06T07:38:44+00:00","breadcrumb":{"@id":"https:\/\/www.camping-eden-savoie.com\/de\/espace-coworking\/#breadcrumb"},"inLanguage":"de","potentialAction":[{"@type":"ReadAction","target":["https:\/\/www.camping-eden-savoie.com\/de\/espace-coworking\/"]}]},{"@type":"ImageObject","inLanguage":"de","@id":"https:\/\/www.camping-eden-savoie.com\/de\/espace-coworking\/#primaryimage","url":"https:\/\/www.camping-eden-savoie.com\/wp-content\/uploads\/2023\/07\/cooworking-savoie.jpg","contentUrl":"https:\/\/www.camping-eden-savoie.com\/wp-content\/uploads\/2023\/07\/cooworking-savoie.jpg","width":1903,"height":550,"caption":"cooworking savoie"},{"@type":"BreadcrumbList","@id":"https:\/\/www.camping-eden-savoie.com\/de\/espace-coworking\/#breadcrumb","itemListElement":[{"@type":"ListItem","position":1,"name":"Camping Alpen, in Savoyen","item":"https:\/\/www.camping-eden-savoie.com\/de\/"},{"@type":"ListItem","position":2,"name":"Coworking Space Savoie"}]},{"@type":"WebSite","@id":"https:\/\/www.camping-eden-savoie.com\/de\/#website","url":"https:\/\/www.camping-eden-savoie.com\/de\/","name":"Camping l&#039;Eden de la Vanoise","description":"","potentialAction":[{"@type":"SearchAction","target":{"@type":"EntryPoint","urlTemplate":"https:\/\/www.camping-eden-savoie.com\/de\/?s={search_term_string}"},"query-input":{"@type":"PropertyValueSpecification","valueRequired":true,"valueName":"search_term_string"}}],"inLanguage":"de"}]}},"_links":{"self":[{"href":"https:\/\/www.camping-eden-savoie.com\/de\/wp-json\/wp\/v2\/pages\/10253"}],"collection":[{"href":"https:\/\/www.camping-eden-savoie.com\/de\/wp-json\/wp\/v2\/pages"}],"about":[{"href":"https:\/\/www.camping-eden-savoie.com\/de\/wp-json\/wp\/v2\/types\/page"}],"author":[{"embeddable":true,"href":"https:\/\/www.camping-eden-savoie.com\/de\/wp-json\/wp\/v2\/users\/7"}],"replies":[{"embeddable":true,"href":"https:\/\/www.camping-eden-savoie.com\/de\/wp-json\/wp\/v2\/comments?post=10253"}],"version-history":[{"count":3,"href":"https:\/\/www.camping-eden-savoie.com\/de\/wp-json\/wp\/v2\/pages\/10253\/revisions"}],"predecessor-version":[{"id":10261,"href":"https:\/\/www.camping-eden-savoie.com\/de\/wp-json\/wp\/v2\/pages\/10253\/revisions\/10261"}],"wp:featuredmedia":[{"embeddable":true,"href":"https:\/\/www.camping-eden-savoie.com\/de\/wp-json\/wp\/v2\/media\/10587"}],"wp:attachment":[{"href":"https:\/\/www.camping-eden-savoie.com\/de\/wp-json\/wp\/v2\/media?parent=10253"}],"curies":[{"name":"wp","href":"https:\/\/api.w.org\/{rel}","templated":true}]}}