{"id":1008,"date":"2016-01-15T10:06:04","date_gmt":"2016-01-15T09:06:04","guid":{"rendered":"https:\/\/www.camping-eden-savoie.com\/de\/contact-camping-haute-savoie\/"},"modified":"2024-03-01T17:21:28","modified_gmt":"2024-03-01T16:21:28","slug":"kontakt-camping-savoie","status":"publish","type":"page","link":"https:\/\/www.camping-eden-savoie.com\/de\/kontakt-camping-savoie\/","title":{"rendered":"Kontakt und Zugang"},"content":{"rendered":"<section id=\"section-5f328f3d6b55d\"\" class=\"section bg-color1\" \/><div class=\"container extralarge\"><h1 class=\"element section-title center\">Nach Savoyen kommen<\/h1><\/div><\/section>\n\n<section id=\"section-5f328f3d6ba91\"\" class=\"section bg-color5 p-t-0 p-b-0\" \/><div class=\"container full\"><div class=\"colonnes-wrap valign-middle \"><div class=\"element colonne p-0\"><div class=\"formulaire-de-contact\">\n<div class=\"wpcf7 no-js\" id=\"wpcf7-f1007-o1\" lang=\"fr-FR\" dir=\"ltr\">\n<div class=\"screen-reader-response\"><p role=\"status\" aria-live=\"polite\" aria-atomic=\"true\"><\/p> <ul><\/ul><\/div>\n<form action=\"\/de\/wp-json\/wp\/v2\/pages\/1008#wpcf7-f1007-o1\" method=\"post\" class=\"wpcf7-form init\" aria-label=\"Formulaire de contact\" novalidate=\"novalidate\" data-status=\"init\">\n<div style=\"display: none;\">\n<input type=\"hidden\" name=\"_wpcf7\" value=\"1007\" \/>\n<input type=\"hidden\" name=\"_wpcf7_version\" value=\"5.9.8\" \/>\n<input type=\"hidden\" name=\"_wpcf7_locale\" value=\"fr_FR\" \/>\n<input type=\"hidden\" name=\"_wpcf7_unit_tag\" value=\"wpcf7-f1007-o1\" \/>\n<input type=\"hidden\" name=\"_wpcf7_container_post\" value=\"0\" \/>\n<input type=\"hidden\" name=\"_wpcf7_posted_data_hash\" value=\"\" \/>\n<input type=\"hidden\" name=\"_wpcf7_recaptcha_response\" value=\"\" \/>\n<\/div>\n<p><span class=\"wpcf7-form-control-wrap\" data-name=\"nom\"><input size=\"40\" maxlength=\"400\" class=\"wpcf7-form-control wpcf7-text wpcf7-validates-as-required\" aria-required=\"true\" aria-invalid=\"false\" placeholder=\"Name\" value=\"\" type=\"text\" name=\"nom\" \/><\/span><span class=\"wpcf7-form-control-wrap\" data-name=\"prenom\"><input size=\"40\" maxlength=\"400\" class=\"wpcf7-form-control wpcf7-text\" aria-invalid=\"false\" placeholder=\"Vorname\" value=\"\" type=\"text\" name=\"prenom\" \/><\/span>\n<\/p>\n<p><span class=\"wpcf7-form-control-wrap\" data-name=\"email\"><input size=\"40\" maxlength=\"400\" class=\"wpcf7-form-control wpcf7-email wpcf7-validates-as-required wpcf7-text wpcf7-validates-as-email\" aria-required=\"true\" aria-invalid=\"false\" placeholder=\"E-mail\" value=\"\" type=\"email\" name=\"email\" \/><\/span><span class=\"wpcf7-form-control-wrap\" data-name=\"phone\"><input size=\"40\" maxlength=\"400\" class=\"wpcf7-form-control wpcf7-text phone\" aria-invalid=\"false\" placeholder=\"Telefonnummer\" value=\"\" type=\"text\" name=\"phone\" \/><\/span>\n<\/p>\n<div id=\"textarea-box\">\n\t<p><span class=\"wpcf7-form-control-wrap\" data-name=\"your-message\"><textarea cols=\"40\" rows=\"10\" maxlength=\"2000\" class=\"wpcf7-form-control wpcf7-textarea\" aria-invalid=\"false\" placeholder=\"Entrez votre message ici...\" name=\"your-message\"><\/textarea><\/span>\n\t<\/p>\n<\/div>\n<p><span class=\"wpcf7-form-control-wrap\" data-name=\"acceptance-990\"><span class=\"wpcf7-form-control wpcf7-acceptance\"><span class=\"wpcf7-list-item\"><label><input type=\"checkbox\" name=\"acceptance-990\" value=\"1\" aria-invalid=\"false\" \/><span class=\"wpcf7-list-item-label\">Durch das Ankreuzen dieses Feldes erkl\u00e4re ich mich mit der <a href=\"\/de\/datenschutzerklarung\/\" target=\"_blank\" rel=\"noopener\">Datenschutzerkl\u00e4rung<\/a> dieser Website einverstanden.<\/span><\/label><\/span><\/span><\/span>\n<\/p>\n<p><input class=\"wpcf7-form-control wpcf7-submit has-spinner\" type=\"submit\" value=\"Senden\" \/>\n<\/p><div class=\"wpcf7-response-output\" aria-hidden=\"true\"><\/div>\n<\/form>\n<\/div>\n<\/div><\/div><div class=\"element colonne p-x-10 p-y-10\"><h2 class=\"element section-title justify\">Kontaktieren Sie unseren Campingplatz<\/h2><div class=\"element bloc-text justify \">\n\t<p>Um das Team des Campingplatzes L\u2019Eden de la Vanoise in Savoyen zu kontaktieren, k\u00f6nnen Sie das Online-Formular verwenden, das Ihren Vor- und Nachnamen, Ihre E-Mail-Adresse und Ihre Telefonnummer enth\u00e4lt. <\/p>\n<p>Die redaktionelle Beilage erlaubt Ihnen, Fragen oder W\u00fcnsche f\u00fcr zus\u00e4tzliche Informationen frei zu stellen. Klicken Sie auf die Schaltfl\u00e4che \u201eSenden\u201c. Sie werden dann so schnell wie m\u00f6glich erneut kontaktiert. F\u00fchlen Sie sich frei, das Formular zu verwenden, um eine kurze Notiz an unser Team nach Ihrem Aufenthalt zu senden! <\/p>\n<p>Wenn Sie Eden de la Vanoise telefonisch erreichen m\u00f6chten, w\u00e4hlen Sie 04.79.07.61.81. Wir k\u00f6nnen Ihnen bei der Auswahl behilflich sein, Ihre Fragen beantworten und Sie bei Ihrer Reservierung begleiten.<\/p>\n<p>Um online zu buchen, ist es einfach: Suchen Sie nach verf\u00fcgbaren Orten oder Orten, indem Sie Ihre Aufenthaltsdaten, die Art der Unterkunft und die Anzahl der G\u00e4ste eingeben. W\u00e4hlen Sie dann aus den verschiedenen Angeboten das Angebot Ihrer Wahl aus. Sie k\u00f6nnen dann zus\u00e4tzliche Optionen w\u00e4hlen: Anzahl der Urlauber au\u00dfer Paket, Fahrzeug \u00fcber 3,5 Tonnen, Wifi, Haustier oder XXL-Standort.<\/p>\n<\/div><\/div><\/div><\/div><\/section>\n\n<section id=\"section-5f328ef0c7026\"\" class=\"section bg-color5 p-t-0 p-b-0\" \/><div class=\"container full\"><div class=\"colonnes-wrap valign-middle \"><div class=\"element colonne p-x-10 p-y-10\"><h2 class=\"element section-title justify\">Wie man nach Savoyen kommt<\/h2><div class=\"element bloc-text justify \">\n\t<p>Einfacher Zugang zu unserem Campingplatz: Es ist 350 Meter vom Bahnhof von Landry entfernt. <\/p>\n<p>Direkte Z\u00fcge von Paris bringen Sie zum Bahnhof Landry und ein w\u00f6chentlicher Eurostar f\u00e4hrt von London nach Landry. Mit dem Flugzeug k\u00f6nnen Sie an den Flugh\u00e4fen Chamb\u00e9ry \/ Aix, Lyon, Lyon Satolas oder Geneva Cointrin (1:30) landen.<\/p>\n<\/div><\/div><div class=\"element colonne p-0\"><div class=\"carte\" data-src=\"https:\/\/www.google.com\/maps\/embed?pb=!1m14!1m8!1m3!1d150310.69394710302!2d6.694507504331907!3d45.5708952438479!3m2!1i1024!2i768!4f13.1!3m3!1m2!1s0x0%3A0xb660a05256e74acf!2sCamping%20Eden%20de%20la%20Vanoise%20%7C%20Camping%20Savoie!5e0!3m2!1sfr!2sfr!4v1597148979647!5m2!1sfr!2sfr\"><\/div><\/div><\/div><\/div><\/section>","protected":false},"excerpt":{"rendered":"","protected":false},"author":1,"featured_media":4185,"parent":0,"menu_order":0,"comment_status":"closed","ping_status":"closed","template":"","meta":{"_acf_changed":false,"footnotes":""},"class_list":["post-1008","page","type-page","status-publish","has-post-thumbnail","hentry"],"acf":[],"yoast_head":"<!-- This site is optimized with the Yoast SEO plugin v25.3 - https:\/\/yoast.com\/wordpress\/plugins\/seo\/ -->\n<title>Kontakt Camping Savoie - Kommen Sie auf dem Campingplatz in den Alpen<\/title>\n<meta name=\"description\" content=\"Kontaktieren Sie und Sie den Platz Eden Savoie auf dieser Seite.\" \/>\n<meta name=\"robots\" content=\"index, follow, max-snippet:-1, max-image-preview:large, max-video-preview:-1\" \/>\n<link rel=\"canonical\" href=\"https:\/\/www.camping-eden-savoie.com\/de\/kontakt-camping-savoie\/\" \/>\n<meta property=\"og:locale\" content=\"de_DE\" \/>\n<meta property=\"og:type\" content=\"article\" \/>\n<meta property=\"og:title\" content=\"Kontakt Camping Savoie - Kommen Sie auf dem Campingplatz in den Alpen\" \/>\n<meta property=\"og:description\" content=\"Kontaktieren Sie und Sie den Platz Eden Savoie auf dieser Seite.\" \/>\n<meta property=\"og:url\" content=\"https:\/\/www.camping-eden-savoie.com\/de\/kontakt-camping-savoie\/\" \/>\n<meta property=\"og:site_name\" content=\"Camping l&#039;Eden de la Vanoise\" \/>\n<meta property=\"article:modified_time\" content=\"2024-03-01T16:21:28+00:00\" \/>\n<meta property=\"og:image\" content=\"https:\/\/www.camping-eden-savoie.com\/wp-content\/uploads\/2020\/08\/agenda-ete-hiver-savoie.jpg\" \/>\n\t<meta property=\"og:image:width\" content=\"1903\" \/>\n\t<meta property=\"og:image:height\" content=\"550\" \/>\n\t<meta property=\"og:image:type\" content=\"image\/jpeg\" \/>\n<meta name=\"twitter:card\" content=\"summary_large_image\" \/>\n<script type=\"application\/ld+json\" class=\"yoast-schema-graph\">{\"@context\":\"https:\/\/schema.org\",\"@graph\":[{\"@type\":\"WebPage\",\"@id\":\"https:\/\/www.camping-eden-savoie.com\/de\/kontakt-camping-savoie\/\",\"url\":\"https:\/\/www.camping-eden-savoie.com\/de\/kontakt-camping-savoie\/\",\"name\":\"Kontakt Camping Savoie - Kommen Sie auf dem Campingplatz in den Alpen\",\"isPartOf\":{\"@id\":\"https:\/\/www.camping-eden-savoie.com\/de\/#website\"},\"primaryImageOfPage\":{\"@id\":\"https:\/\/www.camping-eden-savoie.com\/de\/kontakt-camping-savoie\/#primaryimage\"},\"image\":{\"@id\":\"https:\/\/www.camping-eden-savoie.com\/de\/kontakt-camping-savoie\/#primaryimage\"},\"thumbnailUrl\":\"https:\/\/www.camping-eden-savoie.com\/wp-content\/uploads\/2020\/08\/agenda-ete-hiver-savoie.jpg\",\"datePublished\":\"2016-01-15T09:06:04+00:00\",\"dateModified\":\"2024-03-01T16:21:28+00:00\",\"description\":\"Kontaktieren Sie und Sie den Platz Eden Savoie auf dieser Seite.\",\"breadcrumb\":{\"@id\":\"https:\/\/www.camping-eden-savoie.com\/de\/kontakt-camping-savoie\/#breadcrumb\"},\"inLanguage\":\"de\",\"potentialAction\":[{\"@type\":\"ReadAction\",\"target\":[\"https:\/\/www.camping-eden-savoie.com\/de\/kontakt-camping-savoie\/\"]}]},{\"@type\":\"ImageObject\",\"inLanguage\":\"de\",\"@id\":\"https:\/\/www.camping-eden-savoie.com\/de\/kontakt-camping-savoie\/#primaryimage\",\"url\":\"https:\/\/www.camping-eden-savoie.com\/wp-content\/uploads\/2020\/08\/agenda-ete-hiver-savoie.jpg\",\"contentUrl\":\"https:\/\/www.camping-eden-savoie.com\/wp-content\/uploads\/2020\/08\/agenda-ete-hiver-savoie.jpg\",\"width\":1903,\"height\":550,\"caption\":\"agenda ete hiver savoie\"},{\"@type\":\"BreadcrumbList\",\"@id\":\"https:\/\/www.camping-eden-savoie.com\/de\/kontakt-camping-savoie\/#breadcrumb\",\"itemListElement\":[{\"@type\":\"ListItem\",\"position\":1,\"name\":\"Camping Alpen, in Savoyen\",\"item\":\"https:\/\/www.camping-eden-savoie.com\/de\/\"},{\"@type\":\"ListItem\",\"position\":2,\"name\":\"Kontakt und Zugang Camping Savoie\"}]},{\"@type\":\"WebSite\",\"@id\":\"https:\/\/www.camping-eden-savoie.com\/de\/#website\",\"url\":\"https:\/\/www.camping-eden-savoie.com\/de\/\",\"name\":\"Camping l&#039;Eden de la Vanoise\",\"description\":\"\",\"potentialAction\":[{\"@type\":\"SearchAction\",\"target\":{\"@type\":\"EntryPoint\",\"urlTemplate\":\"https:\/\/www.camping-eden-savoie.com\/de\/?s={search_term_string}\"},\"query-input\":{\"@type\":\"PropertyValueSpecification\",\"valueRequired\":true,\"valueName\":\"search_term_string\"}}],\"inLanguage\":\"de\"}]}<\/script>\n<!-- \/ Yoast SEO plugin. -->","yoast_head_json":{"title":"Kontakt Camping Savoie - Kommen Sie auf dem Campingplatz in den Alpen","description":"Kontaktieren Sie und Sie den Platz Eden Savoie auf dieser Seite.","robots":{"index":"index","follow":"follow","max-snippet":"max-snippet:-1","max-image-preview":"max-image-preview:large","max-video-preview":"max-video-preview:-1"},"canonical":"https:\/\/www.camping-eden-savoie.com\/de\/kontakt-camping-savoie\/","og_locale":"de_DE","og_type":"article","og_title":"Kontakt Camping Savoie - Kommen Sie auf dem Campingplatz in den Alpen","og_description":"Kontaktieren Sie und Sie den Platz Eden Savoie auf dieser Seite.","og_url":"https:\/\/www.camping-eden-savoie.com\/de\/kontakt-camping-savoie\/","og_site_name":"Camping l&#039;Eden de la Vanoise","article_modified_time":"2024-03-01T16:21:28+00:00","og_image":[{"width":1903,"height":550,"url":"https:\/\/www.camping-eden-savoie.com\/wp-content\/uploads\/2020\/08\/agenda-ete-hiver-savoie.jpg","type":"image\/jpeg"}],"twitter_card":"summary_large_image","schema":{"@context":"https:\/\/schema.org","@graph":[{"@type":"WebPage","@id":"https:\/\/www.camping-eden-savoie.com\/de\/kontakt-camping-savoie\/","url":"https:\/\/www.camping-eden-savoie.com\/de\/kontakt-camping-savoie\/","name":"Kontakt Camping Savoie - Kommen Sie auf dem Campingplatz in den Alpen","isPartOf":{"@id":"https:\/\/www.camping-eden-savoie.com\/de\/#website"},"primaryImageOfPage":{"@id":"https:\/\/www.camping-eden-savoie.com\/de\/kontakt-camping-savoie\/#primaryimage"},"image":{"@id":"https:\/\/www.camping-eden-savoie.com\/de\/kontakt-camping-savoie\/#primaryimage"},"thumbnailUrl":"https:\/\/www.camping-eden-savoie.com\/wp-content\/uploads\/2020\/08\/agenda-ete-hiver-savoie.jpg","datePublished":"2016-01-15T09:06:04+00:00","dateModified":"2024-03-01T16:21:28+00:00","description":"Kontaktieren Sie und Sie den Platz Eden Savoie auf dieser Seite.","breadcrumb":{"@id":"https:\/\/www.camping-eden-savoie.com\/de\/kontakt-camping-savoie\/#breadcrumb"},"inLanguage":"de","potentialAction":[{"@type":"ReadAction","target":["https:\/\/www.camping-eden-savoie.com\/de\/kontakt-camping-savoie\/"]}]},{"@type":"ImageObject","inLanguage":"de","@id":"https:\/\/www.camping-eden-savoie.com\/de\/kontakt-camping-savoie\/#primaryimage","url":"https:\/\/www.camping-eden-savoie.com\/wp-content\/uploads\/2020\/08\/agenda-ete-hiver-savoie.jpg","contentUrl":"https:\/\/www.camping-eden-savoie.com\/wp-content\/uploads\/2020\/08\/agenda-ete-hiver-savoie.jpg","width":1903,"height":550,"caption":"agenda ete hiver savoie"},{"@type":"BreadcrumbList","@id":"https:\/\/www.camping-eden-savoie.com\/de\/kontakt-camping-savoie\/#breadcrumb","itemListElement":[{"@type":"ListItem","position":1,"name":"Camping Alpen, in Savoyen","item":"https:\/\/www.camping-eden-savoie.com\/de\/"},{"@type":"ListItem","position":2,"name":"Kontakt und Zugang Camping Savoie"}]},{"@type":"WebSite","@id":"https:\/\/www.camping-eden-savoie.com\/de\/#website","url":"https:\/\/www.camping-eden-savoie.com\/de\/","name":"Camping l&#039;Eden de la Vanoise","description":"","potentialAction":[{"@type":"SearchAction","target":{"@type":"EntryPoint","urlTemplate":"https:\/\/www.camping-eden-savoie.com\/de\/?s={search_term_string}"},"query-input":{"@type":"PropertyValueSpecification","valueRequired":true,"valueName":"search_term_string"}}],"inLanguage":"de"}]}},"_links":{"self":[{"href":"https:\/\/www.camping-eden-savoie.com\/de\/wp-json\/wp\/v2\/pages\/1008"}],"collection":[{"href":"https:\/\/www.camping-eden-savoie.com\/de\/wp-json\/wp\/v2\/pages"}],"about":[{"href":"https:\/\/www.camping-eden-savoie.com\/de\/wp-json\/wp\/v2\/types\/page"}],"author":[{"embeddable":true,"href":"https:\/\/www.camping-eden-savoie.com\/de\/wp-json\/wp\/v2\/users\/1"}],"replies":[{"embeddable":true,"href":"https:\/\/www.camping-eden-savoie.com\/de\/wp-json\/wp\/v2\/comments?post=1008"}],"version-history":[{"count":10,"href":"https:\/\/www.camping-eden-savoie.com\/de\/wp-json\/wp\/v2\/pages\/1008\/revisions"}],"predecessor-version":[{"id":11123,"href":"https:\/\/www.camping-eden-savoie.com\/de\/wp-json\/wp\/v2\/pages\/1008\/revisions\/11123"}],"wp:featuredmedia":[{"embeddable":true,"href":"https:\/\/www.camping-eden-savoie.com\/de\/wp-json\/wp\/v2\/media\/4185"}],"wp:attachment":[{"href":"https:\/\/www.camping-eden-savoie.com\/de\/wp-json\/wp\/v2\/media?parent=1008"}],"curies":[{"name":"wp","href":"https:\/\/api.w.org\/{rel}","templated":true}]}}