{"id":1004,"date":"2016-02-15T10:08:03","date_gmt":"2016-02-15T09:08:03","guid":{"rendered":"https:\/\/www.camping-eden-savoie.com\/de\/camping-peche-montagne\/"},"modified":"2023-10-19T16:35:55","modified_gmt":"2023-10-19T14:35:55","slug":"camping-angler-berg","status":"publish","type":"page","link":"https:\/\/www.camping-eden-savoie.com\/de\/camping-angler-berg\/","title":{"rendered":"Angler"},"content":{"rendered":"<section id=\"section-5f2ab25841fbb\"\" class=\"section bg-color1\" \/><div class=\"container extralarge\"><h1 class=\"element section-title center m-b-4\">Camping fischen : Kommen Sie zum Angeln in der Is\u00e8re<\/h1><\/div><\/section>\n\n<section id=\"section-5f2ab25842436\"\" class=\"section bg-color5 p-t-0 p-b-0\" \/><div class=\"container full\"><div class=\"colonnes-wrap valign-middle \"><div class=\"element colonne p-0\"><div class=\"element images scroll-x-mobile\"><div class=\"image\"><img decoding=\"async\" src=\"\" data-src=\"https:\/\/www.camping-eden-savoie.com\/wp-content\/uploads\/2020\/08\/camping-bord-isere-savoie.jpg\" alt=\"camping bord isere savoie\" class=\"images_image anime-zoom\" \/><\/div><\/div><\/div><div class=\"element colonne p-x-10 p-y-10\"><h2 class=\"element section-title justify\">Campingplatz am Ufer der Is\u00e8re<\/h2><div class=\"element bloc-text justify \">\n\t<p>Wir sind, entlang des Is\u00e8re und des Ponthurin sehr gut gelegen. Sie brauchen nur Ihre Gummistiefel und Ihre Angel und k\u00f6nnen Ihrem Hobby nachgehen und zuletzt leckeren Fisch kochen.<\/p>\n<p>Die Fl\u00fcsse, B\u00e4che und Seen der Savoie sind mit vielen Salmoniden besiedelt, wie z.B.: Bachforelle, Regenbogenforelle, Saibling, Seeforelle, Bachsaibling und nicht zu vergessen das Felchen, typischer Alpenseefisch.<\/p>\n<p>Der Zeitraum w\u00e4hrend welchem Angeln erlaubt ist: vom 12.03.2016 bis 09.110.2016 und der Angelschein ist obligatorisch.<\/p>\n<p>Angelscheine k\u00f6nnen Sie in Bourg-st-Maurice kaufen (6 Km Entfernung in Bezug auf den Campingplatz).<\/p>\n<\/div><\/div><\/div><\/div><\/section>\n\n<section id=\"section-5f31481b6bab2\"\" class=\"section bg-white p-t-0 p-b-0\" \/><div class=\"container full\"><div class=\"element images scroll-x-mobile\"><div class=\"image\"><img decoding=\"async\" src=\"\" data-src=\"https:\/\/www.camping-eden-savoie.com\/wp-content\/uploads\/2020\/08\/camping-pecheur-savoie.jpg\" alt=\"camping pecheur savoie\" class=\"images_image\" \/><\/div><div class=\"image\"><img decoding=\"async\" src=\"\" data-src=\"https:\/\/www.camping-eden-savoie.com\/wp-content\/uploads\/2020\/08\/activite-peche-savoie.jpg\" alt=\"activite peche savoie\" class=\"images_image\" \/><\/div><div class=\"image\"><img decoding=\"async\" src=\"\" data-src=\"https:\/\/www.camping-eden-savoie.com\/wp-content\/uploads\/2020\/08\/peche-en-altitude-savoie.jpg\" alt=\"peche en altitude savoie\" class=\"images_image\" \/><\/div><div class=\"image\"><img decoding=\"async\" src=\"\" data-src=\"https:\/\/www.camping-eden-savoie.com\/wp-content\/uploads\/2020\/08\/couple-pecheur-savoie.jpg\" alt=\"couple pecheur savoie\" class=\"images_image\" \/><\/div><\/div><div class=\"element images scroll-x-mobile\"><div class=\"image\"><img decoding=\"async\" src=\"\" data-src=\"https:\/\/www.camping-eden-savoie.com\/wp-content\/uploads\/2020\/08\/peche-en-riviere-savoie.jpg\" alt=\"peche en riviere savoie\" class=\"images_image\" \/><\/div><div class=\"image\"><img decoding=\"async\" src=\"\" data-src=\"https:\/\/www.camping-eden-savoie.com\/wp-content\/uploads\/2020\/08\/peche-lac-savoie.jpg\" alt=\"peche lac savoie\" class=\"images_image\" \/><\/div><div class=\"image\"><img decoding=\"async\" src=\"\" data-src=\"https:\/\/www.camping-eden-savoie.com\/wp-content\/uploads\/2020\/08\/poisson-lac-savoie.jpg\" alt=\"poisson lac savoie\" class=\"images_image\" \/><\/div><div class=\"image\"><img decoding=\"async\" src=\"\" data-src=\"https:\/\/www.camping-eden-savoie.com\/wp-content\/uploads\/2020\/08\/riviere-pecheur-savoie.jpg\" alt=\"riviere pecheur savoie\" class=\"images_image\" \/><\/div><\/div><\/div><\/section>\n\n<section id=\"section-5f2aae2ae11ca\"\" class=\"section bg-color5 p-t-0 p-b-0\" \/><div class=\"container full\"><div class=\"colonnes-wrap valign-middle \"><div class=\"element colonne p-x-10 p-y-10\"><h2 class=\"element section-title justify\">Campingplatz mit Wasserlauf zum Angeln<\/h2><div class=\"element bloc-text justify \">\n\t<p>Ideal an den Ufern der Is\u00e8re und ihrem Nebenfluss Ponthurin gelegen, ist Eden Vanoise auch ein Fischerparadies. Vom Fr\u00fchling bis zum Herbst reichen ein paar Schritte, um an den Ufern des Flusses zu angeln, um wei\u00dfe Fische, R\u00e4uber, Forellen und Karpfen zu angeln. Sie k\u00f6nnen sich auch f\u00fcr einen Angelkurs am Ponthurin entscheiden, einem Fluss, der vom Plagne-See kommt, bevor er in die Is\u00e8re m\u00fcndet. <\/p>\n<p>In einer au\u00dfergew\u00f6hnlichen Umgebung k\u00f6nnen Sie einige Farios, Saiblinge und B\u00e4che in Mengen fischen. Genie\u00dfen Sie die atemberaubende Bergkulisse und genie\u00dfen Sie Ihre Leidenschaft! Kinder k\u00f6nnen mit Discovery-Karten lernen. Ge\u00f6ffnet von M\u00e4rz bis Oktober, k\u00f6nnen Sie auf der Is\u00e8re oder Ponthurin angeln, um sich zu entspannen und anschlie\u00dfend gesellige Momente rund um den Grill zu genie\u00dfen. <\/p>\n<p>Die Bergseen sind f\u00fcr ihre Strumpf bekannt: Seen Forclaz, See, Little Lake oder See Gouillons versprechen Ihnen sch\u00f6ne Aufnahmen cristivomers, Regenbogenforelle Regenbogen, Bachforelle und Bachforelle.<\/p>\n<\/div><\/div><div class=\"element colonne p-0\"><div class=\"element images scroll-x-mobile\"><div class=\"image\"><img decoding=\"async\" src=\"\" data-src=\"https:\/\/www.camping-eden-savoie.com\/wp-content\/uploads\/2020\/08\/peche-riviere-savoie.jpg\" alt=\"peche riviere savoie\" class=\"images_image anime-zoom\" \/><\/div><\/div><\/div><\/div><\/div><\/section>\n\n<section id=\"section-5f2ab2584333c\"\" class=\"section bg-color1\" \/><div class=\"container extralarge\"><div class=\"element section-title center cta-title\">Familiencampingplatz f\u00fcr alle geeignet!<\/div><ul class=\"liste-de-page\"><li class=\"element call-to-action center cta-title call-to-action--style-1 call-to-action--normal\"><a href=\"https:\/\/www.camping-eden-savoie.com\/de\/familien-camping-savoie\/\"  class=\"call-to-action_link\" title=\"Erfahren Sie mehr \u00fcber in der familie\"><div class=\"call-to-action_image\"><img decoding=\"async\" src=\"https:\/\/www.camping-eden-savoie.com\/wp-content\/uploads\/2020\/08\/famille-savoie-100x88.jpg\" data-src=\"https:\/\/www.camping-eden-savoie.com\/wp-content\/uploads\/2020\/08\/famille-savoie.jpg\" alt=\"famille savoie\" class=\"normal\" \/><\/div><div class=\"call-to-action_contenu\"><div class=\"call-to-action_titre\">In der Familie<\/div><\/div><\/a><\/li><li class=\"element call-to-action center cta-title call-to-action--style-1 call-to-action--normal call-to-action--style-1 call-to-action--normal\"><a href=\"https:\/\/www.camping-eden-savoie.com\/de\/camping-savoie-motorrad-fahrradfahrer\/\"  class=\"call-to-action_link\" title=\"Erfahren Sie mehr \u00fcber fahrrad\/motorrad\"><div class=\"call-to-action_image\"><img decoding=\"async\" src=\"https:\/\/www.camping-eden-savoie.com\/wp-content\/uploads\/2020\/08\/camping-velo-moto-savoie-100x88.jpg\" data-src=\"https:\/\/www.camping-eden-savoie.com\/wp-content\/uploads\/2020\/08\/camping-velo-moto-savoie.jpg\" alt=\"\" class=\"normal\" \/><\/div><div class=\"call-to-action_contenu\"><div class=\"call-to-action_titre\">Fahrrad\/Motorrad<\/div><\/div><\/a><\/li><\/ul><\/div><\/section>","protected":false},"excerpt":{"rendered":"","protected":false},"author":1,"featured_media":4646,"parent":0,"menu_order":0,"comment_status":"closed","ping_status":"closed","template":"","meta":{"_acf_changed":false,"footnotes":""},"class_list":["post-1004","page","type-page","status-publish","has-post-thumbnail","hentry"],"acf":[],"yoast_head":"<!-- This site is optimized with the Yoast SEO plugin v25.3 - https:\/\/yoast.com\/wordpress\/plugins\/seo\/ -->\n<title>Camping fischen : buchen Sie Ihren Zeltplatz f\u00fcr den Fischfang in Savoyen<\/title>\n<meta name=\"description\" content=\"Buchen Sie jetzt einen Stellplatz auf einem Campingplatz in Savoyen f\u00fcr Angler in den Fl\u00fcssen oder Seen von Savoyen.\" \/>\n<meta name=\"robots\" content=\"index, follow, max-snippet:-1, max-image-preview:large, max-video-preview:-1\" \/>\n<link rel=\"canonical\" href=\"https:\/\/www.camping-eden-savoie.com\/de\/camping-angler-berg\/\" \/>\n<meta property=\"og:locale\" content=\"de_DE\" \/>\n<meta property=\"og:type\" content=\"article\" \/>\n<meta property=\"og:title\" content=\"Camping fischen : buchen Sie Ihren Zeltplatz f\u00fcr den Fischfang in Savoyen\" \/>\n<meta property=\"og:description\" content=\"Buchen Sie jetzt einen Stellplatz auf einem Campingplatz in Savoyen f\u00fcr Angler in den Fl\u00fcssen oder Seen von Savoyen.\" \/>\n<meta property=\"og:url\" content=\"https:\/\/www.camping-eden-savoie.com\/de\/camping-angler-berg\/\" \/>\n<meta property=\"og:site_name\" content=\"Camping l&#039;Eden de la Vanoise\" \/>\n<meta property=\"article:modified_time\" content=\"2023-10-19T14:35:55+00:00\" \/>\n<meta property=\"og:image\" content=\"https:\/\/www.camping-eden-savoie.com\/wp-content\/uploads\/2020\/08\/camping-peche-svaoie.jpg\" \/>\n\t<meta property=\"og:image:width\" content=\"1903\" \/>\n\t<meta property=\"og:image:height\" content=\"550\" \/>\n\t<meta property=\"og:image:type\" content=\"image\/jpeg\" \/>\n<meta name=\"twitter:card\" content=\"summary_large_image\" \/>\n<script type=\"application\/ld+json\" class=\"yoast-schema-graph\">{\"@context\":\"https:\/\/schema.org\",\"@graph\":[{\"@type\":\"WebPage\",\"@id\":\"https:\/\/www.camping-eden-savoie.com\/de\/camping-angler-berg\/\",\"url\":\"https:\/\/www.camping-eden-savoie.com\/de\/camping-angler-berg\/\",\"name\":\"Camping fischen : buchen Sie Ihren Zeltplatz f\u00fcr den Fischfang in Savoyen\",\"isPartOf\":{\"@id\":\"https:\/\/www.camping-eden-savoie.com\/de\/#website\"},\"primaryImageOfPage\":{\"@id\":\"https:\/\/www.camping-eden-savoie.com\/de\/camping-angler-berg\/#primaryimage\"},\"image\":{\"@id\":\"https:\/\/www.camping-eden-savoie.com\/de\/camping-angler-berg\/#primaryimage\"},\"thumbnailUrl\":\"https:\/\/www.camping-eden-savoie.com\/wp-content\/uploads\/2020\/08\/camping-peche-svaoie.jpg\",\"datePublished\":\"2016-02-15T09:08:03+00:00\",\"dateModified\":\"2023-10-19T14:35:55+00:00\",\"description\":\"Buchen Sie jetzt einen Stellplatz auf einem Campingplatz in Savoyen f\u00fcr Angler in den Fl\u00fcssen oder Seen von Savoyen.\",\"breadcrumb\":{\"@id\":\"https:\/\/www.camping-eden-savoie.com\/de\/camping-angler-berg\/#breadcrumb\"},\"inLanguage\":\"de\",\"potentialAction\":[{\"@type\":\"ReadAction\",\"target\":[\"https:\/\/www.camping-eden-savoie.com\/de\/camping-angler-berg\/\"]}]},{\"@type\":\"ImageObject\",\"inLanguage\":\"de\",\"@id\":\"https:\/\/www.camping-eden-savoie.com\/de\/camping-angler-berg\/#primaryimage\",\"url\":\"https:\/\/www.camping-eden-savoie.com\/wp-content\/uploads\/2020\/08\/camping-peche-svaoie.jpg\",\"contentUrl\":\"https:\/\/www.camping-eden-savoie.com\/wp-content\/uploads\/2020\/08\/camping-peche-svaoie.jpg\",\"width\":1903,\"height\":550,\"caption\":\"camping-peche-svaoie\"},{\"@type\":\"BreadcrumbList\",\"@id\":\"https:\/\/www.camping-eden-savoie.com\/de\/camping-angler-berg\/#breadcrumb\",\"itemListElement\":[{\"@type\":\"ListItem\",\"position\":1,\"name\":\"Camping Alpen, in Savoyen\",\"item\":\"https:\/\/www.camping-eden-savoie.com\/de\/\"},{\"@type\":\"ListItem\",\"position\":2,\"name\":\"Familiencamping in Savoie\"}]},{\"@type\":\"WebSite\",\"@id\":\"https:\/\/www.camping-eden-savoie.com\/de\/#website\",\"url\":\"https:\/\/www.camping-eden-savoie.com\/de\/\",\"name\":\"Camping l&#039;Eden de la Vanoise\",\"description\":\"\",\"potentialAction\":[{\"@type\":\"SearchAction\",\"target\":{\"@type\":\"EntryPoint\",\"urlTemplate\":\"https:\/\/www.camping-eden-savoie.com\/de\/?s={search_term_string}\"},\"query-input\":{\"@type\":\"PropertyValueSpecification\",\"valueRequired\":true,\"valueName\":\"search_term_string\"}}],\"inLanguage\":\"de\"}]}<\/script>\n<!-- \/ Yoast SEO plugin. -->","yoast_head_json":{"title":"Camping fischen : buchen Sie Ihren Zeltplatz f\u00fcr den Fischfang in Savoyen","description":"Buchen Sie jetzt einen Stellplatz auf einem Campingplatz in Savoyen f\u00fcr Angler in den Fl\u00fcssen oder Seen von Savoyen.","robots":{"index":"index","follow":"follow","max-snippet":"max-snippet:-1","max-image-preview":"max-image-preview:large","max-video-preview":"max-video-preview:-1"},"canonical":"https:\/\/www.camping-eden-savoie.com\/de\/camping-angler-berg\/","og_locale":"de_DE","og_type":"article","og_title":"Camping fischen : buchen Sie Ihren Zeltplatz f\u00fcr den Fischfang in Savoyen","og_description":"Buchen Sie jetzt einen Stellplatz auf einem Campingplatz in Savoyen f\u00fcr Angler in den Fl\u00fcssen oder Seen von Savoyen.","og_url":"https:\/\/www.camping-eden-savoie.com\/de\/camping-angler-berg\/","og_site_name":"Camping l&#039;Eden de la Vanoise","article_modified_time":"2023-10-19T14:35:55+00:00","og_image":[{"width":1903,"height":550,"url":"https:\/\/www.camping-eden-savoie.com\/wp-content\/uploads\/2020\/08\/camping-peche-svaoie.jpg","type":"image\/jpeg"}],"twitter_card":"summary_large_image","schema":{"@context":"https:\/\/schema.org","@graph":[{"@type":"WebPage","@id":"https:\/\/www.camping-eden-savoie.com\/de\/camping-angler-berg\/","url":"https:\/\/www.camping-eden-savoie.com\/de\/camping-angler-berg\/","name":"Camping fischen : buchen Sie Ihren Zeltplatz f\u00fcr den Fischfang in Savoyen","isPartOf":{"@id":"https:\/\/www.camping-eden-savoie.com\/de\/#website"},"primaryImageOfPage":{"@id":"https:\/\/www.camping-eden-savoie.com\/de\/camping-angler-berg\/#primaryimage"},"image":{"@id":"https:\/\/www.camping-eden-savoie.com\/de\/camping-angler-berg\/#primaryimage"},"thumbnailUrl":"https:\/\/www.camping-eden-savoie.com\/wp-content\/uploads\/2020\/08\/camping-peche-svaoie.jpg","datePublished":"2016-02-15T09:08:03+00:00","dateModified":"2023-10-19T14:35:55+00:00","description":"Buchen Sie jetzt einen Stellplatz auf einem Campingplatz in Savoyen f\u00fcr Angler in den Fl\u00fcssen oder Seen von Savoyen.","breadcrumb":{"@id":"https:\/\/www.camping-eden-savoie.com\/de\/camping-angler-berg\/#breadcrumb"},"inLanguage":"de","potentialAction":[{"@type":"ReadAction","target":["https:\/\/www.camping-eden-savoie.com\/de\/camping-angler-berg\/"]}]},{"@type":"ImageObject","inLanguage":"de","@id":"https:\/\/www.camping-eden-savoie.com\/de\/camping-angler-berg\/#primaryimage","url":"https:\/\/www.camping-eden-savoie.com\/wp-content\/uploads\/2020\/08\/camping-peche-svaoie.jpg","contentUrl":"https:\/\/www.camping-eden-savoie.com\/wp-content\/uploads\/2020\/08\/camping-peche-svaoie.jpg","width":1903,"height":550,"caption":"camping-peche-svaoie"},{"@type":"BreadcrumbList","@id":"https:\/\/www.camping-eden-savoie.com\/de\/camping-angler-berg\/#breadcrumb","itemListElement":[{"@type":"ListItem","position":1,"name":"Camping Alpen, in Savoyen","item":"https:\/\/www.camping-eden-savoie.com\/de\/"},{"@type":"ListItem","position":2,"name":"Familiencamping in Savoie"}]},{"@type":"WebSite","@id":"https:\/\/www.camping-eden-savoie.com\/de\/#website","url":"https:\/\/www.camping-eden-savoie.com\/de\/","name":"Camping l&#039;Eden de la Vanoise","description":"","potentialAction":[{"@type":"SearchAction","target":{"@type":"EntryPoint","urlTemplate":"https:\/\/www.camping-eden-savoie.com\/de\/?s={search_term_string}"},"query-input":{"@type":"PropertyValueSpecification","valueRequired":true,"valueName":"search_term_string"}}],"inLanguage":"de"}]}},"_links":{"self":[{"href":"https:\/\/www.camping-eden-savoie.com\/de\/wp-json\/wp\/v2\/pages\/1004"}],"collection":[{"href":"https:\/\/www.camping-eden-savoie.com\/de\/wp-json\/wp\/v2\/pages"}],"about":[{"href":"https:\/\/www.camping-eden-savoie.com\/de\/wp-json\/wp\/v2\/types\/page"}],"author":[{"embeddable":true,"href":"https:\/\/www.camping-eden-savoie.com\/de\/wp-json\/wp\/v2\/users\/1"}],"replies":[{"embeddable":true,"href":"https:\/\/www.camping-eden-savoie.com\/de\/wp-json\/wp\/v2\/comments?post=1004"}],"version-history":[{"count":14,"href":"https:\/\/www.camping-eden-savoie.com\/de\/wp-json\/wp\/v2\/pages\/1004\/revisions"}],"predecessor-version":[{"id":10919,"href":"https:\/\/www.camping-eden-savoie.com\/de\/wp-json\/wp\/v2\/pages\/1004\/revisions\/10919"}],"wp:featuredmedia":[{"embeddable":true,"href":"https:\/\/www.camping-eden-savoie.com\/de\/wp-json\/wp\/v2\/media\/4646"}],"wp:attachment":[{"href":"https:\/\/www.camping-eden-savoie.com\/de\/wp-json\/wp\/v2\/media?parent=1004"}],"curies":[{"name":"wp","href":"https:\/\/api.w.org\/{rel}","templated":true}]}}